{"id":3008,"date":"2024-12-25T07:15:21","date_gmt":"2024-12-25T07:15:21","guid":{"rendered":"https:\/\/keweicorten.com\/?post_type=product&#038;p=3008"},"modified":"2025-01-15T06:12:33","modified_gmt":"2025-01-15T06:12:33","slug":"grill-corten","status":"publish","type":"product","link":"https:\/\/keweicorten.com\/hu\/grill-corten\/","title":{"rendered":"grill corten"},"content":{"rendered":"<h2>A Corten ac\u00e9l r\u00e1csok jellemz\u0151i:<\/h2>\n<ol>\n<li><strong>Tart\u00f3ss\u00e1g<\/strong>: Ellen\u00e1ll az id\u0151j\u00e1r\u00e1snak \u00e9s a magas h\u0151m\u00e9rs\u00e9kletnek, \u00edgy ide\u00e1lis k\u00fclt\u00e9ri haszn\u00e1latra.<\/li>\n<li><strong>Eszt\u00e9tikai vonzer\u0151<\/strong>: A rozsdaszer\u0171 kivitel j\u00f3l illeszkedik a term\u00e9szetes \u00e9s modern kerti kialak\u00edt\u00e1shoz.<\/li>\n<li><strong>Alacsony karbantart\u00e1s<\/strong>: A v\u00e9d\u0151r\u00e9teg cs\u00f6kkenti a fest\u00e9s vagy t\u00f6m\u00edt\u00e9s sz\u00fcks\u00e9gess\u00e9g\u00e9t.<\/li>\n<li><strong>Sokoldal\u00fas\u00e1g<\/strong>: Sok cortenac\u00e9l grills\u00fct\u0151 t\u0171zrak\u00f3helyk\u00e9nt is funkcion\u00e1l, amely egyes\u00edti a f\u0151z\u00e9st \u00e9s a hangulatot.<\/li>\n<\/ol>\n<div style=\"width: 800px;\" class=\"wp-video\"><!--[if lt IE 9]><script>document.createElement('video');<\/script><![endif]-->\n<video class=\"wp-video-shortcode\" id=\"video-3008-1\" width=\"800\" height=\"450\" preload=\"metadata\" controls=\"controls\"><source type=\"video\/mp4\" src=\"https:\/\/keweicorten.com\/wp-content\/uploads\/2024\/12\/3.mp4?_=1\" \/><a href=\"https:\/\/keweicorten.com\/wp-content\/uploads\/2024\/12\/3.mp4\">https:\/\/keweicorten.com\/wp-content\/uploads\/2024\/12\/3.mp4<\/a><\/video><\/div>\n<h3>Corten ac\u00e9l r\u00e1csok t\u00edpusai:<\/h3>\n<ul>\n<li><strong>Grill t\u0171z t\u00e1lak<\/strong>: K\u00f6r alak\u00fa, lapos peremmel ell\u00e1tott f\u0151z\u0151ed\u00e9nyek.<\/li>\n<li><strong>BBQ f\u00fcst\u00f6l\u0151k<\/strong>: Z\u00e1rt grills\u00fct\u0151k a h\u00fas lass\u00fa s\u00fct\u00e9s\u00e9hez \u00e9s f\u00fcst\u00f6l\u00e9s\u00e9hez.<\/li>\n<li><strong>\u00d6n\u00e1ll\u00f3 grillek<\/strong>: Klasszikus grills\u00fct\u0151 st\u00edlus\u00fa grillr\u00e1csok \u00e1ll\u00edthat\u00f3 r\u00e1csokkal.<\/li>\n<li><strong>Multifunkcion\u00e1lis egys\u00e9gek<\/strong>: Fat\u00e1rol\u00f3val vagy tov\u00e1bbi f\u0151z\u0151fel\u00fcletekkel integr\u00e1lt grills\u00fct\u0151k.<\/li>\n<\/ul>\n<p><a href=\"https:\/\/keweicorten.com\/hu\/products\/\"><img fetchpriority=\"high\" decoding=\"async\" class=\"alignnone wp-image-3010 size-medium\" title=\"legjobb bbq grill\" src=\"https:\/\/keweicorten.com\/wp-content\/uploads\/2024\/12\/\u5fae\u4fe1\u56fe\u7247_20240611173535-300x300.png\" alt=\"legjobb bbq grill stock-keweicortenben\" width=\"300\" height=\"300\" srcset=\"https:\/\/keweicorten.com\/wp-content\/uploads\/2024\/12\/\u5fae\u4fe1\u56fe\u7247_20240611173535-300x300.png 300w, https:\/\/keweicorten.com\/wp-content\/uploads\/2024\/12\/\u5fae\u4fe1\u56fe\u7247_20240611173535-150x150.png 150w, https:\/\/keweicorten.com\/wp-content\/uploads\/2024\/12\/\u5fae\u4fe1\u56fe\u7247_20240611173535-12x12.png 12w, https:\/\/keweicorten.com\/wp-content\/uploads\/2024\/12\/\u5fae\u4fe1\u56fe\u7247_20240611173535-600x600.png 600w, https:\/\/keweicorten.com\/wp-content\/uploads\/2024\/12\/\u5fae\u4fe1\u56fe\u7247_20240611173535-100x100.png 100w, https:\/\/keweicorten.com\/wp-content\/uploads\/2024\/12\/\u5fae\u4fe1\u56fe\u7247_20240611173535.png 736w\" sizes=\"(max-width: 300px) 100vw, 300px\" \/><\/a> <a href=\"https:\/\/keweicorten.com\/hu\"><img decoding=\"async\" class=\"alignnone wp-image-3009\" title=\"k\u00fclt\u00e9ri grills\u00fct\u0151\" src=\"https:\/\/keweicorten.com\/wp-content\/uploads\/2024\/12\/\u5fae\u4fe1\u56fe\u7247_20230627150317-300x225.jpg\" alt=\"v\u00e1s\u00e1rolni k\u00fclt\u00e9ri bbq grill rakt\u00e1ron-keweicorten\" width=\"396\" height=\"297\" srcset=\"https:\/\/keweicorten.com\/wp-content\/uploads\/2024\/12\/\u5fae\u4fe1\u56fe\u7247_20230627150317-300x225.jpg 300w, https:\/\/keweicorten.com\/wp-content\/uploads\/2024\/12\/\u5fae\u4fe1\u56fe\u7247_20230627150317-1024x768.jpg 1024w, https:\/\/keweicorten.com\/wp-content\/uploads\/2024\/12\/\u5fae\u4fe1\u56fe\u7247_20230627150317-768x576.jpg 768w, https:\/\/keweicorten.com\/wp-content\/uploads\/2024\/12\/\u5fae\u4fe1\u56fe\u7247_20230627150317-1536x1152.jpg 1536w, https:\/\/keweicorten.com\/wp-content\/uploads\/2024\/12\/\u5fae\u4fe1\u56fe\u7247_20230627150317-2048x1536.jpg 2048w, https:\/\/keweicorten.com\/wp-content\/uploads\/2024\/12\/\u5fae\u4fe1\u56fe\u7247_20230627150317-16x12.jpg 16w, https:\/\/keweicorten.com\/wp-content\/uploads\/2024\/12\/\u5fae\u4fe1\u56fe\u7247_20230627150317-600x450.jpg 600w\" sizes=\"(max-width: 396px) 100vw, 396px\" \/><\/a> <a href=\"https:\/\/keweicorten.com\/hu\/termekkategoria\/tuzrakohely\/\"><img decoding=\"async\" class=\"alignnone wp-image-3012 size-medium\" title=\"k\u00fclt\u00e9ri grills\u00fct\u0151 \" src=\"https:\/\/keweicorten.com\/wp-content\/uploads\/2024\/12\/IMG20220630193533-300x300.jpg\" alt=\"v\u00e1s\u00e1rolni k\u00fclt\u00e9ri bbq grill rakt\u00e1ron-keweicorten\" width=\"300\" height=\"300\" srcset=\"https:\/\/keweicorten.com\/wp-content\/uploads\/2024\/12\/IMG20220630193533-300x300.jpg 300w, https:\/\/keweicorten.com\/wp-content\/uploads\/2024\/12\/IMG20220630193533-1024x1024.jpg 1024w, https:\/\/keweicorten.com\/wp-content\/uploads\/2024\/12\/IMG20220630193533-150x150.jpg 150w, https:\/\/keweicorten.com\/wp-content\/uploads\/2024\/12\/IMG20220630193533-768x768.jpg 768w, https:\/\/keweicorten.com\/wp-content\/uploads\/2024\/12\/IMG20220630193533-1536x1536.jpg 1536w, https:\/\/keweicorten.com\/wp-content\/uploads\/2024\/12\/IMG20220630193533-2048x2048.jpg 2048w, https:\/\/keweicorten.com\/wp-content\/uploads\/2024\/12\/IMG20220630193533-12x12.jpg 12w, https:\/\/keweicorten.com\/wp-content\/uploads\/2024\/12\/IMG20220630193533-600x600.jpg 600w, https:\/\/keweicorten.com\/wp-content\/uploads\/2024\/12\/IMG20220630193533-100x100.jpg 100w\" sizes=\"(max-width: 300px) 100vw, 300px\" \/><\/a> <a href=\"https:\/\/keweicorten.com\/hu\/products\/\"><img loading=\"lazy\" decoding=\"async\" class=\"alignnone wp-image-3013 size-medium\" title=\"faszenes grills\u00fct\u0151k \" src=\"https:\/\/keweicorten.com\/wp-content\/uploads\/2024\/12\/IMG20220630193536-300x300.jpg\" alt=\"fasz\u00e9n grills\u00fct\u0151 gy\u00e1r, porcel\u00e1n, \u00e1r, gy\u00e1rt\u00f3k, besz\u00e1ll\u00edt\u00f3k, testreszabott, nagykereskedelem, olcs\u00f3, elad\u00f3, rakt\u00e1ron.-keweicorten\" width=\"300\" height=\"300\" srcset=\"https:\/\/keweicorten.com\/wp-content\/uploads\/2024\/12\/IMG20220630193536-300x300.jpg 300w, https:\/\/keweicorten.com\/wp-content\/uploads\/2024\/12\/IMG20220630193536-1024x1024.jpg 1024w, https:\/\/keweicorten.com\/wp-content\/uploads\/2024\/12\/IMG20220630193536-150x150.jpg 150w, https:\/\/keweicorten.com\/wp-content\/uploads\/2024\/12\/IMG20220630193536-768x768.jpg 768w, https:\/\/keweicorten.com\/wp-content\/uploads\/2024\/12\/IMG20220630193536-1536x1536.jpg 1536w, https:\/\/keweicorten.com\/wp-content\/uploads\/2024\/12\/IMG20220630193536-2048x2048.jpg 2048w, https:\/\/keweicorten.com\/wp-content\/uploads\/2024\/12\/IMG20220630193536-12x12.jpg 12w, https:\/\/keweicorten.com\/wp-content\/uploads\/2024\/12\/IMG20220630193536-600x600.jpg 600w, https:\/\/keweicorten.com\/wp-content\/uploads\/2024\/12\/IMG20220630193536-100x100.jpg 100w\" sizes=\"(max-width: 300px) 100vw, 300px\" \/><\/a><\/p>\n<p><img loading=\"lazy\" decoding=\"async\" class=\"alignnone size-medium wp-image-2506\" src=\"https:\/\/keweicorten.com\/wp-content\/uploads\/2024\/11\/BBQ19-300x300.jpg\" alt=\"\" width=\"300\" height=\"300\" srcset=\"https:\/\/keweicorten.com\/wp-content\/uploads\/2024\/11\/BBQ19-300x300.jpg 300w, https:\/\/keweicorten.com\/wp-content\/uploads\/2024\/11\/BBQ19-150x150.jpg 150w, https:\/\/keweicorten.com\/wp-content\/uploads\/2024\/11\/BBQ19-12x12.jpg 12w, https:\/\/keweicorten.com\/wp-content\/uploads\/2024\/11\/BBQ19-600x600.jpg 600w, https:\/\/keweicorten.com\/wp-content\/uploads\/2024\/11\/BBQ19-100x100.jpg 100w, https:\/\/keweicorten.com\/wp-content\/uploads\/2024\/11\/BBQ19.jpg 750w\" sizes=\"(max-width: 300px) 100vw, 300px\" \/> <img loading=\"lazy\" decoding=\"async\" class=\"alignnone size-medium wp-image-1733\" src=\"https:\/\/keweicorten.com\/wp-content\/uploads\/2024\/10\/BBQ73-300x300.jpg\" alt=\"\" width=\"300\" height=\"300\" srcset=\"https:\/\/keweicorten.com\/wp-content\/uploads\/2024\/10\/BBQ73-300x300.jpg 300w, https:\/\/keweicorten.com\/wp-content\/uploads\/2024\/10\/BBQ73-150x150.jpg 150w, https:\/\/keweicorten.com\/wp-content\/uploads\/2024\/10\/BBQ73-12x12.jpg 12w, https:\/\/keweicorten.com\/wp-content\/uploads\/2024\/10\/BBQ73-600x600.jpg 600w, https:\/\/keweicorten.com\/wp-content\/uploads\/2024\/10\/BBQ73-100x100.jpg 100w, https:\/\/keweicorten.com\/wp-content\/uploads\/2024\/10\/BBQ73.jpg 750w\" sizes=\"(max-width: 300px) 100vw, 300px\" \/><\/p>","protected":false},"excerpt":{"rendered":"<p>A Corten-ac\u00e9l grillek a tart\u00f3ss\u00e1guk, id\u0151j\u00e1r\u00e1s\u00e1ll\u00f3s\u00e1guk \u00e9s st\u00edlusos rozsdaszer\u0171 megjelen\u00e9s\u00fck miatt n\u00e9pszer\u0171 v\u00e1laszt\u00e1snak sz\u00e1m\u00edtanak a szabadt\u00e9ri f\u0151z\u00e9shez. Ezek a grillek jellemz\u0151en cortenac\u00e9lb\u00f3l k\u00e9sz\u00fclnek, amely id\u0151vel v\u00e9d\u0151 oxidr\u00e9teget k\u00e9pez, ami megakad\u00e1lyozza a tov\u00e1bbi korr\u00f3zi\u00f3t, \u00e9s egyedi, term\u00e9szetes patin\u00e1t ad nekik.<\/p>","protected":false},"featured_media":3012,"comment_status":"open","ping_status":"closed","template":"","meta":{"_eb_attr":"","_monsterinsights_skip_tracking":false,"_monsterinsights_sitenote_active":false,"_monsterinsights_sitenote_note":"","_monsterinsights_sitenote_category":0,"_uf_show_specific_survey":0,"_uf_disable_surveys":false},"product_brand":[],"product_cat":[63],"product_tag":[],"class_list":{"0":"post-3008","1":"product","2":"type-product","3":"status-publish","4":"has-post-thumbnail","6":"product_cat-steel-bbq-grill","8":"first","9":"instock","10":"shipping-taxable","11":"product-type-simple"},"_links":{"self":[{"href":"https:\/\/keweicorten.com\/hu\/wp-json\/wp\/v2\/product\/3008"}],"collection":[{"href":"https:\/\/keweicorten.com\/hu\/wp-json\/wp\/v2\/product"}],"about":[{"href":"https:\/\/keweicorten.com\/hu\/wp-json\/wp\/v2\/types\/product"}],"replies":[{"embeddable":true,"href":"https:\/\/keweicorten.com\/hu\/wp-json\/wp\/v2\/comments?post=3008"}],"version-history":[{"count":2,"href":"https:\/\/keweicorten.com\/hu\/wp-json\/wp\/v2\/product\/3008\/revisions"}],"predecessor-version":[{"id":3015,"href":"https:\/\/keweicorten.com\/hu\/wp-json\/wp\/v2\/product\/3008\/revisions\/3015"}],"wp:featuredmedia":[{"embeddable":true,"href":"https:\/\/keweicorten.com\/hu\/wp-json\/wp\/v2\/media\/3012"}],"wp:attachment":[{"href":"https:\/\/keweicorten.com\/hu\/wp-json\/wp\/v2\/media?parent=3008"}],"wp:term":[{"taxonomy":"product_brand","embeddable":true,"href":"https:\/\/keweicorten.com\/hu\/wp-json\/wp\/v2\/product_brand?post=3008"},{"taxonomy":"product_cat","embeddable":true,"href":"https:\/\/keweicorten.com\/hu\/wp-json\/wp\/v2\/product_cat?post=3008"},{"taxonomy":"product_tag","embeddable":true,"href":"https:\/\/keweicorten.com\/hu\/wp-json\/wp\/v2\/product_tag?post=3008"}],"curies":[{"name":"wp","href":"https:\/\/api.w.org\/{rel}","templated":true}]}}