{"id":3016,"date":"2024-12-25T07:53:37","date_gmt":"2024-12-25T07:53:37","guid":{"rendered":"https:\/\/keweicorten.com\/?post_type=product&#038;p=3016"},"modified":"2025-01-15T06:09:37","modified_gmt":"2025-01-15T06:09:37","slug":"kulteri-lampaoszlop-vilagitas","status":"publish","type":"product","link":"https:\/\/keweicorten.com\/hu\/kulteri-lampaoszlop-vilagitas\/","title":{"rendered":"k\u00fclt\u00e9ri l\u00e1mpaoszlop vil\u00e1g\u00edt\u00e1s"},"content":{"rendered":"<p>A k\u00fclt\u00e9ri l\u00e1mpaoszlopok eleg\u00e1ns \u00e9s praktikus kieg\u00e9sz\u00edt\u0151i a kerteknek, utaknak, felhajt\u00f3knak \u00e9s m\u00e1s k\u00fclt\u00e9ri tereknek. Funkcion\u00e1lis megvil\u00e1g\u00edt\u00e1st \u00e9s eszt\u00e9tikai vonzer\u0151t egyar\u00e1nt biztos\u00edtanak, fokozva a ter\u00fclet hangulat\u00e1t \u00e9s biztons\u00e1g\u00e1t.<\/p>\n<p><a href=\"https:\/\/keweicorten.com\/hu\"><img fetchpriority=\"high\" decoding=\"async\" class=\"alignnone wp-image-3024 size-medium\" title=\"v\u00edz\u00e1ll\u00f3 napkollektoros kerti l\u00e1mp\u00e1k\" src=\"https:\/\/keweicorten.com\/wp-content\/uploads\/2024\/12\/Light-Luminus-Viridi-Space-scaled-1-300x300.jpg\" alt=\"v\u00edz\u00e1ll\u00f3 napkollektoros kerti l\u00e1mp\u00e1k Factory, porcel\u00e1n, \u00e1r, gy\u00e1rt\u00f3k, besz\u00e1ll\u00edt\u00f3k, testreszabott, nagykereskedelem, olcs\u00f3, elad\u00f3, rakt\u00e1ron.-keweicorten\" width=\"300\" height=\"300\" srcset=\"https:\/\/keweicorten.com\/wp-content\/uploads\/2024\/12\/Light-Luminus-Viridi-Space-scaled-1-300x300.jpg 300w, https:\/\/keweicorten.com\/wp-content\/uploads\/2024\/12\/Light-Luminus-Viridi-Space-scaled-1-150x150.jpg 150w, https:\/\/keweicorten.com\/wp-content\/uploads\/2024\/12\/Light-Luminus-Viridi-Space-scaled-1-12x12.jpg 12w, https:\/\/keweicorten.com\/wp-content\/uploads\/2024\/12\/Light-Luminus-Viridi-Space-scaled-1-600x600.jpg 600w, https:\/\/keweicorten.com\/wp-content\/uploads\/2024\/12\/Light-Luminus-Viridi-Space-scaled-1-100x100.jpg 100w, https:\/\/keweicorten.com\/wp-content\/uploads\/2024\/12\/Light-Luminus-Viridi-Space-scaled-1.jpg 750w\" sizes=\"(max-width: 300px) 100vw, 300px\" \/><\/a> <a href=\"https:\/\/keweicorten.com\/hu\"><img decoding=\"async\" class=\"alignnone wp-image-3023 size-medium\" title=\"modern k\u00fclt\u00e9ri falikar \" src=\"https:\/\/keweicorten.com\/wp-content\/uploads\/2024\/12\/Light-Luminus-Viridi-Space-10-scaled-1-300x300.jpg\" alt=\"modern k\u00fclt\u00e9ri fali sconce Factory, porcel\u00e1n, \u00e1r, gy\u00e1rt\u00f3k, besz\u00e1ll\u00edt\u00f3k, testreszabott, nagykereskedelem, olcs\u00f3, elad\u00f3, rakt\u00e1ron.-keweicorten\" width=\"300\" height=\"300\" srcset=\"https:\/\/keweicorten.com\/wp-content\/uploads\/2024\/12\/Light-Luminus-Viridi-Space-10-scaled-1-300x300.jpg 300w, https:\/\/keweicorten.com\/wp-content\/uploads\/2024\/12\/Light-Luminus-Viridi-Space-10-scaled-1-150x150.jpg 150w, https:\/\/keweicorten.com\/wp-content\/uploads\/2024\/12\/Light-Luminus-Viridi-Space-10-scaled-1-12x12.jpg 12w, https:\/\/keweicorten.com\/wp-content\/uploads\/2024\/12\/Light-Luminus-Viridi-Space-10-scaled-1-100x100.jpg 100w, https:\/\/keweicorten.com\/wp-content\/uploads\/2024\/12\/Light-Luminus-Viridi-Space-10-scaled-1.jpg 600w\" sizes=\"(max-width: 300px) 100vw, 300px\" \/><\/a> <a href=\"https:\/\/keweicorten.com\/hu\"><img decoding=\"async\" class=\"alignnone wp-image-3022 size-medium\" title=\"k\u00fcls\u0151 vil\u00e1g\u00edt\u00e1s teraszra\" src=\"https:\/\/keweicorten.com\/wp-content\/uploads\/2024\/12\/5049c0b044548f4d567eb934c54b6b10-300x300.jpg\" alt=\"k\u00fcls\u0151 vil\u00e1g\u00edt\u00e1s teraszra Factory, porcel\u00e1n, \u00e1r, gy\u00e1rt\u00f3k, besz\u00e1ll\u00edt\u00f3k, testreszabott, nagykereskedelem, olcs\u00f3, elad\u00f3, rakt\u00e1ron.-keweicorten\" width=\"300\" height=\"300\" srcset=\"https:\/\/keweicorten.com\/wp-content\/uploads\/2024\/12\/5049c0b044548f4d567eb934c54b6b10-300x300.jpg 300w, https:\/\/keweicorten.com\/wp-content\/uploads\/2024\/12\/5049c0b044548f4d567eb934c54b6b10-150x150.jpg 150w, https:\/\/keweicorten.com\/wp-content\/uploads\/2024\/12\/5049c0b044548f4d567eb934c54b6b10-12x12.jpg 12w, https:\/\/keweicorten.com\/wp-content\/uploads\/2024\/12\/5049c0b044548f4d567eb934c54b6b10-600x600.jpg 600w, https:\/\/keweicorten.com\/wp-content\/uploads\/2024\/12\/5049c0b044548f4d567eb934c54b6b10-100x100.jpg 100w, https:\/\/keweicorten.com\/wp-content\/uploads\/2024\/12\/5049c0b044548f4d567eb934c54b6b10.jpg 750w\" sizes=\"(max-width: 300px) 100vw, 300px\" \/><\/a> <a href=\"https:\/\/keweicorten.com\/hu\"><img loading=\"lazy\" decoding=\"async\" class=\"alignnone wp-image-3021 size-medium\" title=\"napelemes mozg\u00e1s\u00e9rz\u00e9kel\u0151 f\u00e9ny k\u00fclt\u00e9ri \" src=\"https:\/\/keweicorten.com\/wp-content\/uploads\/2024\/12\/111AmpliarEdgingimage-300x300.jpg\" alt=\"napelemes mozg\u00e1s\u00e9rz\u00e9kel\u0151 f\u00e9ny k\u00fclt\u00e9ri gy\u00e1r, porcel\u00e1n, \u00e1r, gy\u00e1rt\u00f3k, besz\u00e1ll\u00edt\u00f3k, testreszabott, nagykereskedelem, olcs\u00f3, elad\u00f3, rakt\u00e1ron.-keweicorten\" width=\"300\" height=\"300\" srcset=\"https:\/\/keweicorten.com\/wp-content\/uploads\/2024\/12\/111AmpliarEdgingimage-300x300.jpg 300w, https:\/\/keweicorten.com\/wp-content\/uploads\/2024\/12\/111AmpliarEdgingimage-150x150.jpg 150w, https:\/\/keweicorten.com\/wp-content\/uploads\/2024\/12\/111AmpliarEdgingimage-12x12.jpg 12w, https:\/\/keweicorten.com\/wp-content\/uploads\/2024\/12\/111AmpliarEdgingimage-600x600.jpg 600w, https:\/\/keweicorten.com\/wp-content\/uploads\/2024\/12\/111AmpliarEdgingimage-100x100.jpg 100w, https:\/\/keweicorten.com\/wp-content\/uploads\/2024\/12\/111AmpliarEdgingimage.jpg 750w\" sizes=\"(max-width: 300px) 100vw, 300px\" \/><\/a><\/p>\n<ol>\n<li><strong>Anyagok:<\/strong>\n<ul>\n<li><strong>F\u00e9m (alum\u00ednium, ac\u00e9l vagy \u00f6nt\u00f6ttvas):<\/strong> Tart\u00f3s \u00e9s id\u0151j\u00e1r\u00e1s\u00e1ll\u00f3.<\/li>\n<li><strong>Corten ac\u00e9l:<\/strong> Egyed\u00fcl\u00e1ll\u00f3 rozsd\u00e1s eszt\u00e9tik\u00e1t \u00e9s tart\u00f3ss\u00e1got k\u00edn\u00e1l.<\/li>\n<li><strong>M\u0171anyag:<\/strong> K\u00f6nny\u0171 \u00e9s p\u00e9nzt\u00e1rcabar\u00e1t.<\/li>\n<li><strong>\u00dcveg akcentusok:<\/strong> A hozz\u00e1adott elegancia \u00e9s f\u00e9nysz\u00f3r\u00e1s \u00e9rdek\u00e9ben.<\/li>\n<\/ul>\n<\/li>\n<li><strong>Tervez\u00e9si st\u00edlusok:<\/strong>\n<ul>\n<li><strong>Klasszikus\/hagyom\u00e1nyos:<\/strong> A vintage utcai l\u00e1mp\u00e1k \u00e1ltal inspir\u00e1lt, d\u00edszes r\u00e9szletekkel \u00e9s \u00edves kialak\u00edt\u00e1ssal.<\/li>\n<li><strong>Modern\/minimalista:<\/strong> Letisztult vonalak \u00e9s egyszer\u0171 form\u00e1k, gyakran fekete, feh\u00e9r vagy f\u00e9mes kivitelben.<\/li>\n<li><strong>Ipari:<\/strong> Nyers anyagok, p\u00e9ld\u00e1ul ac\u00e9l \u00e9s szabadon hagyott izz\u00f3k a robusztus megjelen\u00e9s\u00e9rt.<\/li>\n<li><strong>Rusztikus:<\/strong> Fa vagy corten ac\u00e9l elemek a term\u00e9szetes hangulat\u00e9rt.<\/li>\n<\/ul>\n<ul>\n<li><\/li>\n<\/ul>\n<\/li>\n<li><strong>Magass\u00e1gi vari\u00e1ci\u00f3k:<\/strong>\n<ul>\n<li><strong>R\u00f6vid posta f\u00e9nyei:<\/strong> Kerti utakhoz \u00e9s teraszokhoz.<\/li>\n<li><strong>Standard l\u00e1mpaoszlopok (6-10 l\u00e1b):<\/strong> Felhajt\u00f3khoz \u00e9s bej\u00e1ratokhoz.<\/li>\n<li><strong>Magas oszlopok (12+ l\u00e1b):<\/strong> Ide\u00e1lis nagy nyitott terek vagy k\u00f6zter\u00fcletek sz\u00e1m\u00e1ra.<\/li>\n<\/ul>\n<\/li>\n<li><strong>Id\u0151j\u00e1r\u00e1s\u00e1ll\u00f3s\u00e1g:<\/strong>\n<ul>\n<li>Az IP-besorol\u00e1s\u00fa l\u00e1mp\u00e1k biztos\u00edtj\u00e1k a v\u00edz \u00e9s por elleni v\u00e9delmet.<\/li>\n<\/ul>\n<\/li>\n<\/ol>\n<p><a href=\"https:\/\/keweicorten.com\/hu\/products\/\"><img loading=\"lazy\" decoding=\"async\" class=\"alignnone wp-image-3027 size-medium\" title=\"napelemes l\u00e1mp\u00e1k k\u00fclt\u00e9ri\" src=\"https:\/\/keweicorten.com\/wp-content\/uploads\/2024\/12\/\u5fae\u4fe1\u56fe\u7247_20231020105702-300x300.png\" alt=\"napelemes l\u00e1mp\u00e1k k\u00fclt\u00e9ri gy\u00e1r, porcel\u00e1n, \u00e1r, gy\u00e1rt\u00f3k, besz\u00e1ll\u00edt\u00f3k, testreszabott, nagykereskedelem, olcs\u00f3, elad\u00f3, rakt\u00e1ron.-keweicorten \" width=\"300\" height=\"300\" srcset=\"https:\/\/keweicorten.com\/wp-content\/uploads\/2024\/12\/\u5fae\u4fe1\u56fe\u7247_20231020105702-300x300.png 300w, https:\/\/keweicorten.com\/wp-content\/uploads\/2024\/12\/\u5fae\u4fe1\u56fe\u7247_20231020105702-150x150.png 150w, https:\/\/keweicorten.com\/wp-content\/uploads\/2024\/12\/\u5fae\u4fe1\u56fe\u7247_20231020105702-12x12.png 12w, https:\/\/keweicorten.com\/wp-content\/uploads\/2024\/12\/\u5fae\u4fe1\u56fe\u7247_20231020105702-100x100.png 100w, https:\/\/keweicorten.com\/wp-content\/uploads\/2024\/12\/\u5fae\u4fe1\u56fe\u7247_20231020105702.png 510w\" sizes=\"(max-width: 300px) 100vw, 300px\" \/><\/a> <a href=\"https:\/\/keweicorten.com\/hu\"><img loading=\"lazy\" decoding=\"async\" class=\"alignnone wp-image-3026 size-medium\" title=\"modern k\u00fclt\u00e9ri oszlopl\u00e1mp\u00e1k\" src=\"https:\/\/keweicorten.com\/wp-content\/uploads\/2024\/12\/\u5fae\u4fe1\u56fe\u7247_20231020104239-300x300.png\" alt=\"modern k\u00fclt\u00e9ri oszlopl\u00e1mp\u00e1k gy\u00e1r, porcel\u00e1n, \u00e1r, gy\u00e1rt\u00f3k, besz\u00e1ll\u00edt\u00f3k, testreszabott, nagykereskedelem, olcs\u00f3, elad\u00f3, rakt\u00e1ron.\" width=\"300\" height=\"300\" srcset=\"https:\/\/keweicorten.com\/wp-content\/uploads\/2024\/12\/\u5fae\u4fe1\u56fe\u7247_20231020104239-300x300.png 300w, https:\/\/keweicorten.com\/wp-content\/uploads\/2024\/12\/\u5fae\u4fe1\u56fe\u7247_20231020104239-150x150.png 150w, https:\/\/keweicorten.com\/wp-content\/uploads\/2024\/12\/\u5fae\u4fe1\u56fe\u7247_20231020104239-12x12.png 12w, https:\/\/keweicorten.com\/wp-content\/uploads\/2024\/12\/\u5fae\u4fe1\u56fe\u7247_20231020104239-600x599.png 600w, https:\/\/keweicorten.com\/wp-content\/uploads\/2024\/12\/\u5fae\u4fe1\u56fe\u7247_20231020104239-100x100.png 100w, https:\/\/keweicorten.com\/wp-content\/uploads\/2024\/12\/\u5fae\u4fe1\u56fe\u7247_20231020104239.png 750w\" sizes=\"(max-width: 300px) 100vw, 300px\" \/><\/a> <a href=\"https:\/\/keweicorten.com\/hu\"><img loading=\"lazy\" decoding=\"async\" class=\"alignnone wp-image-3025 size-medium\" title=\"f\u00e9nyoszlop az udvarra \" src=\"https:\/\/keweicorten.com\/wp-content\/uploads\/2024\/12\/garden-light-300x300.jpg\" alt=\"k\u00f6nny\u0171 oszlop udvarra Factory, porcel\u00e1n, \u00e1r, gy\u00e1rt\u00f3k, besz\u00e1ll\u00edt\u00f3k, testreszabott, nagykereskedelem, olcs\u00f3, elad\u00f3, rakt\u00e1ron.-keweicorten\" width=\"300\" height=\"300\" srcset=\"https:\/\/keweicorten.com\/wp-content\/uploads\/2024\/12\/garden-light-300x300.jpg 300w, https:\/\/keweicorten.com\/wp-content\/uploads\/2024\/12\/garden-light-150x150.jpg 150w, https:\/\/keweicorten.com\/wp-content\/uploads\/2024\/12\/garden-light-12x12.jpg 12w, https:\/\/keweicorten.com\/wp-content\/uploads\/2024\/12\/garden-light-600x600.jpg 600w, https:\/\/keweicorten.com\/wp-content\/uploads\/2024\/12\/garden-light-100x100.jpg 100w, https:\/\/keweicorten.com\/wp-content\/uploads\/2024\/12\/garden-light.jpg 750w\" sizes=\"(max-width: 300px) 100vw, 300px\" \/><\/a> <a href=\"https:\/\/keweicorten.com\/hu\/products\/\"><img loading=\"lazy\" decoding=\"async\" class=\"alignnone wp-image-3028 size-medium\" title=\"napelemes l\u00e1mp\u00e1k h\u00e1ts\u00f3 udvarra\" src=\"https:\/\/keweicorten.com\/wp-content\/uploads\/2024\/12\/\u5fae\u4fe1\u56fe\u7247_20240223103259-300x300.jpg\" alt=\"napelemes l\u00e1mp\u00e1k h\u00e1ts\u00f3 udvarra Factory, porcel\u00e1n, \u00e1r, gy\u00e1rt\u00f3k, besz\u00e1ll\u00edt\u00f3k, testreszabott, nagykereskedelem, olcs\u00f3, elad\u00f3, rakt\u00e1ron.-keweicorten\" width=\"300\" height=\"300\" srcset=\"https:\/\/keweicorten.com\/wp-content\/uploads\/2024\/12\/\u5fae\u4fe1\u56fe\u7247_20240223103259-300x300.jpg 300w, https:\/\/keweicorten.com\/wp-content\/uploads\/2024\/12\/\u5fae\u4fe1\u56fe\u7247_20240223103259-150x150.jpg 150w, https:\/\/keweicorten.com\/wp-content\/uploads\/2024\/12\/\u5fae\u4fe1\u56fe\u7247_20240223103259-12x12.jpg 12w, https:\/\/keweicorten.com\/wp-content\/uploads\/2024\/12\/\u5fae\u4fe1\u56fe\u7247_20240223103259-600x600.jpg 600w, https:\/\/keweicorten.com\/wp-content\/uploads\/2024\/12\/\u5fae\u4fe1\u56fe\u7247_20240223103259-100x100.jpg 100w, https:\/\/keweicorten.com\/wp-content\/uploads\/2024\/12\/\u5fae\u4fe1\u56fe\u7247_20240223103259.jpg 750w\" sizes=\"(max-width: 300px) 100vw, 300px\" \/><\/a><\/p>\n<hr \/>\n<h3><strong>A k\u00fclt\u00e9ri l\u00e1mpaoszlopok el\u0151nyei:<\/strong><\/h3>\n<ul>\n<li><strong>Fokozott biztons\u00e1g:<\/strong> A jobb l\u00e1that\u00f3s\u00e1g cs\u00f6kkenti a balesetek kock\u00e1zat\u00e1t.<\/li>\n<li><strong>Eszt\u00e9tikai vonzer\u0151:<\/strong> D\u00edsz\u00edt\u0151 jelleget k\u00f6lcs\u00f6n\u00f6z a k\u00fclt\u00e9ri tereknek.<\/li>\n<li><strong>Megn\u00f6vekedett ingatlan\u00e9rt\u00e9k:<\/strong> A j\u00f3 min\u0151s\u00e9g\u0171 vil\u00e1g\u00edt\u00e1s jav\u00edtja a j\u00e1rdaszeg\u00e9lyek vonzerej\u00e9t.<\/li>\n<li><strong>Sokoldal\u00fas\u00e1g:<\/strong> Lakoss\u00e1gi, kereskedelmi \u00e9s k\u00f6zc\u00e9l\u00fa felhaszn\u00e1l\u00e1sra egyar\u00e1nt alkalmas.<\/li>\n<\/ul>","protected":false},"excerpt":{"rendered":"<p>Fedezze fel k\u00fclt\u00e9ri oszlopl\u00e1mp\u00e1inkat az eleg\u00e1ns vil\u00e1g\u00edt\u00e1si megold\u00e1sok\u00e9rt, amelyek n\u00f6velik kertje \u00e9s udvara sz\u00e9ps\u00e9g\u00e9t \u00e9s biztons\u00e1g\u00e1t. Minden k\u00fclt\u00e9ri k\u00f6rnyezetbe alkalmas.<\/p>","protected":false},"featured_media":3017,"comment_status":"open","ping_status":"closed","template":"","meta":{"_eb_attr":"","_monsterinsights_skip_tracking":false,"_monsterinsights_sitenote_active":false,"_monsterinsights_sitenote_note":"","_monsterinsights_sitenote_category":0,"_uf_show_specific_survey":0,"_uf_disable_surveys":false},"product_brand":[],"product_cat":[61],"product_tag":[],"class_list":{"0":"post-3016","1":"product","2":"type-product","3":"status-publish","4":"has-post-thumbnail","6":"product_cat-light-post","8":"first","9":"instock","10":"shipping-taxable","11":"product-type-simple"},"_links":{"self":[{"href":"https:\/\/keweicorten.com\/hu\/wp-json\/wp\/v2\/product\/3016"}],"collection":[{"href":"https:\/\/keweicorten.com\/hu\/wp-json\/wp\/v2\/product"}],"about":[{"href":"https:\/\/keweicorten.com\/hu\/wp-json\/wp\/v2\/types\/product"}],"replies":[{"embeddable":true,"href":"https:\/\/keweicorten.com\/hu\/wp-json\/wp\/v2\/comments?post=3016"}],"version-history":[{"count":2,"href":"https:\/\/keweicorten.com\/hu\/wp-json\/wp\/v2\/product\/3016\/revisions"}],"predecessor-version":[{"id":3032,"href":"https:\/\/keweicorten.com\/hu\/wp-json\/wp\/v2\/product\/3016\/revisions\/3032"}],"wp:featuredmedia":[{"embeddable":true,"href":"https:\/\/keweicorten.com\/hu\/wp-json\/wp\/v2\/media\/3017"}],"wp:attachment":[{"href":"https:\/\/keweicorten.com\/hu\/wp-json\/wp\/v2\/media?parent=3016"}],"wp:term":[{"taxonomy":"product_brand","embeddable":true,"href":"https:\/\/keweicorten.com\/hu\/wp-json\/wp\/v2\/product_brand?post=3016"},{"taxonomy":"product_cat","embeddable":true,"href":"https:\/\/keweicorten.com\/hu\/wp-json\/wp\/v2\/product_cat?post=3016"},{"taxonomy":"product_tag","embeddable":true,"href":"https:\/\/keweicorten.com\/hu\/wp-json\/wp\/v2\/product_tag?post=3016"}],"curies":[{"name":"wp","href":"https:\/\/api.w.org\/{rel}","templated":true}]}}