{"id":3040,"date":"2024-12-26T06:45:28","date_gmt":"2024-12-26T06:45:28","guid":{"rendered":"https:\/\/keweicorten.com\/?post_type=product&#038;p=3040"},"modified":"2025-01-15T06:09:07","modified_gmt":"2025-01-15T06:09:07","slug":"napelemes-lampak-hatso-udvarra","status":"publish","type":"product","link":"https:\/\/keweicorten.com\/hu\/napelemes-lampak-hatso-udvarra\/","title":{"rendered":"napelemes l\u00e1mp\u00e1k h\u00e1ts\u00f3 udvarra"},"content":{"rendered":"<h3 data-pm-slice=\"1 1 []\">Napelemes f\u00e9nyek a h\u00e1ts\u00f3 udvarok sz\u00e1m\u00e1ra: A Comprehensive Guide<\/h3>\n<p>A napelemes vil\u00e1g\u00edt\u00e1s fantasztikus m\u00f3dja annak, hogy megvil\u00e1g\u00edtsa a h\u00e1ts\u00f3 udvart, mik\u00f6zben k\u00f6rnyezetbar\u00e1t \u00e9s k\u00f6lts\u00e9ghat\u00e9kony. Meg\u00fajul\u00f3 napenergi\u00e1t haszn\u00e1lnak, cs\u00f6kkentik a villanysz\u00e1ml\u00e1kat, \u00e9s sokoldal\u00fa tervez\u00e9si lehet\u0151s\u00e9geket k\u00edn\u00e1lnak a k\u00fcl\u00f6nb\u00f6z\u0151 h\u00e1ts\u00f3 udvari st\u00edlusokhoz. Itt van minden, amit a napelemes vil\u00e1g\u00edt\u00e1s kiv\u00e1laszt\u00e1s\u00e1r\u00f3l \u00e9s haszn\u00e1lat\u00e1r\u00f3l tudnia kell a k\u00fclt\u00e9ren.<\/p>\n<div>\n<hr \/>\n<\/div>\n<h3><strong>A napelemes l\u00e1mp\u00e1k el\u0151nyei<\/strong><\/h3>\n<ol start=\"1\" data-spread=\"true\">\n<li><strong>Energiahat\u00e9konys\u00e1g<\/strong><br \/>\nA napelemes l\u00e1mp\u00e1k a napf\u00e9nyt elektromos \u00e1ramm\u00e1 alak\u00edtj\u00e1k, jelent\u0151sen cs\u00f6kkentve az energiafogyaszt\u00e1st \u00e9s a k\u00f6lts\u00e9geket. Ide\u00e1lisak a k\u00f6rnyezettudatos lak\u00e1stulajdonosok sz\u00e1m\u00e1ra.<\/li>\n<li><strong>Egyszer\u0171 telep\u00edt\u00e9s<\/strong><br \/>\nA legt\u00f6bb napelemes l\u00e1mpa vezet\u00e9k n\u00e9lk\u00fcli, \u00e9s k\u00f6nnyen telep\u00edthet\u0151 alkatr\u00e9szeket tartalmaz, \u00edgy k\u00e9nyelmes v\u00e1laszt\u00e1s a bark\u00e1csol\u00f3k sz\u00e1m\u00e1ra.<\/li>\n<li><strong>Alacsony karbantart\u00e1s<\/strong><br \/>\nA napelemes l\u00e1mp\u00e1k tart\u00f3s anyagokkal \u00e9s automatikus m\u0171k\u00f6d\u00e9ssel minim\u00e1lis karbantart\u00e1st ig\u00e9nyelnek, \u00e9s \u00e9vekig gondtalan vil\u00e1g\u00edt\u00e1st biztos\u00edtanak.<\/li>\n<li><strong>Sokoldal\u00fa kialak\u00edt\u00e1s<\/strong><br \/>\nA k\u00fcl\u00f6nb\u00f6z\u0151 st\u00edlusokban kaphat\u00f3 napelemes l\u00e1mp\u00e1k megfelelnek a modern, rusztikus vagy hagyom\u00e1nyos udvari eszt\u00e9tik\u00e1nak.<\/li>\n<\/ol>\n<div>\n<hr \/>\n<\/div>\n<h3><a href=\"https:\/\/keweicorten.com\/hu\/termek\/corten-lampa\/\"><img fetchpriority=\"high\" decoding=\"async\" class=\"alignnone wp-image-3045\" title=\"k\u00fcls\u0151 vil\u00e1g\u00edt\u00e1s teraszra\" src=\"https:\/\/keweicorten.com\/wp-content\/uploads\/2024\/12\/\u5fae\u4fe1\u56fe\u7247_20241226134154.jpg\" alt=\"k\u00fcls\u0151 vil\u00e1g\u00edt\u00e1s teraszra\" width=\"850\" height=\"1031\" srcset=\"https:\/\/keweicorten.com\/wp-content\/uploads\/2024\/12\/\u5fae\u4fe1\u56fe\u7247_20241226134154.jpg 1080w, https:\/\/keweicorten.com\/wp-content\/uploads\/2024\/12\/\u5fae\u4fe1\u56fe\u7247_20241226134154-247x300.jpg 247w, https:\/\/keweicorten.com\/wp-content\/uploads\/2024\/12\/\u5fae\u4fe1\u56fe\u7247_20241226134154-844x1024.jpg 844w, https:\/\/keweicorten.com\/wp-content\/uploads\/2024\/12\/\u5fae\u4fe1\u56fe\u7247_20241226134154-768x932.jpg 768w, https:\/\/keweicorten.com\/wp-content\/uploads\/2024\/12\/\u5fae\u4fe1\u56fe\u7247_20241226134154-10x12.jpg 10w, https:\/\/keweicorten.com\/wp-content\/uploads\/2024\/12\/\u5fae\u4fe1\u56fe\u7247_20241226134154-600x728.jpg 600w\" sizes=\"(max-width: 850px) 100vw, 850px\" \/><\/a><\/h3>","protected":false},"excerpt":{"rendered":"<p>Fedezze fel a sokoldal\u00fa napelemes l\u00e1mp\u00e1kat az udvarra, a dekorat\u00edv zsin\u00f3rl\u00e1mp\u00e1kt\u00f3l a praktikus spotl\u00e1mp\u00e1kig, a k\u00f6rnyezetbar\u00e1t \u00e9s st\u00edlusos k\u00fclt\u00e9ri \u00e1talak\u00edt\u00e1s \u00e9rdek\u00e9ben.<\/p>","protected":false},"featured_media":3041,"comment_status":"open","ping_status":"closed","template":"","meta":{"_eb_attr":"","_monsterinsights_skip_tracking":false,"_monsterinsights_sitenote_active":false,"_monsterinsights_sitenote_note":"","_monsterinsights_sitenote_category":0,"_uf_show_specific_survey":0,"_uf_disable_surveys":false},"product_brand":[],"product_cat":[61],"product_tag":[],"class_list":{"0":"post-3040","1":"product","2":"type-product","3":"status-publish","4":"has-post-thumbnail","6":"product_cat-light-post","8":"first","9":"instock","10":"shipping-taxable","11":"product-type-simple"},"_links":{"self":[{"href":"https:\/\/keweicorten.com\/hu\/wp-json\/wp\/v2\/product\/3040"}],"collection":[{"href":"https:\/\/keweicorten.com\/hu\/wp-json\/wp\/v2\/product"}],"about":[{"href":"https:\/\/keweicorten.com\/hu\/wp-json\/wp\/v2\/types\/product"}],"replies":[{"embeddable":true,"href":"https:\/\/keweicorten.com\/hu\/wp-json\/wp\/v2\/comments?post=3040"}],"version-history":[{"count":1,"href":"https:\/\/keweicorten.com\/hu\/wp-json\/wp\/v2\/product\/3040\/revisions"}],"predecessor-version":[{"id":3046,"href":"https:\/\/keweicorten.com\/hu\/wp-json\/wp\/v2\/product\/3040\/revisions\/3046"}],"wp:featuredmedia":[{"embeddable":true,"href":"https:\/\/keweicorten.com\/hu\/wp-json\/wp\/v2\/media\/3041"}],"wp:attachment":[{"href":"https:\/\/keweicorten.com\/hu\/wp-json\/wp\/v2\/media?parent=3040"}],"wp:term":[{"taxonomy":"product_brand","embeddable":true,"href":"https:\/\/keweicorten.com\/hu\/wp-json\/wp\/v2\/product_brand?post=3040"},{"taxonomy":"product_cat","embeddable":true,"href":"https:\/\/keweicorten.com\/hu\/wp-json\/wp\/v2\/product_cat?post=3040"},{"taxonomy":"product_tag","embeddable":true,"href":"https:\/\/keweicorten.com\/hu\/wp-json\/wp\/v2\/product_tag?post=3040"}],"curies":[{"name":"wp","href":"https:\/\/api.w.org\/{rel}","templated":true}]}}