{"id":3093,"date":"2025-01-07T07:43:43","date_gmt":"2025-01-07T07:43:43","guid":{"rendered":"https:\/\/keweicorten.com\/?post_type=product&#038;p=3093"},"modified":"2025-01-15T06:08:30","modified_gmt":"2025-01-15T06:08:30","slug":"h-barna-tajkepi-szegelykaro","status":"publish","type":"product","link":"https:\/\/keweicorten.com\/hu\/h-barna-tajkepi-szegelykaro\/","title":{"rendered":"H Brown T\u00e1jk\u00e9pi szeg\u00e9lykar\u00f3"},"content":{"rendered":"<p>A <strong>H Brown T\u00e1jk\u00e9pi szeg\u00e9lykar\u00f3<\/strong> \u00e1ltal\u00e1ban a t\u00e1jk\u00e9pi szeg\u00e9lyek r\u00f6gz\u00edt\u00e9s\u00e9re \u00e9s stabiliz\u00e1l\u00e1s\u00e1ra haszn\u00e1lj\u00e1k. Ezek a kar\u00f3k \u00e1ltal\u00e1ban tart\u00f3s anyagokb\u00f3l, p\u00e9ld\u00e1ul ac\u00e9lb\u00f3l k\u00e9sz\u00fclnek, \u00e9s hossz\u00fa t\u00e1v\u00fa k\u00fclt\u00e9ri haszn\u00e1latra tervezt\u00e9k \u0151ket.<\/p>\n<h3>Jellemz\u0151k<\/h3>\n<ol>\n<li><strong>Anyag<\/strong>: \u00c1ltal\u00e1ban ac\u00e9lb\u00f3l k\u00e9sz\u00fcl, id\u0151j\u00e1r\u00e1s\u00e1ll\u00f3 barna bevonattal, hogy megakad\u00e1lyozza a rozsd\u00e1sod\u00e1st \u00e9s beleolvadjon a t\u00e1jba.<\/li>\n<li><strong>Tervez\u00e9s<\/strong>: K\u00fapos v\u00e9gek a talajba val\u00f3 k\u00f6nny\u0171 behelyez\u00e9shez.<\/li>\n<li><strong>Kompatibilit\u00e1s<\/strong>: A legt\u00f6bb t\u00edpus\u00fa kerti szeg\u00e9llyel, p\u00e9ld\u00e1ul m\u0171anyaggal, f\u00e9mmel vagy kompozit anyagokkal m\u0171k\u00f6dik.<\/li>\n<li><strong>Tart\u00f3ss\u00e1g<\/strong>: El\u00e9g er\u0151s ahhoz, hogy a szeg\u00e9lyt biztons\u00e1gosan megtartsa, m\u00e9g a nagy gyalogosforgalm\u00fa vagy gyepkarbantart\u00e1ssal \u00e9rintett ter\u00fcleteken is.<\/li>\n<\/ol>\n<p><a href=\"https:\/\/keweicorten.com\/hu\"><img fetchpriority=\"high\" decoding=\"async\" class=\"alignnone\" title=\"Corten kar\u00f3k T\u00e1jk\u00e9pi szeg\u00e9lyez\u00e9s\" src=\"https:\/\/i.pinimg.com\/736x\/3b\/73\/b8\/3b73b8534444f9329565e210aaff22f0.jpg\" alt=\"Corten Stakes t\u00e1jk\u00e9pi szeg\u00e9lygy\u00e1r, porcel\u00e1n, \u00e1r, gy\u00e1rt\u00f3k, besz\u00e1ll\u00edt\u00f3k, testreszabott, nagykereskedelem, olcs\u00f3, elad\u00f3, rakt\u00e1ron.-keweicorten\" width=\"736\" height=\"736\" \/><\/a><\/p>\n<h3>El\u0151ny\u00f6k<\/h3>\n<ul>\n<li><strong>Stabilit\u00e1s<\/strong>: Megakad\u00e1lyozza, hogy a t\u00e1jk\u00e9pi szeg\u00e9lyek id\u0151vel elmozduljanak vagy meghajoljanak.<\/li>\n<li><strong>Eszt\u00e9tikai<\/strong>: A barna bevonat j\u00f3l illeszkedik a talajhoz, mulcshoz vagy kavicshoz.<\/li>\n<li><strong>K\u00f6nny\u0171 telep\u00edt\u00e9s<\/strong>: Az \u00e9les v\u00e9gek \u00e9s a massz\u00edv fel\u00e9p\u00edt\u00e9s gyors \u00e9s hat\u00e9kony telep\u00edt\u00e9st tesz lehet\u0151v\u00e9.<\/li>\n<\/ul>\n<h3>Alkalmaz\u00e1sok<\/h3>\n<ul>\n<li>\u00d6sv\u00e9ny vagy kerti \u00e1gy\u00e1s szeg\u00e9lyek.<\/li>\n<li>Mulcs, kavics vagy talaj megtart\u00e1sa.<\/li>\n<li>F\u00e1k vagy vir\u00e1g\u00e1gy\u00e1sok k\u00f6r\u00fcli szeg\u00e9lyez\u00e9s.<\/li>\n<\/ul>\n<p><a href=\"https:\/\/keweicorten.com\/hu\"><img decoding=\"async\" class=\"alignnone\" title=\"Corten kar\u00f3k T\u00e1jk\u00e9pi szeg\u00e9lyez\u00e9s\" src=\"https:\/\/i.pinimg.com\/736x\/f1\/70\/ce\/f170cee0c26b90209595bb9fe110bbe3.jpg\" alt=\"Corten Stakes t\u00e1jk\u00e9pi szeg\u00e9lygy\u00e1r, porcel\u00e1n, \u00e1r, gy\u00e1rt\u00f3k, besz\u00e1ll\u00edt\u00f3k, testreszabott, nagykereskedelem, olcs\u00f3, elad\u00f3, rakt\u00e1ron.-keweicorten\" width=\"736\" height=\"736\" \/><\/a><\/p>","protected":false},"excerpt":{"rendered":"<p>Tart\u00f3s barna t\u00e1jk\u00e9pi szegek a hat\u00e1rok r\u00f6gz\u00edt\u00e9s\u00e9hez \u00e9s a t\u00e1j tiszt\u00e1n \u00e9s sz\u00e9pen tart\u00e1s\u00e1hoz, sz\u00e1mos udvari \u00e9s kerti projekthez alkalmas.<\/p>","protected":false},"featured_media":3094,"comment_status":"open","ping_status":"closed","template":"","meta":{"_eb_attr":"","_monsterinsights_skip_tracking":false,"_monsterinsights_sitenote_active":false,"_monsterinsights_sitenote_note":"","_monsterinsights_sitenote_category":0,"_uf_show_specific_survey":0,"_uf_disable_surveys":false},"product_brand":[],"product_cat":[58],"product_tag":[],"class_list":{"0":"post-3093","1":"product","2":"type-product","3":"status-publish","4":"has-post-thumbnail","6":"product_cat-garden-edging","8":"first","9":"instock","10":"shipping-taxable","11":"product-type-simple"},"_links":{"self":[{"href":"https:\/\/keweicorten.com\/hu\/wp-json\/wp\/v2\/product\/3093"}],"collection":[{"href":"https:\/\/keweicorten.com\/hu\/wp-json\/wp\/v2\/product"}],"about":[{"href":"https:\/\/keweicorten.com\/hu\/wp-json\/wp\/v2\/types\/product"}],"replies":[{"embeddable":true,"href":"https:\/\/keweicorten.com\/hu\/wp-json\/wp\/v2\/comments?post=3093"}],"version-history":[{"count":1,"href":"https:\/\/keweicorten.com\/hu\/wp-json\/wp\/v2\/product\/3093\/revisions"}],"predecessor-version":[{"id":3095,"href":"https:\/\/keweicorten.com\/hu\/wp-json\/wp\/v2\/product\/3093\/revisions\/3095"}],"wp:featuredmedia":[{"embeddable":true,"href":"https:\/\/keweicorten.com\/hu\/wp-json\/wp\/v2\/media\/3094"}],"wp:attachment":[{"href":"https:\/\/keweicorten.com\/hu\/wp-json\/wp\/v2\/media?parent=3093"}],"wp:term":[{"taxonomy":"product_brand","embeddable":true,"href":"https:\/\/keweicorten.com\/hu\/wp-json\/wp\/v2\/product_brand?post=3093"},{"taxonomy":"product_cat","embeddable":true,"href":"https:\/\/keweicorten.com\/hu\/wp-json\/wp\/v2\/product_cat?post=3093"},{"taxonomy":"product_tag","embeddable":true,"href":"https:\/\/keweicorten.com\/hu\/wp-json\/wp\/v2\/product_tag?post=3093"}],"curies":[{"name":"wp","href":"https:\/\/api.w.org\/{rel}","templated":true}]}}