{"id":3294,"date":"2025-01-16T07:32:18","date_gmt":"2025-01-16T07:32:18","guid":{"rendered":"https:\/\/keweicorten.com\/?post_type=product&#038;p=3294"},"modified":"2025-01-16T07:32:18","modified_gmt":"2025-01-16T07:32:18","slug":"egyedi-postaladak","status":"publish","type":"product","link":"https:\/\/keweicorten.com\/hu\/egyedi-postaladak\/","title":{"rendered":"egyedi postal\u00e1d\u00e1k"},"content":{"rendered":"<p>A postal\u00e1da t\u00f6bb mint egy funkcion\u00e1lis elem - ez az els\u0151 benyom\u00e1s az otthon\u00e1r\u00f3l. Az egyedi postal\u00e1d\u00e1k a st\u00edlus, a tart\u00f3ss\u00e1g \u00e9s a praktikuss\u00e1g t\u00f6k\u00e9letes kever\u00e9k\u00e9t k\u00edn\u00e1lj\u00e1k, \u00edgy n\u00e9lk\u00fcl\u00f6zhetetlen kieg\u00e9sz\u00edt\u0151i a h\u00e1z tulajdonosainak, akik n\u00f6velni szeretn\u00e9k a j\u00e1rdaszeg\u00e9lyek vonzerej\u00e9t.<\/p>\n<h2><strong>Mi\u00e9rt v\u00e1lasszon egyedi postal\u00e1d\u00e1t?<\/strong><\/h2>\n<ol>\n<li><strong>Egyedi mint\u00e1k a szem\u00e9lyre szab\u00e1shoz<\/strong><br \/>\nAz egyedi postal\u00e1d\u00e1k lehet\u0151v\u00e9 teszik, hogy kifejezze st\u00edlus\u00e1t. Ak\u00e1r a modern minimalizmust, ak\u00e1r a klasszikus eleganci\u00e1t, ak\u00e1r a rusztikus b\u00e1jt kedveli, minden eszt\u00e9tik\u00e1nak megfelel\u0151 kialak\u00edt\u00e1s l\u00e9tezik.<\/li>\n<li><strong>Tart\u00f3s \u00e9s hossz\u00fa \u00e9lettartam\u00fa anyagok<\/strong><br \/>\nA kiv\u00e1l\u00f3 min\u0151s\u00e9g\u0171 anyagokb\u00f3l, p\u00e9ld\u00e1ul rozsdamentes ac\u00e9lb\u00f3l, alum\u00edniumb\u00f3l vagy id\u0151j\u00e1r\u00e1s\u00e1ll\u00f3 f\u00e1b\u00f3l k\u00e9sz\u00fclt egyedi postal\u00e1d\u00e1k \u00fagy k\u00e9sz\u00fclnek, hogy ellen\u00e1lljanak a zord id\u0151j\u00e1r\u00e1si k\u00f6r\u00fclm\u00e9nyeknek, mik\u00f6zben meg\u0151rzik \u00e9rintetlen megjelen\u00e9s\u00fcket.<\/li>\n<li><strong>Tov\u00e1bbfejlesztett funkcionalit\u00e1s<\/strong><br \/>\nSok egyedi postal\u00e1da olyan kieg\u00e9sz\u00edt\u0151 funkci\u00f3kkal rendelkezik, mint a biztons\u00e1got szolg\u00e1l\u00f3 z\u00e1rszerkezetek, nagyobb rekeszek a csomagk\u00e9zbes\u00edt\u00e9shez, valamint k\u00f6nnyen hozz\u00e1f\u00e9rhet\u0151 ajt\u00f3k a k\u00e9nyelmes postakihozatalhoz.<\/li>\n<li><strong>T\u0171nj\u00f6n ki a szomsz\u00e9ds\u00e1g\u00e1ban<\/strong><br \/>\nEgy egyedi postal\u00e1da k\u00fcl\u00f6nlegess\u00e9 teszi ingatlan\u00e1t, mer\u00e9sz kijelent\u00e9st tesz, \u00e9s egy\u00e9nis\u00e9get k\u00f6lcs\u00f6n\u00f6z otthon\u00e1nak.<\/li>\n<\/ol>\n<table class=\"has-title all magic-1\" style=\"height: 283px;\" width=\"714\">\n<tbody>\n<tr>\n<td colspan=\"1\" rowspan=\"1\">\n<div class=\"magic-2\" data-spm-anchor-id=\"a2700.details.0.i65.5449703bPRyMac\"><b data-spm-anchor-id=\"a2700.pc-decorate.0.i99.124b3333xivJwC\">Term\u00e9k neve<\/b><\/div>\n<\/td>\n<td colspan=\"1\" rowspan=\"1\">\n<div class=\"magic-3\">F\u00e9m falra \/ \u00e1llv\u00e1nyra szerelhet\u0151 z\u00e1rhat\u00f3 postal\u00e1da<\/div>\n<\/td>\n<\/tr>\n<tr>\n<td colspan=\"1\" rowspan=\"1\">\n<div class=\"magic-2\"><b>Anyag<\/b><\/div>\n<\/td>\n<td colspan=\"1\" rowspan=\"1\">\n<div class=\"magic-3\">F\u00e9m<\/div>\n<\/td>\n<\/tr>\n<tr>\n<td colspan=\"1\" rowspan=\"1\">\n<div class=\"magic-2\"><b>M\u00e9ret<\/b><\/div>\n<\/td>\n<td colspan=\"1\" rowspan=\"1\">\n<div class=\"magic-3\">Standard vagy egyedi<\/div>\n<\/td>\n<\/tr>\n<tr>\n<td colspan=\"1\" rowspan=\"1\">\n<div class=\"magic-2\"><b data-spm-anchor-id=\"a2700.pc-decorate.0.i7.50b43333LWQGxq\">El\u0151ny\u00f6k<\/b><\/div>\n<\/td>\n<td colspan=\"1\" rowspan=\"1\">\n<div class=\"magic-3\">Egyszer\u0171 telep\u00edt\u00e9s, hossz\u00fa \u00e9lettartam, nincs sz\u00fcks\u00e9g karbantart\u00e1sra<\/div>\n<\/td>\n<\/tr>\n<tr>\n<td colspan=\"1\" rowspan=\"1\">\n<div class=\"magic-2\"><b>Alkalmaz\u00e1s<\/b><\/div>\n<\/td>\n<td colspan=\"1\" rowspan=\"1\">\n<div class=\"magic-3\">Otthon udvar &amp; kert &amp; k\u00fclt\u00e9ri<\/div>\n<\/td>\n<\/tr>\n<tr>\n<td colspan=\"1\" rowspan=\"1\">\n<div class=\"magic-2\"><b data-spm-anchor-id=\"a2700.pc-decorate.0.i11.50b43333LWQGxq\">Sz\u00ednes<\/b><\/div>\n<\/td>\n<td colspan=\"1\" rowspan=\"1\">\n<div class=\"magic-3\" data-spm-anchor-id=\"a2700.details.0.i66.5449703bPRyMac\">rozsda\/fekete\/egyedi sz\u00edn<\/div>\n<\/td>\n<\/tr>\n<tr>\n<td colspan=\"1\" rowspan=\"1\">\n<div class=\"magic-2\"><b data-spm-anchor-id=\"a2700.pc-decorate.0.i15.50b43333LWQGxq\">Log\u00f3<\/b><\/div>\n<\/td>\n<td colspan=\"1\" rowspan=\"1\">\n<div class=\"magic-3\">Testreszabott log\u00f3<\/div>\n<\/td>\n<\/tr>\n<tr>\n<td colspan=\"1\" rowspan=\"1\">\n<div class=\"magic-2\"><b>Fizet\u00e9si felt\u00e9telek<\/b><\/div>\n<\/td>\n<td colspan=\"1\" rowspan=\"1\">\n<div class=\"magic-3\">TT, L \/ C, Western Union, paypal<\/div>\n<\/td>\n<\/tr>\n<tr>\n<td colspan=\"1\" rowspan=\"1\">\n<div class=\"magic-2\"><b>MOQ<\/b><\/div>\n<\/td>\n<td colspan=\"1\" rowspan=\"1\">\n<div class=\"magic-3\">20db<\/div>\n<\/td>\n<\/tr>\n<\/tbody>\n<\/table>\n<h2><strong>Egyedi postal\u00e1d\u00e1k t\u00edpusai<\/strong><\/h2>\n<ul>\n<li><strong>Falra szerelhet\u0151 postal\u00e1d\u00e1k<\/strong>: Ide\u00e1lis a korl\u00e1tozott hely\u0171 otthonokba, vagy eleg\u00e1ns, modern megjelen\u00e9shez.<\/li>\n<li><strong>Postafi\u00f3kok<\/strong>: Klasszikus v\u00e1laszt\u00e1s, amely egyedi oszlopdiz\u00e1jnnal vagy dekorat\u00edv r\u00e9szletekkel szem\u00e9lyre szabhat\u00f3.<\/li>\n<li><strong>Csomagbar\u00e1t postal\u00e1d\u00e1k<\/strong>: Nagyobb csomagok befogad\u00e1s\u00e1ra tervezt\u00e9k, t\u00f6k\u00e9letes az online v\u00e1s\u00e1rl\u00f3k sz\u00e1m\u00e1ra.<\/li>\n<li><strong>Tematikus postal\u00e1d\u00e1k<\/strong>: Adjon hozz\u00e1 karaktereket \u00e1llatok, j\u00e1rm\u0171vek vagy ak\u00e1r miniat\u0171r h\u00e1zak form\u00e1j\u00fa postal\u00e1d\u00e1kkal.<\/li>\n<\/ul>\n<p><a href=\"https:\/\/keweicorten.com\/hu\/products\/\"><img fetchpriority=\"high\" decoding=\"async\" class=\"alignnone wp-image-3301\" title=\"lev\u00e9lszekr\u00e9ny \" src=\"https:\/\/keweicorten.com\/wp-content\/uploads\/2025\/01\/Pakketbus-Paca-cortenstaal-Com_5632b635.jpg\" alt=\"lev\u00e9l doboz Factory, porcel\u00e1n, \u00e1r, gy\u00e1rt\u00f3k, besz\u00e1ll\u00edt\u00f3k, testreszabott, nagykereskedelem, olcs\u00f3, elad\u00f3, rakt\u00e1ron.\" width=\"500\" height=\"500\" srcset=\"https:\/\/keweicorten.com\/wp-content\/uploads\/2025\/01\/Pakketbus-Paca-cortenstaal-Com_5632b635.jpg 700w, https:\/\/keweicorten.com\/wp-content\/uploads\/2025\/01\/Pakketbus-Paca-cortenstaal-Com_5632b635-300x300.jpg 300w, https:\/\/keweicorten.com\/wp-content\/uploads\/2025\/01\/Pakketbus-Paca-cortenstaal-Com_5632b635-150x150.jpg 150w, https:\/\/keweicorten.com\/wp-content\/uploads\/2025\/01\/Pakketbus-Paca-cortenstaal-Com_5632b635-12x12.jpg 12w, https:\/\/keweicorten.com\/wp-content\/uploads\/2025\/01\/Pakketbus-Paca-cortenstaal-Com_5632b635-600x600.jpg 600w, https:\/\/keweicorten.com\/wp-content\/uploads\/2025\/01\/Pakketbus-Paca-cortenstaal-Com_5632b635-100x100.jpg 100w\" sizes=\"(max-width: 500px) 100vw, 500px\" \/><\/a><a href=\"https:\/\/keweicorten.com\/hu\/products\/\"><img decoding=\"async\" class=\"alignnone wp-image-3300\" title=\"lev\u00e9lszekr\u00e9ny \" src=\"https:\/\/keweicorten.com\/wp-content\/uploads\/2025\/01\/5-Pinterest_adaa15d8.jpg\" alt=\"lev\u00e9l doboz Factory, porcel\u00e1n, \u00e1r, gy\u00e1rt\u00f3k, besz\u00e1ll\u00edt\u00f3k, testreszabott, nagykereskedelem, olcs\u00f3, elad\u00f3, rakt\u00e1ron.\" width=\"500\" height=\"500\" srcset=\"https:\/\/keweicorten.com\/wp-content\/uploads\/2025\/01\/5-Pinterest_adaa15d8.jpg 700w, https:\/\/keweicorten.com\/wp-content\/uploads\/2025\/01\/5-Pinterest_adaa15d8-300x300.jpg 300w, https:\/\/keweicorten.com\/wp-content\/uploads\/2025\/01\/5-Pinterest_adaa15d8-150x150.jpg 150w, https:\/\/keweicorten.com\/wp-content\/uploads\/2025\/01\/5-Pinterest_adaa15d8-12x12.jpg 12w, https:\/\/keweicorten.com\/wp-content\/uploads\/2025\/01\/5-Pinterest_adaa15d8-600x600.jpg 600w, https:\/\/keweicorten.com\/wp-content\/uploads\/2025\/01\/5-Pinterest_adaa15d8-100x100.jpg 100w\" sizes=\"(max-width: 500px) 100vw, 500px\" \/><\/a><\/p>\n<h2><strong>Hogyan v\u00e1lasszuk ki a megfelel\u0151 egyedi postal\u00e1d\u00e1t<\/strong><\/h2>\n<ol>\n<li><strong>Illeszkedjen otthona st\u00edlus\u00e1hoz<\/strong>: Gy\u0151z\u0151dj\u00f6n meg r\u00f3la, hogy a tervez\u00e9s kieg\u00e9sz\u00edti otthona \u00e9p\u00edt\u00e9szet\u00e9t \u00e9s k\u00fcls\u0151 dekor\u00e1ci\u00f3j\u00e1t.<\/li>\n<li><strong>M\u00e9ret \u00e9s funkcionalit\u00e1s<\/strong>: V\u00e1lasszon olyan m\u00e9retet, amely megfelel a lev\u00e9lmennyis\u00e9gnek \u00e9s a gyakorlati ig\u00e9nyeknek.<\/li>\n<li><strong>A tart\u00f3ss\u00e1g el\u0151t\u00e9rbe helyez\u00e9se<\/strong>: V\u00e1lasszon olyan anyagokat, amelyek ellen\u00e1llnak a rozsd\u00e1nak, a fakul\u00e1snak \u00e9s az id\u0151 m\u00fal\u00e1s\u00e1val bek\u00f6vetkez\u0151 kop\u00e1snak.<\/li>\n<li><strong>Szem\u00e9lyes \u00e9rint\u00e9sek hozz\u00e1ad\u00e1sa<\/strong>: Grav\u00edroztassa a nev\u00e9t, h\u00e1zsz\u00e1m\u00e1t vagy egy egyedi diz\u00e1jnt egy igaz\u00e1n egyedi postal\u00e1d\u00e1hoz.<\/li>\n<\/ol>\n<p>Az egyedi postal\u00e1d\u00e1k kiv\u00e1l\u00f3 m\u00f3dja annak, hogy n\u00f6velje ingatlana eszt\u00e9tik\u00e1j\u00e1t \u00e9s funkcionalit\u00e1s\u00e1t. Ak\u00e1r a st\u00edlus, a biztons\u00e1g vagy a k\u00e9nyelem \u00e9rdek\u00e9ben friss\u00edt, egy egyedi postal\u00e1da olyan befektet\u00e9s, amely n\u00f6veli otthona \u00e9rt\u00e9k\u00e9t \u00e9s b\u00e1j\u00e1t.<\/p>\n<p><a href=\"https:\/\/keweicorten.com\/hu\/products\/\"><img decoding=\"async\" class=\"alignnone wp-image-3302 size-full\" title=\"Corten postal\u00e1d\u00e1k\" src=\"https:\/\/keweicorten.com\/wp-content\/uploads\/2025\/01\/5-Pinterest_97791459-\u526f\u672c.jpg\" alt=\"Gy\u00e1r, porcel\u00e1n, \u00e1r, gy\u00e1rt\u00f3k, besz\u00e1ll\u00edt\u00f3k, testreszabott, nagykereskedelem, olcs\u00f3, elad\u00f3, rakt\u00e1ron.\" width=\"700\" height=\"700\" srcset=\"https:\/\/keweicorten.com\/wp-content\/uploads\/2025\/01\/5-Pinterest_97791459-\u526f\u672c.jpg 700w, https:\/\/keweicorten.com\/wp-content\/uploads\/2025\/01\/5-Pinterest_97791459-\u526f\u672c-300x300.jpg 300w, https:\/\/keweicorten.com\/wp-content\/uploads\/2025\/01\/5-Pinterest_97791459-\u526f\u672c-150x150.jpg 150w, https:\/\/keweicorten.com\/wp-content\/uploads\/2025\/01\/5-Pinterest_97791459-\u526f\u672c-12x12.jpg 12w, https:\/\/keweicorten.com\/wp-content\/uploads\/2025\/01\/5-Pinterest_97791459-\u526f\u672c-600x600.jpg 600w, https:\/\/keweicorten.com\/wp-content\/uploads\/2025\/01\/5-Pinterest_97791459-\u526f\u672c-100x100.jpg 100w\" sizes=\"(max-width: 700px) 100vw, 700px\" \/><\/a><\/p>","protected":false},"excerpt":{"rendered":"<p>Fedezze fel az egyedi postal\u00e1d\u00e1kat, amelyek \u00f6tv\u00f6zik a st\u00edlust, a tart\u00f3ss\u00e1got \u00e9s a funkcionalit\u00e1st. Szem\u00e9lyre szabhatja postal\u00e1d\u00e1j\u00e1t, hogy n\u00f6velje a j\u00e1rdaszeg\u00e9lyek vonzerej\u00e9t, mik\u00f6zben biztons\u00e1gos \u00e9s tart\u00f3s postat\u00e1rol\u00e1st biztos\u00edt.<\/p>\n<div class=\"min-moq\" data-spm-anchor-id=\"a2700.details.0.i64.41a469d5spRcDA\">Minim\u00e1lis rendel\u00e9si mennyis\u00e9g: 1 darab<\/div>\n<p><span class=\"price\">$145.00-256.00<\/span><\/p>\n<h3><\/h3>","protected":false},"featured_media":3295,"comment_status":"open","ping_status":"closed","template":"","meta":{"_eb_attr":"","_monsterinsights_skip_tracking":false,"_monsterinsights_sitenote_active":false,"_monsterinsights_sitenote_note":"","_monsterinsights_sitenote_category":0,"_uf_show_specific_survey":0,"_uf_disable_surveys":false},"product_brand":[],"product_cat":[60],"product_tag":[],"class_list":{"0":"post-3294","1":"product","2":"type-product","3":"status-publish","4":"has-post-thumbnail","6":"product_cat-mailbox","8":"first","9":"instock","10":"shipping-taxable","11":"product-type-simple"},"_links":{"self":[{"href":"https:\/\/keweicorten.com\/hu\/wp-json\/wp\/v2\/product\/3294"}],"collection":[{"href":"https:\/\/keweicorten.com\/hu\/wp-json\/wp\/v2\/product"}],"about":[{"href":"https:\/\/keweicorten.com\/hu\/wp-json\/wp\/v2\/types\/product"}],"replies":[{"embeddable":true,"href":"https:\/\/keweicorten.com\/hu\/wp-json\/wp\/v2\/comments?post=3294"}],"version-history":[{"count":1,"href":"https:\/\/keweicorten.com\/hu\/wp-json\/wp\/v2\/product\/3294\/revisions"}],"predecessor-version":[{"id":3303,"href":"https:\/\/keweicorten.com\/hu\/wp-json\/wp\/v2\/product\/3294\/revisions\/3303"}],"wp:featuredmedia":[{"embeddable":true,"href":"https:\/\/keweicorten.com\/hu\/wp-json\/wp\/v2\/media\/3295"}],"wp:attachment":[{"href":"https:\/\/keweicorten.com\/hu\/wp-json\/wp\/v2\/media?parent=3294"}],"wp:term":[{"taxonomy":"product_brand","embeddable":true,"href":"https:\/\/keweicorten.com\/hu\/wp-json\/wp\/v2\/product_brand?post=3294"},{"taxonomy":"product_cat","embeddable":true,"href":"https:\/\/keweicorten.com\/hu\/wp-json\/wp\/v2\/product_cat?post=3294"},{"taxonomy":"product_tag","embeddable":true,"href":"https:\/\/keweicorten.com\/hu\/wp-json\/wp\/v2\/product_tag?post=3294"}],"curies":[{"name":"wp","href":"https:\/\/api.w.org\/{rel}","templated":true}]}}