{"id":3412,"date":"2025-02-07T01:55:21","date_gmt":"2025-02-07T01:55:21","guid":{"rendered":"https:\/\/keweicorten.com\/?post_type=product&#038;p=3412"},"modified":"2025-02-07T01:55:22","modified_gmt":"2025-02-07T01:55:22","slug":"hatszogletu-vekony-anyak","status":"publish","type":"product","link":"https:\/\/keweicorten.com\/hu\/hatszogletu-vekony-anyak\/","title":{"rendered":"Hatsz\u00f6glet\u0171 v\u00e9kony any\u00e1k"},"content":{"rendered":"<p>Az A \u00e9s B term\u00e9kmin\u0151s\u00e9g\u0171 v\u00e9kony hatsz\u00f6glet\u0171 any\u00e1kat jellemz\u0151en korl\u00e1tozott hely\u0171 alkalmaz\u00e1sokban vagy a szabv\u00e1nyos hatsz\u00f6glet\u0171 any\u00e1kkal kombin\u00e1lt r\u00f6gz\u00edt\u0151anyak\u00e9nt haszn\u00e1lj\u00e1k. Az al\u00e1bbiakban a specifik\u00e1ci\u00f3kat ismertetj\u00fck:<\/p>\n<h3><strong>Term\u00e9kle\u00edr\u00e1sok<\/strong><\/h3>\n<ul>\n<li><strong>Szabv\u00e1nyok:<\/strong> Jellemz\u0151en megfelelnek <strong>ISO 4035<\/strong>, <strong>DIN 439<\/strong>, vagy <strong>GB\/T 6172<\/strong><\/li>\n<li><strong>Menetm\u00e9retek:<\/strong>\n<ul>\n<li><strong>Szabv\u00e1nyos metrikus menetek:<\/strong> M8-t\u00f3l M52-ig<\/li>\n<li><strong>Finom oszt\u00e1s\u00fa menetek:<\/strong> M8\u00d71-t\u0151l M52\u00d73-ig<\/li>\n<\/ul>\n<\/li>\n<li><strong>Anyagv\u00e1laszt\u00e9k:<\/strong>\n<ul>\n<li>Sz\u00e9nac\u00e9l (4., 6., 8., 10. oszt\u00e1ly)<\/li>\n<li>Rozsdamentes ac\u00e9l (A2-70, A4-70)<\/li>\n<li>S\u00e1rgar\u00e9z, \u00f6tv\u00f6z\u00f6tt ac\u00e9l, vagy egy\u00e9b anyagok k\u00e9r\u00e9sre<\/li>\n<\/ul>\n<\/li>\n<li><strong>Fel\u00fcletkezel\u00e9s:<\/strong>\n<ul>\n<li>Egyszer\u0171<\/li>\n<li>Horganyzott (k\u00e9k\/feh\u00e9r, s\u00e1rga, fekete)<\/li>\n<li>Forr\u00f3n horganyzott (HDG)<\/li>\n<li>Fekete oxid<\/li>\n<li>Nikkelezett<\/li>\n<\/ul>\n<\/li>\n<\/ul>\n<p><a href=\"https:\/\/keweicorten.com\/hu\"><img fetchpriority=\"high\" decoding=\"async\" class=\"alignnone wp-image-3416\" title=\"Metrikus hatlap\u00fa any\u00e1k\" src=\"https:\/\/keweicorten.com\/wp-content\/uploads\/2025\/02\/\u5fae\u4fe1\u56fe\u7247_20250207094859.png\" alt=\"Metrikus hatsz\u00f6glet\u0171 any\u00e1k gy\u00e1r, porcel\u00e1n, \u00e1r, gy\u00e1rt\u00f3k, besz\u00e1ll\u00edt\u00f3k, testreszabott, nagykereskedelem, olcs\u00f3, elad\u00f3, rakt\u00e1ron.\" width=\"578\" height=\"578\" srcset=\"https:\/\/keweicorten.com\/wp-content\/uploads\/2025\/02\/\u5fae\u4fe1\u56fe\u7247_20250207094859.png 1000w, https:\/\/keweicorten.com\/wp-content\/uploads\/2025\/02\/\u5fae\u4fe1\u56fe\u7247_20250207094859-300x300.png 300w, https:\/\/keweicorten.com\/wp-content\/uploads\/2025\/02\/\u5fae\u4fe1\u56fe\u7247_20250207094859-150x150.png 150w, https:\/\/keweicorten.com\/wp-content\/uploads\/2025\/02\/\u5fae\u4fe1\u56fe\u7247_20250207094859-768x768.png 768w, https:\/\/keweicorten.com\/wp-content\/uploads\/2025\/02\/\u5fae\u4fe1\u56fe\u7247_20250207094859-12x12.png 12w, https:\/\/keweicorten.com\/wp-content\/uploads\/2025\/02\/\u5fae\u4fe1\u56fe\u7247_20250207094859-600x600.png 600w, https:\/\/keweicorten.com\/wp-content\/uploads\/2025\/02\/\u5fae\u4fe1\u56fe\u7247_20250207094859-100x100.png 100w\" sizes=\"(max-width: 578px) 100vw, 578px\" \/><\/a><\/p>\n<p><a href=\"https:\/\/keweicorten.com\/hu\"><img decoding=\"async\" class=\"alignnone wp-image-3415\" title=\"M8-M52 any\u00e1k \" src=\"https:\/\/keweicorten.com\/wp-content\/uploads\/2025\/02\/\u5fae\u4fe1\u56fe\u7247_20250207094846.png\" alt=\"M8-M52 any\u00e1k gy\u00e1r, porcel\u00e1n, \u00e1r, gy\u00e1rt\u00f3k, besz\u00e1ll\u00edt\u00f3k, testreszabott, nagykereskedelem, olcs\u00f3, elad\u00f3, rakt\u00e1ron.\" width=\"653\" height=\"653\" srcset=\"https:\/\/keweicorten.com\/wp-content\/uploads\/2025\/02\/\u5fae\u4fe1\u56fe\u7247_20250207094846.png 800w, https:\/\/keweicorten.com\/wp-content\/uploads\/2025\/02\/\u5fae\u4fe1\u56fe\u7247_20250207094846-300x300.png 300w, https:\/\/keweicorten.com\/wp-content\/uploads\/2025\/02\/\u5fae\u4fe1\u56fe\u7247_20250207094846-150x150.png 150w, https:\/\/keweicorten.com\/wp-content\/uploads\/2025\/02\/\u5fae\u4fe1\u56fe\u7247_20250207094846-768x768.png 768w, https:\/\/keweicorten.com\/wp-content\/uploads\/2025\/02\/\u5fae\u4fe1\u56fe\u7247_20250207094846-12x12.png 12w, https:\/\/keweicorten.com\/wp-content\/uploads\/2025\/02\/\u5fae\u4fe1\u56fe\u7247_20250207094846-600x600.png 600w, https:\/\/keweicorten.com\/wp-content\/uploads\/2025\/02\/\u5fae\u4fe1\u56fe\u7247_20250207094846-100x100.png 100w\" sizes=\"(max-width: 653px) 100vw, 653px\" \/><\/a><\/p>\n<p><a href=\"https:\/\/keweicorten.com\/hu\"><img decoding=\"async\" class=\"alignnone wp-image-3413 size-full\" title=\"Hatsz\u00f6glet\u0171 v\u00e9kony any\u00e1k \" src=\"https:\/\/keweicorten.com\/wp-content\/uploads\/2025\/02\/\u5fae\u4fe1\u56fe\u7247_20250207094137.png\" alt=\"Hatsz\u00f6glet\u0171 v\u00e9kony any\u00e1k gy\u00e1r, porcel\u00e1n, \u00e1r, gy\u00e1rt\u00f3k, besz\u00e1ll\u00edt\u00f3k, testreszabott, nagykereskedelem, olcs\u00f3, elad\u00f3, rakt\u00e1ron.\" width=\"500\" height=\"345\" srcset=\"https:\/\/keweicorten.com\/wp-content\/uploads\/2025\/02\/\u5fae\u4fe1\u56fe\u7247_20250207094137.png 500w, https:\/\/keweicorten.com\/wp-content\/uploads\/2025\/02\/\u5fae\u4fe1\u56fe\u7247_20250207094137-300x207.png 300w, https:\/\/keweicorten.com\/wp-content\/uploads\/2025\/02\/\u5fae\u4fe1\u56fe\u7247_20250207094137-18x12.png 18w\" sizes=\"(max-width: 500px) 100vw, 500px\" \/><\/a><a href=\"https:\/\/keweicorten.com\/hu\"><img loading=\"lazy\" decoding=\"async\" class=\"alignnone wp-image-3414\" title=\"Hatsz\u00f6glet\u0171 v\u00e9kony any\u00e1k\" src=\"https:\/\/keweicorten.com\/wp-content\/uploads\/2025\/02\/\u5fae\u4fe1\u56fe\u7247_20250207094218.png\" alt=\"Hatsz\u00f6glet\u0171 v\u00e9kony any\u00e1k gy\u00e1r, porcel\u00e1n, \u00e1r, gy\u00e1rt\u00f3k, besz\u00e1ll\u00edt\u00f3k, testreszabott, nagykereskedelem, olcs\u00f3, elad\u00f3, rakt\u00e1ron.\" width=\"343\" height=\"343\" srcset=\"https:\/\/keweicorten.com\/wp-content\/uploads\/2025\/02\/\u5fae\u4fe1\u56fe\u7247_20250207094218.png 150w, https:\/\/keweicorten.com\/wp-content\/uploads\/2025\/02\/\u5fae\u4fe1\u56fe\u7247_20250207094218-12x12.png 12w, https:\/\/keweicorten.com\/wp-content\/uploads\/2025\/02\/\u5fae\u4fe1\u56fe\u7247_20250207094218-100x100.png 100w\" sizes=\"(max-width: 343px) 100vw, 343px\" \/><\/a><\/p>","protected":false},"excerpt":{"rendered":"<p>Hatsz\u00f6glet\u0171 v\u00e9kony any\u00e1k (A&amp;B oszt\u00e1ly), M8-M52 \u00e9s M8\u00d71-M52\u00d73 specifik\u00e1ci\u00f3j\u00faak, alkalmasak kompakt t\u00e9rbeli \u00e9s z\u00e1r\u00f3 alkalmaz\u00e1sokhoz, sz\u00e9nac\u00e9lb\u00f3l, rozsdamentes ac\u00e9lb\u00f3l \u00e9s m\u00e1s anyagokb\u00f3l, k\u00fcl\u00f6nb\u00f6z\u0151 fel\u00fcletkezel\u00e9si lehet\u0151s\u00e9gekkel.<\/p>","protected":false},"featured_media":3416,"comment_status":"open","ping_status":"closed","template":"","meta":{"_eb_attr":"","_monsterinsights_skip_tracking":false,"_monsterinsights_sitenote_active":false,"_monsterinsights_sitenote_note":"","_monsterinsights_sitenote_category":0,"_uf_show_specific_survey":0,"_uf_disable_surveys":false},"product_brand":[],"product_cat":[21],"product_tag":[],"class_list":{"0":"post-3412","1":"product","2":"type-product","3":"status-publish","4":"has-post-thumbnail","6":"product_cat-weather-resistant-steel-plate","8":"first","9":"instock","10":"shipping-taxable","11":"product-type-simple"},"_links":{"self":[{"href":"https:\/\/keweicorten.com\/hu\/wp-json\/wp\/v2\/product\/3412"}],"collection":[{"href":"https:\/\/keweicorten.com\/hu\/wp-json\/wp\/v2\/product"}],"about":[{"href":"https:\/\/keweicorten.com\/hu\/wp-json\/wp\/v2\/types\/product"}],"replies":[{"embeddable":true,"href":"https:\/\/keweicorten.com\/hu\/wp-json\/wp\/v2\/comments?post=3412"}],"version-history":[{"count":1,"href":"https:\/\/keweicorten.com\/hu\/wp-json\/wp\/v2\/product\/3412\/revisions"}],"predecessor-version":[{"id":3419,"href":"https:\/\/keweicorten.com\/hu\/wp-json\/wp\/v2\/product\/3412\/revisions\/3419"}],"wp:featuredmedia":[{"embeddable":true,"href":"https:\/\/keweicorten.com\/hu\/wp-json\/wp\/v2\/media\/3416"}],"wp:attachment":[{"href":"https:\/\/keweicorten.com\/hu\/wp-json\/wp\/v2\/media?parent=3412"}],"wp:term":[{"taxonomy":"product_brand","embeddable":true,"href":"https:\/\/keweicorten.com\/hu\/wp-json\/wp\/v2\/product_brand?post=3412"},{"taxonomy":"product_cat","embeddable":true,"href":"https:\/\/keweicorten.com\/hu\/wp-json\/wp\/v2\/product_cat?post=3412"},{"taxonomy":"product_tag","embeddable":true,"href":"https:\/\/keweicorten.com\/hu\/wp-json\/wp\/v2\/product_tag?post=3412"}],"curies":[{"name":"wp","href":"https:\/\/api.w.org\/{rel}","templated":true}]}}