{"id":3586,"date":"2025-02-18T01:42:40","date_gmt":"2025-02-18T01:42:40","guid":{"rendered":"https:\/\/keweicorten.com\/?post_type=product&#038;p=3586"},"modified":"2025-02-18T01:42:41","modified_gmt":"2025-02-18T01:42:41","slug":"gaz-tuzrakohely-keszlet","status":"publish","type":"product","link":"https:\/\/keweicorten.com\/hu\/gaz-tuzrakohely-keszlet\/","title":{"rendered":"g\u00e1z t\u0171zrak\u00f3hely k\u00e9szlet"},"content":{"rendered":"<p data-start=\"72\" data-end=\"132\"><strong data-start=\"72\" data-end=\"132\">G\u00e1zt\u0171zhely k\u00e9szlet: A legjobb v\u00e1laszt\u00e1s a szabadt\u00e9ri t\u00e9rhez<\/strong><\/p>\n<p data-start=\"134\" data-end=\"296\">A <strong data-start=\"136\" data-end=\"156\">G\u00e1z t\u0171zg\u00f6d\u00f6r k\u00e9szlet<\/strong> nagyszer\u0171 k\u00fclt\u00e9ri ter\u00fcleteken. K\u00f6nnyen haszn\u00e1lhat\u00f3. Meleget \u00e9s f\u00e9nyt ad. A g\u00e1z\u00fczem\u0171 t\u0171zrak\u00f3helyek jobbak, mint a f\u00e1b\u00f3l k\u00e9sz\u00fcltek. Tiszta \u00e9s biztons\u00e1gos.<\/p>\n<h3 data-start=\"298\" data-end=\"332\">Mi\u00e9rt v\u00e1lasszon egy g\u00e1z t\u0171zrak\u00f3 k\u00e9szletet?<\/h3>\n<ol data-start=\"334\" data-end=\"671\">\n<li data-start=\"334\" data-end=\"421\"><strong data-start=\"337\" data-end=\"357\">K\u00f6nnyen telep\u00edthet\u0151:<\/strong> A k\u00e9szlet mindent tartalmaz, amire sz\u00fcks\u00e9ge van. Egyszer\u0171en be\u00e1ll\u00edthat\u00f3.<\/li>\n<li data-start=\"422\" data-end=\"490\"><strong data-start=\"425\" data-end=\"442\">Azonnali t\u0171z:<\/strong> Gy\u00fajtsa meg a t\u00fczet egy gombnyom\u00e1ssal - nincs sz\u00fcks\u00e9g f\u00e1ra.<\/li>\n<li data-start=\"491\" data-end=\"546\"><strong data-start=\"494\" data-end=\"515\">Ir\u00e1ny\u00edtsa a h\u0151t:<\/strong> Megv\u00e1ltoztathatja a l\u00e1ng m\u00e9ret\u00e9t.<\/li>\n<li data-start=\"547\" data-end=\"602\"><strong data-start=\"550\" data-end=\"563\">Nincs f\u00fcst:<\/strong> A g\u00e1zt\u0171zhelyek nem termelnek f\u00fcst\u00f6t vagy hamut.<\/li>\n<li data-start=\"603\" data-end=\"671\"><strong data-start=\"606\" data-end=\"625\">St\u00edlusos kialak\u00edt\u00e1s:<\/strong> A g\u00e1z\u00fczem\u0171 t\u0171zrak\u00f3helyek b\u00e1rmilyen udvaron vagy teraszon j\u00f3l mutatnak.<\/li>\n<\/ol>\n<p><a href=\"https:\/\/keweicorten.com\/hu\/products\/\"><img fetchpriority=\"high\" decoding=\"async\" class=\"alignnone wp-image-3542 size-medium\" title=\"g\u00e1z t\u0171zrak\u00f3 k\u00e9szlet\" src=\"https:\/\/keweicorten.com\/wp-content\/uploads\/2025\/02\/IMG20220722160621-300x300.jpg\" alt=\"g\u00e1z firePit kit Factory, porcel\u00e1n, \u00e1r, gy\u00e1rt\u00f3k, besz\u00e1ll\u00edt\u00f3k, testreszabott, nagykereskedelem, olcs\u00f3, elad\u00f3, rakt\u00e1ron.\" width=\"300\" height=\"300\" srcset=\"https:\/\/keweicorten.com\/wp-content\/uploads\/2025\/02\/IMG20220722160621-300x300.jpg 300w, https:\/\/keweicorten.com\/wp-content\/uploads\/2025\/02\/IMG20220722160621-1024x1024.jpg 1024w, https:\/\/keweicorten.com\/wp-content\/uploads\/2025\/02\/IMG20220722160621-150x150.jpg 150w, https:\/\/keweicorten.com\/wp-content\/uploads\/2025\/02\/IMG20220722160621-768x768.jpg 768w, https:\/\/keweicorten.com\/wp-content\/uploads\/2025\/02\/IMG20220722160621-1536x1536.jpg 1536w, https:\/\/keweicorten.com\/wp-content\/uploads\/2025\/02\/IMG20220722160621-2048x2048.jpg 2048w, https:\/\/keweicorten.com\/wp-content\/uploads\/2025\/02\/IMG20220722160621-12x12.jpg 12w, https:\/\/keweicorten.com\/wp-content\/uploads\/2025\/02\/IMG20220722160621-600x600.jpg 600w, https:\/\/keweicorten.com\/wp-content\/uploads\/2025\/02\/IMG20220722160621-100x100.jpg 100w\" sizes=\"(max-width: 300px) 100vw, 300px\" \/><\/a> <a href=\"https:\/\/keweicorten.com\/hu\"><img decoding=\"async\" class=\"alignnone wp-image-3537 size-medium\" title=\"g\u00e1z t\u0171zrak\u00f3hely serpeny\u0151\" src=\"https:\/\/keweicorten.com\/wp-content\/uploads\/2025\/02\/Remote-Gas-burner-2-300x300.jpg\" alt=\"g\u00e1z t\u0171zg\u00f6d\u00f6r pan Factory, porcel\u00e1n, \u00e1r, gy\u00e1rt\u00f3k, besz\u00e1ll\u00edt\u00f3k, testreszabott, nagykereskedelem, olcs\u00f3, elad\u00f3, rakt\u00e1ron.\" width=\"300\" height=\"300\" srcset=\"https:\/\/keweicorten.com\/wp-content\/uploads\/2025\/02\/Remote-Gas-burner-2-300x300.jpg 300w, https:\/\/keweicorten.com\/wp-content\/uploads\/2025\/02\/Remote-Gas-burner-2-1024x1020.jpg 1024w, https:\/\/keweicorten.com\/wp-content\/uploads\/2025\/02\/Remote-Gas-burner-2-150x150.jpg 150w, https:\/\/keweicorten.com\/wp-content\/uploads\/2025\/02\/Remote-Gas-burner-2-768x765.jpg 768w, https:\/\/keweicorten.com\/wp-content\/uploads\/2025\/02\/Remote-Gas-burner-2-12x12.jpg 12w, https:\/\/keweicorten.com\/wp-content\/uploads\/2025\/02\/Remote-Gas-burner-2-600x598.jpg 600w, https:\/\/keweicorten.com\/wp-content\/uploads\/2025\/02\/Remote-Gas-burner-2-100x100.jpg 100w, https:\/\/keweicorten.com\/wp-content\/uploads\/2025\/02\/Remote-Gas-burner-2.jpg 1500w\" sizes=\"(max-width: 300px) 100vw, 300px\" \/><\/a><\/p>\n<h3 data-start=\"673\" data-end=\"730\">Mit kell gondolni, amikor kiv\u00e1lasztja a g\u00e1z t\u0171zg\u00f6d\u00f6r k\u00e9szletet:<\/h3>\n<ul data-start=\"732\" data-end=\"968\">\n<li data-start=\"732\" data-end=\"793\"><strong data-start=\"734\" data-end=\"747\">G\u00e1zt\u00edpus:<\/strong> Gy\u0151z\u0151dj\u00f6n meg r\u00f3la, hogy a k\u00e9szlet m\u0171k\u00f6dik az \u00d6n g\u00e1zell\u00e1t\u00e1s\u00e1val.<\/li>\n<li data-start=\"794\" data-end=\"843\"><strong data-start=\"796\" data-end=\"805\">M\u00e9ret:<\/strong> V\u00e1lassza ki a megfelel\u0151 m\u00e9retet a helyis\u00e9g\u00e9hez.<\/li>\n<li data-start=\"844\" data-end=\"902\"><strong data-start=\"846\" data-end=\"857\">Biztons\u00e1g:<\/strong> V\u00e1lasszon olyan t\u0171zrak\u00f3helyet, amely megfelel a biztons\u00e1gi el\u0151\u00edr\u00e1soknak.<\/li>\n<li data-start=\"903\" data-end=\"968\"><strong data-start=\"905\" data-end=\"918\">Anyag:<\/strong> A rozsdamentes ac\u00e9l \u00e9s az id\u0151j\u00e1r\u00e1s\u00e1ll\u00f3 ac\u00e9l tart\u00f3s.<\/li>\n<\/ul>\n<p><a href=\"https:\/\/keweicorten.com\/hu\"><img decoding=\"async\" class=\"alignnone wp-image-3535 size-medium\" title=\"g\u00e1z t\u0171zrak\u00f3hely k\u00e9szlet serpeny\u0151\" src=\"https:\/\/keweicorten.com\/wp-content\/uploads\/2025\/02\/Remote-Gas-burner-3-300x300.jpg\" alt=\"g\u00e1z t\u0171zg\u00f6d\u00f6r k\u00e9szlet pan Factory, porcel\u00e1n, \u00e1r, gy\u00e1rt\u00f3k, besz\u00e1ll\u00edt\u00f3k, testreszabott, nagykereskedelem, olcs\u00f3, elad\u00f3, rakt\u00e1ron.\" width=\"300\" height=\"300\" srcset=\"https:\/\/keweicorten.com\/wp-content\/uploads\/2025\/02\/Remote-Gas-burner-3-300x300.jpg 300w, https:\/\/keweicorten.com\/wp-content\/uploads\/2025\/02\/Remote-Gas-burner-3-1024x1024.jpg 1024w, https:\/\/keweicorten.com\/wp-content\/uploads\/2025\/02\/Remote-Gas-burner-3-150x150.jpg 150w, https:\/\/keweicorten.com\/wp-content\/uploads\/2025\/02\/Remote-Gas-burner-3-768x768.jpg 768w, https:\/\/keweicorten.com\/wp-content\/uploads\/2025\/02\/Remote-Gas-burner-3-12x12.jpg 12w, https:\/\/keweicorten.com\/wp-content\/uploads\/2025\/02\/Remote-Gas-burner-3-600x600.jpg 600w, https:\/\/keweicorten.com\/wp-content\/uploads\/2025\/02\/Remote-Gas-burner-3-100x100.jpg 100w, https:\/\/keweicorten.com\/wp-content\/uploads\/2025\/02\/Remote-Gas-burner-3.jpg 1500w\" sizes=\"(max-width: 300px) 100vw, 300px\" \/><\/a> <a href=\"https:\/\/keweicorten.com\/hu\"><img loading=\"lazy\" decoding=\"async\" class=\"alignnone wp-image-3534 size-medium\" title=\"t\u00e1voli t\u0171zrak\u00f3hely\" src=\"https:\/\/keweicorten.com\/wp-content\/uploads\/2025\/02\/gas-firepit-kit-pan-300x300.jpg\" alt=\"t\u00e1voli t\u0171zrak\u00f3hely gy\u00e1r, porcel\u00e1n, \u00e1r, gy\u00e1rt\u00f3k, besz\u00e1ll\u00edt\u00f3k, testreszabott, nagykereskedelem, olcs\u00f3, elad\u00f3, rakt\u00e1ron.\" width=\"300\" height=\"300\" srcset=\"https:\/\/keweicorten.com\/wp-content\/uploads\/2025\/02\/gas-firepit-kit-pan-300x300.jpg 300w, https:\/\/keweicorten.com\/wp-content\/uploads\/2025\/02\/gas-firepit-kit-pan-150x150.jpg 150w, https:\/\/keweicorten.com\/wp-content\/uploads\/2025\/02\/gas-firepit-kit-pan-12x12.jpg 12w, https:\/\/keweicorten.com\/wp-content\/uploads\/2025\/02\/gas-firepit-kit-pan-600x600.jpg 600w, https:\/\/keweicorten.com\/wp-content\/uploads\/2025\/02\/gas-firepit-kit-pan-100x100.jpg 100w, https:\/\/keweicorten.com\/wp-content\/uploads\/2025\/02\/gas-firepit-kit-pan.jpg 750w\" sizes=\"(max-width: 300px) 100vw, 300px\" \/><\/a><\/p>\n<h3 data-start=\"970\" data-end=\"978\">GYIK<\/h3>\n<p data-start=\"980\" data-end=\"1101\"><strong data-start=\"980\" data-end=\"1023\">1. Hogyan telep\u00edthetek egy g\u00e1z\u00fczem\u0171 t\u0171zrak\u00f3 szettet?<\/strong><br data-start=\"1023\" data-end=\"1026\" \/>Ez egyszer\u0171. K\u00f6vesse az utas\u00edt\u00e1sokat. Megcsin\u00e1lhatod magad, vagy felb\u00e9relhetsz valakit.<\/p>\n<p data-start=\"1103\" data-end=\"1184\"><strong data-start=\"1103\" data-end=\"1144\">2. Mennyi ideig tart egy g\u00e1z\u00fczem\u0171 t\u0171zrak\u00f3hely?<\/strong><br data-start=\"1144\" data-end=\"1147\" \/>Egy j\u00f3 g\u00e1z\u00fczem\u0171 t\u0171zrak\u00f3hely hossz\u00fa \u00e9vekig tart.<\/p>\n<p data-start=\"1186\" data-end=\"1295\"><strong data-start=\"1186\" data-end=\"1231\">3. Karbantart\u00e1sra van sz\u00fcks\u00e9gem a g\u00e1zt\u0171zrak\u00f3helyemet?<\/strong><br data-start=\"1231\" data-end=\"1234\" \/>Igen, rendszeresen tiszt\u00edtsa meg. Ellen\u0151rizze a g\u00e1zvezet\u00e9keket, hogy biztons\u00e1gban legyenek.<\/p>","protected":false},"excerpt":{"rendered":"<p data-start=\"96\" data-end=\"303\">Fedezze fel a t\u00f6k\u00e9letes g\u00e1zt\u0171zhely-k\u00e9szletet az \u00d6n k\u00fclt\u00e9ri helyis\u00e9ge sz\u00e1m\u00e1ra. K\u00f6nnyen telep\u00edthet\u0151, nincs f\u00fcst vagy hamu, \u00e9s a st\u00edlusos kialak\u00edt\u00e1s melegs\u00e9get \u00e9s k\u00e9nyelmet biztos\u00edt a teraszon vagy a kertben. V\u00e1s\u00e1roljon most!<\/p>","protected":false},"featured_media":3535,"comment_status":"open","ping_status":"closed","template":"","meta":{"_eb_attr":"","_monsterinsights_skip_tracking":false,"_monsterinsights_sitenote_active":false,"_monsterinsights_sitenote_note":"","_monsterinsights_sitenote_category":0,"_uf_show_specific_survey":0,"_uf_disable_surveys":false},"product_brand":[],"product_cat":[55],"product_tag":[],"class_list":{"0":"post-3586","1":"product","2":"type-product","3":"status-publish","4":"has-post-thumbnail","6":"product_cat-gas-fire-pit","8":"first","9":"instock","10":"shipping-taxable","11":"product-type-simple"},"_links":{"self":[{"href":"https:\/\/keweicorten.com\/hu\/wp-json\/wp\/v2\/product\/3586"}],"collection":[{"href":"https:\/\/keweicorten.com\/hu\/wp-json\/wp\/v2\/product"}],"about":[{"href":"https:\/\/keweicorten.com\/hu\/wp-json\/wp\/v2\/types\/product"}],"replies":[{"embeddable":true,"href":"https:\/\/keweicorten.com\/hu\/wp-json\/wp\/v2\/comments?post=3586"}],"version-history":[{"count":1,"href":"https:\/\/keweicorten.com\/hu\/wp-json\/wp\/v2\/product\/3586\/revisions"}],"predecessor-version":[{"id":3587,"href":"https:\/\/keweicorten.com\/hu\/wp-json\/wp\/v2\/product\/3586\/revisions\/3587"}],"wp:featuredmedia":[{"embeddable":true,"href":"https:\/\/keweicorten.com\/hu\/wp-json\/wp\/v2\/media\/3535"}],"wp:attachment":[{"href":"https:\/\/keweicorten.com\/hu\/wp-json\/wp\/v2\/media?parent=3586"}],"wp:term":[{"taxonomy":"product_brand","embeddable":true,"href":"https:\/\/keweicorten.com\/hu\/wp-json\/wp\/v2\/product_brand?post=3586"},{"taxonomy":"product_cat","embeddable":true,"href":"https:\/\/keweicorten.com\/hu\/wp-json\/wp\/v2\/product_cat?post=3586"},{"taxonomy":"product_tag","embeddable":true,"href":"https:\/\/keweicorten.com\/hu\/wp-json\/wp\/v2\/product_tag?post=3586"}],"curies":[{"name":"wp","href":"https:\/\/api.w.org\/{rel}","templated":true}]}}