{"id":3826,"date":"2025-02-27T01:38:24","date_gmt":"2025-02-27T01:38:24","guid":{"rendered":"https:\/\/keweicorten.com\/?post_type=product&#038;p=3826"},"modified":"2025-02-27T01:38:25","modified_gmt":"2025-02-27T01:38:25","slug":"fa-pellet-raketa-futoberendezes","status":"publish","type":"product","link":"https:\/\/keweicorten.com\/hu\/fa-pellet-raketa-futoberendezes\/","title":{"rendered":"fa pellet rak\u00e9ta f\u0171t\u0151berendez\u00e9s"},"content":{"rendered":"<h2 data-pm-slice=\"1 1 []\"><strong>Fapellet rak\u00e9taf\u0171t\u00e9s: Hat\u00e9kony, k\u00f6rnyezetbar\u00e1t f\u0171t\u00e9si megold\u00e1s<\/strong><\/h2>\n<p>A <strong>fa pellet rak\u00e9ta f\u0171t\u0151berendez\u00e9s<\/strong> egy innovat\u00edv \u00e9s hat\u00e9kony f\u0171t\u00e9si megold\u00e1s, amely egyes\u00edti a rak\u00e9tak\u00e1lyha elveit a fa pellet k\u00e9nyelm\u00e9vel. Tiszta t\u00fczel\u00e9s\u0171, rendk\u00edv\u00fcl hat\u00e9kony f\u0171t\u00e9si m\u00f3dot k\u00edn\u00e1l otthonok, \u00fcvegh\u00e1zak, m\u0171helyek \u00e9s k\u00fclt\u00e9ri terek f\u0171t\u00e9s\u00e9re.<\/p>\n<h2><strong>Mi az a fapellet rak\u00e9taf\u0171t\u00e9s?<\/strong><\/h2>\n<p>A fapellet rak\u00e9tak\u00e1lyh\u00e1t \u00fagy tervezt\u00e9k, hogy maximaliz\u00e1lja az \u00e9g\u00e9s hat\u00e9konys\u00e1g\u00e1t. Ez egy <strong>rak\u00e9tak\u00e1lyha \u00e9g\u00e9st\u00e9r<\/strong>, amely biztos\u00edtja a t\u00fczel\u0151anyag teljes el\u00e9get\u00e9s\u00e9t, cs\u00f6kkentve a f\u00fcst\u00f6t \u00e9s a k\u00e1rosanyag-kibocs\u00e1t\u00e1st. A hagyom\u00e1nyos fat\u00fczel\u00e9s\u0171 k\u00e1lyh\u00e1kkal ellent\u00e9tben ez a rendszer lehet\u0151v\u00e9 teszi a <strong>tart\u00f3s \u00e9s ellen\u0151rz\u00f6tt \u00e9g\u00e9s<\/strong>, \u00edgy k\u00f6lts\u00e9ghat\u00e9kony \u00e9s k\u00f6rnyezetbar\u00e1t megold\u00e1s.<\/p>\n<p><img fetchpriority=\"high\" decoding=\"async\" class=\"alignnone size-medium wp-image-2659\" src=\"https:\/\/keweicorten.com\/wp-content\/uploads\/2024\/12\/FeuerfackelimGarten-250x300.webp\" alt=\"\" width=\"250\" height=\"300\" srcset=\"https:\/\/keweicorten.com\/wp-content\/uploads\/2024\/12\/FeuerfackelimGarten-250x300.webp 250w, https:\/\/keweicorten.com\/wp-content\/uploads\/2024\/12\/FeuerfackelimGarten-10x12.webp 10w, https:\/\/keweicorten.com\/wp-content\/uploads\/2024\/12\/FeuerfackelimGarten-600x720.webp 600w, https:\/\/keweicorten.com\/wp-content\/uploads\/2024\/12\/FeuerfackelimGarten.webp 750w\" sizes=\"(max-width: 250px) 100vw, 250px\" \/> <img decoding=\"async\" class=\"alignnone size-medium wp-image-2689\" src=\"https:\/\/keweicorten.com\/wp-content\/uploads\/2024\/12\/\u5fae\u4fe1\u56fe\u7247_20241204151140-1-300x300.jpg\" alt=\"\" width=\"300\" height=\"300\" srcset=\"https:\/\/keweicorten.com\/wp-content\/uploads\/2024\/12\/\u5fae\u4fe1\u56fe\u7247_20241204151140-1-300x300.jpg 300w, https:\/\/keweicorten.com\/wp-content\/uploads\/2024\/12\/\u5fae\u4fe1\u56fe\u7247_20241204151140-1-150x150.jpg 150w, https:\/\/keweicorten.com\/wp-content\/uploads\/2024\/12\/\u5fae\u4fe1\u56fe\u7247_20241204151140-1-12x12.jpg 12w, https:\/\/keweicorten.com\/wp-content\/uploads\/2024\/12\/\u5fae\u4fe1\u56fe\u7247_20241204151140-1-600x600.jpg 600w, https:\/\/keweicorten.com\/wp-content\/uploads\/2024\/12\/\u5fae\u4fe1\u56fe\u7247_20241204151140-1-100x100.jpg 100w, https:\/\/keweicorten.com\/wp-content\/uploads\/2024\/12\/\u5fae\u4fe1\u56fe\u7247_20241204151140-1.jpg 750w\" sizes=\"(max-width: 300px) 100vw, 300px\" \/><\/p>\n<h2><strong>A fapellet rak\u00e9taf\u0171t\u00e9s el\u0151nyei<\/strong><\/h2>\n<h3><strong>1. Nagy hat\u00e9konys\u00e1g \u00e9s tiszta \u00e9g\u00e9s<\/strong><\/h3>\n<ul data-spread=\"false\">\n<li>A <strong>rak\u00e9ta \u00e9g\u00e9stervez\u00e9se<\/strong> n\u00f6veli a h\u0151teljes\u00edtm\u00e9nyt, mik\u00f6zben minimaliz\u00e1lja az \u00fczemanyag-fogyaszt\u00e1st.<\/li>\n<li>Magas h\u0151m\u00e9rs\u00e9kleten \u00e9g, \u00edgy szinte teljes \u00e9g\u00e9st biztos\u00edt, \u00e9s kevesebb f\u00fcst\u00f6t termel.<\/li>\n<li>A hat\u00e9konys\u00e1gi szintek el\u00e9rhetik a t\u00f6bb mint <strong>90%<\/strong>, cs\u00f6kkentve a hullad\u00e9kot \u00e9s a kibocs\u00e1t\u00e1st.<\/li>\n<\/ul>\n<h3><strong>2. K\u00f6rnyezetbar\u00e1t \u00e9s fenntarthat\u00f3<\/strong><\/h3>\n<ul data-spread=\"false\">\n<li><strong>Fapelletet haszn\u00e1l<\/strong>, amelyek meg\u00fajul\u00f3 biomassza-t\u00fczel\u0151anyagot jelentenek.<\/li>\n<li>Jelent\u0151sen termel <strong>kevesebb sz\u00e9n-dioxid-kibocs\u00e1t\u00e1s<\/strong> a hagyom\u00e1nyos fat\u00fczel\u00e9s\u0171 k\u00e1lyh\u00e1khoz k\u00e9pest.<\/li>\n<li>Cs\u00f6kkenti a fosszilis t\u00fczel\u0151anyagokt\u00f3l val\u00f3 f\u00fcgg\u0151s\u00e9get \u00e9s el\u0151seg\u00edti a fenntarthat\u00f3 f\u0171t\u00e9st.<\/li>\n<\/ul>\n<h3><strong>3. K\u00f6lts\u00e9ghat\u00e9kony f\u0171t\u00e9si megold\u00e1s<\/strong><\/h3>\n<ul data-spread=\"false\">\n<li>A pellet gyakran olcs\u00f3bb \u00e9s k\u00f6nnyebben hozz\u00e1f\u00e9rhet\u0151, mint a t\u0171zifa vagy a g\u00e1z.<\/li>\n<li>Az alacsonyabb \u00fczemanyag-fogyaszt\u00e1s azt jelenti <strong>hosszabb \u00e9g\u00e9si id\u0151 kevesebb ut\u00e1nt\u00f6lt\u00e9ssel<\/strong>.<\/li>\n<li>Egyes modellek <strong>gravit\u00e1ci\u00f3s vagy automatikus pellet adagol\u00e1s<\/strong>, minim\u00e1lis felhaszn\u00e1l\u00f3i beavatkoz\u00e1st ig\u00e9nyel.<\/li>\n<\/ul>\n<h3><strong>4. Sokoldal\u00fa alkalmaz\u00e1sok<\/strong><\/h3>\n<ul data-spread=\"false\">\n<li>Ide\u00e1lis <strong>otthoni f\u0171t\u00e9s, \u00fcvegh\u00e1zak, m\u0171helyek \u00e9s szabadt\u00e9ri terek f\u0171t\u00e9se<\/strong>.<\/li>\n<li>Haszn\u00e1lhat\u00f3 <strong>off-grid \u00e9letm\u00f3d<\/strong> \u00e9s v\u00e9szf\u0171t\u00e9s.<\/li>\n<li>Egyes modellek be\u00e9p\u00edtett <strong>melegv\u00edz-f\u0171t\u00e9si rendszer<\/strong>, extra funkci\u00f3kkal b\u0151v\u00edtve.<\/li>\n<\/ul>\n<p><img decoding=\"async\" class=\"alignnone size-medium wp-image-3827\" src=\"https:\/\/keweicorten.com\/wp-content\/uploads\/2025\/02\/pellet-heater-291x300.png\" alt=\"\" width=\"291\" height=\"300\" srcset=\"https:\/\/keweicorten.com\/wp-content\/uploads\/2025\/02\/pellet-heater-291x300.png 291w, https:\/\/keweicorten.com\/wp-content\/uploads\/2025\/02\/pellet-heater-993x1024.png 993w, https:\/\/keweicorten.com\/wp-content\/uploads\/2025\/02\/pellet-heater-768x792.png 768w, https:\/\/keweicorten.com\/wp-content\/uploads\/2025\/02\/pellet-heater-12x12.png 12w, https:\/\/keweicorten.com\/wp-content\/uploads\/2025\/02\/pellet-heater-600x619.png 600w, https:\/\/keweicorten.com\/wp-content\/uploads\/2025\/02\/pellet-heater.png 1029w\" sizes=\"(max-width: 291px) 100vw, 291px\" \/> <img loading=\"lazy\" decoding=\"async\" class=\"alignnone size-medium wp-image-3828\" src=\"https:\/\/keweicorten.com\/wp-content\/uploads\/2025\/02\/\u5fae\u4fe1\u56fe\u7247_20240124111607-300x300.jpg\" alt=\"\" width=\"300\" height=\"300\" srcset=\"https:\/\/keweicorten.com\/wp-content\/uploads\/2025\/02\/\u5fae\u4fe1\u56fe\u7247_20240124111607-300x300.jpg 300w, https:\/\/keweicorten.com\/wp-content\/uploads\/2025\/02\/\u5fae\u4fe1\u56fe\u7247_20240124111607-150x150.jpg 150w, https:\/\/keweicorten.com\/wp-content\/uploads\/2025\/02\/\u5fae\u4fe1\u56fe\u7247_20240124111607-12x12.jpg 12w, https:\/\/keweicorten.com\/wp-content\/uploads\/2025\/02\/\u5fae\u4fe1\u56fe\u7247_20240124111607-600x600.jpg 600w, https:\/\/keweicorten.com\/wp-content\/uploads\/2025\/02\/\u5fae\u4fe1\u56fe\u7247_20240124111607-100x100.jpg 100w, https:\/\/keweicorten.com\/wp-content\/uploads\/2025\/02\/\u5fae\u4fe1\u56fe\u7247_20240124111607.jpg 750w\" sizes=\"(max-width: 300px) 100vw, 300px\" \/><\/p>\n<h2><strong>Hogyan m\u0171k\u00f6dik a fapellet rak\u00e9taf\u0171t\u00e9s?<\/strong><\/h2>\n<ol start=\"1\" data-spread=\"false\">\n<li><strong>\u00dczemanyag bet\u00f6lt\u00e9se:<\/strong> A fapelletet k\u00e9zzel vagy egy gravit\u00e1ci\u00f3s adagol\u00f3 tart\u00e1lyon kereszt\u00fcl adagolj\u00e1k az \u00e9g\u0151kamr\u00e1ba.<\/li>\n<li><strong>Rak\u00e9ta\u00e9get\u00e9s:<\/strong> A t\u00fczel\u0151anyag egy er\u0151sen szigetelt kamr\u00e1ban \u00e9g, intenz\u00edv h\u0151t \u00e9s hat\u00e9kony \u00e9g\u00e9st eredm\u00e9nyezve.<\/li>\n<li><strong>H\u0151\u00e1tvitel:<\/strong> A h\u0151 elnyel\u0151dik \u00e9s hat\u00e9konyan eloszlik, gyakran h\u0151cser\u00e9l\u0151n vagy h\u0151t\u00f6megen kereszt\u00fcl.<\/li>\n<li><strong>Minim\u00e1lis hullad\u00e9k:<\/strong> A kipufog\u00f3g\u00e1zok csaknem teljesen el\u00e9gnek, cs\u00f6kkentve a f\u00fcst\u00f6t \u00e9s nagyon kev\u00e9s hamut hagyva maga ut\u00e1n.<\/li>\n<\/ol>\n<h2><strong>A megfelel\u0151 fapellet rak\u00e9taf\u0171t\u0151 kiv\u00e1laszt\u00e1sa<\/strong><\/h2>\n<p>Amikor kiv\u00e1lasztja a <strong>fa pellet rak\u00e9ta f\u0171t\u0151berendez\u00e9s<\/strong>, fontolja meg:<\/p>\n<ul data-spread=\"false\">\n<li><strong>M\u00e9ret \u00e9s f\u0171t\u00e9si kapacit\u00e1s:<\/strong> Gy\u0151z\u0151dj\u00f6n meg r\u00f3la, hogy megfelel a f\u0171t\u00e9si ig\u00e9nyeinek.<\/li>\n<li><strong>\u00c9p\u00edt\u0151anyag:<\/strong> Keressen tart\u00f3s anyagokat, mint p\u00e9ld\u00e1ul <strong>rozsdamentes ac\u00e9l vagy id\u0151j\u00e1r\u00e1s\u00e1ll\u00f3 ac\u00e9l<\/strong> a hossz\u00fa \u00e9lettartam \u00e9rdek\u00e9ben.<\/li>\n<li><strong>Pellet adagol\u00e1si mechanizmus:<\/strong> Gravit\u00e1ci\u00f3s t\u00e1pl\u00e1l\u00e1s vs. automatiz\u00e1lt rendszerek.<\/li>\n<li><strong>Hordozhat\u00f3s\u00e1gi \u00e9s telep\u00edt\u00e9si k\u00f6vetelm\u00e9nyek:<\/strong> Egyes modellek kompaktak \u00e9s k\u00f6nnyen telep\u00edthet\u0151k, \u00edgy kiv\u00e1l\u00f3an alkalmasak mobilh\u00e1zakhoz \u00e9s kabinokhoz.<\/li>\n<\/ul>\n<p>A <strong>fa pellet rak\u00e9ta f\u0171t\u0151berendez\u00e9s<\/strong> kiv\u00e1l\u00f3 v\u00e1laszt\u00e1s azok sz\u00e1m\u00e1ra, akik egy <strong>k\u00f6rnyezetbar\u00e1t, nagy hat\u00e9konys\u00e1g\u00fa \u00e9s k\u00f6lts\u00e9ghat\u00e9kony<\/strong> f\u0171t\u00e9si megold\u00e1s. Ak\u00e1r otthon\u00e1nak, ak\u00e1r \u00fcvegh\u00e1z\u00e1nak, vagy a h\u00e1l\u00f3zaton k\u00edv\u00fcli fah\u00e1z\u00e1nak van sz\u00fcks\u00e9ge melegre, ez a f\u0171t\u00e9si rendszer megb\u00edzhat\u00f3 \u00e9s fenntarthat\u00f3 h\u0151t biztos\u00edt minim\u00e1lis k\u00e1rosanyag-kibocs\u00e1t\u00e1s mellett.<\/p>\n<p>Ha keres egy <strong>kiv\u00e1l\u00f3 min\u0151s\u00e9g\u0171 fa pellet rak\u00e9ta f\u0171t\u0151berendez\u00e9s<\/strong>, l\u00e9pjen kapcsolatba vel\u00fcnk m\u00e9g ma a legjobb lehet\u0151s\u00e9gek\u00e9rt!<\/p>","protected":false},"excerpt":{"rendered":"<p>Wood Pellet Rocket Heater: Efficient, Eco-Friendly Heating Solution A wood pellet rocket heater is an innovative and efficient heating solution that combines the principles of a rocket stove with the convenience of wood pellets. It offers a clean-burning, highly efficient way to heat homes, greenhouses, workshops, and outdoor spaces. What is a Wood Pellet Rocket [&hellip;]<\/p>","protected":false},"featured_media":3828,"comment_status":"open","ping_status":"closed","template":"","meta":{"_eb_attr":"","_monsterinsights_skip_tracking":false,"_monsterinsights_sitenote_active":false,"_monsterinsights_sitenote_note":"","_monsterinsights_sitenote_category":0,"_uf_show_specific_survey":0,"_uf_disable_surveys":false},"product_brand":[],"product_cat":[52],"product_tag":[],"class_list":{"0":"post-3826","1":"product","2":"type-product","3":"status-publish","4":"has-post-thumbnail","6":"product_cat-wood-pellet-tourch","8":"first","9":"instock","10":"shipping-taxable","11":"product-type-simple"},"_links":{"self":[{"href":"https:\/\/keweicorten.com\/hu\/wp-json\/wp\/v2\/product\/3826"}],"collection":[{"href":"https:\/\/keweicorten.com\/hu\/wp-json\/wp\/v2\/product"}],"about":[{"href":"https:\/\/keweicorten.com\/hu\/wp-json\/wp\/v2\/types\/product"}],"replies":[{"embeddable":true,"href":"https:\/\/keweicorten.com\/hu\/wp-json\/wp\/v2\/comments?post=3826"}],"version-history":[{"count":1,"href":"https:\/\/keweicorten.com\/hu\/wp-json\/wp\/v2\/product\/3826\/revisions"}],"predecessor-version":[{"id":3833,"href":"https:\/\/keweicorten.com\/hu\/wp-json\/wp\/v2\/product\/3826\/revisions\/3833"}],"wp:featuredmedia":[{"embeddable":true,"href":"https:\/\/keweicorten.com\/hu\/wp-json\/wp\/v2\/media\/3828"}],"wp:attachment":[{"href":"https:\/\/keweicorten.com\/hu\/wp-json\/wp\/v2\/media?parent=3826"}],"wp:term":[{"taxonomy":"product_brand","embeddable":true,"href":"https:\/\/keweicorten.com\/hu\/wp-json\/wp\/v2\/product_brand?post=3826"},{"taxonomy":"product_cat","embeddable":true,"href":"https:\/\/keweicorten.com\/hu\/wp-json\/wp\/v2\/product_cat?post=3826"},{"taxonomy":"product_tag","embeddable":true,"href":"https:\/\/keweicorten.com\/hu\/wp-json\/wp\/v2\/product_tag?post=3826"}],"curies":[{"name":"wp","href":"https:\/\/api.w.org\/{rel}","templated":true}]}}