{"id":491,"date":"2024-07-15T02:29:11","date_gmt":"2024-07-15T02:29:11","guid":{"rendered":"https:\/\/keweicorten.com\/?post_type=product&#038;p=491"},"modified":"2025-01-15T06:29:12","modified_gmt":"2025-01-15T06:29:12","slug":"corten-acel-racs","status":"publish","type":"product","link":"https:\/\/keweicorten.com\/hu\/corten-acel-racs\/","title":{"rendered":"corten ac\u00e9l r\u00e1cs"},"content":{"rendered":"<h2>Mik a bbq grill jellemz\u0151i\uff1f<\/h2>\n<ul>\n<li><strong>Tart\u00f3ss\u00e1g:<\/strong> Egy kiv\u00e1l\u00f3 min\u0151s\u00e9g\u0171, er\u0151s anyagokb\u00f3l, p\u00e9ld\u00e1ul rozsdamentes ac\u00e9lb\u00f3l vagy \u00f6nt\u00f6ttvasb\u00f3l k\u00e9sz\u00fclt cortenac\u00e9l grills\u00fct\u0151 vonz\u00f3 lehet azok sz\u00e1m\u00e1ra, akik hossz\u00fa t\u00e1v\u00fa befektet\u00e9st keresnek, amely ellen\u00e1ll a gyakori haszn\u00e1latnak \u00e9s a k\u00fcl\u00f6nb\u00f6z\u0151 id\u0151j\u00e1r\u00e1si k\u00f6r\u00fclm\u00e9nyeknek.<\/li>\n<li><strong>Sokoldal\u00fas\u00e1g:<\/strong>\u00a0A k\u00fcl\u00f6nb\u00f6z\u0151 f\u0151z\u00e9si lehet\u0151s\u00e9geket, p\u00e9ld\u00e1ul grillez\u00e9si, f\u00fcst\u00f6l\u00e9si vagy ak\u00e1r rotisserie funkci\u00f3kat k\u00edn\u00e1l\u00f3 grillek azok sz\u00e1m\u00e1ra vonz\u00f3ak lehetnek, akik szeretnek k\u00eds\u00e9rletezni a k\u00fcl\u00f6nb\u00f6z\u0151 f\u0151z\u00e9si technik\u00e1kkal \u00e9s \u00edzekkel.<\/li>\n<li><strong>K\u00f6nnyen haszn\u00e1lhat\u00f3:<\/strong> Az intuit\u00edv \u00e9s felhaszn\u00e1l\u00f3bar\u00e1t kialak\u00edt\u00e1s, valamint az olyan funkci\u00f3k, mint az egyszer\u0171 gy\u00fajt\u00e1si rendszerek, az \u00e1ll\u00edthat\u00f3 h\u0151fokbe\u00e1ll\u00edt\u00e1sok \u00e9s a k\u00e9nyelmes tiszt\u00edt\u00e1si mechanizmusok vonz\u00f3bb\u00e1 tehetik a cortenac\u00e9l grillez\u0151t a probl\u00e9mamentes grillez\u00e9si \u00e9lm\u00e9nyt keres\u0151 szem\u00e9lyek sz\u00e1m\u00e1ra.<\/li>\n<li><strong>M\u00e9ret \u00e9s f\u0151z\u0151fel\u00fclet:<\/strong>\u00a0A b\u0151s\u00e9ges f\u0151z\u0151t\u00e9rrel, t\u00f6bb \u00e9g\u0151vel \u00e9s kieg\u00e9sz\u00edt\u0151 funkci\u00f3kkal, p\u00e9ld\u00e1ul oldals\u00f3 asztalokkal vagy t\u00e1rol\u00f3rekeszekkel rendelkez\u0151 grills\u00fct\u0151k vonz\u00f3ak lehetnek azok sz\u00e1m\u00e1ra, akik szeretnek \u00f6sszej\u00f6veteleket tartani vagy nagyobb csoportra f\u0151zni.<\/li>\n<\/ul>\n<p><strong>Eszt\u00e9tika:<\/strong> A cortenac\u00e9l grills\u00fct\u0151 kialak\u00edt\u00e1sa \u00e9s megjelen\u00e9se, bele\u00e9rtve az eleg\u00e1ns kiviteleket, a modern vagy klasszikus st\u00edlusokat \u00e9s a sz\u00ednv\u00e1laszt\u00e9kot, jelent\u0151s szerepet j\u00e1tszhat a k\u00fclt\u00e9ri f\u0151z\u0151berendez\u00e9sek vizu\u00e1lis vonzerej\u00e9t \u00e9rt\u00e9kel\u0151 v\u00e1s\u00e1rl\u00f3k megnyer\u00e9s\u00e9ben.<\/p>\n<h2>A Corten ac\u00e9l r\u00e1cs haszn\u00e1lat\u00e1val:<\/h2>\n<ul>\n<li>Szezon\u00e1lis haszn\u00e1lat: A Corten-ac\u00e9l r\u00e1csok ide\u00e1lisak k\u00fclt\u00e9ri haszn\u00e1latra, mivel az id\u0151j\u00e1r\u00e1si k\u00f6r\u00fclm\u00e9nyek k\u00f6z\u00f6tt egyedi rozsd\u00e1s fel\u00fclet alakul ki. Amikor nem haszn\u00e1lja, aj\u00e1nlott a grillt sz\u00e1raz \u00e9s szell\u0151ztetett helyen t\u00e1rolni.<\/li>\n<li>Grillez\u00e9s el\u0151tti el\u0151k\u00e9sz\u00edt\u00e9s: Haszn\u00e1lat el\u0151tt tiszt\u00edtsa meg \u00e9s meleg\u00edtse el\u0151 a grills\u00fct\u0151t, hogy elt\u00e1vol\u00edtsa az esetleges maradv\u00e1nyokat vagy szennyez\u0151d\u00e9seket, \u00e9s biztos\u00edtsa, hogy a grill fel\u00fclete sz\u00e1raz legyen.<\/li>\n<li>Grillezett \u00e9telek: A grillez\u00e9s sor\u00e1n a h\u0151- \u00e9s f\u0171t\u0151fel\u00fcletet a k\u00fcl\u00f6nb\u00f6z\u0151 \u00f6sszetev\u0151knek \u00e9s a s\u00fct\u00e9si ig\u00e9nyeknek megfelel\u0151en \u00e1ll\u00edtsa be. Ker\u00fclje a grills\u00fct\u0151 f\u00e9meszk\u00f6z\u00f6kkel t\u00f6rt\u00e9n\u0151 karcol\u00e1s\u00e1t, hogy elker\u00fclje a fel\u00fclet k\u00e1rosod\u00e1s\u00e1t.<\/li>\n<li>Tiszt\u00edt\u00e1s \u00e9s karbantart\u00e1s: A grillez\u00e9s ut\u00e1n tiszt\u00edtsa meg a grillt a megfelel\u0151 tiszt\u00edt\u00f3eszk\u00f6z\u00f6kkel, hogy a fel\u00fclet tiszta legyen \u00e9s meg\u0151rizze a megjelen\u00e9s\u00e9t. A rendszeres karbantart\u00e1s \u00e9s \u00e1pol\u00e1s meghosszabb\u00edthatja a grill \u00e9lettartam\u00e1t.<\/li>\n<\/ul>\n<p>&nbsp;<\/p>","protected":false},"excerpt":{"rendered":"<p>A Corten-ac\u00e9l grill tart\u00f3s \u00e9s vizu\u00e1lisan vonz\u00f3 v\u00e1laszt\u00e1s lenne a szabadt\u00e9ri f\u0151z\u00e9shez, mivel az id\u0151j\u00e1r\u00e1s okozta folyamat n\u00f6veli az eszt\u00e9tikai vonzer\u0151t. Fontos azonban megjegyezni, hogy a Corten ac\u00e9l rozsd\u00e1sodhat \u00e9s foltot hagyhat a k\u00f6rnyez\u0151 fel\u00fcleteken, ez\u00e9rt olyan helyen aj\u00e1nlott elhelyezni, ahol ez nem jelent gondot.<\/p>","protected":false},"featured_media":492,"comment_status":"open","ping_status":"closed","template":"","meta":{"_eb_attr":"","_monsterinsights_skip_tracking":false,"_monsterinsights_sitenote_active":false,"_monsterinsights_sitenote_note":"","_monsterinsights_sitenote_category":0,"_uf_show_specific_survey":0,"_uf_disable_surveys":false},"product_brand":[],"product_cat":[63],"product_tag":[],"class_list":{"0":"post-491","1":"product","2":"type-product","3":"status-publish","4":"has-post-thumbnail","6":"product_cat-steel-bbq-grill","8":"first","9":"instock","10":"featured","11":"shipping-taxable","12":"product-type-simple"},"_links":{"self":[{"href":"https:\/\/keweicorten.com\/hu\/wp-json\/wp\/v2\/product\/491"}],"collection":[{"href":"https:\/\/keweicorten.com\/hu\/wp-json\/wp\/v2\/product"}],"about":[{"href":"https:\/\/keweicorten.com\/hu\/wp-json\/wp\/v2\/types\/product"}],"replies":[{"embeddable":true,"href":"https:\/\/keweicorten.com\/hu\/wp-json\/wp\/v2\/comments?post=491"}],"version-history":[{"count":1,"href":"https:\/\/keweicorten.com\/hu\/wp-json\/wp\/v2\/product\/491\/revisions"}],"predecessor-version":[{"id":3238,"href":"https:\/\/keweicorten.com\/hu\/wp-json\/wp\/v2\/product\/491\/revisions\/3238"}],"wp:featuredmedia":[{"embeddable":true,"href":"https:\/\/keweicorten.com\/hu\/wp-json\/wp\/v2\/media\/492"}],"wp:attachment":[{"href":"https:\/\/keweicorten.com\/hu\/wp-json\/wp\/v2\/media?parent=491"}],"wp:term":[{"taxonomy":"product_brand","embeddable":true,"href":"https:\/\/keweicorten.com\/hu\/wp-json\/wp\/v2\/product_brand?post=491"},{"taxonomy":"product_cat","embeddable":true,"href":"https:\/\/keweicorten.com\/hu\/wp-json\/wp\/v2\/product_cat?post=491"},{"taxonomy":"product_tag","embeddable":true,"href":"https:\/\/keweicorten.com\/hu\/wp-json\/wp\/v2\/product_tag?post=491"}],"curies":[{"name":"wp","href":"https:\/\/api.w.org\/{rel}","templated":true}]}}