{"id":671,"date":"2024-07-16T07:00:36","date_gmt":"2024-07-16T07:00:36","guid":{"rendered":"https:\/\/keweicorten.com\/?post_type=product&#038;p=671"},"modified":"2025-01-15T06:28:52","modified_gmt":"2025-01-15T06:28:52","slug":"corten-acel-kepernyok","status":"publish","type":"product","link":"https:\/\/keweicorten.com\/hu\/corten-acel-kepernyok\/","title":{"rendered":"corten ac\u00e9l k\u00e9perny\u0151k"},"content":{"rendered":"<table class=\"has-title all magic-8\" style=\"height: 141px;\" width=\"651\">\n<tbody>\n<tr>\n<td colspan=\"1\" rowspan=\"1\">\n<div class=\"magic-9\" data-spm-anchor-id=\"a2700.details.0.i41.1c02dc31QPyZ9q\">Term\u00e9k neve<\/div>\n<\/td>\n<td colspan=\"1\" rowspan=\"1\">\n<div class=\"magic-10\">corten ac\u00e9l vill\u00e1k f\u00e9m kapu \u00e9s ker\u00edt\u00e9s h\u00e1ts\u00f3 udvarra<\/div>\n<\/td>\n<\/tr>\n<tr>\n<td colspan=\"1\" rowspan=\"1\" data-spm-anchor-id=\"a2700.details.0.i42.1c02dc31QPyZ9q\">\n<div class=\"magic-9\">M\u00e9ret<\/div>\n<\/td>\n<td colspan=\"1\" rowspan=\"1\">\n<div class=\"magic-10\">\u00dcgyf\u00e9l m\u00e9rete<\/div>\n<\/td>\n<\/tr>\n<tr>\n<td colspan=\"1\" rowspan=\"1\">\n<div class=\"magic-9\">Anyag<\/div>\n<\/td>\n<td colspan=\"1\" rowspan=\"1\">\n<div class=\"magic-10\">cortenac\u00e9l<\/div>\n<\/td>\n<\/tr>\n<tr>\n<td colspan=\"1\" rowspan=\"1\">\n<div class=\"magic-9\">Mint\u00e1zat<\/div>\n<\/td>\n<td colspan=\"1\" rowspan=\"1\">\n<div class=\"magic-10\">N\u00f6v\u00e9nyek, \u00e1llatok, absztrakt.V\u00e1rosi vagy \u00fcgyf\u00e9lm\u00e9ret<\/div>\n<\/td>\n<\/tr>\n<tr>\n<td colspan=\"1\" rowspan=\"1\">\n<div class=\"magic-9\">Sz\u00ednes<\/div>\n<\/td>\n<td colspan=\"1\" rowspan=\"1\">\n<div class=\"magic-10\">eredeti vagy el\u0151rozsd\u00e1s\u00edtott<\/div>\n<\/td>\n<\/tr>\n<tr>\n<td colspan=\"1\" rowspan=\"1\">\n<div class=\"magic-9\">Haszn\u00e1lt<\/div>\n<\/td>\n<td colspan=\"1\" rowspan=\"1\">\n<div class=\"magic-10\">Otthon \u00e9s kert<\/div>\n<\/td>\n<\/tr>\n<\/tbody>\n<\/table>\n<p>A Corten k\u00e9perny\u0151panel el\u0151nyei \u00e9s alkalmaz\u00e1sa a kert\u00e9szeti tervez\u00e9sben:<\/p>\n<p>1. Id\u0151j\u00e1r\u00e1s\u00e1ll\u00f3s\u00e1g: A Corten ac\u00e9l kiv\u00e1l\u00f3 id\u0151j\u00e1r\u00e1s\u00e1ll\u00f3s\u00e1ggal rendelkezik, \u00e9s hossz\u00fa ideig ellen\u00e1ll az oxidat\u00edv korr\u00f3zi\u00f3nak k\u00fclt\u00e9ri k\u00f6rnyezetben, \u00e9s nem ig\u00e9nyel tov\u00e1bbi v\u00e9d\u0151bevonatokat.<\/p>\n<p>2. Egyedi megjelen\u00e9s: A Corten ac\u00e9l egyedi korrod\u00e1lt megjelen\u00e9st eredm\u00e9nyez, \u00e9s a korrod\u00e1lt r\u00e9teg term\u00e9szetes v\u00e9d\u0151f\u00f3li\u00e1t k\u00e9pez, \u00edgy a fel\u00fclete nagyon jellegzetes \u00e9s sz\u00e9p.<\/p>\n<p>3. Hossz\u00fa \u00e9lettartam: A Corten ac\u00e9lterm\u00e9kek hossz\u00fa \u00e9lettartammal rendelkeznek, ami cs\u00f6kkenti a karbantart\u00e1si \u00e9s cserek\u00f6lts\u00e9geket.<\/p>\n<p>A kert\u00e9szeti tervez\u00e9sben a cortenac\u00e9l rost\u00e1k a k\u00f6vetkez\u0151 ter\u00fcleteken haszn\u00e1lhat\u00f3k:<\/p>\n<p>1. K\u00e9perny\u0151part\u00edci\u00f3: A cortenac\u00e9l k\u00e9perny\u0151k a kert\u00e9szeti kialak\u00edt\u00e1sban k\u00e9perny\u0151elv\u00e1laszt\u00f3k\u00e9nt haszn\u00e1lhat\u00f3k, amelyek priv\u00e1t teret hozhatnak l\u00e9tre, elz\u00e1rhatj\u00e1k a kil\u00e1t\u00e1st, \u00e9s ugyanakkor egyedi megjelen\u00e9s\u00fckkel a kert\u00e9szeti t\u00e1j sz\u00e9ps\u00e9g\u00e9t adj\u00e1k hozz\u00e1.<\/p>\n<p>2. Kerti dekor\u00e1ci\u00f3: a corten ac\u00e9l k\u00e9perny\u0151k dekorat\u00edv elemk\u00e9nt haszn\u00e1lhat\u00f3k a kertben, a n\u00f6v\u00e9nyekhez, szikl\u00e1khoz \u00e9s egy\u00e9b elemekhez illeszkedve, hogy n\u00f6velj\u00e9k a t\u00e1j szintj\u00e9t \u00e9s a vizu\u00e1lis hat\u00e1st.<\/p>\n<p>3. Kerthat\u00e1r: A cortenac\u00e9l parav\u00e1nok a kert hat\u00e1r\u00e1nak meghat\u00e1roz\u00e1s\u00e1ra, a k\u00fcl\u00f6nb\u00f6z\u0151 funkcion\u00e1lis ter\u00fcletek elv\u00e1laszt\u00e1s\u00e1ra is haszn\u00e1lhat\u00f3k, \u00e9s ugyanakkor dekorat\u00edv szerepet is j\u00e1tszanak.<\/p>\n<p><a href=\"https:\/\/keweicorten.com\/hu\/kapcsolatfelvetel\/\"><img fetchpriority=\"high\" decoding=\"async\" class=\"wp-image-677 size-full\" src=\"https:\/\/keweicorten.com\/wp-content\/uploads\/2024\/07\/\u5fae\u4fe1\u56fe\u7247_20230914112941.jpg\" alt=\"\" width=\"750\" height=\"439\" srcset=\"https:\/\/keweicorten.com\/wp-content\/uploads\/2024\/07\/\u5fae\u4fe1\u56fe\u7247_20230914112941.jpg 750w, https:\/\/keweicorten.com\/wp-content\/uploads\/2024\/07\/\u5fae\u4fe1\u56fe\u7247_20230914112941-300x176.jpg 300w, https:\/\/keweicorten.com\/wp-content\/uploads\/2024\/07\/\u5fae\u4fe1\u56fe\u7247_20230914112941-600x351.jpg 600w\" sizes=\"(max-width: 750px) 100vw, 750px\" \/><\/a><\/p>","protected":false},"excerpt":{"rendered":"<p>Product Name corten steel villas metal gate and fence for backyard Size Customer Size Material corten steel Pattern Plants, Animal, Abstract.Urban or customer size Color original or pre-rusted Used Home and Garden The advantages of Corten screen panel and its application in horticultural design: 1. Weather resistance: Corten steel has excellent weather resistance and can [&hellip;]<\/p>","protected":false},"featured_media":672,"comment_status":"open","ping_status":"closed","template":"","meta":{"_eb_attr":"","_monsterinsights_skip_tracking":false,"_monsterinsights_sitenote_active":false,"_monsterinsights_sitenote_note":"","_monsterinsights_sitenote_category":0,"_uf_show_specific_survey":0,"_uf_disable_surveys":false},"product_brand":[],"product_cat":[57],"product_tag":[],"class_list":{"0":"post-671","1":"product","2":"type-product","3":"status-publish","4":"has-post-thumbnail","6":"product_cat-screen-panel","8":"first","9":"instock","10":"shipping-taxable","11":"product-type-simple"},"_links":{"self":[{"href":"https:\/\/keweicorten.com\/hu\/wp-json\/wp\/v2\/product\/671"}],"collection":[{"href":"https:\/\/keweicorten.com\/hu\/wp-json\/wp\/v2\/product"}],"about":[{"href":"https:\/\/keweicorten.com\/hu\/wp-json\/wp\/v2\/types\/product"}],"replies":[{"embeddable":true,"href":"https:\/\/keweicorten.com\/hu\/wp-json\/wp\/v2\/comments?post=671"}],"version-history":[{"count":1,"href":"https:\/\/keweicorten.com\/hu\/wp-json\/wp\/v2\/product\/671\/revisions"}],"predecessor-version":[{"id":3236,"href":"https:\/\/keweicorten.com\/hu\/wp-json\/wp\/v2\/product\/671\/revisions\/3236"}],"wp:featuredmedia":[{"embeddable":true,"href":"https:\/\/keweicorten.com\/hu\/wp-json\/wp\/v2\/media\/672"}],"wp:attachment":[{"href":"https:\/\/keweicorten.com\/hu\/wp-json\/wp\/v2\/media?parent=671"}],"wp:term":[{"taxonomy":"product_brand","embeddable":true,"href":"https:\/\/keweicorten.com\/hu\/wp-json\/wp\/v2\/product_brand?post=671"},{"taxonomy":"product_cat","embeddable":true,"href":"https:\/\/keweicorten.com\/hu\/wp-json\/wp\/v2\/product_cat?post=671"},{"taxonomy":"product_tag","embeddable":true,"href":"https:\/\/keweicorten.com\/hu\/wp-json\/wp\/v2\/product_tag?post=671"}],"curies":[{"name":"wp","href":"https:\/\/api.w.org\/{rel}","templated":true}]}}