{"id":847,"date":"2024-07-19T02:28:12","date_gmt":"2024-07-19T02:28:12","guid":{"rendered":"https:\/\/keweicorten.com\/?post_type=product&#038;p=847"},"modified":"2025-01-15T06:28:40","modified_gmt":"2025-01-15T06:28:40","slug":"horganyzott-acel-gyepszegely","status":"publish","type":"product","link":"https:\/\/keweicorten.com\/hu\/horganyzott-acel-gyepszegely\/","title":{"rendered":"horganyzott ac\u00e9l gyepszeg\u00e9ly"},"content":{"rendered":"<h2>A horganyzott ac\u00e9l kerti szeg\u00e9lyek felszerel\u00e9s\u00e9nek l\u00e9p\u00e9sei a k\u00f6vetkez\u0151k:<\/h2>\n<p>1. K\u00e9sz\u00edtse el\u0151 a telep\u00edt\u00e9si ter\u00fcletet a gyomok, szennyez\u0151d\u00e9sek \u00e9s t\u00f6rmel\u00e9kek elt\u00e1vol\u00edt\u00e1s\u00e1val.<br \/>\n2. Jel\u00f6lje ki a szeg\u00e9ly poz\u00edci\u00f3j\u00e1t a kert\u00e9szeti tervez\u00e9si ig\u00e9nyek alapj\u00e1n.<br \/>\n3. A kerti szeg\u00e9lyt a megjel\u00f6lt vonal vagy szeg\u00e9lyhelyzet ment\u00e9n helyezze el, \u00e9s lap\u00e1ttal kopogtassa meg.<br \/>\n4. R\u00f6gz\u00edtett \u00e9l: Haszn\u00e1lja a peremhez r\u00f6gz\u00edtett r\u00f6gz\u00edtett r\u00e9szeket vagy f\u00f6ldsz\u00f6geket, hogy a peremet szil\u00e1rdan r\u00f6gz\u00edtse a talajhoz, hogy az ne legyen laza.<\/p>\n<h2>A horganyzott ac\u00e9l \u00e9lek karbantart\u00e1sa az al\u00e1bbiak szerint:<\/h2>\n<p>1. Rendszeres tiszt\u00edt\u00e1s: Haszn\u00e1ljon puha ruh\u00e1t vagy kef\u00e9t a kerti perem fel\u00fclet\u00e9nek tiszt\u00edt\u00e1s\u00e1hoz, hogy elker\u00fclje a por \u00e9s a szennyez\u0151d\u00e9s felhalmoz\u00f3d\u00e1s\u00e1t.<br \/>\n2. Ker\u00fclje az \u00fctk\u00f6z\u00e9st: Ker\u00fclje a kem\u00e9ny t\u00e1rgyak haszn\u00e1lat\u00e1t a kert sz\u00e9l\u00e9nek \u00fctk\u00f6z\u00e9s\u00e9hez, elker\u00fclve a karcol\u00e1st vagy deform\u00e1ci\u00f3t, ami befoly\u00e1solja a megjelen\u00e9st.<br \/>\n3. Ellen\u0151rizze a rozsd\u00e1t: Rendszeresen ellen\u0151rizze a kerti perem fel\u00fclet\u00e9t a rozsda szempontj\u00e1b\u00f3l, ha sz\u00fcks\u00e9ges, haszn\u00e1lhat karbantart\u00f3 fest\u00e9ket a permetez\u00e9shez.<br \/>\n4. Kezelje a v\u00edzsziv\u00e1rg\u00e1st: Ha azt tapasztalja, hogy a kert sz\u00e9l\u00e9n v\u00edzsziv\u00e1rg\u00e1s van, jav\u00edtsa ki vagy cser\u00e9lje ki id\u0151ben, hogy meg\u0151rizze a szeg\u00e9ly szerep\u00e9t \u00e9s sz\u00e9ps\u00e9g\u00e9t.<\/p>\n<h2>A horganyzott ac\u00e9lszeg\u00e9ly a k\u00f6vetkez\u0151 el\u0151ny\u00f6kkel \u00e9s felhaszn\u00e1l\u00e1si m\u00f3dokkal rendelkezik:<\/h2>\n<p>El\u0151ny\u00f6k:<br \/>\n1. Nagy tart\u00f3ss\u00e1g: A horganyzott ac\u00e9l ellen\u00e1ll a rozsd\u00e1nak \u00e9s a korr\u00f3zi\u00f3nak, hossz\u00fa \u00e9lettartammal rendelkezik, \u00e9s ellen\u00e1ll a zord k\u00fclt\u00e9ri k\u00f6r\u00fclm\u00e9nyeknek.<br \/>\n2. Nagy szil\u00e1rds\u00e1g: Az ac\u00e9l el\u00e9g er\u0151s ahhoz, hogy hat\u00e9konyan v\u00e9dje a kert sz\u00e9l\u00e9t a s\u00e9r\u00fcl\u00e9sekt\u0151l, mik\u00f6zben ellen\u00e1ll a nyom\u00e1snak \u00e9s az \u00fctk\u00f6z\u00e9snek is.<br \/>\n3. vonz\u00f3 \u00e9s praktikus: A horganyzott ac\u00e9lb\u00f3l k\u00e9sz\u00fclt kerti szeg\u00e9lyek vonz\u00f3 megjelen\u00e9s\u0171ek \u00e9s k\u00fcl\u00f6nf\u00e9le mint\u00e1kkal rendelkeznek, amelyek hat\u00e9konyan jav\u00edthatj\u00e1k a kert \u00e1ltal\u00e1nos sz\u00e9ps\u00e9g\u00e9t, mik\u00f6zben elv\u00e1lasztj\u00e1k a teret \u00e9s r\u00f6gz\u00edtik a talajt.<\/p>\n<h2>Hogyan kell haszn\u00e1lni:<\/h2>\n<p>1. Telep\u00edt\u00e9si m\u00f3dszer: K\u00f6vesse a fent eml\u00edtett telep\u00edt\u00e9si l\u00e9p\u00e9seket annak \u00e9rdek\u00e9ben, hogy a kert\u00e9szeti szeg\u00e9ly szil\u00e1rdan telep\u00edtve legyen \u00e9s megfeleljen a tervez\u00e9si k\u00f6vetelm\u00e9nyeknek.<br \/>\n2. Alkalmaz\u00e1si forgat\u00f3k\u00f6nyv: Haszn\u00e1lhat\u00f3 a kert sz\u00e9l\u00e9nek, a gyepszeg\u00e9lynek, a vir\u00e1g\u00e1gy\u00e1soknak \u00e9s a vir\u00e1g\u00e1gy\u00e1soknak \u00e9s m\u00e1s helyeknek a r\u00f6gz\u00edt\u00e9s\u00e9re.<br \/>\n3. Karbantart\u00e1si m\u00f3dszer: Rendszeres tiszt\u00edt\u00e1s, ellen\u0151rz\u00e9s \u00e9s kezel\u00e9s a fent eml\u00edtett karbantart\u00e1si m\u00f3dszer szerint, hogy a kert\u00e9szeti szeg\u00e9ly hossz\u00fa ideig j\u00f3 \u00e1llapotban maradjon.<\/p>\n<div style=\"width: 800px;\" class=\"wp-video\"><!--[if lt IE 9]><script>document.createElement('video');<\/script><![endif]-->\n<video class=\"wp-video-shortcode\" id=\"video-847-1\" width=\"800\" height=\"450\" poster=\"https:\/\/keweicorten.com\/wp-content\/uploads\/2024\/07\/IMG20211202155822-scaled.jpg\" preload=\"metadata\" controls=\"controls\"><source type=\"video\/mp4\" src=\"https:\/\/keweicorten.com\/wp-content\/uploads\/2024\/07\/DJI_20211202_160445_497_video.mp4?_=1\" \/><a href=\"https:\/\/keweicorten.com\/wp-content\/uploads\/2024\/07\/DJI_20211202_160445_497_video.mp4\">https:\/\/keweicorten.com\/wp-content\/uploads\/2024\/07\/DJI_20211202_160445_497_video.mp4<\/a><\/video><\/div>","protected":false},"excerpt":{"rendered":"<p>V\u00e1lassza a Corten kert sz\u00e9l\u00e9t, hogy egyedi \u00edzl\u00e9ssel \u00e9s st\u00edlussal rendelkez\u0151, szem\u00e9lyre szabott k\u00fclt\u00e9ri teret hozzon l\u00e9tre.<br \/>\nAz id\u0151j\u00e1r\u00e1s\u00e1ll\u00f3 ac\u00e9l kerti szeg\u00e9lyek modern \u00e9s eszt\u00e9tikus \u00e9rt\u00e9ket k\u00f6lcs\u00f6n\u00f6znek terasz\u00e1nak vagy kertj\u00e9nek.<\/p>","protected":false},"featured_media":849,"comment_status":"open","ping_status":"closed","template":"","meta":{"_eb_attr":"","_monsterinsights_skip_tracking":false,"_monsterinsights_sitenote_active":false,"_monsterinsights_sitenote_note":"","_monsterinsights_sitenote_category":0,"_uf_show_specific_survey":0,"_uf_disable_surveys":false},"product_brand":[],"product_cat":[58],"product_tag":[],"class_list":{"0":"post-847","1":"product","2":"type-product","3":"status-publish","4":"has-post-thumbnail","6":"product_cat-garden-edging","8":"first","9":"instock","10":"shipping-taxable","11":"product-type-simple"},"_links":{"self":[{"href":"https:\/\/keweicorten.com\/hu\/wp-json\/wp\/v2\/product\/847"}],"collection":[{"href":"https:\/\/keweicorten.com\/hu\/wp-json\/wp\/v2\/product"}],"about":[{"href":"https:\/\/keweicorten.com\/hu\/wp-json\/wp\/v2\/types\/product"}],"replies":[{"embeddable":true,"href":"https:\/\/keweicorten.com\/hu\/wp-json\/wp\/v2\/comments?post=847"}],"version-history":[{"count":1,"href":"https:\/\/keweicorten.com\/hu\/wp-json\/wp\/v2\/product\/847\/revisions"}],"predecessor-version":[{"id":3235,"href":"https:\/\/keweicorten.com\/hu\/wp-json\/wp\/v2\/product\/847\/revisions\/3235"}],"wp:featuredmedia":[{"embeddable":true,"href":"https:\/\/keweicorten.com\/hu\/wp-json\/wp\/v2\/media\/849"}],"wp:attachment":[{"href":"https:\/\/keweicorten.com\/hu\/wp-json\/wp\/v2\/media?parent=847"}],"wp:term":[{"taxonomy":"product_brand","embeddable":true,"href":"https:\/\/keweicorten.com\/hu\/wp-json\/wp\/v2\/product_brand?post=847"},{"taxonomy":"product_cat","embeddable":true,"href":"https:\/\/keweicorten.com\/hu\/wp-json\/wp\/v2\/product_cat?post=847"},{"taxonomy":"product_tag","embeddable":true,"href":"https:\/\/keweicorten.com\/hu\/wp-json\/wp\/v2\/product_tag?post=847"}],"curies":[{"name":"wp","href":"https:\/\/api.w.org\/{rel}","templated":true}]}}