{"id":958,"date":"2024-09-09T09:07:24","date_gmt":"2024-09-09T09:07:24","guid":{"rendered":"https:\/\/keweicorten.com\/?post_type=product&#038;p=958"},"modified":"2024-09-09T09:07:24","modified_gmt":"2024-09-09T09:07:24","slug":"corten-lemez-ara","status":"publish","type":"product","link":"https:\/\/keweicorten.com\/hu\/corten-lemez-ara\/","title":{"rendered":"corten lemez \u00e1ra"},"content":{"rendered":"<h2>Corten lemez haszn\u00e1lata<\/h2>\n<p>Corten lemez els\u0151sorban a vas\u00fati, j\u00e1rm\u0171, h\u00edd, torony, fotovoltaikus, nagysebess\u00e9g\u0171 m\u00e9rn\u00f6ki \u00e9s egy\u00e9b hossz\u00fa t\u00e1v\u00fa kitetts\u00e9g a l\u00e9gk\u00f6rnek az ac\u00e9lszerkezetek haszn\u00e1lat\u00e1nak. Haszn\u00e1lhat\u00f3 tov\u00e1bb\u00e1 kont\u00e9nerek, vas\u00fati j\u00e1rm\u0171vek, olajderricks, kik\u00f6t\u0151i \u00e9p\u00fcletek, olajplatformok \u00e9s tart\u00e1lyok gy\u00e1rt\u00e1s\u00e1ban k\u00e9ntartalm\u00fa korroz\u00edv k\u00f6zegek vegyi \u00e9s k\u0151olajipari berendez\u00e9sekben. Ezenk\u00edv\u00fcl a cortenlemez egyedi megjelen\u00e9se miatt gyakran haszn\u00e1lj\u00e1k a k\u00f6zt\u00e9ri m\u0171v\u00e9szetben, a k\u00fclt\u00e9ri szobr\u00e1szatban \u00e9s az \u00e9p\u00fcletek k\u00fcls\u0151 falainak d\u00edsz\u00edt\u00e9s\u00e9ben is.<\/p>\n<p>Anyag: Q235\/ Q255\/ Q275\/ SS400\/ A36\/ SA283Gr\/ S235JR\/ S235J2<br \/>\nVastags\u00e1g: 0.2-500mm<br \/>\nSz\u00e9less\u00e9g : 1000-4000mm<br \/>\nHossz: 2000\/ 2438\/ 3000\/ 3500\/ 6000\/ 12000mm<br \/>\nSzabv\u00e1nyos: ASZTM\/ AISI\/ JIS\/ GB\/ DIN\/ EN<\/p>\n<figure style=\"width: 806px\" class=\"wp-caption alignnone\"><a href=\"https:\/\/img01.71360.com\/w3\/k108mj\/20240626\/4080acf91332f29de99814cfd6593fc4.jpg?ct=webp\" rel=\"nofollow noopener\" target=\"_blank\"><img fetchpriority=\"high\" decoding=\"async\" title=\"corten\" src=\"https:\/\/img01.71360.com\/w3\/k108mj\/20240626\/4080acf91332f29de99814cfd6593fc4.jpg?ct=webp\" alt=\"corten ac\u00e9llemez\" width=\"806\" height=\"464\" \/><\/a><figcaption class=\"wp-caption-text\">corten ac\u00e9llemez<\/figcaption><\/figure>\n<h2>el\u0151nye<\/h2>\n<p>1.Green \u00e9s k\u00f6rnyezetv\u00e9delem<\/p>\n<p>2. Nagy vizu\u00e1lis teljes\u00edtm\u00e9ny<\/p>\n<p>3. Er\u0151s testform\u00e1l\u00f3 k\u00e9pess\u00e9g<\/p>\n<p>4. J\u00f3 t\u00e9rbeli meghat\u00e1roz\u00e1s<\/p>\n<table cellspacing=\"0\" cellpadding=\"0\">\n<tbody>\n<tr class=\"firstRow\" data-rows=\"1\" data-type=\"even\">\n<td colspan=\"1\" rowspan=\"1\" data-col=\"1\">Term\u00e9k neve<\/td>\n<td colspan=\"3\" rowspan=\"1\">Hidegen hengerelt \/ melegen hengerelt sz\u00e9nac\u00e9llemez \/ lemez<\/td>\n<\/tr>\n<tr data-type=\"odd\">\n<td colspan=\"1\" rowspan=\"1\" data-col=\"1\">Standard<\/td>\n<td colspan=\"3\" rowspan=\"1\">AISI, ASTM, DIN, JIS, GB, JIS, SUS, EN stb.<\/td>\n<\/tr>\n<tr data-type=\"even\">\n<td colspan=\"1\" rowspan=\"1\" data-col=\"1\">Anyag<\/td>\n<td colspan=\"3\" rowspan=\"1\">Q195, Q215, Q235, Q345, ST37, A36, 45# ,16Mn, SPHC, SGCC, CGCC<\/td>\n<\/tr>\n<tr data-type=\"odd\">\n<td colspan=\"1\" rowspan=\"1\" data-col=\"1\">Vastags\u00e1g (mm)<\/td>\n<td colspan=\"3\" rowspan=\"1\">Melegen hengerelt vastags\u00e1g: 2.75mm-100mm<\/p>\n<p>Hidegen hengerelt vastags\u00e1g: 0.2mm-3mm<\/td>\n<\/tr>\n<tr data-type=\"even\">\n<td colspan=\"1\" rowspan=\"1\" data-col=\"1\">Sz\u00e9less\u00e9g (mm)<\/td>\n<td colspan=\"3\" rowspan=\"1\">45mm-2200mm, az \u00d6n k\u00e9r\u00e9se szerint<\/td>\n<\/tr>\n<tr data-type=\"odd\">\n<td colspan=\"1\" rowspan=\"1\" data-col=\"1\">Hossz\u00fas\u00e1g<\/td>\n<td colspan=\"3\" rowspan=\"1\">1-12m, az \u00d6n k\u00e9r\u00e9se szerint<\/td>\n<\/tr>\n<tr data-type=\"even\">\n<td colspan=\"1\" rowspan=\"1\" data-col=\"1\">Technika<\/td>\n<td colspan=\"3\" rowspan=\"1\">Melegen hengerelt \/ hidegen hengerelt<\/td>\n<\/tr>\n<tr data-type=\"odd\">\n<td colspan=\"1\" rowspan=\"1\" data-col=\"1\">Fel\u00fclet<\/td>\n<td colspan=\"3\" rowspan=\"1\">csupasz, fekete, olajozott, f\u00favott, permetezett fest\u00e9k, bevonat, horganyzott, vagy az \u00d6n k\u00e9r\u00e9se szerint<\/td>\n<\/tr>\n<tr data-type=\"even\">\n<td colspan=\"1\" rowspan=\"1\" data-col=\"1\">Tekercs azonos\u00edt\u00f3<\/td>\n<td colspan=\"3\" rowspan=\"1\">508-610mm vagy az \u00d6n k\u00e9r\u00e9se szerint<\/td>\n<\/tr>\n<tr data-type=\"odd\">\n<td colspan=\"1\" rowspan=\"1\" data-col=\"1\">Tekercs s\u00falya<\/td>\n<td colspan=\"3\" rowspan=\"1\">3 ~ 5 tonna az \u00d6n k\u00e9r\u00e9se szerint<\/td>\n<\/tr>\n<\/tbody>\n<\/table>","protected":false},"excerpt":{"rendered":"<p>A Corten ac\u00e9llemez egyed\u00fcl\u00e1ll\u00f3 id\u0151j\u00e1r\u00e1s\u00e1ll\u00f3 megjelen\u00e9se \u00e9s tart\u00f3ss\u00e1ga miatt sz\u00e1mos projektben n\u00e9pszer\u0171 v\u00e1laszt\u00e1s. Ak\u00e1r rusztikus jelleget szeretne adni otthon\u00e1nak, ak\u00e1r modern ipari megjelen\u00e9st szeretne l\u00e9trehozni, a corten lemez nagyszer\u0171 v\u00e1laszt\u00e1s lehet.<\/p>","protected":false},"featured_media":857,"comment_status":"open","ping_status":"closed","template":"","meta":{"_eb_attr":"","_monsterinsights_skip_tracking":false,"_monsterinsights_sitenote_active":false,"_monsterinsights_sitenote_note":"","_monsterinsights_sitenote_category":0,"_uf_show_specific_survey":0,"_uf_disable_surveys":false},"product_brand":[],"product_cat":[21],"product_tag":[],"class_list":{"0":"post-958","1":"product","2":"type-product","3":"status-publish","4":"has-post-thumbnail","6":"product_cat-weather-resistant-steel-plate","8":"first","9":"instock","10":"shipping-taxable","11":"product-type-simple"},"_links":{"self":[{"href":"https:\/\/keweicorten.com\/hu\/wp-json\/wp\/v2\/product\/958"}],"collection":[{"href":"https:\/\/keweicorten.com\/hu\/wp-json\/wp\/v2\/product"}],"about":[{"href":"https:\/\/keweicorten.com\/hu\/wp-json\/wp\/v2\/types\/product"}],"replies":[{"embeddable":true,"href":"https:\/\/keweicorten.com\/hu\/wp-json\/wp\/v2\/comments?post=958"}],"version-history":[{"count":1,"href":"https:\/\/keweicorten.com\/hu\/wp-json\/wp\/v2\/product\/958\/revisions"}],"predecessor-version":[{"id":959,"href":"https:\/\/keweicorten.com\/hu\/wp-json\/wp\/v2\/product\/958\/revisions\/959"}],"wp:featuredmedia":[{"embeddable":true,"href":"https:\/\/keweicorten.com\/hu\/wp-json\/wp\/v2\/media\/857"}],"wp:attachment":[{"href":"https:\/\/keweicorten.com\/hu\/wp-json\/wp\/v2\/media?parent=958"}],"wp:term":[{"taxonomy":"product_brand","embeddable":true,"href":"https:\/\/keweicorten.com\/hu\/wp-json\/wp\/v2\/product_brand?post=958"},{"taxonomy":"product_cat","embeddable":true,"href":"https:\/\/keweicorten.com\/hu\/wp-json\/wp\/v2\/product_cat?post=958"},{"taxonomy":"product_tag","embeddable":true,"href":"https:\/\/keweicorten.com\/hu\/wp-json\/wp\/v2\/product_tag?post=958"}],"curies":[{"name":"wp","href":"https:\/\/api.w.org\/{rel}","templated":true}]}}