{"id":978,"date":"2024-09-10T01:58:48","date_gmt":"2024-09-10T01:58:48","guid":{"rendered":"https:\/\/keweicorten.com\/?post_type=product&#038;p=978"},"modified":"2025-01-15T06:28:30","modified_gmt":"2025-01-15T06:28:30","slug":"modern-kulteri-szokokut","status":"publish","type":"product","link":"https:\/\/keweicorten.com\/hu\/modern-kulteri-szokokut\/","title":{"rendered":"modern k\u00fclt\u00e9ri sz\u00f6k\u0151k\u00fat"},"content":{"rendered":"<p>A Corten modern k\u00fclt\u00e9ri sz\u00f6k\u0151k\u00fat a legjobb \u00e1llapotban tarthat\u00f3, \u00e9s meghosszabb\u00edthatja \u00e9lettartam\u00e1t m\u00e9g k\u00fcl\u00f6nb\u00f6z\u0151 \u00e9ghajlati k\u00f6r\u00fclm\u00e9nyek k\u00f6z\u00f6tt is. A rendszeres karbantart\u00e1s \u00e9s gondoz\u00e1s a sz\u00f6k\u0151k\u00fat hossz\u00fa t\u00e1v\u00fa sz\u00e9ps\u00e9g\u00e9nek \u00e9s m\u0171k\u00f6d\u00e9s\u00e9nek biztos\u00edt\u00e1sa \u00e9rdek\u00e9ben.<\/p>\n<p>A Corten ac\u00e9l egy kifejezetten k\u00fclt\u00e9ri felhaszn\u00e1l\u00e1sra tervezett \u00f6tv\u00f6z\u00f6tt ac\u00e9l, amely a fel\u00fclet\u00e9n term\u00e9szetes oxid\u00e1ci\u00f3val kialakul\u00f3 rozsdar\u00e9tegnek k\u00f6sz\u00f6nhet\u0151en egyed\u00fcl\u00e1ll\u00f3 eszt\u00e9tikai \u00e9s id\u0151j\u00e1r\u00e1s\u00e1ll\u00f3s\u00e1ggal rendelkezik. B\u00e1r a Corten ac\u00e9l sz\u00e1mos \u00e9ghajlaton j\u00f3l teljes\u00edt, a rendszeres \u00e1pol\u00e1s \u00e9s karbantart\u00e1s m\u00e9gis elengedhetetlen az optim\u00e1lis \u00e1llapot biztos\u00edt\u00e1sa \u00e9s az \u00e9lettartam meghosszabb\u00edt\u00e1sa \u00e9rdek\u00e9ben. \u00cdme n\u00e9h\u00e1ny \u00e1pol\u00e1si \u00e9s karbantart\u00e1si tipp:<\/p>\n<table class=\"table\" border=\"1\" cellspacing=\"1\" cellpadding=\"1\">\n<tbody>\n<tr>\n<td colspan=\"2\" rowspan=\"1\">\n<div class=\"magic-18\"><strong>M\u0171szaki adatok<\/strong><\/div>\n<\/td>\n<\/tr>\n<tr>\n<td colspan=\"1\" rowspan=\"1\">\n<div class=\"magic-21\">T\u00e9tel<\/div>\n<\/td>\n<td colspan=\"1\" rowspan=\"1\">\n<div class=\"magic-22\">Testreszabott kerti v\u00edz sz\u00f6k\u0151k\u00fat kerti d\u00edszek v\u00edzes\u00e9s design k\u00fclt\u00e9ri Corten ac\u00e9l v\u00edz jellemz\u0151je<\/div>\n<\/td>\n<\/tr>\n<tr>\n<td colspan=\"1\" rowspan=\"1\">\n<div class=\"magic-21\">M\u00e1rka<\/div>\n<\/td>\n<td colspan=\"1\" rowspan=\"1\">\n<div class=\"magic-22\">SHKW kert<\/div>\n<\/td>\n<\/tr>\n<tr>\n<td colspan=\"1\" rowspan=\"1\">\n<div class=\"magic-21\">Modellsz\u00e1m.<\/div>\n<\/td>\n<td colspan=\"1\" rowspan=\"1\">\n<div class=\"magic-22\">SHKW-WF-088<\/div>\n<\/td>\n<\/tr>\n<tr>\n<td colspan=\"1\" rowspan=\"1\">\n<div class=\"magic-21\">Anyag<\/div>\n<\/td>\n<td colspan=\"1\" rowspan=\"1\">\n<div class=\"magic-22\">Corten ac\u00e9l \/ id\u0151j\u00e1r\u00e1s\u00e1ll\u00f3 ac\u00e9l<\/div>\n<\/td>\n<\/tr>\n<tr>\n<td colspan=\"1\" rowspan=\"1\">\n<div class=\"magic-21\">Fel\u00fclet<\/div>\n<\/td>\n<td colspan=\"1\" rowspan=\"1\">\n<div class=\"magic-22\">El\u0151re rozsd\u00e1s\u00edtott\/el\u0151re megkopott, testre szabhat\u00f3<\/div>\n<\/td>\n<\/tr>\n<tr>\n<td colspan=\"1\" rowspan=\"1\">\n<div class=\"magic-21\">Csomagol\u00e1s<\/div>\n<\/td>\n<td colspan=\"1\" rowspan=\"1\">\n<div class=\"magic-22\">Bel\u00fcl: kop\u00e1sg\u00e1tl\u00f3 habpap\u00edr; k\u00edv\u00fcl: fa raklap<\/div>\n<\/td>\n<\/tr>\n<tr>\n<td colspan=\"1\" rowspan=\"1\">\n<div class=\"magic-21\">Egyedi szolg\u00e1ltat\u00e1s<\/div>\n<\/td>\n<td colspan=\"1\" rowspan=\"1\">\n<div class=\"magic-22\">Minta, m\u00e9ret \u00e9s fel\u00fcletkezel\u00e9s; ODM \u00e9s OEM el\u00e9rhet\u0151<\/div>\n<\/td>\n<\/tr>\n<\/tbody>\n<\/table>\n<h3 class=\"kche-t101-title\">Term\u00e9kk\u00f6zpont<\/h3>\n<div class=\"kche-t101-list\">\n<div class=\"kche-t101-item\">\n<div class=\"kche-t101-item-img\"><img fetchpriority=\"high\" decoding=\"async\" class=\"alignnone\" title=\"v\u00edzi funkci\u00f3\" src=\"https:\/\/www.keweistove.com\/uploads\/39684\/products\/2024060415451943cde.jpg?size=750x0\" alt=\"v\u00edzi funkci\u00f3\" width=\"750\" height=\"750\" \/><\/div>\n<div class=\"kche-t101-item-info\">\n<p class=\"kche-t101-item-tit\">V\u00edzes\u00e9s sz\u00f6k\u0151k\u00fat<\/p>\n<div class=\"kche-t101-item-des\">\n<p>Egy kerti v\u00edzj\u00e1t\u00e9k \u00faj dimenzi\u00f3t hoz a k\u00fclt\u00e9ri t\u00e9rbe.<\/p>\n<\/div>\n<div class=\"kche-t101-item-btn\"><a href=\"https:\/\/keweicorten.com\/hu\/kapcsolatfelvetel\/\" target=\"_blank\" rel=\"noopener\">tov\u00e1bb<\/a><\/div>\n<\/div>\n<\/div>\n<div class=\"kche-t101-item\">\n<div class=\"kche-t101-item-img\"><img decoding=\"async\" class=\"alignnone\" title=\"v\u00edzf\u00fcgg\u00f6ny\" src=\"https:\/\/www.keweistove.com\/uploads\/39684\/products\/20240604154552036b0.jpg?size=750x0\" alt=\"v\u00edzf\u00fcgg\u00f6ny\" width=\"750\" height=\"750\" \/><\/div>\n<div class=\"kche-t101-item-info\">\n<p class=\"kche-t101-item-tit\"><strong>V\u00edz<\/strong>\u00a0Asztal<\/p>\n<div class=\"kche-t101-item-des\">\n<p>A v\u00edz bejuttat\u00e1sa a kertbe sz\u00e1mos el\u0151nnyel j\u00e1rhat, bele\u00e9rtve az \u00e9l\u0151vil\u00e1g \u00f6szt\u00f6nz\u00e9s\u00e9t \u00e9s a pihen\u00e9s el\u0151seg\u00edt\u00e9s\u00e9t.<\/p>\n<\/div>\n<div class=\"kche-t101-item-btn\"><a href=\"https:\/\/keweicorten.com\/hu\/kapcsolatfelvetel\/\" target=\"_blank\" rel=\"noopener\">tov\u00e1bb<\/a><\/div>\n<\/div>\n<\/div>\n<div class=\"kche-t101-item\">\n<div class=\"kche-t101-item-img\"><img decoding=\"async\" class=\"alignnone\" title=\"corten v\u00edzi funkci\u00f3\" src=\"https:\/\/www.keweistove.com\/uploads\/39684\/products\/20240604154619904a2.jpg?size=750x0\" alt=\"corten v\u00edzi funkci\u00f3\" width=\"750\" height=\"750\" \/><\/div>\n<div class=\"kche-t101-item-info\">\n<p class=\"kche-t101-item-tit\"><strong>V\u00edz<\/strong>\u00a0<strong>Jellemz\u0151k<\/strong><\/p>\n<div class=\"kche-t101-item-des\">\n<p>Az SHKW-CORTEN a kertj\u00e9hez ill\u0151 v\u00edzj\u00e1t\u00e9kok sz\u00e9les v\u00e1laszt\u00e9k\u00e1t k\u00edn\u00e1lja.<\/p>\n<\/div>\n<div class=\"kche-t101-item-btn\"><a href=\"https:\/\/www.keweistove.com\/water-features\/\" target=\"_blank\" rel=\"noopener nofollow\">tov\u00e1bb<\/a><\/div>\n<\/div>\n<\/div>\n<div class=\"kche-t101-item\">\n<div class=\"kche-t101-item-img\"><img loading=\"lazy\" decoding=\"async\" class=\"alignnone\" title=\"v\u00edzes\u00e9s\" src=\"https:\/\/www.keweistove.com\/uploads\/39684\/products\/202406041546545b72d.jpg?size=750x0\" alt=\"v\u00edzes\u00e9s\" width=\"750\" height=\"750\" \/><\/div>\n<div class=\"kche-t101-item-info\">\n<p class=\"kche-t101-item-tit\">Es\u0151f\u00fcgg\u00f6ny<\/p>\n<div class=\"kche-t101-item-des\">\n<h3>A r\u00e9szletes CAD-rajzot az \u00d6n ig\u00e9nyei szerint tervezhetj\u00fck, k\u00fcl\u00f6nb\u00f6z\u0151 mint\u00e1kkal testre szabhat\u00f3.<\/h3>\n<\/div>\n<div class=\"kche-t101-item-btn\">tov\u00e1bb<\/div>\n<\/div>\n<\/div>\n<\/div>\n<h3>Modern k\u00fclt\u00e9ri sz\u00f6k\u0151k\u00fat Karbantart\u00e1si \u00e9s karbantart\u00e1si tippek<\/h3>\n<ul>\n<li>Rendszeres ellen\u0151rz\u00e9s<\/li>\n<li>Tartsa tiszt\u00e1n<\/li>\n<li>Kezelje a szennyez\u0151d\u00e9seket \u00e9s alg\u00e1kat<\/li>\n<li>T\u00e9li v\u00e9delem<\/li>\n<li>Megakad\u00e1lyozza a v\u00edzvisszatart\u00e1st<\/li>\n<li>Rendszeresen alkalmazzon v\u00e9d\u0151r\u00e9teget<\/li>\n<li>Ker\u00fclje a vegyi anyagokkal val\u00f3 k\u00f6zvetlen \u00e9rintkez\u00e9st<\/li>\n<li>A v\u00edzmin\u0151s\u00e9g fenntart\u00e1sa<\/li>\n<\/ul>\n<h3>A Corten modern k\u00fclt\u00e9ri sz\u00f6k\u0151kutak k\u00fcl\u00f6nb\u00f6z\u0151 st\u00edlusai ker\u00fclnek bemutat\u00e1sra:<\/h3>\n<ol>\n<li>Ipari st\u00edlus<\/li>\n<li>Modern minimalizmus<\/li>\n<li>Term\u00e9szetes st\u00edlus<\/li>\n<li>Modern m\u0171v\u00e9szeti st\u00edlus<\/li>\n<li>Kombin\u00e1lja a hagyom\u00e1nyos \u00e9s a modern st\u00edlust<\/li>\n<li>Sport st\u00edlus<\/li>\n<li>K\u00f6rnyezetbar\u00e1t st\u00edlus<\/li>\n<\/ol>","protected":false},"excerpt":{"rendered":"<p>Tegye a modern k\u00fclt\u00e9ri sz\u00f6k\u0151kutat kertje f\u00e9nypontj\u00e1v\u00e1, \u00e9s \u00e9lvezze a v\u00edz \u00e1raml\u00e1s\u00e1nak b\u00e9k\u00e9j\u00e9t \u00e9s sz\u00e9ps\u00e9g\u00e9t. Fedezze fel a v\u00e1ltozatos formaterveket az ide\u00e1lis k\u00fclt\u00e9ri t\u00e9r kialak\u00edt\u00e1s\u00e1hoz.<\/p>","protected":false},"featured_media":979,"comment_status":"open","ping_status":"closed","template":"","meta":{"_eb_attr":"","_monsterinsights_skip_tracking":false,"_monsterinsights_sitenote_active":false,"_monsterinsights_sitenote_note":"","_monsterinsights_sitenote_category":0,"_uf_show_specific_survey":0,"_uf_disable_surveys":false},"product_brand":[],"product_cat":[56],"product_tag":[],"class_list":{"0":"post-978","1":"product","2":"type-product","3":"status-publish","4":"has-post-thumbnail","6":"product_cat-water-feature","8":"first","9":"instock","10":"shipping-taxable","11":"product-type-simple"},"_links":{"self":[{"href":"https:\/\/keweicorten.com\/hu\/wp-json\/wp\/v2\/product\/978"}],"collection":[{"href":"https:\/\/keweicorten.com\/hu\/wp-json\/wp\/v2\/product"}],"about":[{"href":"https:\/\/keweicorten.com\/hu\/wp-json\/wp\/v2\/types\/product"}],"replies":[{"embeddable":true,"href":"https:\/\/keweicorten.com\/hu\/wp-json\/wp\/v2\/comments?post=978"}],"version-history":[{"count":1,"href":"https:\/\/keweicorten.com\/hu\/wp-json\/wp\/v2\/product\/978\/revisions"}],"predecessor-version":[{"id":984,"href":"https:\/\/keweicorten.com\/hu\/wp-json\/wp\/v2\/product\/978\/revisions\/984"}],"wp:featuredmedia":[{"embeddable":true,"href":"https:\/\/keweicorten.com\/hu\/wp-json\/wp\/v2\/media\/979"}],"wp:attachment":[{"href":"https:\/\/keweicorten.com\/hu\/wp-json\/wp\/v2\/media?parent=978"}],"wp:term":[{"taxonomy":"product_brand","embeddable":true,"href":"https:\/\/keweicorten.com\/hu\/wp-json\/wp\/v2\/product_brand?post=978"},{"taxonomy":"product_cat","embeddable":true,"href":"https:\/\/keweicorten.com\/hu\/wp-json\/wp\/v2\/product_cat?post=978"},{"taxonomy":"product_tag","embeddable":true,"href":"https:\/\/keweicorten.com\/hu\/wp-json\/wp\/v2\/product_tag?post=978"}],"curies":[{"name":"wp","href":"https:\/\/api.w.org\/{rel}","templated":true}]}}