{"id":988,"date":"2024-09-10T03:07:13","date_gmt":"2024-09-10T03:07:13","guid":{"rendered":"https:\/\/keweicorten.com\/?post_type=product&#038;p=988"},"modified":"2024-09-10T03:07:22","modified_gmt":"2024-09-10T03:07:22","slug":"corten-acel-pad","status":"publish","type":"product","link":"https:\/\/keweicorten.com\/hu\/corten-acel-pad\/","title":{"rendered":"corten ac\u00e9l pad"},"content":{"rendered":"<h3>Mi\u00e9rt haszn\u00e1lja a korrod\u00e1lt ac\u00e9lt, mint a corten ac\u00e9l pad ide\u00e1lis anyag\u00e1t\uff1a<\/h3>\n<p>Fedezze fel a corten ac\u00e9l padot, amely a modern designt kiv\u00e1l\u00f3 tart\u00f3ss\u00e1ggal kombin\u00e1lja minden t\u00edpus\u00fa k\u00fclt\u00e9ri t\u00e9rben, hogy jav\u00edtsa a szabadid\u0151s t\u00e9r min\u0151s\u00e9g\u00e9t \u00e9s k\u00e9nyelm\u00e9t.<\/p>\n<figure style=\"width: 750px\" class=\"wp-caption alignnone\"><a href=\"https:\/\/keweicorten.com\/hu\/kapcsolatfelvetel\/\"><img fetchpriority=\"high\" decoding=\"async\" title=\"Id\u0151j\u00e1r\u00e1s\u00e1ll\u00f3 ac\u00e9l k\u00fclt\u00e9ri pad\" src=\"https:\/\/sc04.alicdn.com\/kf\/A4a230982885047639f8ccbda507af4993\/276435419\/A4a230982885047639f8ccbda507af4993.jpg\" alt=\"\" width=\"750\" height=\"454\" \/><\/a><figcaption class=\"wp-caption-text\">Id\u0151j\u00e1r\u00e1s\u00e1ll\u00f3 ac\u00e9l k\u00fclt\u00e9ri pad, egyszerre tart\u00f3s \u00e9s st\u00edlusos,<\/figcaption><\/figure>\n<p>Sz\u00e1mos oka van annak, hogy a korrod\u00e1lt ac\u00e9lt ide\u00e1lis anyagk\u00e9nt haszn\u00e1lja a corten padhoz:<\/p>\n<p>1. Id\u0151j\u00e1r\u00e1s\u00e1ll\u00f3s\u00e1g<\/p>\n<p>2. Eszt\u00e9tika<\/p>\n<p>3. Szil\u00e1rds\u00e1g \u00e9s tart\u00f3ss\u00e1g<\/p>\n<p>4. Alacsony karbantart\u00e1si k\u00f6lts\u00e9g<\/p>\n<p>5. K\u00f6rnyezetv\u00e9delem<\/p>\n<p>6. Er\u0151s alkalmazkod\u00f3k\u00e9pess\u00e9g<\/p>\n<p><img decoding=\"async\" title=\"corten padok\" src=\"https:\/\/www.keweistove.com\/uploads\/39684\/products\/p20240305105535578e4.png\" alt=\"term\u00e9k-751-313\" width=\"751\" height=\"313\" \/><\/p>\n<h3>Az id\u0151j\u00e1r\u00e1s\u00e1ll\u00f3 ac\u00e9l k\u00fclt\u00e9ri padok k\u00f6rnyezeti el\u0151nyei els\u0151sorban a k\u00f6vetkez\u0151 szempontokban t\u00fckr\u00f6z\u0151dnek:<\/h3>\n<p>1.  \u00dajrahasznos\u00edthat\u00f3s\u00e1g : Az id\u0151j\u00e1r\u00e1s\u00e1ll\u00f3 ac\u00e9l \u00fajrahasznos\u00edthat\u00f3 anyag, amely haszn\u00e1lat ut\u00e1n \u00fajrahasznos\u00edthat\u00f3 \u00e9s \u00fajra feldolgozhat\u00f3, cs\u00f6kkentve az er\u0151forr\u00e1s-pazarl\u00e1st \u00e9s megfelelve a fenntarthat\u00f3 fejl\u0151d\u00e9s elv\u00e9nek.<\/p>\n<p>2.  Alacsony energiafelhaszn\u00e1l\u00e1s : N\u00e9h\u00e1ny m\u00e1s anyaggal \u00f6sszehasonl\u00edtva az id\u0151j\u00e1r\u00e1s\u00e1ll\u00f3 ac\u00e9l gy\u00e1rt\u00e1si folyamata \u00e1ltal\u00e1ban kevesebb energi\u00e1t fogyaszt.<\/p>\n<p>3. Hossz\u00fa \u00e9lettartam : Az id\u0151j\u00e1r\u00e1s\u00e1ll\u00f3 ac\u00e9l kiv\u00e1l\u00f3 korr\u00f3zi\u00f3\u00e1ll\u00f3s\u00e1ggal \u00e9s szil\u00e1rds\u00e1ggal rendelkezik.<\/p>\n<p>4.  Cs\u00f6kkenti a karbantart\u00e1st : Az id\u0151j\u00e1r\u00e1s\u00e1ll\u00f3 ac\u00e9l k\u00fclt\u00e9ri padok \u00e1ltal\u00e1ban kevesebb karbantart\u00e1st \u00e9s karbantart\u00e1st ig\u00e9nyelnek, cs\u00f6kkentve a vegyi tiszt\u00edt\u00f3szerek \u00e9s tart\u00f3s\u00edt\u00f3szerek haszn\u00e1lat\u00e1t, \u00e9s elker\u00fclve a k\u00f6rnyezetszennyez\u00e9st.<\/p>\n<p>5. term\u00e9szetes integr\u00e1ci\u00f3 : Az id\u0151j\u00e1r\u00e1s\u00e1ll\u00f3 ac\u00e9l korrod\u00e1lt fel\u00fclete harmonikusan integr\u00e1lhat\u00f3 a term\u00e9szeti k\u00f6rnyezetbe, n\u00f6velve a v\u00e1rosi t\u00e1j sz\u00e9ps\u00e9g\u00e9t, \u00e9s el\u0151seg\u00edtve az emberek \u00e9s a term\u00e9szeti k\u00f6rnyezet k\u00f6z\u00f6tti kapcsolatot.<\/p>\n<p>6.  K\u00f6rnyezetbar\u00e1t : Az id\u0151j\u00e1r\u00e1s\u00e1ll\u00f3 ac\u00e9l haszn\u00e1lata seg\u00edt bar\u00e1ts\u00e1gos k\u00f6zter\u00fcletet l\u00e9trehozni, el\u0151seg\u00edti az ember \u00e9s a term\u00e9szet k\u00f6z\u00f6tti harm\u00f3ni\u00e1t, \u00e9s fokozza a t\u00e1rsadalmi k\u00f6z\u00e9rdeket.<\/p>","protected":false},"excerpt":{"rendered":"<p>Id\u0151j\u00e1r\u00e1s\u00e1ll\u00f3 ac\u00e9l k\u00fclt\u00e9ri pad, egyszerre tart\u00f3s \u00e9s st\u00edlusos, alkalmas a k\u00fcl\u00f6nb\u00f6z\u0151 k\u00fclt\u00e9ri k\u00f6rnyezetekhez, ide\u00e1lis szabadid\u0151s helyet biztos\u00edtva a k\u00fclt\u00e9ri ig\u00e9nyek kiel\u00e9g\u00edt\u00e9s\u00e9re.<\/p>","protected":false},"featured_media":989,"comment_status":"open","ping_status":"closed","template":"","meta":{"_eb_attr":"","_monsterinsights_skip_tracking":false,"_monsterinsights_sitenote_active":false,"_monsterinsights_sitenote_note":"","_monsterinsights_sitenote_category":0,"_uf_show_specific_survey":0,"_uf_disable_surveys":false},"product_brand":[],"product_cat":[23],"product_tag":[],"class_list":{"0":"post-988","1":"product","2":"type-product","3":"status-publish","4":"has-post-thumbnail","6":"product_cat-patio-furniture","8":"first","9":"instock","10":"shipping-taxable","11":"product-type-simple"},"_links":{"self":[{"href":"https:\/\/keweicorten.com\/hu\/wp-json\/wp\/v2\/product\/988"}],"collection":[{"href":"https:\/\/keweicorten.com\/hu\/wp-json\/wp\/v2\/product"}],"about":[{"href":"https:\/\/keweicorten.com\/hu\/wp-json\/wp\/v2\/types\/product"}],"replies":[{"embeddable":true,"href":"https:\/\/keweicorten.com\/hu\/wp-json\/wp\/v2\/comments?post=988"}],"version-history":[{"count":1,"href":"https:\/\/keweicorten.com\/hu\/wp-json\/wp\/v2\/product\/988\/revisions"}],"predecessor-version":[{"id":994,"href":"https:\/\/keweicorten.com\/hu\/wp-json\/wp\/v2\/product\/988\/revisions\/994"}],"wp:featuredmedia":[{"embeddable":true,"href":"https:\/\/keweicorten.com\/hu\/wp-json\/wp\/v2\/media\/989"}],"wp:attachment":[{"href":"https:\/\/keweicorten.com\/hu\/wp-json\/wp\/v2\/media?parent=988"}],"wp:term":[{"taxonomy":"product_brand","embeddable":true,"href":"https:\/\/keweicorten.com\/hu\/wp-json\/wp\/v2\/product_brand?post=988"},{"taxonomy":"product_cat","embeddable":true,"href":"https:\/\/keweicorten.com\/hu\/wp-json\/wp\/v2\/product_cat?post=988"},{"taxonomy":"product_tag","embeddable":true,"href":"https:\/\/keweicorten.com\/hu\/wp-json\/wp\/v2\/product_tag?post=988"}],"curies":[{"name":"wp","href":"https:\/\/api.w.org\/{rel}","templated":true}]}}