{"id":1090,"date":"2024-09-11T03:01:04","date_gmt":"2024-09-11T03:01:04","guid":{"rendered":"https:\/\/keweicorten.com\/?post_type=product&#038;p=1090"},"modified":"2025-01-15T06:18:33","modified_gmt":"2025-01-15T06:18:33","slug":"vasi-da-fiori-grandi-per-esterni","status":"publish","type":"product","link":"https:\/\/keweicorten.com\/it\/vasi-da-fiori-grandi-per-esterni\/","title":{"rendered":"vasi da fiori grandi per esterni"},"content":{"rendered":"<h2>Vantaggi e applicazioni del vaso da fiori per esterni in acciaio resistente agli agenti atmosferici<\/h2>\n<hr \/>\n<p>L'acciaio atmosferico ha un'eccellente resistenza alla corrosione e agli agenti atmosferici e pu\u00f2 mantenere prestazioni stabili in diverse condizioni climatiche. Inoltre, il suo particolare aspetto arrugginito non solo aumenta l'estetica, ma si fonde armoniosamente con l'ambiente naturale.<\/p>\n<p>&nbsp;<\/p>\n<figure id=\"attachment_1091\" aria-describedby=\"caption-attachment-1091\" style=\"width: 794px\" class=\"wp-caption alignleft\"><img fetchpriority=\"high\" decoding=\"async\" class=\"wp-image-1091\" src=\"https:\/\/keweicorten.com\/wp-content\/uploads\/2024\/09\/\u5fae\u4fe1\u56fe\u7247_20230707144213-300x300.jpg\" alt=\"\" width=\"794\" height=\"794\" srcset=\"https:\/\/keweicorten.com\/wp-content\/uploads\/2024\/09\/\u5fae\u4fe1\u56fe\u7247_20230707144213-300x300.jpg 300w, https:\/\/keweicorten.com\/wp-content\/uploads\/2024\/09\/\u5fae\u4fe1\u56fe\u7247_20230707144213-150x150.jpg 150w, https:\/\/keweicorten.com\/wp-content\/uploads\/2024\/09\/\u5fae\u4fe1\u56fe\u7247_20230707144213-12x12.jpg 12w, https:\/\/keweicorten.com\/wp-content\/uploads\/2024\/09\/\u5fae\u4fe1\u56fe\u7247_20230707144213-600x600.jpg 600w, https:\/\/keweicorten.com\/wp-content\/uploads\/2024\/09\/\u5fae\u4fe1\u56fe\u7247_20230707144213-100x100.jpg 100w, https:\/\/keweicorten.com\/wp-content\/uploads\/2024\/09\/\u5fae\u4fe1\u56fe\u7247_20230707144213.jpg 750w\" sizes=\"(max-width: 794px) 100vw, 794px\" \/><figcaption id=\"caption-attachment-1091\" class=\"wp-caption-text\">fiore corten por<\/figcaption><\/figure>\n<h3><\/h3>\n<h3><\/h3>\n<h3><\/h3>\n<h3><\/h3>\n<h3><\/h3>\n<h3><\/h3>\n<h3><\/h3>\n<h3><\/h3>\n<h3><\/h3>\n<h3><\/h3>\n<h3><\/h3>\n<h3><\/h3>\n<h3><\/h3>\n<h3><\/h3>\n<h3><\/h3>\n<h3><\/h3>\n<h3><\/h3>\n<h3><\/h3>\n<h3><\/h3>\n<h3>I vantaggi dei grandi vasi da fiori per esterni<\/h3>\n<ul>\n<li>Durata: Il vaso da fiori in acciaio resistente agli agenti atmosferici pu\u00f2 sopportare condizioni climatiche estreme e una lunga durata.<br \/>\nBasso costo di manutenzione: Grazie alla sua resistenza alla corrosione, la frequenza di manutenzione e sostituzione \u00e8 ridotta.<br \/>\nEstetica: Il design dall'aspetto unico lo rende un punto di forza della decorazione orticola.<br \/>\nProtezione dell'ambiente: L'acciaio resistente agli agenti atmosferici pu\u00f2 essere riciclato, in linea con il concetto di sviluppo sostenibile.<\/li>\n<\/ul>\n<h3>lo scenario di applicazione dei grandi vasi da fiori da esterno<\/h3>\n<ul>\n<li>Il vaso da fiori in acciaio \u00e8 adatto a molte occasioni, tra cui parchi urbani, piazze commerciali, giardini privati e cos\u00ec via. Le diverse opzioni di design e di dimensioni consentono di soddisfare i requisiti di ambienti ed esigenze differenti.<\/li>\n<li>I vasi da fiori per esterni in acciaio resistente agli agenti atmosferici sono diventati una scelta importante nella moderna progettazione orticola grazie alle loro eccellenti prestazioni e al loro bell'aspetto. Con l'attenzione delle persone all'abbellimento dell'ambiente e allo sviluppo sostenibile, le prospettive di applicazione dei vasi da fiori in acciaio resistenti alle intemperie saranno pi\u00f9 ampie.<\/li>\n<\/ul>\n<table border=\"1\">\n<tbody>\n<tr>\n<td><span data-spm-anchor-id=\"a2700.details.0.i39.14133542hOt861\">Nome del prodotto<\/span><\/td>\n<td data-spm-anchor-id=\"a2700.details.0.i43.14133542hOt861\">Cassetta per piante da esterno in acciaio corten Vasi per fiori da giardino personalizzati Cassetta da esterno in acciaio corten Fioriera a cubo<\/td>\n<\/tr>\n<tr>\n<td data-spm-anchor-id=\"a2700.details.0.i40.14133542hOt861\">Materiale<\/td>\n<td data-spm-anchor-id=\"a2700.details.0.i42.14133542hOt861\">Acciaio cor-ten Acciaio al carbonio . inox<\/td>\n<\/tr>\n<tr>\n<td>Finitura<\/td>\n<td>Arrugginito o verniciato a polvere<\/td>\n<\/tr>\n<tr>\n<td>Taglia regolare<\/td>\n<td>100x45x45cm . 120x50x60cm . 150x50x60cm . 200x50x60cm<\/td>\n<\/tr>\n<tr>\n<td>Design<\/td>\n<td>Accettare le personalizzazioni<\/td>\n<\/tr>\n<tr>\n<td>applicazione<\/td>\n<td>Decorazione per interni ed esterni<\/td>\n<\/tr>\n<\/tbody>\n<\/table>\n<p><a href=\"https:\/\/keweicorten.com\/it\/contattateci\/\"><img decoding=\"async\" class=\"alignnone\" title=\" Scatola per piante\" src=\"https:\/\/sc04.alicdn.com\/kf\/H0b0c474c4364463c955113ae286e19faM\/223026859\/H0b0c474c4364463c955113ae286e19faM.png\" alt=\"Cassetta per piante da esterno in acciaio corten Vasi per fiori da giardino personalizzati Cassetta da esterno in acciaio corten Fioriera a cubo\" width=\"881\" height=\"292\" \/><\/a><\/p>\n<p>1.Domanda: La ruggine macchier\u00e0 la superficie su cui si trova?<\/p>\n<p>Risposta: Spruzzeremo un liquido chimico per trattenere la ruggine.<\/p>\n<p>&nbsp;<\/p>\n<p>2. Domanda: quanto pesano?<br \/>\nRisposta: Si prega di verificare con il produttore in quanto esistono diverse misure.<\/p>\n<p>&nbsp;<\/p>\n<p>3. Domanda: Quanto pesa il modello L88*W30*H75 CM?<\/p>\n<p>Risposta: 36KG<\/p>\n<p>&nbsp;<\/p>\n<p>4. Domanda: \u00c8 possibile applicare il fondo e la vernice prima che inizi ad arrugginire?<br \/>\nRisposta: No, il bello della fioriera \u00e8 quando inizia ad arrugginire. Non \u00e8 destinata a essere dipinta.<\/p>\n<p>&nbsp;<\/p>\n<p>5. Domanda: \u00c8 disponibile il panterone panitico?<\/p>\n<p>Risposta: Naturalmente non abbiamo solo le fioriere con superficie arrugginita, ma anche quelle verniciate a polvere.<\/p>","protected":false},"excerpt":{"rendered":"<p>Il vaso da fiori in acciaio resistente alle intemperie \u00e8 un materiale molto comune nella moderna floricoltura. \u00c8 realizzato in acciaio di alta qualit\u00e0 con una durata estremamente elevata, resistenza alla corrosione e agli agenti atmosferici. Nella floricoltura, i vantaggi dei vasi da fiori in acciaio resistente alle intemperie sono evidenti<\/p>","protected":false},"featured_media":1092,"comment_status":"open","ping_status":"closed","template":"","meta":{"_eb_attr":"","_monsterinsights_skip_tracking":false,"_monsterinsights_sitenote_active":false,"_monsterinsights_sitenote_note":"","_monsterinsights_sitenote_category":0,"_uf_show_specific_survey":0,"_uf_disable_surveys":false},"product_brand":[],"product_cat":[59],"product_tag":[],"class_list":{"0":"post-1090","1":"product","2":"type-product","3":"status-publish","4":"has-post-thumbnail","6":"product_cat-flower-pot","8":"first","9":"instock","10":"shipping-taxable","11":"product-type-simple"},"_links":{"self":[{"href":"https:\/\/keweicorten.com\/it\/wp-json\/wp\/v2\/product\/1090"}],"collection":[{"href":"https:\/\/keweicorten.com\/it\/wp-json\/wp\/v2\/product"}],"about":[{"href":"https:\/\/keweicorten.com\/it\/wp-json\/wp\/v2\/types\/product"}],"replies":[{"embeddable":true,"href":"https:\/\/keweicorten.com\/it\/wp-json\/wp\/v2\/comments?post=1090"}],"version-history":[{"count":7,"href":"https:\/\/keweicorten.com\/it\/wp-json\/wp\/v2\/product\/1090\/revisions"}],"predecessor-version":[{"id":1099,"href":"https:\/\/keweicorten.com\/it\/wp-json\/wp\/v2\/product\/1090\/revisions\/1099"}],"wp:featuredmedia":[{"embeddable":true,"href":"https:\/\/keweicorten.com\/it\/wp-json\/wp\/v2\/media\/1092"}],"wp:attachment":[{"href":"https:\/\/keweicorten.com\/it\/wp-json\/wp\/v2\/media?parent=1090"}],"wp:term":[{"taxonomy":"product_brand","embeddable":true,"href":"https:\/\/keweicorten.com\/it\/wp-json\/wp\/v2\/product_brand?post=1090"},{"taxonomy":"product_cat","embeddable":true,"href":"https:\/\/keweicorten.com\/it\/wp-json\/wp\/v2\/product_cat?post=1090"},{"taxonomy":"product_tag","embeddable":true,"href":"https:\/\/keweicorten.com\/it\/wp-json\/wp\/v2\/product_tag?post=1090"}],"curies":[{"name":"wp","href":"https:\/\/api.w.org\/{rel}","templated":true}]}}