{"id":1105,"date":"2024-09-11T06:42:20","date_gmt":"2024-09-11T06:42:20","guid":{"rendered":"https:\/\/keweicorten.com\/?post_type=product&#038;p=1105"},"modified":"2025-01-15T06:18:22","modified_gmt":"2025-01-15T06:18:22","slug":"decorazioni-per-il-giardino","status":"publish","type":"product","link":"https:\/\/keweicorten.com\/it\/decorazioni-per-il-giardino\/","title":{"rendered":"ornamenti e statue da giardino"},"content":{"rendered":"<h2>Come scegliere la giusta scultura in acciaio resistente agli agenti atmosferici per il vostro giardino\uff1f<\/h2>\n<p>Considerare lo stile del giardino<\/p>\n<p>Innanzitutto, considerate lo stile del giardino. I diversi stili di giardino necessitano di sculture diverse per essere decorati. Ad esempio, i giardini europei sono adatti a sculture grandi e complesse, mentre i giardini giapponesi sono pi\u00f9 adatti a sculture semplici e sobrie. Pertanto, quando si sceglie una scultura in acciaio resistente agli agenti atmosferici, \u00e8 necessario scegliere in base allo stile del giardino.<\/p>\n<p>Considerate la forma e le dimensioni degli ornamenti da giardino e delle statue<\/p>\n<p>\u00c8 molto importante anche scegliere la forma e le dimensioni della scultura. A seconda delle dimensioni e del modello del giardino, si scelgono sculture di forme e dimensioni diverse. Ad esempio, i giardini piccoli sono adatti a scegliere sculture piccole, mentre i giardini grandi possono scegliere sculture pi\u00f9 grandi.<\/p>\n<p>Considerare il materiale degli ornamenti e delle statue da giardino<\/p>\n<p>La scultura in acciaio resistente agli agenti atmosferici \u00e8 un materiale molto durevole e pu\u00f2 essere utilizzato sia in interni che in esterni. Tuttavia, quando si sceglie una scultura, \u00e8 necessario considerare anche l'uso specifico. Se la scultura viene utilizzata all'esterno, \u00e8 necessario scegliere materiali con capacit\u00e0 di espansione e contrazione termica, resistenza al vento, buona resistenza alle intemperie e alla corrosione. L'acciaio resistente alle intemperie \u00e8 il materiale ideale con queste caratteristiche.<\/p>\n<p>Considerare il colore della scultura<\/p>\n<p>Le sculture in acciaio soggette agli agenti atmosferici sono solitamente grigie, ma possono essere trattate secondo le necessit\u00e0, ad esempio con la pittura, per conferire loro colori ed effetti diversi. Quando scegliete una scultura, valutate se il suo colore pu\u00f2 abbinarsi allo stile cromatico generale del giardino.<\/p>\n<p>Considerate il tema della vostra scultura<\/p>\n<p>\u00c8 inoltre necessario scegliere il tema della scultura in base alle proprie preferenze ed esigenze. Ad esempio, chi ama la natura pu\u00f2 scegliere sculture di piante o animali, mentre chi ama lo stile moderno pu\u00f2 scegliere sculture astratte e cos\u00ec via.<\/p>\n<div style=\"width: 800px;\" class=\"wp-video\"><!--[if lt IE 9]><script>document.createElement('video');<\/script><![endif]-->\n<video class=\"wp-video-shortcode\" id=\"video-1105-1\" width=\"800\" height=\"450\" poster=\"https:\/\/keweicorten.com\/wp-content\/uploads\/2024\/09\/\u5fae\u4fe1\u56fe\u7247_20231019115916.jpg\" autoplay=\"1\" preload=\"metadata\" controls=\"controls\"><source type=\"video\/mp4\" src=\"https:\/\/keweicorten.com\/wp-content\/uploads\/2024\/09\/\u89c6\u989121min.mp4?_=1\" \/><a href=\"https:\/\/keweicorten.com\/wp-content\/uploads\/2024\/09\/\u89c6\u989121min.mp4\">https:\/\/keweicorten.com\/wp-content\/uploads\/2024\/09\/\u89c6\u989121min.mp4<\/a><\/video><\/div>\n<h2>La scultura da giardino in acciaio resistente agli agenti atmosferici presenta le seguenti caratteristiche:<\/h2>\n<p>Forte durata: l'acciaio resistente agli agenti atmosferici con trattamento speciale pu\u00f2 resistere a lungo all'erosione di vari climi rigidi, mantenere un effetto riflettente pi\u00f9 a lungo, in modo che la scultura da giardino non sia facile da danneggiare nell'ambiente esterno e abbia una lunga durata.<\/p>\n<p>Forte capacit\u00e0 anticorrosiva: La scultura da giardino in acciaio resistente agli agenti atmosferici \u00e8 realizzata con speciali materiali sintetici, che hanno una forte capacit\u00e0 anticorrosiva e non saranno influenzati da fattori esterni come pioggia, sole, sabbia e nebbia salina per garantire la sua efficace protezione nell'ambiente esterno.<\/p>\n<p>Alta estetica: La scultura da giardino in acciaio resistente agli agenti atmosferici adotta una tecnologia avanzata, pu\u00f2 essere modellata in base alle diverse culture e caratteristiche dei tempi, ha forme diverse, un aspetto bellissimo, caratteristiche uniche, ed \u00e8 diventata un bellissimo paesaggio nell'ambiente del giardino.<\/p>\n<p>Colori ricchi: I materiali di produzione delle sculture da giardino in acciaio resistente agli agenti atmosferici possono non solo presentare colori naturali, ma anche essere dipinti per creare forme colorate, arricchire l'immagine dei giardini urbani ed essere pieni di vitalit\u00e0.<\/p>\n<figure style=\"width: 602px\" class=\"wp-caption aligncenter\"><a href=\"https:\/\/keweicorten.com\/it\/contattateci\/\"><img fetchpriority=\"high\" decoding=\"async\" title=\"Ornamenti e statue da giardino\" src=\"https:\/\/www.keweistove.com\/uploads\/39684\/garden-ornaments-and-statues02482.jpg\" alt=\"Ornamenti e statue da giardino\" width=\"602\" height=\"602\" \/><\/a><figcaption class=\"wp-caption-text\">Ornamenti e statue da giardino<\/figcaption><\/figure>\n<p><img decoding=\"async\" class=\"aligncenter\" src=\"https:\/\/www.keweistove.com\/Content\/uploads\/2023970354\/202307121511574ab65c7ec9ae440c88788f735e2204f7.jpg\" alt=\"prodotto-750-750\" width=\"626\" height=\"626\" \/><\/p>\n<div class=\"text\">Questa scultura in acciaio corten diventer\u00e0 un elemento di attrazione per il vostro giardino. Questa opera d'arte in acciaio inossidabile pu\u00f2 essere personalizzata in varie dimensioni. Creer\u00e0 un suggestivo punto focale quando questa scultura in acciaio corten sar\u00e0 collocata all'esterno.<\/div>\n<div class=\"text\">Le sculture personalizzate per la decorazione del giardino possono essere adattate alle diverse esigenze. I designer possono creare e sviluppare sculture adatte in base alle esigenze dei clienti e dell'ambiente, in modo che siano pi\u00f9 in linea con l'estetica e le abitudini di vita delle persone moderne. Le sculture personalizzate possono riflettere pienamente la professionalit\u00e0 e la regolarit\u00e0 dei clienti, rendendoli pi\u00f9 unici e singolari nello spazio.<\/div>","protected":false},"excerpt":{"rendered":"<p>Visitate il nostro sito per trovare squisite decorazioni e statue da giardino che valorizzano perfettamente il vostro ambiente esterno. Una variet\u00e0 di opzioni per soddisfare le esigenze di ogni appassionato di giardinaggio<\/p>","protected":false},"featured_media":1108,"comment_status":"open","ping_status":"closed","template":"","meta":{"_eb_attr":"","_monsterinsights_skip_tracking":false,"_monsterinsights_sitenote_active":false,"_monsterinsights_sitenote_note":"","_monsterinsights_sitenote_category":0,"_uf_show_specific_survey":0,"_uf_disable_surveys":false},"product_brand":[],"product_cat":[62],"product_tag":[],"class_list":{"0":"post-1105","1":"product","2":"type-product","3":"status-publish","4":"has-post-thumbnail","6":"product_cat-corten-sculpture","8":"first","9":"instock","10":"shipping-taxable","11":"product-type-simple"},"_links":{"self":[{"href":"https:\/\/keweicorten.com\/it\/wp-json\/wp\/v2\/product\/1105"}],"collection":[{"href":"https:\/\/keweicorten.com\/it\/wp-json\/wp\/v2\/product"}],"about":[{"href":"https:\/\/keweicorten.com\/it\/wp-json\/wp\/v2\/types\/product"}],"replies":[{"embeddable":true,"href":"https:\/\/keweicorten.com\/it\/wp-json\/wp\/v2\/comments?post=1105"}],"version-history":[{"count":1,"href":"https:\/\/keweicorten.com\/it\/wp-json\/wp\/v2\/product\/1105\/revisions"}],"predecessor-version":[{"id":1109,"href":"https:\/\/keweicorten.com\/it\/wp-json\/wp\/v2\/product\/1105\/revisions\/1109"}],"wp:featuredmedia":[{"embeddable":true,"href":"https:\/\/keweicorten.com\/it\/wp-json\/wp\/v2\/media\/1108"}],"wp:attachment":[{"href":"https:\/\/keweicorten.com\/it\/wp-json\/wp\/v2\/media?parent=1105"}],"wp:term":[{"taxonomy":"product_brand","embeddable":true,"href":"https:\/\/keweicorten.com\/it\/wp-json\/wp\/v2\/product_brand?post=1105"},{"taxonomy":"product_cat","embeddable":true,"href":"https:\/\/keweicorten.com\/it\/wp-json\/wp\/v2\/product_cat?post=1105"},{"taxonomy":"product_tag","embeddable":true,"href":"https:\/\/keweicorten.com\/it\/wp-json\/wp\/v2\/product_tag?post=1105"}],"curies":[{"name":"wp","href":"https:\/\/api.w.org\/{rel}","templated":true}]}}