{"id":1115,"date":"2024-09-11T07:57:32","date_gmt":"2024-09-11T07:57:32","guid":{"rendered":"https:\/\/keweicorten.com\/?post_type=product&#038;p=1115"},"modified":"2025-01-15T06:16:04","modified_gmt":"2025-01-15T06:16:04","slug":"focolare","status":"publish","type":"product","link":"https:\/\/keweicorten.com\/it\/focolare\/","title":{"rendered":"caminetto a legna per esterni"},"content":{"rendered":"<h2>Durevolezza del fuoco di legna all'aperto in acciaio resistente agli agenti atmosferici<\/h2>\n<p>Il caminetto a legna per esterni \u00e8 un'attrezzatura per esterni molto pratica e durevole, in grado di offrire comodit\u00e0 per il parco comunale, il campeggio all'aperto, il barbecue all'aperto e altre occasioni. \u00c8 in grado di resistere alle sfide delle varie condizioni atmosferiche e degli ambienti naturali, quindi ha una buona durata.<\/p>\n<p>L'acciaio resistente agli agenti atmosferici \u00e8 una lega speciale che presenta un'eccellente resistenza alla corrosione e una lunga durata. Nell'uso dei focolari, l'acciaio resistente agli agenti atmosferici pu\u00f2 resistere all'impatto delle alte temperature e degli ambienti umidi e non \u00e8 facile da arrugginire e ossidare. Pertanto, il focolare da esterno in acciaio resistente agli agenti atmosferici \u00e8 molto adatto all'uso esterno e pu\u00f2 sopportare un gran numero di sollecitazioni per lungo tempo.<\/p>\n<p>Il caminetto a legna per esterni ha anche un buon design strutturale e un buon trattamento dei dettagli. \u00c8 realizzato con spesse lastre d'acciaio, con una superficie sottile al tatto e una forte resistenza meccanica, fattori importanti per garantirne la durata. Allo stesso tempo, tiene conto delle reali esigenze dell'utente, tra cui le dimensioni, la forma, il design antivento e cos\u00ec via, in modo da essere pi\u00f9 in linea con l'ambiente e le esigenze dell'uso all'aperto.<\/p>\n<p>Il caminetto a legna per esterni offre notevoli vantaggi in termini di durata e sicurezza. \u00c8 in grado di resistere alle sfide di vari climi rigidi e ambienti naturali e di offrire un'esperienza di utilizzo all'aperto comoda e conveniente per lungo tempo. Quando si sceglie un'attrezzatura per esterni, vale la pena di considerare le eccellenti prestazioni dei focolari in acciaio per esterni esposti agli agenti atmosferici.<\/p>\n<figure id=\"attachment_1117\" aria-describedby=\"caption-attachment-1117\" style=\"width: 474px\" class=\"wp-caption aligncenter\"><a href=\"https:\/\/keweicorten.com\/it\"><img fetchpriority=\"high\" decoding=\"async\" class=\"wp-image-1117\" title=\"pozzo del fuoco\" src=\"https:\/\/keweicorten.com\/wp-content\/uploads\/2024\/09\/photobank-41-300x300.jpg\" alt=\"pozzo del fuoco\" width=\"474\" height=\"474\" srcset=\"https:\/\/keweicorten.com\/wp-content\/uploads\/2024\/09\/photobank-41-300x300.jpg 300w, https:\/\/keweicorten.com\/wp-content\/uploads\/2024\/09\/photobank-41-150x150.jpg 150w, https:\/\/keweicorten.com\/wp-content\/uploads\/2024\/09\/photobank-41-12x12.jpg 12w, https:\/\/keweicorten.com\/wp-content\/uploads\/2024\/09\/photobank-41-100x100.jpg 100w, https:\/\/keweicorten.com\/wp-content\/uploads\/2024\/09\/photobank-41.jpg 576w\" sizes=\"(max-width: 474px) 100vw, 474px\" \/><\/a><figcaption id=\"caption-attachment-1117\" class=\"wp-caption-text\">pozzo del fuoco<\/figcaption><\/figure>\n<figure id=\"attachment_1116\" aria-describedby=\"caption-attachment-1116\" style=\"width: 472px\" class=\"wp-caption aligncenter\"><a href=\"https:\/\/keweicorten.com\/it\"><img decoding=\"async\" class=\"wp-image-1116\" title=\"pozzo del fuoco\" src=\"https:\/\/keweicorten.com\/wp-content\/uploads\/2024\/09\/photobank-35-300x300.jpg\" alt=\"pozzo del fuoco\" width=\"472\" height=\"472\" srcset=\"https:\/\/keweicorten.com\/wp-content\/uploads\/2024\/09\/photobank-35-300x300.jpg 300w, https:\/\/keweicorten.com\/wp-content\/uploads\/2024\/09\/photobank-35-150x150.jpg 150w, https:\/\/keweicorten.com\/wp-content\/uploads\/2024\/09\/photobank-35-12x12.jpg 12w, https:\/\/keweicorten.com\/wp-content\/uploads\/2024\/09\/photobank-35-100x100.jpg 100w, https:\/\/keweicorten.com\/wp-content\/uploads\/2024\/09\/photobank-35.jpg 512w\" sizes=\"(max-width: 472px) 100vw, 472px\" \/><\/a><figcaption id=\"caption-attachment-1116\" class=\"wp-caption-text\">pozzo del fuoco<\/figcaption><\/figure>\n<table class=\"table\" style=\"height: 238px;\" border=\"1\" width=\"729\" cellspacing=\"1\" cellpadding=\"1\">\n<tbody>\n<tr>\n<td><strong>Prodotto<\/strong><\/td>\n<td>Focolare fumogeno per patio<\/td>\n<\/tr>\n<tr>\n<td><strong>Materiale<\/strong><\/td>\n<td>Acciaio corten<\/td>\n<\/tr>\n<tr>\n<td><strong>Diametro<\/strong><\/td>\n<td>60cm, 70cm, 80cm, 90cm, 100cm, 120cm, 150cm, 180cm<\/td>\n<\/tr>\n<tr>\n<td><strong>Spessore<\/strong><\/td>\n<td>2 mm, 3 mm, 4 mm, 5 mm<\/td>\n<\/tr>\n<tr>\n<td><strong>Finitura<\/strong><\/td>\n<td>Ossido di ferro<\/td>\n<\/tr>\n<tr>\n<td><strong>Pacchetto<\/strong><\/td>\n<td>Scatola di compensato, pallet di ferro<\/td>\n<\/tr>\n<\/tbody>\n<\/table>\n<p><a href=\"https:\/\/keweicorten.com\/it\"><img decoding=\"async\" class=\"aligncenter\" title=\"Fossa antincendio in metallo con griglia\" src=\"https:\/\/sc04.alicdn.com\/kf\/Hf2d2a0356e6c427bba74e4cf2540f967g\/221559437\/Hf2d2a0356e6c427bba74e4cf2540f967g.png?size=x0\" alt=\"Fossa antincendio in metallo con griglia\" width=\"750\" height=\"750\" \/><\/a><\/p>\n<p>I focolari in acciaio corten sono un'ottima aggiunta a qualsiasi cortile o spazio esterno. Non solo forniscono calore durante le serate pi\u00f9 fresche, ma aggiungono anche un'estetica bella e unica al vostro spazio.<\/p>\n<p>L'acciaio corten \u00e8 noto per la sua durata e le sue propriet\u00e0 di resistenza agli agenti atmosferici che lo rendono perfetto per gli spazi esterni. L'acciaio sviluppa nel tempo un aspetto naturale simile alla ruggine, che aggiunge carattere e interesse visivo al vostro focolare.<\/p>\n<p>Questi focolari sono disponibili in varie forme e dimensioni, in modo da poter scegliere quello perfetto per il vostro ambiente. Che preferiate un focolare rotondo a forma di ciotola o un design pi\u00f9 contemporaneo, c'\u00e8 un focolare in acciaio corten che si adatta al vostro stile.<\/p>\n<p>Un altro aspetto positivo dei focolari in acciaio Corten \u00e8 che possono trasformare lo spazio esterno in un accogliente luogo di ritrovo per la famiglia e gli amici. Non c'\u00e8 niente di meglio che sedersi attorno a un caminetto, godersi il calore e arrostire marshmallow. Si possono creare ricordi indelebili con i propri cari, godendo della bellezza che un focolare in acciaio Corten conferisce al proprio giardino.<\/p>","protected":false},"excerpt":{"rendered":"<p>Se state cercando di migliorare il vostro cortile o spazio all'aperto, vale la pena di prendere in considerazione un focolare in acciaio corten. Offrono calore, stile e un'atmosfera accogliente. Grazie alla loro durata e alle propriet\u00e0 di resistenza agli agenti atmosferici, potrete godervi il vostro focolare per molti anni a venire.<\/p>","protected":false},"featured_media":1118,"comment_status":"open","ping_status":"closed","template":"","meta":{"_eb_attr":"","_monsterinsights_skip_tracking":false,"_monsterinsights_sitenote_active":false,"_monsterinsights_sitenote_note":"","_monsterinsights_sitenote_category":0,"_uf_show_specific_survey":0,"_uf_disable_surveys":false},"product_brand":[],"product_cat":[54],"product_tag":[],"class_list":{"0":"post-1115","1":"product","2":"type-product","3":"status-publish","4":"has-post-thumbnail","6":"product_cat-wood-fire-pit","8":"first","9":"instock","10":"shipping-taxable","11":"product-type-simple"},"_links":{"self":[{"href":"https:\/\/keweicorten.com\/it\/wp-json\/wp\/v2\/product\/1115"}],"collection":[{"href":"https:\/\/keweicorten.com\/it\/wp-json\/wp\/v2\/product"}],"about":[{"href":"https:\/\/keweicorten.com\/it\/wp-json\/wp\/v2\/types\/product"}],"replies":[{"embeddable":true,"href":"https:\/\/keweicorten.com\/it\/wp-json\/wp\/v2\/comments?post=1115"}],"version-history":[{"count":2,"href":"https:\/\/keweicorten.com\/it\/wp-json\/wp\/v2\/product\/1115\/revisions"}],"predecessor-version":[{"id":1120,"href":"https:\/\/keweicorten.com\/it\/wp-json\/wp\/v2\/product\/1115\/revisions\/1120"}],"wp:featuredmedia":[{"embeddable":true,"href":"https:\/\/keweicorten.com\/it\/wp-json\/wp\/v2\/media\/1118"}],"wp:attachment":[{"href":"https:\/\/keweicorten.com\/it\/wp-json\/wp\/v2\/media?parent=1115"}],"wp:term":[{"taxonomy":"product_brand","embeddable":true,"href":"https:\/\/keweicorten.com\/it\/wp-json\/wp\/v2\/product_brand?post=1115"},{"taxonomy":"product_cat","embeddable":true,"href":"https:\/\/keweicorten.com\/it\/wp-json\/wp\/v2\/product_cat?post=1115"},{"taxonomy":"product_tag","embeddable":true,"href":"https:\/\/keweicorten.com\/it\/wp-json\/wp\/v2\/product_tag?post=1115"}],"curies":[{"name":"wp","href":"https:\/\/api.w.org\/{rel}","templated":true}]}}