{"id":1121,"date":"2024-09-11T09:07:08","date_gmt":"2024-09-11T09:07:08","guid":{"rendered":"https:\/\/keweicorten.com\/?post_type=product&#038;p=1121"},"modified":"2025-01-15T06:15:52","modified_gmt":"2025-01-15T06:15:52","slug":"fossa-antincendio-in-acciaio","status":"publish","type":"product","link":"https:\/\/keweicorten.com\/it\/fossa-antincendio-in-acciaio\/","title":{"rendered":"fossa antincendio in acciaio"},"content":{"rendered":"<h2>Vantaggi di un focolare in acciaio:<\/h2>\n<p>Durata: l'acciaio \u00e8 molto resistente e pu\u00f2 sopportare temperature elevate e un uso prolungato. Non si danneggia o si deforma facilmente come altri materiali.<\/p>\n<p>Riscaldamento rapido: la conducibilit\u00e0 termica dell'acciaio \u00e8 buona e il focolare pu\u00f2 raggiungere rapidamente temperature elevate, garantendo un effetto di riscaldamento pi\u00f9 efficiente.<\/p>\n<p>Bassa manutenzione: la superficie di un focolare in acciaio \u00e8 solitamente pi\u00f9 facile da pulire e non accumula facilmente cenere o sporcizia.<\/p>\n<p>Resistenza agli agenti atmosferici: gli acciai di alta qualit\u00e0 hanno solitamente una buona resistenza alla corrosione, soprattutto quelli rivestiti o trattati, che possono resistere all'impatto dei cambiamenti climatici.<\/p>\n<p>Flessibilit\u00e0 di progettazione: i focolari in acciaio possono essere progettati in una variet\u00e0 di forme e stili per soddisfare le diverse esigenze decorative e le preferenze personali.<\/p>\n<p>Sicurezza: la resistenza e la stabilit\u00e0 dell'acciaio riducono le probabilit\u00e0 di ribaltamento o di rottura del focolare durante l'uso, migliorando cos\u00ec la sicurezza d'uso.<\/p>\n<p>Economia : Rispetto ad altri materiali, l'acciaio ha solitamente un costo inferiore, per cui i focolari in acciaio sono spesso pi\u00f9 convenienti.<\/p>\n<table style=\"height: 286px;\" width=\"943\">\n<tbody>\n<tr>\n<td colspan=\"1\" rowspan=\"1\">\n<div><span data-spm-anchor-id=\"a2700.details.0.i40.21cc481046iNBp\">Nome del prodotto<\/span><\/div>\n<\/td>\n<td colspan=\"1\" rowspan=\"1\">\n<div>Vasca da fuoco rotonda per esterni in legno Acciaio corten<\/div>\n<\/td>\n<\/tr>\n<tr>\n<td colspan=\"1\" rowspan=\"1\">\n<div>Nome del marchio<\/div>\n<\/td>\n<td colspan=\"1\" rowspan=\"1\">\n<div>SHKW<\/div>\n<\/td>\n<\/tr>\n<tr>\n<td colspan=\"1\" rowspan=\"1\">\n<div>Numero di modello<\/div>\n<\/td>\n<td colspan=\"1\" rowspan=\"1\">\n<div>SHKW-FP-1<\/div>\n<\/td>\n<\/tr>\n<tr>\n<td colspan=\"1\" rowspan=\"1\">\n<div>Materiale<\/div>\n<\/td>\n<td colspan=\"1\" rowspan=\"1\">\n<div>Acciaio corten \/ Acciaio resistente agli agenti atmosferici<\/div>\n<\/td>\n<\/tr>\n<tr>\n<td colspan=\"1\" rowspan=\"1\">\n<div>Dimensione<\/div>\n<\/td>\n<td colspan=\"1\" rowspan=\"1\">\n<div>Diametro: 600 mm\/800 mm<\/div>\n<\/td>\n<\/tr>\n<tr>\n<td colspan=\"1\" rowspan=\"1\">\n<div>Spessore<\/div>\n<\/td>\n<td colspan=\"1\" rowspan=\"1\">\n<div>2 mm, 3 mm<\/div>\n<\/td>\n<\/tr>\n<tr>\n<td colspan=\"1\" rowspan=\"1\">\n<div>Pacchetto<\/div>\n<\/td>\n<td colspan=\"1\" rowspan=\"1\">\n<div>Interno: Carta espansa antiusura Esterno: scatola di compensato<\/div>\n<\/td>\n<\/tr>\n<tr>\n<td colspan=\"1\" rowspan=\"1\">\n<div>Trattamento della superficie<\/div>\n<\/td>\n<td colspan=\"1\" rowspan=\"1\">\n<div>Pre-arrugginito, personalizzabile<\/div>\n<\/td>\n<\/tr>\n<tr>\n<td colspan=\"1\" rowspan=\"1\">\n<div>MOQ<\/div>\n<\/td>\n<td colspan=\"1\" rowspan=\"1\">\n<div>10 pezzi<\/div>\n<\/td>\n<\/tr>\n<\/tbody>\n<\/table>\n<figure style=\"width: 525px\" class=\"wp-caption alignnone\"><a href=\"https:\/\/keweicorten.com\/it\/contattateci\/\"><img fetchpriority=\"high\" decoding=\"async\" class=\"\" title=\"frrepits\" src=\"https:\/\/sc04.alicdn.com\/kf\/H227635724f8b49b9bcb03865b8a626a2Q\/238887437\/H227635724f8b49b9bcb03865b8a626a2Q.png\" alt=\"frrepits\" width=\"525\" height=\"492\" \/><\/a><figcaption class=\"wp-caption-text\">frrepits<\/figcaption><\/figure>\n<figure style=\"width: 524px\" class=\"wp-caption alignnone\"><a href=\"https:\/\/keweicorten.com\/it\"><img decoding=\"async\" class=\"\" title=\"frrepits\" src=\"https:\/\/sc04.alicdn.com\/kf\/H02bda928a986446fbb5638e5ae0f5b89u\/238887437\/H02bda928a986446fbb5638e5ae0f5b89u.png\" alt=\"frrepits\" width=\"524\" height=\"524\" \/><\/a><figcaption class=\"wp-caption-text\">frrepits<\/figcaption><\/figure>\n<p>Offriamo vantaggi:<\/p>\n<p><span data-spm-anchor-id=\"a2700.details.0.i38.d01b235dvPHBfu\">1. <\/span><strong>Materiale:<\/strong>\u00a0Ghisa, acciaio al carbonio, acciaio dolce, acciaio corten, acciaio inox;<\/p>\n<p>2. <strong>Processo:<\/strong>\u00a0Stampaggio e trafilatura - Saldatura - Verniciatura - Ispezione - Imballaggio;;<\/p>\n<p>3.\u00a0<strong>Finitura:<\/strong>\u00a0Verniciatura a polvere, verniciatura ad alta temperatura, ecc...;<\/p>\n<p>4.\u00a0<strong>Dimensioni:<\/strong>\u00a0600 mm - 1500 mm;<\/p>\n<p>5. Anni di esperienza in\u00a0<strong>produzione ed esportazione<\/strong>.<\/p>\n<p>6. \u00c8 possibile realizzare ogni tipo di focolare.\u00a0<strong>secondo il requisito del cliente<\/strong>, disegno, progetto o campioni;<\/p>\n<p>7. Il servizio coordinato (imbutitura, saldatura e trattamento superficiale) rende\u00a0<strong>prezzo pi\u00f9 basso\u00a0<\/strong>possibile;<\/p>\n<p>8.\u00a0<strong>Un team di ingegneri forte\u00a0<\/strong>rende l'alta qualit\u00e0;<\/p>\n<p>9. Processo completo di test sui materiali e\u00a0<strong>controllo qualit\u00e0\u00a0<\/strong>sistema;<\/p>\n<p>10.\u00a0<strong>Puntuale\u00a0<\/strong>consegna;<\/p>\n<p>11. <strong>OEM\u00a0<\/strong>;<\/p>\n<figure id=\"attachment_1125\" aria-describedby=\"caption-attachment-1125\" style=\"width: 471px\" class=\"wp-caption alignnone\"><a href=\"https:\/\/keweicorten.com\/it\/contattateci\/\"><img decoding=\"async\" class=\"wp-image-1125\" title=\"caminetto in corten\" src=\"https:\/\/keweicorten.com\/wp-content\/uploads\/2024\/09\/23-300x300.jpg\" alt=\"caminetto in corten\" width=\"471\" height=\"471\" srcset=\"https:\/\/keweicorten.com\/wp-content\/uploads\/2024\/09\/23-300x300.jpg 300w, https:\/\/keweicorten.com\/wp-content\/uploads\/2024\/09\/23-150x150.jpg 150w, https:\/\/keweicorten.com\/wp-content\/uploads\/2024\/09\/23-12x12.jpg 12w, https:\/\/keweicorten.com\/wp-content\/uploads\/2024\/09\/23-600x600.jpg 600w, https:\/\/keweicorten.com\/wp-content\/uploads\/2024\/09\/23-100x100.jpg 100w, https:\/\/keweicorten.com\/wp-content\/uploads\/2024\/09\/23.jpg 750w\" sizes=\"(max-width: 471px) 100vw, 471px\" \/><\/a><figcaption id=\"caption-attachment-1125\" class=\"wp-caption-text\">caminetto in corten<\/figcaption><\/figure>\n<h3><span style=\"color: #000000;\">FAQ<\/span><\/h3>\n<p>D: Siete una societ\u00e0 commerciale o un produttore?<\/p>\n<p>R: Siamo una fabbrica.<\/p>\n<p>&nbsp;<\/p>\n<p>D: Qual \u00e8 il vostro tempo di consegna?<br \/>\nR: Generalmente si tratta di 5-10 giorni, in base alla quantit\u00e0.<\/p>\n<p>&nbsp;<\/p>\n<p>D: Fornite campioni? \u00c8 gratuito o extra?<\/p>\n<p>R: S\u00ec, possiamo offrire il campione.<\/p>\n<p>&nbsp;<\/p>\n<p>D: Quali sono le vostre condizioni di pagamento?<br \/>\nA: Payment=1000USD, 30% T\/T in anticipo .balance prima dello shippment.<\/p>\n<p>Se avete un'altra domanda, chiedete qui, siamo sicuri che ogni vostra domanda ricever\u00e0 la nostra attenzione e risposta immediata!<\/p>","protected":false},"excerpt":{"rendered":"<p>I nostri focolari in acciaio combinano durata e bellezza per ogni occasione all'aperto. Rendete la vostra serata pi\u00f9 calda e godetevi il fascino del fuoco.<\/p>","protected":false},"featured_media":1128,"comment_status":"open","ping_status":"closed","template":"","meta":{"_eb_attr":"","_monsterinsights_skip_tracking":false,"_monsterinsights_sitenote_active":false,"_monsterinsights_sitenote_note":"","_monsterinsights_sitenote_category":0,"_uf_show_specific_survey":0,"_uf_disable_surveys":false},"product_brand":[],"product_cat":[54],"product_tag":[],"class_list":{"0":"post-1121","1":"product","2":"type-product","3":"status-publish","4":"has-post-thumbnail","6":"product_cat-wood-fire-pit","8":"first","9":"instock","10":"shipping-taxable","11":"product-type-simple"},"_links":{"self":[{"href":"https:\/\/keweicorten.com\/it\/wp-json\/wp\/v2\/product\/1121"}],"collection":[{"href":"https:\/\/keweicorten.com\/it\/wp-json\/wp\/v2\/product"}],"about":[{"href":"https:\/\/keweicorten.com\/it\/wp-json\/wp\/v2\/types\/product"}],"replies":[{"embeddable":true,"href":"https:\/\/keweicorten.com\/it\/wp-json\/wp\/v2\/comments?post=1121"}],"version-history":[{"count":1,"href":"https:\/\/keweicorten.com\/it\/wp-json\/wp\/v2\/product\/1121\/revisions"}],"predecessor-version":[{"id":1127,"href":"https:\/\/keweicorten.com\/it\/wp-json\/wp\/v2\/product\/1121\/revisions\/1127"}],"wp:featuredmedia":[{"embeddable":true,"href":"https:\/\/keweicorten.com\/it\/wp-json\/wp\/v2\/media\/1128"}],"wp:attachment":[{"href":"https:\/\/keweicorten.com\/it\/wp-json\/wp\/v2\/media?parent=1121"}],"wp:term":[{"taxonomy":"product_brand","embeddable":true,"href":"https:\/\/keweicorten.com\/it\/wp-json\/wp\/v2\/product_brand?post=1121"},{"taxonomy":"product_cat","embeddable":true,"href":"https:\/\/keweicorten.com\/it\/wp-json\/wp\/v2\/product_cat?post=1121"},{"taxonomy":"product_tag","embeddable":true,"href":"https:\/\/keweicorten.com\/it\/wp-json\/wp\/v2\/product_tag?post=1121"}],"curies":[{"name":"wp","href":"https:\/\/api.w.org\/{rel}","templated":true}]}}