{"id":1131,"date":"2024-09-12T02:07:38","date_gmt":"2024-09-12T02:07:38","guid":{"rendered":"https:\/\/keweicorten.com\/?post_type=product&#038;p=1131"},"modified":"2025-01-15T06:15:32","modified_gmt":"2025-01-15T06:15:32","slug":"giochi-dacqua-in-acciaio-corten","status":"publish","type":"product","link":"https:\/\/keweicorten.com\/it\/giochi-dacqua-in-acciaio-corten\/","title":{"rendered":"Giochi d'acqua in acciaio corten"},"content":{"rendered":"<table>\n<tbody>\n<tr>\n<td valign=\"center\" width=\"223\"><a>Nome<\/a><\/td>\n<td valign=\"center\" width=\"517\">Fontana a cascata in metallo per esterni Grande fontana d'acqua in acciaio corten per l'arredamento del giardino<\/td>\n<\/tr>\n<tr>\n<td valign=\"center\" width=\"223\">Materiale<\/td>\n<td valign=\"center\" width=\"517\">\u00a0Acciaio inox 304\/316, CORTEN<\/td>\n<\/tr>\n<tr>\n<td valign=\"center\" width=\"223\">Utilizzo<\/td>\n<td valign=\"center\" width=\"517\">Giardino, decorazione del parco<\/td>\n<\/tr>\n<tr>\n<td valign=\"center\" width=\"223\">Colore<\/td>\n<td valign=\"center\" width=\"517\">Argento, ARTIGIANATO<\/td>\n<\/tr>\n<tr>\n<td valign=\"center\" width=\"223\">Designs<\/td>\n<td valign=\"center\" width=\"517\">Tutti i design possono essere personalizzati<\/td>\n<\/tr>\n<tr>\n<td valign=\"center\" width=\"223\">MOQ<\/td>\n<td valign=\"center\" width=\"517\">1 pezzo<\/td>\n<\/tr>\n<tr>\n<td rowspan=\"6\" valign=\"center\" width=\"223\">Vantaggio<\/td>\n<td valign=\"center\" width=\"517\">Noi siamo la facotry<\/td>\n<\/tr>\n<tr>\n<td valign=\"center\" width=\"517\">molte esperienze di produzione ed esportazione<\/td>\n<\/tr>\n<tr>\n<td valign=\"center\" width=\"517\">possiamo offrire il prezzo competitivo<\/td>\n<\/tr>\n<tr>\n<td valign=\"center\" width=\"517\">Team di progettazione professionale<\/td>\n<\/tr>\n<tr>\n<td valign=\"center\" width=\"517\">Agente di trasporto ricco di esperienza per aria, mare o treno<\/td>\n<\/tr>\n<tr>\n<td valign=\"center\" width=\"517\">\u00a0vendite e assistenza post-vendita<\/td>\n<\/tr>\n<tr>\n<td valign=\"center\" width=\"223\">Termini di pagamento<\/td>\n<td valign=\"center\" width=\"517\">T\/T, assicurazione del commercio, Paypal, Western Union, carta di credito<\/td>\n<\/tr>\n<tr>\n<td valign=\"center\" width=\"223\">Imballaggio<\/td>\n<td valign=\"center\" width=\"517\">Robusta cassa in legno con interno in schiuma impermeabile e antiurto<\/td>\n<\/tr>\n<tr>\n<td valign=\"center\" width=\"223\">Tempi di consegna<\/td>\n<td valign=\"center\" width=\"517\">35-40days dopo il deposito non compreso la correzione del moud dell'argilla e confermano il tempo<\/td>\n<\/tr>\n<\/tbody>\n<\/table>\n<h2>Vantaggi dell'impianto idrico in acciaio corten<\/h2>\n<p>Questo elemento d'acqua in acciaio corten, realizzato in acciaio inox\/acciaio corten con colore argento o arrugginito, \u00e8 assolutamente una decorazione ideale per il vostro giardino privato. Struttura unica e atmosferica vi porta un'estate fresca e confortevole, si pu\u00f2 godere di tempo bellissimo giardino con la vostra famiglia e gli amici. Forniamo veries di stili, dimensioni e materiale che si desidera per voi, si consiglia di acciaio inossidabile o acciaio atmosferico.<\/p>\n<p><img fetchpriority=\"high\" decoding=\"async\" class=\"\" src=\"https:\/\/sc04.alicdn.com\/kf\/H48150a6b46654a21b8eb4ef77a3b7107X\/255157415\/H48150a6b46654a21b8eb4ef77a3b7107X.png\" width=\"587\" height=\"587\" \/><\/p>\n<h3>Eccellente resistenza alla corrosione<\/h3>\n<p>Il materiale in acciaio resistente agli agenti atmosferici, dopo un trattamento speciale, ha una forte resistenza alla corrosione, pu\u00f2 resistere a una variet\u00e0 di sostanze chimiche e fattori ambientali, ed \u00e8 particolarmente adatto all'ambiente industriale e ai siti chimici pi\u00f9 difficili.<\/p>\n<h3>Resistenza agli agenti atmosferici e durata nel tempo<\/h3>\n<p>L'acciaio resistente alle intemperie ha una buona resistenza agli agenti atmosferici, pu\u00f2 resistere efficacemente al vento e alla pioggia, ai raggi ultravioletti e ad altri fattori climatici, prolungare la vita utile e ridurre notevolmente i costi di manutenzione.<\/p>\n<p>Prestazioni di protezione termica<br \/>\nL'acciaio resistente agli agenti atmosferici \u00e8 in grado di isolare efficacemente le radiazioni termiche, adatto agli ambienti metallurgici e ad alta temperatura nell'area di lavoro, per proteggere i lavoratori e le attrezzature dai danni.<\/p>\n<h3>Riduzione della polvere e del rumore<\/h3>\n<p>La struttura a cortina d'acqua pu\u00f2 bloccare efficacemente la diffusione di polvere, fumo e altre particelle, creare un ambiente di lavoro pulito e avere un certo effetto di riduzione del rumore.<\/p>\n<h3>Estetica<\/h3>\n<p>L'aspetto dell'acciaio resistente agli agenti atmosferici \u00e8 moderno e visivamente accattivante e pu\u00f2 essere integrato con una variet\u00e0 di stili architettonici per migliorare la bellezza complessiva dell'edificio.<\/p>\n<h3>Basso costo di manutenzione<\/h3>\n<p>Grazie alla durata e alla resistenza alla corrosione dell'acciaio resistente agli agenti atmosferici, i costi complessivi di manutenzione e sostituzione sono molto bassi e l'uso a lungo termine consente di risparmiare molto denaro.<\/p>\n<h3>Protezione dell'ambiente<\/h3>\n<p>La cortina d'acciaio resistente agli agenti atmosferici \u00e8 in grado di isolare efficacemente le sostanze nocive, di ridurre la diffusione degli agenti inquinanti e di soddisfare i requisiti di protezione ambientale durante la produzione e l'utilizzo.<\/p>\n<h3>Alta sicurezza<\/h3>\n<p>L'uso di tende in acciaio resistenti alle intemperie pu\u00f2 proteggere efficacemente la sicurezza dei lavoratori e delle attrezzature, ridurre il rischio di incidenti e offrire un ambiente di lavoro pi\u00f9 sicuro ai dipendenti.<\/p>\n<h3>Flessibilit\u00e0 di applicazione<\/h3>\n<p>La tenda d'acciaio resistente alle intemperie pu\u00f2 essere personalizzata in base alle diverse esigenze, adatta a una variet\u00e0 di luoghi, che si tratti di industria, edilizia o protezione ambientale, \u00e8 possibile trovare l'applicazione corrispondente.<\/p>\n<figure style=\"width: 750px\" class=\"wp-caption alignnone\"><a href=\"https:\/\/keweicorten.com\/it\"><img decoding=\"async\" title=\"Tenda antipioggia in metallo e acciaio corten\" src=\"https:\/\/www.keweistove.com\/uploads\/39684\/products\/20240604160439b3453.jpg?size=750x0\" alt=\"fontana d&#039;acqua\" width=\"750\" height=\"535\" \/><\/a><figcaption class=\"wp-caption-text\">Tenda antipioggia in metallo e acciaio corten<\/figcaption><\/figure>\n<table class=\"has-title hight-light-first-column all magic-29\" style=\"height: 148px;\" width=\"749\">\n<tbody>\n<tr>\n<td colspan=\"1\" rowspan=\"1\">\n<div class=\"magic-30\" data-spm-anchor-id=\"a2700.details.0.i43.43c8614cX0B5cl\">Nome<\/div>\n<\/td>\n<td colspan=\"4\" rowspan=\"1\">\n<div class=\"magic-31\">Tavolo d'acqua da giardino in acciaio corten fontana per esterni<\/div>\n<\/td>\n<\/tr>\n<tr>\n<td colspan=\"1\" rowspan=\"1\">\n<div class=\"magic-30\">materiale<\/div>\n<\/td>\n<td colspan=\"4\" rowspan=\"1\">\n<div class=\"magic-31\">acciaio corten<\/div>\n<\/td>\n<\/tr>\n<tr>\n<td colspan=\"1\" rowspan=\"1\">\n<div class=\"magic-30\">tipi di vendita a caldo<\/div>\n<\/td>\n<td colspan=\"4\" rowspan=\"1\">\n<div class=\"magic-31\">fontana d'acqua, tenda a pioggia, tavolo d'acqua<\/div>\n<\/td>\n<\/tr>\n<tr>\n<td colspan=\"1\" rowspan=\"1\">\n<div class=\"magic-30\">personalizzato<\/div>\n<\/td>\n<td colspan=\"4\" rowspan=\"1\">\n<div class=\"magic-34\">disponibile<\/div>\n<\/td>\n<\/tr>\n<\/tbody>\n<\/table>\n<figure style=\"width: 750px\" class=\"wp-caption alignnone\"><a href=\"https:\/\/keweicorten.com\/it\"><img decoding=\"async\" title=\"Tenda antipioggia in metallo e acciaio corten\" src=\"https:\/\/www.keweistove.com\/uploads\/39684\/products\/p2024060415530822cfb.png?size=750x0\" alt=\"Tenda antipioggia in metallo e acciaio corten\" width=\"750\" height=\"386\" \/><\/a><figcaption class=\"wp-caption-text\">Tenda antipioggia in metallo e acciaio corten<\/figcaption><\/figure>\n<div class=\"J_module\">\n<div data-section=\"AliMagic-0xfsiv\" data-section-title=\"FAQ\" data-spm-anchor-id=\"a2700.details.0.i39.35342bacfqBWEo\"><\/div>\n<div id=\"ali-anchor-AliMagic-0xfsiv\" class=\"magic-0\" data-section=\"AliMagic-0xfsiv\" data-section-title=\"FAQ\" data-spm-anchor-id=\"a2700.details.0.i39.35342bacfqBWEo\">FAQ<\/div>\n<\/div>\n<div class=\"J_module\">\n<div class=\"detail-decorate-json-renderer-container\">\n<div class=\"magic-20\">\n<div class=\"magic-23\">\n<div class=\"magic-24\">\n<div class=\"magic-25\">\n<div class=\"magic-11\"><span class=\"magic-6\" style=\"font-family: Arial;\">D: Realizzate prodotti personalizzati in base ai nostri disegni o alle nostre idee?<\/span><\/div>\n<div class=\"magic-11\" data-spm-anchor-id=\"a2700.details.0.i38.35342bacfqBWEo\">R: S\u00ec.<\/div>\n<div><\/div>\n<div class=\"magic-11\">D: Qual \u00e8 il MOQ?<\/div>\n<div class=\"magic-11\" data-spm-anchor-id=\"a2700.details.0.i37.35342bacfqBWEo\">R: Di solito non fissiamo un MOQ, ma pi\u00f9 \u00e8 alto, meno costa. Inoltre, siamo lieti di realizzare prototipi o campioni per i clienti per garantire lo standard di qualit\u00e0.<\/div>\n<div class=\"magic-11\"><\/div>\n<div class=\"magic-11\">D: Vi occupate voi stessi della verniciatura a polvere?<\/div>\n<div class=\"magic-11\" data-spm-anchor-id=\"a2700.details.0.i40.35342bacfqBWEo\">R: S\u00ec, siamo una fabbrica professionale di fabbricazione di lamiere che fornisce una serie completa di servizi di produzione, compreso il taglio laser.<\/div>\n<div class=\"magic-11\"><\/div>\n<div class=\"magic-11\">D: Potete aiutarci con il magazzino?<\/div>\n<div class=\"magic-11\"><span class=\"magic-22\">R: Certo.<\/span><\/div>\n<\/div>\n<\/div>\n<\/div>\n<\/div>\n<\/div>\n<\/div>","protected":false},"excerpt":{"rendered":"<p>Siamo specializzati nella fornitura di prodotti in acciaio di alta qualit\u00e0 resistenti alle intemperie per una variet\u00e0 di ambienti industriali, per garantire sicurezza e durata.<\/p>","protected":false},"featured_media":1132,"comment_status":"open","ping_status":"closed","template":"","meta":{"_eb_attr":"","_monsterinsights_skip_tracking":false,"_monsterinsights_sitenote_active":false,"_monsterinsights_sitenote_note":"","_monsterinsights_sitenote_category":0,"_uf_show_specific_survey":0,"_uf_disable_surveys":false},"product_brand":[],"product_cat":[56],"product_tag":[],"class_list":{"0":"post-1131","1":"product","2":"type-product","3":"status-publish","4":"has-post-thumbnail","6":"product_cat-water-feature","8":"first","9":"instock","10":"shipping-taxable","11":"product-type-simple"},"_links":{"self":[{"href":"https:\/\/keweicorten.com\/it\/wp-json\/wp\/v2\/product\/1131"}],"collection":[{"href":"https:\/\/keweicorten.com\/it\/wp-json\/wp\/v2\/product"}],"about":[{"href":"https:\/\/keweicorten.com\/it\/wp-json\/wp\/v2\/types\/product"}],"replies":[{"embeddable":true,"href":"https:\/\/keweicorten.com\/it\/wp-json\/wp\/v2\/comments?post=1131"}],"version-history":[{"count":4,"href":"https:\/\/keweicorten.com\/it\/wp-json\/wp\/v2\/product\/1131\/revisions"}],"predecessor-version":[{"id":1136,"href":"https:\/\/keweicorten.com\/it\/wp-json\/wp\/v2\/product\/1131\/revisions\/1136"}],"wp:featuredmedia":[{"embeddable":true,"href":"https:\/\/keweicorten.com\/it\/wp-json\/wp\/v2\/media\/1132"}],"wp:attachment":[{"href":"https:\/\/keweicorten.com\/it\/wp-json\/wp\/v2\/media?parent=1131"}],"wp:term":[{"taxonomy":"product_brand","embeddable":true,"href":"https:\/\/keweicorten.com\/it\/wp-json\/wp\/v2\/product_brand?post=1131"},{"taxonomy":"product_cat","embeddable":true,"href":"https:\/\/keweicorten.com\/it\/wp-json\/wp\/v2\/product_cat?post=1131"},{"taxonomy":"product_tag","embeddable":true,"href":"https:\/\/keweicorten.com\/it\/wp-json\/wp\/v2\/product_tag?post=1131"}],"curies":[{"name":"wp","href":"https:\/\/api.w.org\/{rel}","templated":true}]}}