{"id":1143,"date":"2024-09-12T03:32:05","date_gmt":"2024-09-12T03:32:05","guid":{"rendered":"https:\/\/keweicorten.com\/?post_type=product&#038;p=1143"},"modified":"2025-01-15T06:15:15","modified_gmt":"2025-01-15T06:15:15","slug":"bordatura-del-giardino","status":"publish","type":"product","link":"https:\/\/keweicorten.com\/it\/bordatura-del-giardino\/","title":{"rendered":"Bordi paesaggistici in corten"},"content":{"rendered":"<div class=\"text-title\">\n<figure style=\"width: 750px\" class=\"wp-caption alignnone\"><a href=\"https:\/\/keweicorten.com\/it\/contattateci\/\"><img fetchpriority=\"high\" decoding=\"async\" title=\"Bordi paesaggistici in corten\" src=\"https:\/\/sc04.alicdn.com\/kf\/A4a230982885047639f8ccbda507af4993\/276435419\/A4a230982885047639f8ccbda507af4993.jpg\" alt=\"Bordi paesaggistici in corten\" width=\"750\" height=\"454\" \/><\/a><figcaption class=\"wp-caption-text\">Bordi paesaggistici in corten<\/figcaption><\/figure>\n<h2 class=\"magic-9\"><b class=\"magic-22\"><span class=\"magic-10\" style=\"color: #000000;\" data-spm-anchor-id=\"a2700.details.0.i40.6227b6fedKS63A\">Acciaio corten Applicazione:<\/span><\/b><\/h2>\n<\/div>\n<div class=\"text-content\">\n<p><span class=\"magic-15\" style=\"color: #000000;\" data-spm-anchor-id=\"a2700.details.0.i49.6227b6fedKS63A\">L'acciaio corten \u00e8 un acciaio resistente agli agenti atmosferici, che, se non rivestito, sviluppa una patina esterna.\u00a0<\/span><\/p>\n<div><span style=\"color: #000000;\"><br \/>\n<\/span><\/p>\n<div><span style=\"color: #000000;\">Questa patina protegge l'acciaio da un'ulteriore corrosione. \u00c8 una lega di acciaio ad alta resistenza e viene utilizzata quando si desidera una maggiore resistenza e un ciclo di vita pi\u00f9 lungo.<\/span><\/div>\n<div>\n<table style=\"height: 212px;\" width=\"746\">\n<tbody>\n<tr>\n<td colspan=\"1\" rowspan=\"1\">\n<div data-spm-anchor-id=\"a2700.details.0.i42.448a13b5E0l0Oz\">Nome del prodotto<\/div>\n<\/td>\n<td colspan=\"1\" rowspan=\"1\">\n<div>Bordi di paesaggio d'acciaio galvanizzati&amp;CORTECCIA con rivestimento a polvere nera<\/div>\n<\/td>\n<\/tr>\n<tr>\n<td colspan=\"1\" rowspan=\"1\">\n<div>Materiale<\/div>\n<\/td>\n<td colspan=\"1\" rowspan=\"1\">\n<div>Acciaio corten, acciaio zincato, ecc.<\/div>\n<\/td>\n<\/tr>\n<tr>\n<td colspan=\"1\" rowspan=\"1\">\n<div data-spm-anchor-id=\"a2700.details.0.i41.448a13b5E0l0Oz\">Dimensione<\/div>\n<\/td>\n<td colspan=\"1\" rowspan=\"1\">\n<div>100 mm, 150 mm faccia o su misura<\/div>\n<\/td>\n<\/tr>\n<tr>\n<td colspan=\"1\" rowspan=\"1\">\n<div>Spighe<\/div>\n<\/td>\n<td colspan=\"1\" rowspan=\"1\">\n<div>Con o senza<\/div>\n<\/td>\n<\/tr>\n<tr>\n<td colspan=\"1\" rowspan=\"1\">\n<div>Colore<\/div>\n<\/td>\n<td colspan=\"1\" rowspan=\"1\">\n<div>Acciaio naturale, vario colore<\/div>\n<\/td>\n<\/tr>\n<tr>\n<td colspan=\"1\" rowspan=\"1\">\n<div>Piante<\/div>\n<\/td>\n<td colspan=\"1\" rowspan=\"1\">\n<div>Piante verdi, piante artificiali<\/div>\n<\/td>\n<\/tr>\n<\/tbody>\n<\/table>\n<\/div>\n<div>\n<figure style=\"width: 750px\" class=\"wp-caption alignnone\"><a href=\"https:\/\/keweicorten.com\/it\/contattateci\/\"><img decoding=\"async\" title=\"Bordi paesaggistici in acciaio corten\" src=\"https:\/\/sc02.alicdn.com\/kf\/H650f0e63dacb4e35bd6d646fd2d0975cK\/235950374\/H650f0e63dacb4e35bd6d646fd2d0975cK.jpg\" alt=\"Bordi paesaggistici in acciaio corten\" width=\"750\" height=\"404\" \/><\/a><figcaption class=\"wp-caption-text\">Bordi paesaggistici in acciaio corten<\/figcaption><\/figure>\n<\/div>\n<h2>COME INSTALLARE<\/h2>\n<p>Le punte delle bordure in corten tagliano lo sporco con facilit\u00e0. Ogni striscia pu\u00f2 essere installata in meno di un minuto e si mantiene saldamente in posizione. \u00c8 incredibilmente facile da installare, infatti gli unici strumenti necessari sono un blocco di legno da 4\u2033 x 2\u2033 e un martello.<\/p>\n<figure style=\"width: 635px\" class=\"wp-caption alignnone\"><a href=\"https:\/\/keweicorten.com\/it\/contattateci\/\"><img decoding=\"async\" title=\"bordatura del prato in corten\" src=\"https:\/\/sc04.alicdn.com\/kf\/HTB1kC8LQFXXXXcTXFXXq6xXFXXX5\/223026859\/HTB1kC8LQFXXXXcTXFXXq6xXFXXX5.jpg\" alt=\"bordatura del prato in corten\" width=\"635\" height=\"477\" \/><\/a><figcaption class=\"wp-caption-text\">bordatura del prato in corten<\/figcaption><\/figure>\n<p>Il set di bordure per esterni in corten crea un punto focale accogliente per il vostro spazio esterno. Realizzati in acciaio resistente con finitura ossidata, questi bordi presentano un design semplice con punte. Le bordature trasmettono un'atmosfera rustica e moderna, che elever\u00e0 l'aspetto del vostro patio e della vostra terrazza. Utilizzate questi bordi e le fioriere per ospitare arbusti o fiori. Perfetti come set e meglio se usati in multipli.<\/p>\n<h2>Alcuni vantaggi di <span class=\"keyword _ngcontent-dwf-109\" aria-hidden=\"false\">Bordi in acciaio corten <\/span>in orticoltura:<\/h2>\n<p>Resistenza alla corrosione<br \/>\nL'acciaio corten ha una buona resistenza alla corrosione e forma una pellicola protettiva contro la corrosione sulla sua superficie, in grado di prevenire efficacemente l'ulteriore corrosione e di garantire la sua stabilit\u00e0 a lungo termine, anche in presenza di ambienti umidi e di sostanze chimiche nel terreno.<\/p>\n<p>Estetica<\/p>\n<p>Stabilit\u00e0 strutturale<br \/>\nGrazie all'elevata resistenza e rigidit\u00e0, i pannelli di contenimento in Corten sostengono efficacemente il terreno, prevengono l'erosione del suolo e l'erosione e garantiscono la stabilit\u00e0 a lungo termine dei progetti orticoli.<\/p>\n<p>Basso costo di manutenzione<br \/>\nL'acciaio corten presenta requisiti di manutenzione inferiori rispetto ad altri materiali.<\/p>\n<p>Protezione dell'ambiente<\/p>\n<p>versatilit\u00e0<br \/>\nConfini e divisioni o aree paesaggistiche.<br \/>\nSollievo potenziato<br \/>\nAiuole o orti<\/p>\n<p>Facile da installare<br \/>\nL'acciaio corten pu\u00f2 essere tagliato in diverse forme e dimensioni, a seconda delle esigenze.<\/p>\n<\/div>\n<\/div>","protected":false},"excerpt":{"rendered":"<p>Esplorate i nostri prodotti con bordo in Corten per soluzioni di giardinaggio durevoli ed esteticamente gradevoli. Valorizzate il vostro spazio esterno e godetevi una qualit\u00e0 duratura con un design unico.<\/p>","protected":false},"featured_media":1144,"comment_status":"open","ping_status":"closed","template":"","meta":{"_eb_attr":"","_monsterinsights_skip_tracking":false,"_monsterinsights_sitenote_active":false,"_monsterinsights_sitenote_note":"","_monsterinsights_sitenote_category":0,"_uf_show_specific_survey":0,"_uf_disable_surveys":false},"product_brand":[],"product_cat":[58],"product_tag":[],"class_list":{"0":"post-1143","1":"product","2":"type-product","3":"status-publish","4":"has-post-thumbnail","6":"product_cat-garden-edging","8":"first","9":"instock","10":"shipping-taxable","11":"product-type-simple"},"_links":{"self":[{"href":"https:\/\/keweicorten.com\/it\/wp-json\/wp\/v2\/product\/1143"}],"collection":[{"href":"https:\/\/keweicorten.com\/it\/wp-json\/wp\/v2\/product"}],"about":[{"href":"https:\/\/keweicorten.com\/it\/wp-json\/wp\/v2\/types\/product"}],"replies":[{"embeddable":true,"href":"https:\/\/keweicorten.com\/it\/wp-json\/wp\/v2\/comments?post=1143"}],"version-history":[{"count":2,"href":"https:\/\/keweicorten.com\/it\/wp-json\/wp\/v2\/product\/1143\/revisions"}],"predecessor-version":[{"id":1878,"href":"https:\/\/keweicorten.com\/it\/wp-json\/wp\/v2\/product\/1143\/revisions\/1878"}],"wp:featuredmedia":[{"embeddable":true,"href":"https:\/\/keweicorten.com\/it\/wp-json\/wp\/v2\/media\/1144"}],"wp:attachment":[{"href":"https:\/\/keweicorten.com\/it\/wp-json\/wp\/v2\/media?parent=1143"}],"wp:term":[{"taxonomy":"product_brand","embeddable":true,"href":"https:\/\/keweicorten.com\/it\/wp-json\/wp\/v2\/product_brand?post=1143"},{"taxonomy":"product_cat","embeddable":true,"href":"https:\/\/keweicorten.com\/it\/wp-json\/wp\/v2\/product_cat?post=1143"},{"taxonomy":"product_tag","embeddable":true,"href":"https:\/\/keweicorten.com\/it\/wp-json\/wp\/v2\/product_tag?post=1143"}],"curies":[{"name":"wp","href":"https:\/\/api.w.org\/{rel}","templated":true}]}}