{"id":1185,"date":"2024-09-13T02:16:19","date_gmt":"2024-09-13T02:16:19","guid":{"rendered":"https:\/\/keweicorten.com\/?post_type=product&#038;p=1185"},"modified":"2025-01-15T06:27:24","modified_gmt":"2025-01-15T06:27:24","slug":"pozzo-del-fuoco-rettangolare","status":"publish","type":"product","link":"https:\/\/keweicorten.com\/it\/pozzo-del-fuoco-rettangolare\/","title":{"rendered":"pozzo del fuoco rettangolare"},"content":{"rendered":"<h2>Focolare rettangolare in acciaio corten per una maggiore durata:<\/h2>\n<p>L'acciaio corten (noto anche come acciaio per gli agenti atmosferici) \u00e8 un acciaio legato con una buona resistenza alla corrosione che viene comunemente utilizzato in prodotti come mobili per esterni, costruzioni e focolari. La durata del focolare rettangolare in acciaio corten si riflette principalmente nei seguenti aspetti:<\/p>\n<p>Resistenza alla corrosione: lo strato di corrosione che si forma sulla superficie dell'acciaio Corten \u00e8 in grado di proteggere efficacemente il metallo interno e di prevenire l'ulteriore corrosione. Questo lo rende eccellente in ambienti esterni, soprattutto in climi umidi o piovosi.<\/p>\n<p>Resistenza alle alte temperature: L'acciaio corten \u00e8 in grado di resistere alle alte temperature e pu\u00f2 essere utilizzato come materiale per i focolari. In un ambiente ad alta temperatura, le sue propriet\u00e0 fisiche non vengono intaccate in modo significativo.<\/p>\n<p>Bellissimo aspetto: l'acciaio corten former\u00e0 nel tempo un colore di ruggine unico, aggiungendo una bellezza naturale al pozzo del fuoco; con il tempo, questo aspetto si approfondir\u00e0 gradualmente, diverso dagli altri materiali del pozzo del fuoco.<\/p>\n<p>Resistenza e tenacit\u00e0: L'acciaio corten ha un'elevata resistenza, una buona tenacit\u00e0 e pu\u00f2 sopportare grandi pesi e impatti, quindi non \u00e8 facile da danneggiare nell'uso quotidiano.<\/p>\n<p>Manutenzione semplice: Sebbene l'acciaio corten possa arrugginire, in genere non richiede una manutenzione particolare. Una pulizia e un'ispezione occasionale possono mantenerlo in buone condizioni.<\/p>\n<figure style=\"width: 560px\" class=\"wp-caption alignnone\"><a href=\"https:\/\/keweicorten.com\/it\/contattateci\/\"><img fetchpriority=\"high\" decoding=\"async\" class=\"\" title=\"focolare\" src=\"https:\/\/sc04.alicdn.com\/kf\/H60df13f6dc9647ea9a7650652491828df\/253038816\/H60df13f6dc9647ea9a7650652491828df.jpg\" alt=\"\" width=\"560\" height=\"560\" \/><\/a><figcaption class=\"wp-caption-text\">focolare<\/figcaption><\/figure>\n<p>Questo focolare riscaldato per esterni \u00e8 perfetto per creare un'atmosfera accogliente e invitante nel vostro spazio esterno, che sia un patio, una terrazza o un cortile. Fornisce calore e atmosfera, consentendo di godere dell'aria aperta anche nelle stagioni pi\u00f9 fredde.<\/p>\n<figure style=\"width: 557px\" class=\"wp-caption alignnone\"><a href=\"https:\/\/keweicorten.com\/it\"><img decoding=\"async\" class=\"\" title=\"Caminetto a GAS\" src=\"https:\/\/sc04.alicdn.com\/kf\/Hc231db4a5b974aa583a6dbafea6de497j\/253038816\/Hc231db4a5b974aa583a6dbafea6de497j.jpg\" alt=\"\" width=\"557\" height=\"557\" \/><\/a><figcaption class=\"wp-caption-text\">Caminetto a GAS<\/figcaption><\/figure>\n<div class=\"J_module\">\n<div class=\"detail-decorate-json-renderer-container\">\n<div class=\"magic-8\">\n<div class=\"magic-9\">\n<div class=\"magic-10\" data-spm-anchor-id=\"a2700.details.0.i44.15a8483bWMzzev\">\n<div class=\"magic-11\"><span data-spm-anchor-id=\"a2700.details.0.i43.15a8483bWMzzev\">Grazie alla sua struttura resistente, al sistema di alimentazione efficiente e all'esperienza del fuoco naturale, questo focolare per esterni \u00e8 un'ottima soluzione.<br \/>\nper qualsiasi spazio all'aperto. Offre funzionalit\u00e0 ed estetica, rendendolo un investimento versatile e duraturo.<\/span><\/div>\n<\/div>\n<\/div>\n<\/div>\n<\/div>\n<\/div>\n<div class=\"J_module\">\n<div class=\"J_module\">\n<p id=\"ali-anchor-AliMagic-c3jg5w\" class=\"magic-3\" data-section=\"AliMagic-c3jg5w\" data-section-title=\"Exhibition\" data-spm-anchor-id=\"a2700.details.0.i45.15a8483bWMzzev\">Mostra<\/p>\n<\/div>\n<div class=\"J_module\">\n<div class=\"icbu-pc-images magic-0\">\n<div>\n<div class=\"flex-layout-v\">\n<div class=\"flex-layout-h magic-0\">\n<div class=\"magic-39\">\n<figure style=\"width: 700px\" class=\"wp-caption alignnone\"><a href=\"https:\/\/keweicorten.com\/it\"><img decoding=\"async\" class=\"magic-40\" title=\"tavolo con fuoco\" src=\"https:\/\/sc04.alicdn.com\/kf\/H9226ec0116f94907a0411307640a9146o\/253038816\/H9226ec0116f94907a0411307640a9146o.jpg\" alt=\"\" width=\"700\" height=\"200\" data-src=\"\/\/sc04.alicdn.com\/kf\/H9226ec0116f94907a0411307640a9146o\/253038816\/H9226ec0116f94907a0411307640a9146o.jpg\" \/><\/a><figcaption class=\"wp-caption-text\">tavolo con fuoco<\/figcaption><\/figure>\n<\/div>\n<\/div>\n<\/div>\n<\/div>\n<\/div>\n<\/div>\n<div class=\"J_module\">\n<div class=\"icbu-pc-images magic-0\">\n<div>\n<div class=\"flex-layout-v\">\n<div class=\"flex-layout-h magic-0\">\n<div class=\"magic-39\">\n<figure style=\"width: 700px\" class=\"wp-caption alignnone\"><a href=\"https:\/\/keweicorten.com\/it\"><img loading=\"lazy\" decoding=\"async\" class=\"magic-40\" title=\"FOSSA DEL FUOCO \" src=\"https:\/\/sc04.alicdn.com\/kf\/H4ed416c0efba48138a0d71bfbaf9f14dF\/253038816\/H4ed416c0efba48138a0d71bfbaf9f14dF.jpg\" alt=\"\" width=\"700\" height=\"200\" data-src=\"\/\/sc04.alicdn.com\/kf\/H4ed416c0efba48138a0d71bfbaf9f14dF\/253038816\/H4ed416c0efba48138a0d71bfbaf9f14dF.jpg\" \/><\/a><figcaption class=\"wp-caption-text\">FOSSA DEL FUOCO<\/figcaption><\/figure>\n<\/div>\n<\/div>\n<\/div>\n<\/div>\n<\/div>\n<\/div>\n<\/div>","protected":false},"excerpt":{"rendered":"<p>La durata dei focolari rettangolari in acciaio corten \u00e8 molto buona, ma per prolungarne la vita utile si consiglia di evitare lunghi periodi di immersione in acqua e di assicurare che il focolare possa essere ben ventilato quando non viene utilizzato.<\/p>\n<table class=\"has-title all magic-30\">\n<tbody>\n<tr>\n<td colspan=\"1\" rowspan=\"1\">\n<div class=\"magic-31\" data-spm-anchor-id=\"a2700.details.0.i47.15a8483bWMzzev\">articolo<\/div>\n<\/td>\n<td colspan=\"1\" rowspan=\"1\">\n<div class=\"magic-32\">valore<\/div>\n<\/td>\n<\/tr>\n<tr>\n<td colspan=\"1\" rowspan=\"1\">\n<div class=\"magic-33\">Colore<\/div>\n<\/td>\n<td colspan=\"1\" rowspan=\"1\">\n<div class=\"magic-34\">Rosso ruggine\/nero<\/div>\n<\/td>\n<\/tr>\n<tr>\n<td colspan=\"1\" rowspan=\"1\">\n<div class=\"magic-33\">Materiale<\/div>\n<\/td>\n<td colspan=\"1\" rowspan=\"1\">\n<div class=\"magic-34\">Acciaio corten<\/div>\n<\/td>\n<\/tr>\n<tr>\n<td colspan=\"1\" rowspan=\"1\">\n<div class=\"magic-33\">Finitura<\/div>\n<\/td>\n<td colspan=\"1\" rowspan=\"1\">\n<div class=\"magic-34\">Verniciatura a polvere, verniciatura, zincatura<\/div>\n<\/td>\n<\/tr>\n<\/tbody>\n<\/table>","protected":false},"featured_media":1191,"comment_status":"open","ping_status":"closed","template":"","meta":{"_eb_attr":"","_monsterinsights_skip_tracking":false,"_monsterinsights_sitenote_active":false,"_monsterinsights_sitenote_note":"","_monsterinsights_sitenote_category":0,"_uf_show_specific_survey":0,"_uf_disable_surveys":false},"product_brand":[],"product_cat":[55],"product_tag":[],"class_list":{"0":"post-1185","1":"product","2":"type-product","3":"status-publish","4":"has-post-thumbnail","6":"product_cat-gas-fire-pit","8":"first","9":"instock","10":"shipping-taxable","11":"product-type-simple"},"_links":{"self":[{"href":"https:\/\/keweicorten.com\/it\/wp-json\/wp\/v2\/product\/1185"}],"collection":[{"href":"https:\/\/keweicorten.com\/it\/wp-json\/wp\/v2\/product"}],"about":[{"href":"https:\/\/keweicorten.com\/it\/wp-json\/wp\/v2\/types\/product"}],"replies":[{"embeddable":true,"href":"https:\/\/keweicorten.com\/it\/wp-json\/wp\/v2\/comments?post=1185"}],"version-history":[{"count":1,"href":"https:\/\/keweicorten.com\/it\/wp-json\/wp\/v2\/product\/1185\/revisions"}],"predecessor-version":[{"id":1190,"href":"https:\/\/keweicorten.com\/it\/wp-json\/wp\/v2\/product\/1185\/revisions\/1190"}],"wp:featuredmedia":[{"embeddable":true,"href":"https:\/\/keweicorten.com\/it\/wp-json\/wp\/v2\/media\/1191"}],"wp:attachment":[{"href":"https:\/\/keweicorten.com\/it\/wp-json\/wp\/v2\/media?parent=1185"}],"wp:term":[{"taxonomy":"product_brand","embeddable":true,"href":"https:\/\/keweicorten.com\/it\/wp-json\/wp\/v2\/product_brand?post=1185"},{"taxonomy":"product_cat","embeddable":true,"href":"https:\/\/keweicorten.com\/it\/wp-json\/wp\/v2\/product_cat?post=1185"},{"taxonomy":"product_tag","embeddable":true,"href":"https:\/\/keweicorten.com\/it\/wp-json\/wp\/v2\/product_tag?post=1185"}],"curies":[{"name":"wp","href":"https:\/\/api.w.org\/{rel}","templated":true}]}}