{"id":1192,"date":"2024-09-13T03:01:53","date_gmt":"2024-09-13T03:01:53","guid":{"rendered":"https:\/\/keweicorten.com\/?post_type=product&#038;p=1192"},"modified":"2025-01-15T06:27:15","modified_gmt":"2025-01-15T06:27:15","slug":"griglia-bbq","status":"publish","type":"product","link":"https:\/\/keweicorten.com\/it\/griglia-bbq\/","title":{"rendered":"Pozzetto antincendio in acciaio corten"},"content":{"rendered":"<h2>Vantaggi del pozzo del fuoco in acciaio corten:<\/h2>\n<ul>\n<li>Resistenza alla corrosione: migliore durata in caso di utilizzo all'aperto.<\/li>\n<li>\u00a0Bellezza: l'acciaio corten ha un aspetto unico di ruggine che, con il tempo, former\u00e0 un meraviglioso contrasto con l'ambiente circostante, creando un'atmosfera naturale e artistica, adatta a una variet\u00e0 di paesaggi esterni.<\/li>\n<li>Basso costo di manutenzione: Grazie alla sua resistenza agli agenti atmosferici, il focolare in acciaio corten non richiede frequenti interventi di manutenzione e verniciatura; rispetto all'acciaio tradizionale, l'utilizzo a lungo termine consente di risparmiare sui costi.<\/li>\n<li>Protezione dell'ambiente: la produzione e il riciclaggio dell'acciaio corten sono relativamente rispettosi dell'ambiente e non vengono rilasciate sostanze nocive durante l'uso, il che \u00e8 in linea con la ricerca moderna di una protezione ambientale verde.<\/li>\n<li>Ritenzione termica: l'acciaio corten ha una buona conducibilit\u00e0 termica, \u00e8 in grado di trattenere efficacemente il calore, di fornire un'esperienza di calore e comfort pi\u00f9 lunga ed \u00e8 molto adatto all'uso in autunno e in inverno.<\/li>\n<li>Design diversificato: L'acciaio corten pu\u00f2 essere trasformato in una variet\u00e0 di forme e dimensioni, adatte a diversi stili di progettazione di cortili e terrazze.<\/li>\n<li>Sicurezza: la progettazione di un pozzo antincendio in acciaio corten tiene generalmente conto di fattori di sicurezza, come la stabilit\u00e0 e le misure di protezione, e l'utilizzo \u00e8 relativamente sicuro.<\/li>\n<\/ul>\n<table class=\"has-title all magic-7\" style=\"height: 242px;\" width=\"717\">\n<tbody>\n<tr>\n<td colspan=\"1\" rowspan=\"1\">\n<div class=\"magic-12\" data-spm-anchor-id=\"a2700.details.0.i40.236d4d79eIl29B\"><span class=\"magic-13\" style=\"color: #000000;\">Nome del prodotto<\/span><\/div>\n<\/td>\n<td colspan=\"1\" rowspan=\"1\">\n<div class=\"magic-14\"><span class=\"magic-13\" style=\"color: #000000;\">Intemperie acciaio corten portatile fossa del fuoco BBQ Grill<\/span><\/div>\n<\/td>\n<\/tr>\n<tr>\n<td colspan=\"1\" rowspan=\"1\">\n<div class=\"magic-12\"><span class=\"magic-13\" style=\"color: #000000;\">Nome del marchio<\/span><\/div>\n<\/td>\n<td colspan=\"1\" rowspan=\"1\"><span class=\"magic-13\" style=\"color: #000000;\">SHKW<\/span><\/td>\n<\/tr>\n<tr>\n<td colspan=\"1\" rowspan=\"1\">\n<div class=\"magic-12\"><span class=\"magic-13\" style=\"color: #000000;\">Numero di modello<\/span><\/div>\n<\/td>\n<td colspan=\"1\" rowspan=\"1\">\n<div class=\"magic-14\"><span class=\"magic-13\" style=\"color: #000000;\">SHKW-BBQ<\/span><span class=\"magic-15\" data-spm-anchor-id=\"a2700.pc-decorate.0.i3.5c623333VNk22J\">07<\/span><\/div>\n<\/td>\n<\/tr>\n<tr>\n<td colspan=\"1\" rowspan=\"1\">\n<div class=\"magic-12\"><span class=\"magic-13\" style=\"color: #000000;\">Materiale<\/span><\/div>\n<\/td>\n<td colspan=\"1\" rowspan=\"1\">\n<div class=\"magic-14\"><span class=\"magic-13\" style=\"color: #000000;\">Acciaio corten \/ Acciaio resistente agli agenti atmosferici<\/span><\/div>\n<\/td>\n<\/tr>\n<tr>\n<td colspan=\"1\" rowspan=\"1\">\n<div class=\"magic-12\"><span class=\"magic-13\" style=\"color: #000000;\">Dimensione<\/span><\/div>\n<\/td>\n<td colspan=\"1\" rowspan=\"1\">\n<div class=\"magic-14\"><span class=\"magic-13\" style=\"color: #000000;\">Dia: 600\/800\/900\/1000mm, Spessore: 2mm<\/span><\/div>\n<\/td>\n<\/tr>\n<tr>\n<td colspan=\"1\" rowspan=\"1\">\n<div class=\"magic-12\"><span class=\"magic-13\" style=\"color: #000000;\">Pacchetto<\/span><\/div>\n<\/td>\n<td colspan=\"1\" rowspan=\"1\">\n<div class=\"magic-14\"><span class=\"magic-13\" style=\"color: #000000;\">Interno: Carta espansa antiusura, esterno: Scatola di cartone<\/span><\/div>\n<\/td>\n<\/tr>\n<tr>\n<td colspan=\"1\" rowspan=\"1\">\n<div class=\"magic-12\"><span class=\"magic-13\" style=\"color: #000000;\">Trattamento della superficie<\/span><\/div>\n<\/td>\n<td colspan=\"1\" rowspan=\"1\">\n<div class=\"magic-14\"><span class=\"magic-13\" style=\"color: #000000;\">Pre-arrugginito, personalizzabile<\/span><\/div>\n<\/td>\n<\/tr>\n<tr>\n<td colspan=\"1\" rowspan=\"1\">\n<div class=\"magic-12\"><span class=\"magic-13\" style=\"color: #000000;\">MOQ<\/span><\/div>\n<\/td>\n<td colspan=\"1\" rowspan=\"1\">\n<div class=\"magic-14\"><span class=\"magic-13\" style=\"color: #000000;\">10 pezzi<\/span><\/div>\n<\/td>\n<\/tr>\n<\/tbody>\n<\/table>\n<figure style=\"width: 550px\" class=\"wp-caption alignnone\"><a href=\"https:\/\/keweicorten.com\/it\/contattateci\/\"><img fetchpriority=\"high\" decoding=\"async\" title=\"pozzo di fuoco in cortile\" src=\"https:\/\/sc04.alicdn.com\/kf\/H642e390ca630457fb4af493b00d4798fV\/235950374\/H642e390ca630457fb4af493b00d4798fV.jpg\" alt=\"\" width=\"550\" height=\"550\" \/><\/a><figcaption class=\"wp-caption-text\">pozzo di fuoco in cortile<\/figcaption><\/figure>\n<h2>Applicazione delle griglie in acciaio resistente agli agenti atmosferici<\/h2>\n<h3>Applicare: applicare<\/h3>\n<p>Barbecue da esterno: Le griglie in acciaio resistente agli agenti atmosferici sono molto adatte all'uso in luoghi all'aperto come cortili, balconi, terrazze e possono offrire una comoda esperienza di barbecue per le riunioni di famiglia e gli amici.<\/p>\n<p>Design del paesaggio: l'aspetto unico e arrugginito dell'acciaio resistente agli agenti atmosferici lo rende una scelta popolare nel giardinaggio moderno e nel design del paesaggio, che pu\u00f2 essere perfettamente integrato con l'ambiente circostante per migliorare la bellezza del cortile.<\/p>\n<p>Luoghi di ristorazione all'aperto: Ristoranti, bar e altre aree di ristoro all'aperto possono utilizzare le griglie in acciaio resistente agli agenti atmosferici per attirare i clienti a cucinare e mangiare all'aperto.<\/p>\n<p>Campeggio \uff1a La durata e la resistenza alla corrosione dell'acciaio resistente agli agenti atmosferici lo rendono una scelta ideale per il campeggio in natura, in grado di resistere alle intemperie.<\/p>\n<p>Eventi e festival: adatto a mercati, festival musicali, feste all'aperto e altre occasioni, fornisce un servizio di barbecue in loco per aggiungere un'atmosfera di attivit\u00e0.<\/p>\n<figure style=\"width: 695px\" class=\"wp-caption alignnone\"><a href=\"https:\/\/keweicorten.com\/it\/contattateci\/\"><img decoding=\"async\" title=\"griglia bbq\" src=\"https:\/\/sc04.alicdn.com\/kf\/H813aeec6354044c9964495c20d84b311D\/235950374\/H813aeec6354044c9964495c20d84b311D.png\" alt=\"\" width=\"695\" height=\"295\" \/><\/a><figcaption class=\"wp-caption-text\">griglia bbq<\/figcaption><\/figure>\n<h3>Vantaggio: il vantaggio<\/h3>\n<ul>\n<li>Forte resistenza agli agenti atmosferici<\/li>\n<li>Estetica<\/li>\n<li>Resistenza alle alte temperature<\/li>\n<li>Requisiti di manutenzione ridotti<\/li>\n<li>Alta resistenza<\/li>\n<li>Protezione dell'ambiente<\/li>\n<li>Design multifunzionale<\/li>\n<\/ul>\n<div class=\"J_module\">\n<div id=\"ali-anchor-AliMagic-4f9wm2\" class=\"magic-3\" data-section=\"AliMagic-4f9wm2\" data-section-title=\"More Details\">Maggiori dettagli<\/div>\n<\/div>\n<div class=\"J_module\">\n<div class=\"icbu-pc-images magic-0\">\n<div class=\"flex-layout-h\">\n<div class=\"flex-layout-v magic-18\">\n<div class=\"magic-19\"><\/div>\n<\/div>\n<div class=\"text-wrapper magic-21\">\n<div class=\"text-wrapper-right text-theme-light text-align-left\">\n<div class=\"text-content\">\n<div><span class=\"magic-13\"><a href=\"https:\/\/keweicorten.com\/it\"><img decoding=\"async\" class=\"alignnone\" src=\"https:\/\/keweicorten.com\/wp-content\/uploads\/2024\/09\/%E5%BE%AE%E4%BF%A1%E5%9B%BE%E7%89%87_20240219150940-300x232.jpg\" alt=\"\" width=\"413\" height=\"319\" \/><\/a><\/span>- Spessore di 5 mm in acciaio corten - Fuocherello\/Bruciatore minimo in confezione piatta - Facilmente smontabile e immagazzinabile in 5 pezzi<\/div>\n<\/div>\n<\/div>\n<\/div>\n<\/div>\n<\/div>\n<\/div>","protected":false},"excerpt":{"rendered":"<p>Le griglie in acciaio resistente agli agenti atmosferici non solo offrono agli utenti un'esperienza di cottura eccezionale, ma aggiungono anche un tocco di bellezza naturale all'ambiente, rendendole ideali per la vita all'aperto.<\/p>","protected":false},"featured_media":1202,"comment_status":"open","ping_status":"closed","template":"","meta":{"_eb_attr":"","_monsterinsights_skip_tracking":false,"_monsterinsights_sitenote_active":false,"_monsterinsights_sitenote_note":"","_monsterinsights_sitenote_category":0,"_uf_show_specific_survey":0,"_uf_disable_surveys":false},"product_brand":[],"product_cat":[63],"product_tag":[],"class_list":{"0":"post-1192","1":"product","2":"type-product","3":"status-publish","4":"has-post-thumbnail","6":"product_cat-steel-bbq-grill","8":"first","9":"instock","10":"shipping-taxable","11":"product-type-simple"},"_links":{"self":[{"href":"https:\/\/keweicorten.com\/it\/wp-json\/wp\/v2\/product\/1192"}],"collection":[{"href":"https:\/\/keweicorten.com\/it\/wp-json\/wp\/v2\/product"}],"about":[{"href":"https:\/\/keweicorten.com\/it\/wp-json\/wp\/v2\/types\/product"}],"replies":[{"embeddable":true,"href":"https:\/\/keweicorten.com\/it\/wp-json\/wp\/v2\/comments?post=1192"}],"version-history":[{"count":3,"href":"https:\/\/keweicorten.com\/it\/wp-json\/wp\/v2\/product\/1192\/revisions"}],"predecessor-version":[{"id":1203,"href":"https:\/\/keweicorten.com\/it\/wp-json\/wp\/v2\/product\/1192\/revisions\/1203"}],"wp:featuredmedia":[{"embeddable":true,"href":"https:\/\/keweicorten.com\/it\/wp-json\/wp\/v2\/media\/1202"}],"wp:attachment":[{"href":"https:\/\/keweicorten.com\/it\/wp-json\/wp\/v2\/media?parent=1192"}],"wp:term":[{"taxonomy":"product_brand","embeddable":true,"href":"https:\/\/keweicorten.com\/it\/wp-json\/wp\/v2\/product_brand?post=1192"},{"taxonomy":"product_cat","embeddable":true,"href":"https:\/\/keweicorten.com\/it\/wp-json\/wp\/v2\/product_cat?post=1192"},{"taxonomy":"product_tag","embeddable":true,"href":"https:\/\/keweicorten.com\/it\/wp-json\/wp\/v2\/product_tag?post=1192"}],"curies":[{"name":"wp","href":"https:\/\/api.w.org\/{rel}","templated":true}]}}