{"id":1208,"date":"2024-09-13T09:13:31","date_gmt":"2024-09-13T09:13:31","guid":{"rendered":"https:\/\/keweicorten.com\/?post_type=product&#038;p=1208"},"modified":"2024-09-13T09:15:38","modified_gmt":"2024-09-13T09:15:38","slug":"piastra-in-acciaio-corten-q235nh","status":"publish","type":"product","link":"https:\/\/keweicorten.com\/it\/piastra-in-acciaio-corten-q235nh\/","title":{"rendered":"Piastra d'acciaio corten Q235NH"},"content":{"rendered":"<h2><strong>Caratteristiche della piastra in acciaio corten Q235NH:<\/strong><\/h2>\n<ol>\n<li>\n<h3><strong>Resistenza agli agenti atmosferici<\/strong>:<\/h3>\n<ul>\n<li>Il Q235NH forma uno strato di ruggine stabile sulla sua superficie dopo essere stato esposto agli agenti atmosferici. Questo strato protegge efficacemente l'acciaio da un'ulteriore corrosione, rendendolo ideale per l'uso all'aperto senza la necessit\u00e0 di frequenti interventi di manutenzione o verniciatura.<\/li>\n<\/ul>\n<\/li>\n<li>\n<h3><strong>Alta resistenza<\/strong>:<\/h3>\n<ul>\n<li>La lastra presenta una buona combinazione di resistenza e duttilit\u00e0, che la rende adatta a varie strutture portanti. Mantiene eccellenti propriet\u00e0 meccaniche anche in condizioni climatiche difficili.<\/li>\n<\/ul>\n<\/li>\n<li>\n<h3><strong>Patina autoprotettiva<\/strong>:<\/h3>\n<ul>\n<li>Se esposto all'aria, l'acciaio sviluppa una patina o uno strato protettivo di ruggine. A differenza dell'acciaio ordinario, questa patina agisce come una barriera, impedendo una corrosione pi\u00f9 profonda. Pi\u00f9 l'acciaio \u00e8 esposto agli agenti atmosferici, pi\u00f9 lo strato protettivo si rafforza.<\/li>\n<\/ul>\n<\/li>\n<li>\n<h3><strong>Economicamente vantaggioso<\/strong>:<\/h3>\n<ul>\n<li>Il Q235NH offre una lunga durata con una manutenzione minima, riducendo il costo complessivo di propriet\u00e0. Non richiede rivestimenti protettivi aggiuntivi, il che riduce anche i costi di manutenzione rispetto all'acciaio normale.<\/li>\n<\/ul>\n<\/li>\n<li>\n<h3><strong>Buona saldabilit\u00e0 e formabilit\u00e0<\/strong>:<\/h3>\n<ul>\n<li>Questo tipo di acciaio pu\u00f2 essere facilmente saldato, tagliato e sagomato, il che lo rende versatile nei processi produttivi e adatto a un'ampia gamma di applicazioni.<\/li>\n<\/ul>\n<\/li>\n<\/ol>\n<figure style=\"width: 699px\" class=\"wp-caption alignnone\"><a href=\"https:\/\/sc04.alicdn.com\/kf\/H76e12fa30cdf479cb889402f04ac9d81J\/267682295\/H76e12fa30cdf479cb889402f04ac9d81J.jpg\" rel=\"nofollow noopener\" target=\"_blank\"><img fetchpriority=\"high\" decoding=\"async\" title=\"piastra in acciaio cortenq235\" src=\"https:\/\/sc04.alicdn.com\/kf\/H76e12fa30cdf479cb889402f04ac9d81J\/267682295\/H76e12fa30cdf479cb889402f04ac9d81J.jpg\" alt=\"\" width=\"699\" height=\"699\" \/><\/a><figcaption class=\"wp-caption-text\">piastra in acciaio cortenq235<\/figcaption><\/figure>\n<h2><strong>Vantaggi della piastra in acciaio corten Q235NH<\/strong>:<\/h2>\n<ul>\n<li><strong>Bassa manutenzione<\/strong>: Richiede poca o nessuna manutenzione perch\u00e9 lo strato protettivo di ruggine si forma naturalmente nel tempo.<\/li>\n<li><strong>Lunga durata di vita<\/strong>: Resistente alla corrosione atmosferica, in particolare in ambienti difficili.<\/li>\n<li><strong>Estetica<\/strong>: Fornisce un aspetto distintivo per usi architettonici e decorativi.<\/li>\n<\/ul>\n<figure style=\"width: 711px\" class=\"wp-caption alignnone\"><a href=\"https:\/\/keweicorten.com\/it\"><img decoding=\"async\" title=\"piastra in acciaio corten\" src=\"https:\/\/sc04.alicdn.com\/kf\/Haebe0c1e50234a0abd875e26e35b7533s\/261778336\/Haebe0c1e50234a0abd875e26e35b7533s.jpg\" alt=\"\" width=\"711\" height=\"711\" \/><\/a><figcaption class=\"wp-caption-text\">piastra in acciaio corten<\/figcaption><\/figure>\n<p>&nbsp;<\/p>\n<\/div>","protected":false},"excerpt":{"rendered":"<p><strong>Specifiche tecniche<\/strong>:<\/p>\n<ul>\n<li><strong>Spessore<\/strong>: In genere varia da 1,5 mm a 50 mm, a seconda dell'applicazione.<\/li>\n<li><strong>Larghezza<\/strong>: Da 600 mm a 2500 mm.<\/li>\n<li><strong>Lunghezza<\/strong>: In genere sono disponibili in lunghezze fino a 12000 mm, ma possono essere personalizzati.<\/li>\n<li><strong>Standard<\/strong>: Conforme agli standard cinesi GB\/T4171 per gli acciai per gli agenti atmosferici.<\/li>\n<\/ul>","protected":false},"featured_media":1209,"comment_status":"open","ping_status":"closed","template":"","meta":{"_eb_attr":"","_monsterinsights_skip_tracking":false,"_monsterinsights_sitenote_active":false,"_monsterinsights_sitenote_note":"","_monsterinsights_sitenote_category":0,"_uf_show_specific_survey":0,"_uf_disable_surveys":false},"product_brand":[],"product_cat":[21],"product_tag":[],"class_list":{"0":"post-1208","1":"product","2":"type-product","3":"status-publish","4":"has-post-thumbnail","6":"product_cat-weather-resistant-steel-plate","8":"first","9":"instock","10":"shipping-taxable","11":"product-type-simple"},"_links":{"self":[{"href":"https:\/\/keweicorten.com\/it\/wp-json\/wp\/v2\/product\/1208"}],"collection":[{"href":"https:\/\/keweicorten.com\/it\/wp-json\/wp\/v2\/product"}],"about":[{"href":"https:\/\/keweicorten.com\/it\/wp-json\/wp\/v2\/types\/product"}],"replies":[{"embeddable":true,"href":"https:\/\/keweicorten.com\/it\/wp-json\/wp\/v2\/comments?post=1208"}],"version-history":[{"count":2,"href":"https:\/\/keweicorten.com\/it\/wp-json\/wp\/v2\/product\/1208\/revisions"}],"predecessor-version":[{"id":1211,"href":"https:\/\/keweicorten.com\/it\/wp-json\/wp\/v2\/product\/1208\/revisions\/1211"}],"wp:featuredmedia":[{"embeddable":true,"href":"https:\/\/keweicorten.com\/it\/wp-json\/wp\/v2\/media\/1209"}],"wp:attachment":[{"href":"https:\/\/keweicorten.com\/it\/wp-json\/wp\/v2\/media?parent=1208"}],"wp:term":[{"taxonomy":"product_brand","embeddable":true,"href":"https:\/\/keweicorten.com\/it\/wp-json\/wp\/v2\/product_brand?post=1208"},{"taxonomy":"product_cat","embeddable":true,"href":"https:\/\/keweicorten.com\/it\/wp-json\/wp\/v2\/product_cat?post=1208"},{"taxonomy":"product_tag","embeddable":true,"href":"https:\/\/keweicorten.com\/it\/wp-json\/wp\/v2\/product_tag?post=1208"}],"curies":[{"name":"wp","href":"https:\/\/api.w.org\/{rel}","templated":true}]}}