{"id":1212,"date":"2024-09-14T01:40:12","date_gmt":"2024-09-14T01:40:12","guid":{"rendered":"https:\/\/keweicorten.com\/?post_type=product&#038;p=1212"},"modified":"2025-01-15T06:27:04","modified_gmt":"2025-01-15T06:27:04","slug":"aiuole-rialzate-in-acciaio-corten","status":"publish","type":"product","link":"https:\/\/keweicorten.com\/it\/aiuole-rialzate-in-acciaio-corten\/","title":{"rendered":"Aiuole rialzate in acciaio corten"},"content":{"rendered":"<h2>I vantaggi dei letti da giardino rialzati in acciaio corten: il vantaggio di un'aiuola in acciaio corten<\/h2>\n<ul>\n<li>Durata: La resistenza agli agenti atmosferici dell'acciaio Corten significa che \u00e8 resistente alla corrosione e all'ossidazione, quindi ha una durata estremamente lunga in ambienti esterni. Una volta formatosi uno strato di ruggine, l'acciaio \u00e8 protetto da ulteriore ruggine.<\/li>\n<li>Bellezza: l'aspetto unico e arrugginito dell'acciaio corten pu\u00f2 aggiungere un'estetica moderna e industriale al giardino, e il suo colore e la sua consistenza cambiano nel tempo, contribuendo a migliorare l'effetto visivo del design complessivo del giardino.<\/li>\n<li>Protezione dell'ambiente: l'acciaio corten \u00e8 un materiale riciclabile e il suo utilizzo pu\u00f2 ridurre l'impatto sull'ambiente.<\/li>\n<li>Prestazioni di supporto elevate: l'acciaio corten ha un'elevata resistenza e pu\u00f2 sopportare un peso elevato, adatto a piantare piante o terreni pesanti.<\/li>\n<li>\u00a0Facilit\u00e0 di manutenzione: rispetto alle aiuole rialzate in legno o altri materiali, l'acciaio corten richiede una manutenzione molto ridotta, con la sola pulizia periodica della superficie da sporco e residui vegetali.<\/li>\n<li>\u00a0Buona gestione dell'acqua: le aiuole rialzate in acciaio corten sono in grado di regolare efficacemente l'umidit\u00e0 del suolo e di prevenire l'eccesso o l'insufficienza di acqua.<\/li>\n<li>Ventilazione: il design dell'acciaio corten pu\u00f2 fornire un buon ambiente di ventilazione, favorendo la crescita delle radici.<\/li>\n<li>Il design pi\u00f9 vario: l'acciaio corten pu\u00f2 essere lavorato in una variet\u00e0 di forme e dimensioni per soddisfare le esigenze di diversi progetti orticoli.<\/li>\n<li>\u00a0Prevenire l'erosione del suolo: la struttura sopraelevata pu\u00f2 prevenire efficacemente l'erosione e l'assestamento del suolo e mantenere la posizione e la qualit\u00e0 del terreno.<\/li>\n<\/ul>\n<figure style=\"width: 679px\" class=\"wp-caption alignnone\"><a href=\"https:\/\/keweicorten.com\/it\/contattateci\/\"><img fetchpriority=\"high\" decoding=\"async\" title=\"letti rialzati in metallo\" src=\"https:\/\/sc04.alicdn.com\/kf\/Haf30791119a443b8bd8368e992195dbfZ\/255157415\/Haf30791119a443b8bd8368e992195dbfZ.jpg\" alt=\"\" width=\"679\" height=\"452\" \/><\/a><figcaption class=\"wp-caption-text\">letti rialzati in metallo<\/dd>\n<dd><\/figcaption><\/figure>\n<table class=\"all magic-13\">\n<tbody>\n<tr>\n<td colspan=\"1\" rowspan=\"1\">\n<div class=\"magic-14\">Nome del prodotto<\/div>\n<\/td>\n<td colspan=\"4\" rowspan=\"1\">\n<div class=\"magic-15\">Bordi da giardino in acciaio corten per il paesaggio<\/div>\n<\/td>\n<\/tr>\n<tr>\n<td colspan=\"1\" rowspan=\"1\">\n<div class=\"magic-14\">Materiale<\/div>\n<\/td>\n<td colspan=\"4\" rowspan=\"1\">\n<div class=\"magic-15\">Acciaio corten, acciaio inox<\/div>\n<\/td>\n<\/tr>\n<tr>\n<td colspan=\"1\" rowspan=\"1\">\n<div class=\"magic-14\">Dimensione<\/div>\n<\/td>\n<td colspan=\"4\" rowspan=\"1\">\n<div class=\"magic-15\">Lunghezza: 1065 mm; parte fuori terra: 100 mm; parte interrata: 95 mm o personalizzata<\/div>\n<\/td>\n<\/tr>\n<tr>\n<td colspan=\"1\" rowspan=\"1\">\n<div class=\"magic-14\">Superficie<\/div>\n<\/td>\n<td colspan=\"4\" rowspan=\"1\">\n<div class=\"magic-15\">\u00a0pre-arrugginito<\/div>\n<\/td>\n<\/tr>\n<tr>\n<td colspan=\"1\" rowspan=\"1\">\n<div class=\"magic-14\">Tecnologia<\/div>\n<\/td>\n<td colspan=\"4\" rowspan=\"1\">\n<div class=\"magic-15\">\u00a0Taglio al laser, piegatura, punzonatura, saldatura, esposizione agli agenti atmosferici<\/div>\n<\/td>\n<\/tr>\n<tr>\n<td colspan=\"1\" rowspan=\"1\">\n<div class=\"magic-14\">Applicazione<\/div>\n<\/td>\n<td colspan=\"4\" rowspan=\"1\">\n<div class=\"magic-18\">Arredamento per esterni o per il cortile<\/div>\n<\/td>\n<\/tr>\n<\/tbody>\n<\/table>\n<figure style=\"width: 695px\" class=\"wp-caption alignnone\"><a href=\"https:\/\/keweicorten.com\/it\/categoria-di-prodotto\/decorazioni-per-il-giardino\/\"><img decoding=\"async\" title=\"vendita di aiuole rialzate\" src=\"https:\/\/sc04.alicdn.com\/kf\/H124f45da763f46b782562a19b92b7c64S\/255157415\/H124f45da763f46b782562a19b92b7c64S.jpg\" alt=\"\" width=\"695\" height=\"388\" \/><\/a><figcaption class=\"wp-caption-text\">vendita di aiuole rialzate<\/figcaption><\/figure>\n<p>Durante la produzione, l'acciaio corten viene sottoposto a un metodo di laminazione a caldo, che prevede il passaggio dell'acciaio tra rulli a temperature molto elevate. Durante questo processo, il materiale di scarto del ferro (noto come \"scaglia di laminazione\") si sposta in superficie. Questo porta alla formazione di ruggine e di macchie durante le prime fasi del processo di invecchiamento. Una volta che lo strato esterno di scorie di ferro si \u00e8 arrugginito, il materiale presenta una superficie stabile, con un minimo di scorie o macchie. Il processo pu\u00f2 essere accelerato o la materia prima pu\u00f2 essere \"decapata\", ovvero sottoposta a un trattamento acido per rimuovere le incrostazioni prima della consegna.<\/p>\n<figure style=\"width: 702px\" class=\"wp-caption alignnone\"><a href=\"https:\/\/keweicorten.com\/it\/prodotto\/bordi-da-giardino-in-acciaio-corten\/\"><img decoding=\"async\" title=\"giardino a letto rialzato zincato\" src=\"https:\/\/sc04.alicdn.com\/kf\/H535e1b6a4db344eda5790ec285e0da4bn\/255157415\/H535e1b6a4db344eda5790ec285e0da4bn.jpg\" alt=\"\" width=\"702\" height=\"632\" \/><\/a><figcaption class=\"wp-caption-text\">giardino a letto rialzato zincato<\/figcaption><\/figure>","protected":false},"excerpt":{"rendered":"<div class=\"text-title\"><span class=\"magic-33\" data-spm-anchor-id=\"a2700.details.0.i39.162b272adCDyJJ\">Caratteristiche principali\uff1aCaratteristiche principali<\/span><\/div>\n<div class=\"text-content\">\n<div>La superficie color ruggine dell'acciaio Corten \u00e8 resistente e allo stesso tempo un elemento di stile.<\/div>\n<\/div>\n<div class=\"text-content\"><span class=\"magic-15\" data-spm-anchor-id=\"a2700.details.0.i46.162b272adCDyJJ\">Il colore ruggine \u00e8 moderno e sottolinea i nostri standard di design particolarmente elevati. <\/span><\/div>\n<div class=\"text-content\"><span class=\"magic-15\" data-spm-anchor-id=\"a2700.details.0.i46.162b272adCDyJJ\">Praticamente resistente alle intemperie e praticamente indistruttibile.<\/span><\/div>\n<div class=\"text-content\"><span class=\"magic-15\" data-spm-anchor-id=\"a2700.details.0.i46.162b272adCDyJJ\">Durevole e bello.<\/span><\/div>","protected":false},"featured_media":1213,"comment_status":"open","ping_status":"closed","template":"","meta":{"_eb_attr":"","_monsterinsights_skip_tracking":false,"_monsterinsights_sitenote_active":false,"_monsterinsights_sitenote_note":"","_monsterinsights_sitenote_category":0,"_uf_show_specific_survey":0,"_uf_disable_surveys":false},"product_brand":[],"product_cat":[58],"product_tag":[],"class_list":{"0":"post-1212","1":"product","2":"type-product","3":"status-publish","4":"has-post-thumbnail","6":"product_cat-garden-edging","8":"first","9":"instock","10":"shipping-taxable","11":"product-type-simple"},"_links":{"self":[{"href":"https:\/\/keweicorten.com\/it\/wp-json\/wp\/v2\/product\/1212"}],"collection":[{"href":"https:\/\/keweicorten.com\/it\/wp-json\/wp\/v2\/product"}],"about":[{"href":"https:\/\/keweicorten.com\/it\/wp-json\/wp\/v2\/types\/product"}],"replies":[{"embeddable":true,"href":"https:\/\/keweicorten.com\/it\/wp-json\/wp\/v2\/comments?post=1212"}],"version-history":[{"count":1,"href":"https:\/\/keweicorten.com\/it\/wp-json\/wp\/v2\/product\/1212\/revisions"}],"predecessor-version":[{"id":1214,"href":"https:\/\/keweicorten.com\/it\/wp-json\/wp\/v2\/product\/1212\/revisions\/1214"}],"wp:featuredmedia":[{"embeddable":true,"href":"https:\/\/keweicorten.com\/it\/wp-json\/wp\/v2\/media\/1213"}],"wp:attachment":[{"href":"https:\/\/keweicorten.com\/it\/wp-json\/wp\/v2\/media?parent=1212"}],"wp:term":[{"taxonomy":"product_brand","embeddable":true,"href":"https:\/\/keweicorten.com\/it\/wp-json\/wp\/v2\/product_brand?post=1212"},{"taxonomy":"product_cat","embeddable":true,"href":"https:\/\/keweicorten.com\/it\/wp-json\/wp\/v2\/product_cat?post=1212"},{"taxonomy":"product_tag","embeddable":true,"href":"https:\/\/keweicorten.com\/it\/wp-json\/wp\/v2\/product_tag?post=1212"}],"curies":[{"name":"wp","href":"https:\/\/api.w.org\/{rel}","templated":true}]}}