{"id":1234,"date":"2024-09-18T07:48:58","date_gmt":"2024-09-18T07:48:58","guid":{"rendered":"https:\/\/keweicorten.com\/?post_type=product&#038;p=1234"},"modified":"2024-09-18T07:48:59","modified_gmt":"2024-09-18T07:48:59","slug":"acciaio-corten-a588gra","status":"publish","type":"product","link":"https:\/\/keweicorten.com\/it\/acciaio-corten-a588gra\/","title":{"rendered":"Acciaio corten A588GRA"},"content":{"rendered":"<h2>Le caratteristiche principali delle lamiere di acciaio resistenti agli agenti atmosferici:<\/h2>\n<ul>\n<li>Resistenza alla corrosione: L'acciaio resistente agli agenti atmosferici forma un aspetto stabile simile alla ruggine quando \u00e8 esposto agli agenti atmosferici, che agisce come strato protettivo per prevenire una corrosione pi\u00f9 profonda. Questo strato di ossido continua a svilupparsi nel tempo, fornendo una protezione continua dall'ambiente.<\/li>\n<li>Alta resistenza: L'acciaio da agenti atmosferici ha una resistenza allo snervamento pi\u00f9 elevata rispetto agli acciai strutturali standard, il che lo rende adatto ad applicazioni strutturali complesse e consente di realizzare progetti pi\u00f9 leggeri e resistenti.<\/li>\n<li>Basso contenuto di leghe: Contiene elementi di lega specifici come rame, cromo e nichel, che ne migliorano la resistenza agli agenti atmosferici e la durata complessiva.<\/li>\n<li>Estetica<\/li>\n<li>Senza manutenzione: Uno dei maggiori vantaggi dell'acciaio corten A588GRA resistente agli agenti atmosferici \u00e8 la sua bassa necessit\u00e0 di manutenzione. Una volta formatasi la patina protettiva, in genere non sono necessari trattamenti, rivestimenti o riverniciature.<\/li>\n<li>Resistenza ambientale: L'acciaio resistente agli agenti atmosferici \u00e8 particolarmente indicato per le strutture esterne, in quanto pu\u00f2 resistere a diverse condizioni atmosferiche, tra cui pioggia, neve e temperature estreme.<\/li>\n<li>Saldabilit\u00e0: Gli acciai per agenti atmosferici Corten A588GRA possono essere saldati come gli altri acciai strutturali, anche se \u00e8 necessario tenere conto di considerazioni specifiche sul processo di saldatura per mantenere le propriet\u00e0 del materiale.<\/li>\n<li>Longevit\u00e0: L'acciaio per agenti atmosferici Corten A588GRA ha una lunga durata, che lo rende una scelta conveniente nel tempo per le strutture soggette a condizioni climatiche difficili.<\/li>\n<li>Formabilit\u00e0: Pu\u00f2 essere facilmente formato in varie forme e strutture, rendendolo versatile per applicazioni architettoniche e strutturali.<\/li>\n<li>Sostenibilit\u00e0: Grazie alla sua durata e alla bassa manutenzione, l'acciaio resistente agli agenti atmosferici contribuisce alle pratiche di costruzione sostenibili, riducendo le risorse spese per i rivestimenti e le frequenti sostituzioni.<\/li>\n<\/ul>\n<figure style=\"width: 750px\" class=\"wp-caption alignnone\"><a href=\"https:\/\/keweicorten.com\/it\/contattateci\/\"><img fetchpriority=\"high\" decoding=\"async\" title=\"lamiere in acciaio corten\" src=\"https:\/\/sc04.alicdn.com\/kf\/H4b06690ff5ec4483be228e9342b4f08fn\/239729424\/H4b06690ff5ec4483be228e9342b4f08fn.jpg\" alt=\"\" width=\"750\" height=\"929\" \/><\/a><figcaption class=\"wp-caption-text\">lamiere in acciaio corten<\/figcaption><\/figure>\n<table class=\"has-title all magic-9\" style=\"height: 323px;\" width=\"910\">\n<tbody>\n<tr>\n<td colspan=\"1\" rowspan=\"1\">\n<div class=\"magic-10\" data-spm-anchor-id=\"a2700.details.0.i42.4d704381X3PZPe\">Nome del prodotto<\/div>\n<\/td>\n<td colspan=\"4\" rowspan=\"1\">\n<div class=\"magic-11\">Piastra d'acciaio resistente agli agenti atmosferici<\/div>\n<\/td>\n<\/tr>\n<tr>\n<td colspan=\"1\" rowspan=\"1\">\n<div class=\"magic-10\" data-spm-anchor-id=\"a2700.details.0.i41.4d704381X3PZPe\">Standard<\/div>\n<\/td>\n<td colspan=\"4\" rowspan=\"1\">\n<div class=\"magic-11\">DIN GB JIS BA AISI ASTM<\/div>\n<\/td>\n<\/tr>\n<tr>\n<td colspan=\"1\" rowspan=\"1\">\n<div class=\"magic-10\">Lunghezza<\/div>\n<\/td>\n<td colspan=\"4\" rowspan=\"1\">\n<div class=\"magic-11\">\u00a0personalizzare<\/div>\n<\/td>\n<\/tr>\n<tr>\n<td colspan=\"1\" rowspan=\"1\">\n<div class=\"magic-10\">Larghezza<\/div>\n<\/td>\n<td colspan=\"4\" rowspan=\"1\">\n<div class=\"magic-11\">personalizzare<\/div>\n<\/td>\n<\/tr>\n<tr>\n<td colspan=\"1\" rowspan=\"1\">\n<div class=\"magic-10\">Spessore<\/div>\n<\/td>\n<td colspan=\"4\" rowspan=\"1\">\n<div class=\"magic-11\">2-100 mm o pu\u00f2 essere personalizzato<\/div>\n<\/td>\n<\/tr>\n<tr>\n<td colspan=\"1\" rowspan=\"1\">\n<div class=\"magic-10\">Materiale<\/div>\n<\/td>\n<td colspan=\"4\" rowspan=\"1\">\n<div class=\"magic-11\">\u00a0Q235NH Q355NH Q355GNH Q295NH Q295GNH Q460NH S235J0WP S235J2WP S235J2W A588grA CortenA CortenB Q345NH Q295NH Q295GNH Q355GNHL 09CuPCrNi-A SPA-H Corten A CortenB Cu-P<\/div>\n<\/td>\n<\/tr>\n<tr>\n<td colspan=\"1\" rowspan=\"1\">\n<div class=\"magic-10\">Pagamento<\/div>\n<\/td>\n<td colspan=\"4\" rowspan=\"1\">\n<div class=\"magic-11\">30%T\/T + bilancia 70%<\/div>\n<\/td>\n<\/tr>\n<tr>\n<td colspan=\"1\" rowspan=\"1\">\n<div class=\"magic-10\">Applicazione<\/div>\n<\/td>\n<td colspan=\"4\" rowspan=\"1\">\n<div class=\"magic-11\">L'acciaio resistente agli agenti atmosferici \u00e8 utilizzato principalmente in ferrovie, veicoli, ponti, torri, fotovoltaico, ingegneria ad alta velocit\u00e0 e altri settori a lungo termine.<br \/>\nesposizione all'atmosfera dell'utilizzo di strutture in acciaio. Pu\u00f2 essere utilizzato anche per la produzione di container, ferrovie, ecc.<br \/>\nveicoli, piattaforme petrolifere, edifici portuali, piattaforme petrolifere e contenitori di fluidi corrosivi contenenti zolfo nei settori chimico e chimico.<br \/>\nattrezzature petrolifere. Inoltre, grazie all'aspetto unico dell'acciaio resistente agli agenti atmosferici, viene spesso utilizzato anche per l'arte pubblica, per gli esterni e per i giardini.<br \/>\nscultura e decorazione delle pareti esterne degli edifici.<\/div>\n<\/td>\n<\/tr>\n<tr>\n<td colspan=\"1\" rowspan=\"1\">\n<div class=\"magic-10\">Imballaggio per l'esportazione<\/div>\n<\/td>\n<td colspan=\"4\" rowspan=\"1\">\n<div class=\"magic-11\">Carta impermeabile e striscia d'acciaio imballata.<br \/>\nStandard Export Seaworthy Package.Suit per tutti i tipi di trasporto, o come richiesto<\/div>\n<\/td>\n<\/tr>\n<tr>\n<td colspan=\"1\" rowspan=\"1\">\n<div class=\"magic-10\">Superficie<\/div>\n<\/td>\n<td colspan=\"4\" rowspan=\"1\">\n<div class=\"magic-14\">Nero, rivestimento, rivestimento a colori, vernice antiruggine, olio antiruggine, griglia, ecc.<\/div>\n<\/td>\n<\/tr>\n<\/tbody>\n<\/table>\n<h2 class=\"magic-29\"><span class=\"magic-30\" data-spm-anchor-id=\"a2700.details.0.i45.4d704381X3PZPe\">Applicazione della lamiera d'acciaio resistente agli agenti atmosferici<\/span><\/h2>\n<div class=\"magic-5\">\n<div class=\"magic-6\">\n<div class=\"magic-7\">1<b>Paesaggio resistente alle intemperie<\/b><\/p>\n<div><\/div>\n<div>2\u3001<b>Facciata continua resistente alle intemperie<\/b><\/div>\n<div><\/div>\n<div>3\u3001<b>Scultura meteorologica<\/b><\/div>\n<div><\/div>\n<div>4\u3001<b>Vaso da fiori resistente alle intemperie<\/b><\/div>\n<div><b>\u00a0<\/b><\/div>\n<div>5\u3001<b>Edificio resistente alle intemperie<\/b><\/div>\n<div><b>\u00a0<\/b><\/div>\n<div>6\u3001<b>Schermo resistente alle intemperie<\/b><\/div>\n<h2>Imballaggio del prodotto<\/h2>\n<div>\n<figure style=\"width: 646px\" class=\"wp-caption alignnone\"><a href=\"https:\/\/keweicorten.com\/it\"><img decoding=\"async\" title=\"piastra in acciaio corten\" src=\"https:\/\/sc01.alicdn.com\/kf\/HTB1qOM4nrYI8KJjy0Fa762AiVXaL\/231450570\/HTB1qOM4nrYI8KJjy0Fa762AiVXaL.png\" alt=\"\" width=\"646\" height=\"410\" \/><\/a><figcaption class=\"wp-caption-text\">piastra in acciaio corten<\/figcaption><\/figure>\n<\/div>\n<\/div>\n<\/div>\n<\/div>","protected":false},"excerpt":{"rendered":"<table class=\"all magic-1\" style=\"height: 120px;\" width=\"313\">\n<tbody>\n<tr>\n<td colspan=\"1\" rowspan=\"1\">\n<div class=\"magic-2\" data-spm-anchor-id=\"a2700.details.0.i39.73d28eb8YeAqUO\">Nome del prodotto<\/div>\n<\/td>\n<td colspan=\"1\" rowspan=\"1\">\n<div class=\"magic-3\">Piastra d'acciaio resistente agli agenti atmosferici<\/div>\n<\/td>\n<\/tr>\n<tr>\n<td colspan=\"1\" rowspan=\"1\">\n<div class=\"magic-2\">Grado<\/div>\n<\/td>\n<td colspan=\"1\" rowspan=\"1\">\n<div class=\"magic-3\">09CuPCrNi-A, cortenA, cortenB<br \/>\nQ235NH,Q295NH,Q345NH,Q500NH<br \/>\nS235JOW,S355JOW,S355J2WP<\/div>\n<\/td>\n<\/tr>\n<tr>\n<td colspan=\"1\" rowspan=\"1\">\n<div class=\"magic-2\">Tecnica<\/div>\n<\/td>\n<td colspan=\"1\" rowspan=\"1\">\n<div class=\"magic-3\">Laminato a freddo<\/div>\n<\/td>\n<\/tr>\n<tr>\n<td colspan=\"1\" rowspan=\"1\">\n<div class=\"magic-2\">Superficie<\/div>\n<\/td>\n<td colspan=\"1\" rowspan=\"1\">\n<div class=\"magic-3\">Trattamento antiruggine, pulizia, sabbiatura o secondo il requisito del cliente.<\/div>\n<\/td>\n<\/tr>\n<\/tbody>\n<\/table>","protected":false},"featured_media":1244,"comment_status":"open","ping_status":"closed","template":"","meta":{"_eb_attr":"","_monsterinsights_skip_tracking":false,"_monsterinsights_sitenote_active":false,"_monsterinsights_sitenote_note":"","_monsterinsights_sitenote_category":0,"_uf_show_specific_survey":0,"_uf_disable_surveys":false},"product_brand":[],"product_cat":[21],"product_tag":[],"class_list":{"0":"post-1234","1":"product","2":"type-product","3":"status-publish","4":"has-post-thumbnail","6":"product_cat-weather-resistant-steel-plate","8":"first","9":"instock","10":"shipping-taxable","11":"product-type-simple"},"_links":{"self":[{"href":"https:\/\/keweicorten.com\/it\/wp-json\/wp\/v2\/product\/1234"}],"collection":[{"href":"https:\/\/keweicorten.com\/it\/wp-json\/wp\/v2\/product"}],"about":[{"href":"https:\/\/keweicorten.com\/it\/wp-json\/wp\/v2\/types\/product"}],"replies":[{"embeddable":true,"href":"https:\/\/keweicorten.com\/it\/wp-json\/wp\/v2\/comments?post=1234"}],"version-history":[{"count":1,"href":"https:\/\/keweicorten.com\/it\/wp-json\/wp\/v2\/product\/1234\/revisions"}],"predecessor-version":[{"id":1245,"href":"https:\/\/keweicorten.com\/it\/wp-json\/wp\/v2\/product\/1234\/revisions\/1245"}],"wp:featuredmedia":[{"embeddable":true,"href":"https:\/\/keweicorten.com\/it\/wp-json\/wp\/v2\/media\/1244"}],"wp:attachment":[{"href":"https:\/\/keweicorten.com\/it\/wp-json\/wp\/v2\/media?parent=1234"}],"wp:term":[{"taxonomy":"product_brand","embeddable":true,"href":"https:\/\/keweicorten.com\/it\/wp-json\/wp\/v2\/product_brand?post=1234"},{"taxonomy":"product_cat","embeddable":true,"href":"https:\/\/keweicorten.com\/it\/wp-json\/wp\/v2\/product_cat?post=1234"},{"taxonomy":"product_tag","embeddable":true,"href":"https:\/\/keweicorten.com\/it\/wp-json\/wp\/v2\/product_tag?post=1234"}],"curies":[{"name":"wp","href":"https:\/\/api.w.org\/{rel}","templated":true}]}}