{"id":1241,"date":"2024-09-18T07:36:57","date_gmt":"2024-09-18T07:36:57","guid":{"rendered":"https:\/\/keweicorten.com\/?post_type=product&#038;p=1241"},"modified":"2024-09-18T07:36:57","modified_gmt":"2024-09-18T07:36:57","slug":"lamiera-dacciaio-corten-q345nh","status":"publish","type":"product","link":"https:\/\/keweicorten.com\/it\/lamiera-dacciaio-corten-q345nh\/","title":{"rendered":"lamiera d'acciaio corten Q345NH"},"content":{"rendered":"<p>L'acciaio corten, noto anche come acciaio per gli agenti atmosferici, \u00e8 un tipo di lega di acciaio progettato per resistere alla corrosione e all'abrasione. Il Q345NH \u00e8 un grado specifico di acciaio per agenti atmosferici comunemente utilizzato in ambienti atmosferici. Ecco alcuni punti chiave relativi al Q345NH:<\/p>\n<h2>Caratteristiche di Q345NH:<\/h2>\n<p>1. Composizione: la lamiera d'acciaio corten Q345NH presenta tipicamente elementi aggiuntivi come cromo, nichel e rame, che ne migliorano la resistenza alla corrosione atmosferica.<br \/>\n2. Resistenza alla corrosione: L'acciaio forma uno strato di patina protettiva quando \u00e8 esposto agli agenti atmosferici, che impedisce un'ulteriore corrosione.<br \/>\n3. Propriet\u00e0 meccaniche:<br \/>\n- Resistenza allo snervamento: Circa 345 MPa<br \/>\n- Resistenza alla trazione: In genere tra 470-630 MPa<br \/>\n4. Applicazioni: Utilizzato spesso in strutture esterne, ponti, sculture e progetti architettonici in cui \u00e8 importante la resistenza agli agenti atmosferici.<\/p>\n<h2>Lamiera d'acciaio corten Q345NH Vantaggi:<\/h2>\n<p>Durata: Lunga durata grazie alla resistenza alla corrosione.<br \/>\nBassa manutenzione: La patina protettiva riduce la necessit\u00e0 di una manutenzione regolare.<br \/>\nEstetica: Offre un aspetto rustico unico, desiderabile in molte applicazioni architettoniche.<\/p>\n<p>Considerazioni:<br \/>\nPer garantire l'efficacia della patina \u00e8 necessaria una progettazione adeguata.<br \/>\n- Pu\u00f2 richiedere tecniche di manipolazione e saldatura speciali a causa della composizione della lega.<\/p>\n<figure style=\"width: 606px\" class=\"wp-caption alignnone\"><a href=\"https:\/\/keweicorten.com\/it\/contattateci\/\"><img fetchpriority=\"high\" decoding=\"async\" title=\"metallo corten\" src=\"https:\/\/sc04.alicdn.com\/kf\/H1bfd17afb11542dd95c1e18de852bb2cJ\/234518937\/H1bfd17afb11542dd95c1e18de852bb2cJ.jpg\" alt=\"\" width=\"606\" height=\"545\" \/><\/a><figcaption class=\"wp-caption-text\">metallo corten<\/figcaption><\/figure>\n<table class=\"has-title all magic-9\" style=\"height: 175px;\" width=\"890\">\n<tbody>\n<tr>\n<td colspan=\"1\" rowspan=\"1\">\n<div class=\"magic-10\" data-spm-anchor-id=\"a2700.details.0.i34.6d627765emMXnq\">Nome del prodotto<\/div>\n<\/td>\n<td colspan=\"4\" rowspan=\"1\">\n<div class=\"magic-11\">Piastra d'acciaio resistente agli agenti atmosferici<\/div>\n<\/td>\n<\/tr>\n<tr>\n<td colspan=\"1\" rowspan=\"1\">\n<div class=\"magic-10\">Standard<\/div>\n<\/td>\n<td colspan=\"4\" rowspan=\"1\">\n<div class=\"magic-11\">DIN GB JIS BA AISI ASTM<\/div>\n<\/td>\n<\/tr>\n<tr>\n<td colspan=\"1\" rowspan=\"1\">\n<div class=\"magic-10\">Lunghezza<\/div>\n<\/td>\n<td colspan=\"4\" rowspan=\"1\">\n<div class=\"magic-11\">Pu\u00f2 essere personalizzato<\/div>\n<\/td>\n<\/tr>\n<tr>\n<td colspan=\"1\" rowspan=\"1\">\n<div class=\"magic-10\">Larghezza<\/div>\n<\/td>\n<td colspan=\"4\" rowspan=\"1\">\n<div class=\"magic-11\">Pu\u00f2 essere personalizzato<\/div>\n<\/td>\n<\/tr>\n<tr>\n<td colspan=\"1\" rowspan=\"1\">\n<div class=\"magic-10\">Spessore<\/div>\n<\/td>\n<td colspan=\"4\" rowspan=\"1\">\n<div class=\"magic-11\">2-100 mm o pu\u00f2 essere personalizzato<\/div>\n<\/td>\n<\/tr>\n<tr>\n<td colspan=\"1\" rowspan=\"1\">\n<div class=\"magic-10\">Materiale<\/div>\n<\/td>\n<td colspan=\"4\" rowspan=\"1\">\n<div class=\"magic-11\">Q345NH<\/div>\n<\/td>\n<\/tr>\n<tr>\n<td colspan=\"1\" rowspan=\"1\">Provvedimento<\/td>\n<td colspan=\"4\" rowspan=\"1\">Henan, anyang<\/td>\n<\/tr>\n<tr>\n<td colspan=\"1\" rowspan=\"1\">\n<div class=\"magic-10\">Applicazione<\/div>\n<\/td>\n<td colspan=\"4\" rowspan=\"1\">\n<div class=\"magic-11\" data-spm-anchor-id=\"a2700.details.0.i41.6d627765emMXnq\">L'acciaio resistente agli agenti atmosferici \u00e8 utilizzato principalmente in ferrovie, veicoli, ponti, torri, fotovoltaico, ingegneria ad alta velocit\u00e0 e altri settori a lungo termine.<br \/>\nesposizione all'atmosfera dell'utilizzo di strutture in acciaio. Pu\u00f2 essere utilizzato anche per la produzione di container, ferrovie, ecc.<br \/>\nveicoli, piattaforme petrolifere, edifici portuali, piattaforme petrolifere e contenitori di fluidi corrosivi contenenti zolfo nei settori chimico e chimico.<br \/>\nattrezzature petrolifere. Inoltre, grazie all'aspetto unico dell'acciaio resistente agli agenti atmosferici, viene spesso utilizzato anche per l'arte pubblica, per gli esterni e per i giardini.<br \/>\nscultura e decorazione delle pareti esterne degli edifici.<\/div>\n<\/td>\n<\/tr>\n<tr>\n<td colspan=\"1\" rowspan=\"1\">\n<div class=\"magic-10\">Imballaggio per l'esportazione<\/div>\n<\/td>\n<td colspan=\"4\" rowspan=\"1\">\n<div class=\"magic-11\">Carta impermeabile e striscia d'acciaio imballata.<br \/>\nStandard Export Seaworthy Package.Suit per tutti i tipi di trasporto, o come richiesto<\/div>\n<\/td>\n<\/tr>\n<tr>\n<td colspan=\"1\" rowspan=\"1\">\n<div class=\"magic-10\">Superficie<\/div>\n<\/td>\n<td colspan=\"4\" rowspan=\"1\">\n<div class=\"magic-14\">Nero, rivestimento, rivestimento a colori, vernice antiruggine, olio antiruggine, griglia, ecc.<\/div>\n<\/td>\n<\/tr>\n<\/tbody>\n<\/table>\n<figure style=\"width: 808px\" class=\"wp-caption alignnone\"><a href=\"https:\/\/keweicorten.com\/it\"><img decoding=\"async\" title=\"acciaio per agenti atmosferici cor ten\" src=\"https:\/\/sc04.alicdn.com\/kf\/Hd90ee00edc574f218534265cd9014001r\/244098142\/Hd90ee00edc574f218534265cd9014001r.jpg\" alt=\"\" width=\"808\" height=\"606\" \/><\/a><figcaption class=\"wp-caption-text\">acciaio per agenti atmosferici cor ten<\/dd>\n<dd><\/figcaption><\/figure>\n<div class=\"magic-25\">\n<h3 class=\"magic-28\"><span class=\"magic-22\" data-spm-anchor-id=\"a2700.details.0.i44.6d627765emMXnq\">Facciata continua resistente alle intemperie<\/span><\/h3>\n<\/div>\n<div class=\"magic-6\">\n<div class=\"magic-7\"><span class=\"magic-8\">La superficie della lastra d'acciaio resistente agli agenti atmosferici pu\u00f2 formare un denso strato di ossido con un colore rosso ruggine naturale stabile e uniforme, che rappresenta un materiale attraente per le pareti esterne degli edifici.<\/span><\/div>\n<\/div>\n<div><\/div>\n<div>\n<div class=\"J_module\">\n<h2 id=\"ali-anchor-AliMagic-59mjkc\" class=\"magic-0\" data-section=\"AliMagic-59mjkc\" data-section-title=\"Packing and shipping\" data-spm-anchor-id=\"a2700.details.0.i47.6d627765emMXnq\">Imballaggio e spedizione<\/h2>\n<p>Per garantire la sicurezza delle vostre merci, vi saranno forniti servizi di imballaggio professionali, ecologici, convenienti ed efficienti.<\/p>\n<\/div>\n<\/div>\n<div class=\"magic-6\">\n<div>\n<figure style=\"width: 702px\" class=\"wp-caption alignnone\"><a href=\"https:\/\/keweicorten.com\/it\"><img decoding=\"async\" title=\"cor dieci\" src=\"https:\/\/sc04.alicdn.com\/kf\/H7797fd55b837482089a07478ece1cdc1U\/244098142\/H7797fd55b837482089a07478ece1cdc1U.jpg\" alt=\"\" width=\"702\" height=\"437\" \/><\/a><figcaption class=\"wp-caption-text\">cor dieci<\/figcaption><\/figure>\n<figure style=\"width: 700px\" class=\"wp-caption alignnone\"><a href=\"https:\/\/keweicorten.com\/it\"><img loading=\"lazy\" decoding=\"async\" title=\"Rivestimento in acciaio corten\" src=\"https:\/\/sc04.alicdn.com\/kf\/H8a0f8c737f5141c4a353d7772f3f6b566\/244098142\/H8a0f8c737f5141c4a353d7772f3f6b566.jpg\" alt=\"\" width=\"700\" height=\"525\" \/><\/a><figcaption class=\"wp-caption-text\">Rivestimento in acciaio corten<\/figcaption><\/figure>\n<div class=\"J_module\">\n<h2 id=\"ali-anchor-AliMagic-hdaj54\" class=\"magic-0\" data-section=\"AliMagic-hdaj54\" data-section-title=\"FAQ\">FAQ<\/h2>\n<\/div>\n<div class=\"J_module\">\n<div class=\"detail-decorate-json-renderer-container\">\n<div class=\"magic-4\">\n<div class=\"magic-5\">\n<div class=\"magic-6\">\n<div class=\"magic-7\"><b><span class=\"magic-23\">1. POSSO AVERE DEI CAMPIONI? <\/span><\/b><\/p>\n<div><span class=\"magic-23\">S\u00ec. Possiamo fornire campioni, ma \u00e8 necessario pagare in anticipo il costo del campione e le spese di spedizione. Rimborseremo il costo del campione dopo aver effettuato l'ordine. Comunicateci il vostro account di corriere o inviateci le vostre spese e provvederemo a inviarvi un campione.<br \/>\n<b class=\"magic-57\">2. POTETE PRODURRE IN BASE AI CAMPIONI? <\/b><br \/>\nS\u00ec, possiamo produrre i vostri campioni o disegni tecnici. Possiamo costruire stampi e attrezzature.<br \/>\n<b class=\"magic-57\">3. QUALI SONO LE VOSTRE CONDIZIONI DI PAGAMENTO? <\/b><br \/>\nPagamento=1000USD, 30% T\/T in anticipo, equilibrio prima della spedizione. Se avete un'altra domanda, non esitate a contattarci.<br \/>\n<b class=\"magic-57\">4. QUALI SONO I VOSTRI TERMINI DI CONSEGNA? <\/b><br \/>\nEXW, FOB, CFR, CIF, DDU.<br \/>\n<b class=\"magic-57\">5. POSSIAMO VISITARE LA VOSTRA FABBRICA?<\/b><br \/>\nUn caloroso benvenuto. Una volta ricevuto il vostro programma, il team di vendita professionale si occuper\u00e0 di seguire il vostro caso.<br \/>\n<b class=\"magic-57\">6. E I TEMPI DI CONSEGNA? <\/b><br \/>\nIn generale, da 10 a 25 giorni dopo aver ricevuto il pagamento anticipato. Il termine di consegna esatto dipende dalla merce e dalla quantit\u00e0 ordinata.<br \/>\n<b class=\"magic-57\">7. VANTAGGI POST-VENDITA<\/b>.<br \/>\nGaranzia di un anno per i prodotti; se trovate parti difettose per la prima volta, vi forniremo nuove parti gratuitamente nel prossimo ordine. In qualit\u00e0 di produttore esperto, potete essere certi della qualit\u00e0 e del servizio post-vendita.<\/span><\/div>\n<\/div>\n<\/div>\n<\/div>\n<\/div>\n<\/div>\n<\/div>\n<\/div>\n<\/div>","protected":false},"excerpt":{"rendered":"<p>Il Q345NH \u00e8 ampiamente utilizzato nel settore edile e artistico grazie alle sue propriet\u00e0 uniche e al suo fascino estetico. Se avete richieste pi\u00f9 specifiche o necessitate di ulteriori informazioni, non esitate a chiedere!<\/p>","protected":false},"featured_media":1242,"comment_status":"open","ping_status":"closed","template":"","meta":{"_eb_attr":"","_monsterinsights_skip_tracking":false,"_monsterinsights_sitenote_active":false,"_monsterinsights_sitenote_note":"","_monsterinsights_sitenote_category":0,"_uf_show_specific_survey":0,"_uf_disable_surveys":false},"product_brand":[],"product_cat":[21],"product_tag":[],"class_list":{"0":"post-1241","1":"product","2":"type-product","3":"status-publish","4":"has-post-thumbnail","6":"product_cat-weather-resistant-steel-plate","8":"first","9":"instock","10":"shipping-taxable","11":"product-type-simple"},"_links":{"self":[{"href":"https:\/\/keweicorten.com\/it\/wp-json\/wp\/v2\/product\/1241"}],"collection":[{"href":"https:\/\/keweicorten.com\/it\/wp-json\/wp\/v2\/product"}],"about":[{"href":"https:\/\/keweicorten.com\/it\/wp-json\/wp\/v2\/types\/product"}],"replies":[{"embeddable":true,"href":"https:\/\/keweicorten.com\/it\/wp-json\/wp\/v2\/comments?post=1241"}],"version-history":[{"count":1,"href":"https:\/\/keweicorten.com\/it\/wp-json\/wp\/v2\/product\/1241\/revisions"}],"predecessor-version":[{"id":1243,"href":"https:\/\/keweicorten.com\/it\/wp-json\/wp\/v2\/product\/1241\/revisions\/1243"}],"wp:featuredmedia":[{"embeddable":true,"href":"https:\/\/keweicorten.com\/it\/wp-json\/wp\/v2\/media\/1242"}],"wp:attachment":[{"href":"https:\/\/keweicorten.com\/it\/wp-json\/wp\/v2\/media?parent=1241"}],"wp:term":[{"taxonomy":"product_brand","embeddable":true,"href":"https:\/\/keweicorten.com\/it\/wp-json\/wp\/v2\/product_brand?post=1241"},{"taxonomy":"product_cat","embeddable":true,"href":"https:\/\/keweicorten.com\/it\/wp-json\/wp\/v2\/product_cat?post=1241"},{"taxonomy":"product_tag","embeddable":true,"href":"https:\/\/keweicorten.com\/it\/wp-json\/wp\/v2\/product_tag?post=1241"}],"curies":[{"name":"wp","href":"https:\/\/api.w.org\/{rel}","templated":true}]}}