{"id":1266,"date":"2024-09-19T07:02:47","date_gmt":"2024-09-19T07:02:47","guid":{"rendered":"https:\/\/keweicorten.com\/?post_type=product&#038;p=1266"},"modified":"2025-01-15T06:26:46","modified_gmt":"2025-01-15T06:26:46","slug":"pozzo-del-fuoco-a-propano-rettangolare","status":"publish","type":"product","link":"https:\/\/keweicorten.com\/it\/pozzo-del-fuoco-a-propano-rettangolare\/","title":{"rendered":"pozzo del fuoco a propano rettangolare"},"content":{"rendered":"<p>Un focolare a propano rettangolare \u00e8 un elemento di riscaldamento per esterni moderno ed elegante, progettato per fornire calore e atmosfera al vostro spazio esterno. Questi focolari a propano rettangolari sono caratterizzati da un'elegante forma rettangolare, che offre un'ampia superficie per la distribuzione del calore e l'utilizzo come elemento funzionale, come un piano d'appoggio.<\/p>\n<h3>Caratteristiche principali:<\/h3>\n<ul>\n<li><strong>Fonte di carburante<\/strong>: Vengono utilizzati serbatoi di propano per ottenere un fuoco pulito e senza fumo.<\/li>\n<li><strong>I materiali<\/strong>: Sono comunemente realizzati in materiali durevoli come acciaio, cemento o pietra con finiture resistenti al calore.<\/li>\n<li><strong>Potenza termica<\/strong>: Varia da 40.000 a 60.000 BTU, fornendo un calore sufficiente per le riunioni all'aperto.<\/li>\n<li><strong>Design<\/strong>: Molti di essi sono dotati di rocce laviche o perle di vetro per un tocco estetico, mentre alcuni sono dotati di protezioni per il vento.<\/li>\n<li><strong>Controllo<\/strong>: Sistemi di accensione facili da usare (spesso elettronici) e controlli di fiamma regolabili.<\/li>\n<li><strong>Sicurezza<\/strong>: Dotato di dispositivi di sicurezza come manopole di controllo della fiamma e termocoppie per garantire l'interruzione del gas in caso di spegnimento della fiamma.<\/li>\n<\/ul>\n<figure style=\"width: 699px\" class=\"wp-caption alignnone\"><a href=\"https:\/\/keweicorten.com\/it\/contattateci\/\"><img fetchpriority=\"high\" decoding=\"async\" title=\"camino a gas\" src=\"https:\/\/sc04.alicdn.com\/kf\/Hcf090efa346e40f1a850432dab472783H\/252624420\/Hcf090efa346e40f1a850432dab472783H.jpg\" alt=\"\" width=\"699\" height=\"466\" \/><\/a><figcaption class=\"wp-caption-text\">camino a gas<\/figcaption><\/figure>\n<div class=\"text-title\"><span data-spm-anchor-id=\"a2700.details.0.i39.53387bab8p4IaA\">Materiale: acciaio corten<\/span><\/div>\n<div class=\"text-content\">L'acciaio corten \u00e8 talvolta chiamato acciaio per gli agenti atmosferici. La ragione per cui dura cos\u00ec a lungo \u00e8 che il primo strato di corrosione impedisce qualsiasi<br \/>\nulteriore deterioramento causato dalla ruggine.<br \/>\nPi\u00f9 lo si usa, pi\u00f9 \u00e8 bello. Dopo un po' di tempo, l'acciaio forma un bellissimo strato di patina naturale.<br \/>\nIl tavolo Barbecue in acciaio corten con griglia pu\u00f2 essere lasciato all'aperto tutto l'anno senza bisogno di copertura.<\/div>\n<div><\/div>\n<div><b>Caratteristiche<\/b><br \/>\n* Costruzione in acciaio corten: forma una ruggine stabile e autoprotettiva che non richiede verniciatura o manutenzione, per un'estetica alla moda che non compromette la resistenza strutturale.<\/div>\n<div>\n<figure style=\"width: 699px\" class=\"wp-caption alignnone\"><a href=\"https:\/\/keweicorten.com\/it\"><img decoding=\"async\" title=\"patio a gas per fuochi d&#039;artificio\" src=\"https:\/\/sc04.alicdn.com\/kf\/U2c2403c96e304a709211131f097adac1r\/235950374\/U2c2403c96e304a709211131f097adac1r.jpg\" alt=\"\" width=\"699\" height=\"393\" \/><\/a><figcaption class=\"wp-caption-text\">patio a gas per fuochi d'artificio<\/figcaption><\/figure>\n<\/div>","protected":false},"excerpt":{"rendered":"<table class=\"has-title all magic-25\">\n<tbody>\n<tr>\n<td colspan=\"1\" rowspan=\"1\">\n<div class=\"magic-26\" data-spm-anchor-id=\"a2700.details.0.i40.53387bab8p4IaA\">Nome del prodotto<\/div>\n<\/td>\n<td colspan=\"1\" rowspan=\"1\">\n<div class=\"magic-27\">Durevole riscaldatore all'aperto fuoco carbone metallo natura gas nel pozzo del fuoco all'aperto<\/div>\n<\/td>\n<\/tr>\n<tr>\n<td colspan=\"1\" rowspan=\"1\">\n<div class=\"magic-26\">Materiale<\/div>\n<\/td>\n<td colspan=\"1\" rowspan=\"1\">\n<div class=\"magic-27\">Acciaio corten, acciaio inox<\/div>\n<\/td>\n<\/tr>\n<tr>\n<td colspan=\"1\" rowspan=\"1\">\n<div class=\"magic-26\">Dimensione<\/div>\n<\/td>\n<td colspan=\"1\" rowspan=\"1\">\n<div class=\"magic-27\">1200*500*600mm o personalizzato<\/div>\n<\/td>\n<\/tr>\n<tr>\n<td colspan=\"1\" rowspan=\"1\">\n<div class=\"magic-26\">Superficie<\/div>\n<\/td>\n<td colspan=\"1\" rowspan=\"1\">\n<div class=\"magic-27\">\u00a0pre-arrugginito<\/div>\n<\/td>\n<\/tr>\n<tr>\n<td colspan=\"1\" rowspan=\"1\">\n<div class=\"magic-26\">Tecnologia<\/div>\n<\/td>\n<td colspan=\"1\" rowspan=\"1\">\n<div class=\"magic-27\">\u00a0Taglio al laser, piegatura, punzonatura, saldatura, esposizione agli agenti atmosferici<\/div>\n<\/td>\n<\/tr>\n<tr>\n<td colspan=\"1\" rowspan=\"1\">\n<div class=\"magic-26\">Applicazione<\/div>\n<\/td>\n<td colspan=\"1\" rowspan=\"1\">\n<div class=\"magic-27\">Arredamento per esterni o per il cortile<\/div>\n<\/td>\n<\/tr>\n<\/tbody>\n<\/table>","protected":false},"featured_media":1267,"comment_status":"open","ping_status":"closed","template":"","meta":{"_eb_attr":"","_monsterinsights_skip_tracking":false,"_monsterinsights_sitenote_active":false,"_monsterinsights_sitenote_note":"","_monsterinsights_sitenote_category":0,"_uf_show_specific_survey":0,"_uf_disable_surveys":false},"product_brand":[],"product_cat":[55],"product_tag":[],"class_list":{"0":"post-1266","1":"product","2":"type-product","3":"status-publish","4":"has-post-thumbnail","6":"product_cat-gas-fire-pit","8":"first","9":"instock","10":"shipping-taxable","11":"product-type-simple"},"_links":{"self":[{"href":"https:\/\/keweicorten.com\/it\/wp-json\/wp\/v2\/product\/1266"}],"collection":[{"href":"https:\/\/keweicorten.com\/it\/wp-json\/wp\/v2\/product"}],"about":[{"href":"https:\/\/keweicorten.com\/it\/wp-json\/wp\/v2\/types\/product"}],"replies":[{"embeddable":true,"href":"https:\/\/keweicorten.com\/it\/wp-json\/wp\/v2\/comments?post=1266"}],"version-history":[{"count":1,"href":"https:\/\/keweicorten.com\/it\/wp-json\/wp\/v2\/product\/1266\/revisions"}],"predecessor-version":[{"id":1268,"href":"https:\/\/keweicorten.com\/it\/wp-json\/wp\/v2\/product\/1266\/revisions\/1268"}],"wp:featuredmedia":[{"embeddable":true,"href":"https:\/\/keweicorten.com\/it\/wp-json\/wp\/v2\/media\/1267"}],"wp:attachment":[{"href":"https:\/\/keweicorten.com\/it\/wp-json\/wp\/v2\/media?parent=1266"}],"wp:term":[{"taxonomy":"product_brand","embeddable":true,"href":"https:\/\/keweicorten.com\/it\/wp-json\/wp\/v2\/product_brand?post=1266"},{"taxonomy":"product_cat","embeddable":true,"href":"https:\/\/keweicorten.com\/it\/wp-json\/wp\/v2\/product_cat?post=1266"},{"taxonomy":"product_tag","embeddable":true,"href":"https:\/\/keweicorten.com\/it\/wp-json\/wp\/v2\/product_tag?post=1266"}],"curies":[{"name":"wp","href":"https:\/\/api.w.org\/{rel}","templated":true}]}}