{"id":1273,"date":"2024-09-19T07:42:09","date_gmt":"2024-09-19T07:42:09","guid":{"rendered":"https:\/\/keweicorten.com\/?post_type=product&#038;p=1273"},"modified":"2025-01-15T06:26:29","modified_gmt":"2025-01-15T06:26:29","slug":"pozzo-del-fuoco-a-gas","status":"publish","type":"product","link":"https:\/\/keweicorten.com\/it\/pozzo-del-fuoco-a-gas\/","title":{"rendered":"tavolo da giardino con fossa antincendio"},"content":{"rendered":"<table class=\"has-title all magic-16\" style=\"height: 272px;\" width=\"773\">\n<tbody>\n<tr>\n<td colspan=\"2\" rowspan=\"1\">\n<div class=\"magic-17\"><b><span class=\"magic-18\" style=\"color: #000000;\" data-spm-anchor-id=\"a2700.details.0.i40.6b724b3bPgup84\">Specifiche tecniche<\/span><\/b><\/div>\n<\/td>\n<\/tr>\n<tr>\n<td colspan=\"1\" rowspan=\"1\">\n<div class=\"magic-21\"><span class=\"magic-11\" style=\"color: #000000;\">Nome del prodotto<\/span><\/div>\n<\/td>\n<td colspan=\"1\" rowspan=\"1\">\n<div class=\"magic-22\"><span class=\"magic-11\" style=\"color: #000000;\">Caminetto rettangolare in metallo Propano Riscaldamento da giardino all'aperto Caminetto a gas di grandi dimensioni Riscaldatori a gas in acciaio corten Caminetto a gas<\/span><\/div>\n<\/td>\n<\/tr>\n<tr>\n<td colspan=\"1\" rowspan=\"1\">\n<div class=\"magic-21\"><span class=\"magic-11\" style=\"color: #000000;\">Nome del marchio<\/span><\/div>\n<\/td>\n<td colspan=\"1\" rowspan=\"1\">\n<div class=\"magic-22\"><span class=\"magic-11\" style=\"color: #000000;\">SHKW Corten Garden<\/span><\/div>\n<\/td>\n<\/tr>\n<tr>\n<td colspan=\"1\" rowspan=\"1\">\n<div class=\"magic-21\"><span class=\"magic-11\" style=\"color: #000000;\">Numero di modello<\/span><\/div>\n<\/td>\n<td colspan=\"1\" rowspan=\"1\">SHKW-FP-01<\/td>\n<\/tr>\n<tr>\n<td colspan=\"1\" rowspan=\"1\">\n<div class=\"magic-21\"><span class=\"magic-11\" style=\"color: #000000;\">Materiale<\/span><\/div>\n<\/td>\n<td colspan=\"1\" rowspan=\"1\">\n<div class=\"magic-22\"><span class=\"magic-11\" style=\"color: #000000;\">Acciaio corten \/ Acciaio resistente agli agenti atmosferici<\/span><\/div>\n<\/td>\n<\/tr>\n<tr>\n<td colspan=\"1\" rowspan=\"1\">\n<div class=\"magic-21\"><span class=\"magic-11\" style=\"color: #000000;\">Dimensione<\/span><\/div>\n<\/td>\n<td colspan=\"1\" rowspan=\"1\">\n<div class=\"magic-22\"><span class=\"magic-11\" style=\"color: #000000;\">60\" X 16\" X 24\" H (1500X 400 X 600H mm)<\/span><\/div>\n<\/td>\n<\/tr>\n<tr>\n<td colspan=\"1\" rowspan=\"1\">\n<div class=\"magic-21\"><span style=\"color: #000000;\">Peso<\/span><\/div>\n<\/td>\n<td colspan=\"1\" rowspan=\"1\">\n<div class=\"magic-22\"><span style=\"color: #000000;\">FINO A 108 KG (240 LIBBRE)<\/span><\/div>\n<\/td>\n<\/tr>\n<tr>\n<td colspan=\"1\" rowspan=\"1\">\n<div class=\"magic-21\"><span class=\"magic-11\" style=\"color: #000000;\">Pacchetto<\/span><\/div>\n<\/td>\n<td colspan=\"1\" rowspan=\"1\">\n<div class=\"magic-22\"><span class=\"magic-11\" style=\"color: #000000;\">Interno: Carta espansa antiusura, esterno: Scatola di cartone<\/span><\/div>\n<\/td>\n<\/tr>\n<tr>\n<td colspan=\"1\" rowspan=\"1\">\n<div class=\"magic-21\"><span class=\"magic-11\" style=\"color: #000000;\">Trattamento della superficie<\/span><\/div>\n<\/td>\n<td colspan=\"1\" rowspan=\"1\">\n<div class=\"magic-22\"><span class=\"magic-11\" style=\"color: #000000;\">Pre-arrugginito, personalizzabile<\/span><\/div>\n<\/td>\n<\/tr>\n<tr>\n<td colspan=\"1\" rowspan=\"1\">\n<div class=\"magic-21\"><span class=\"magic-11\" style=\"color: #000000;\">MOQ<\/span><\/div>\n<\/td>\n<td colspan=\"1\" rowspan=\"1\">\n<div class=\"magic-22\"><span class=\"magic-11\" style=\"color: #000000;\">1 pezzo<\/span><\/div>\n<\/td>\n<\/tr>\n<\/tbody>\n<\/table>\n<h2><a href=\"https:\/\/keweicorten.com\/it\/categoria-di-prodotto\/pozzo-del-fuoco\/\">Tavolo da giardino con caratteristiche da fossa antincendio:<\/a><\/h2>\n<p><span style=\"color: #000000;\" data-spm-anchor-id=\"a2700.details.0.i41.6b724b3bPgup84\">La superficie dell'acciaio corten, che non necessita di manutenzione, offre un'estetica moderna e terrena, tanto pratica quanto bella.<\/span><span style=\"color: #000000;\">Svilupper\u00e0 uno strato stabile simile alla ruggine che si rigenera continuamente e protegge l'acciaio dalla corrosione.<\/span><\/p>\n<p><a href=\"https:\/\/keweicorten.com\/it\/prodotto\/pozzo-del-fuoco-rettangolare\/\"><strong>Tavolo da giardino con materiale per fuochi d'artificio<\/strong><\/a>: I materiali pi\u00f9 diffusi sono il metallo (alluminio o acciaio), il legno, il cemento e il vimini, ognuno dei quali offre diversi livelli di durata e stile.<\/p>\n<ul>\n<li><strong>Inserto per fuochi d'artificio<\/strong>: Il <a href=\"https:\/\/keweicorten.com\/it\/prodotto\/tavolo-da-fuoco-a-gas-per-esterni\/\">tavolo da giardino con fossa antincendio<\/a> si trova in genere al centro, circondato da una superficie per appoggiare le bevande o i piatti.<\/li>\n<li><strong>Tipo di carburante<\/strong>:<strong>Propano<\/strong>: I serbatoi del propano sono solitamente nascosti sotto il tavolo.<strong>Gas naturale<\/strong>: Richiede il collegamento a una linea del gas, che \u00e8 un'installazione pi\u00f9 permanente.<\/li>\n<li><strong>Opzioni di copertura<\/strong>: Molti sono dotati di un coperchio per coprire il focolare quando non \u00e8 in uso, trasformandolo in un vero e proprio tavolo.<\/li>\n<li><strong>Media di fuoco<\/strong>: Per coprire il bruciatore e migliorare l'estetica del fuoco si utilizzano materiali decorativi come vetro da ardere, rocce laviche o tronchi finti.<\/li>\n<li><strong>Protezioni dal vento<\/strong>: Alcuni modelli sono dotati di paravento in vetro temperato per proteggere le fiamme e aumentare la sicurezza.<\/li>\n<\/ul>\n<figure style=\"width: 697px\" class=\"wp-caption alignnone\"><a href=\"https:\/\/keweicorten.com\/it\/contattateci\/\"><img fetchpriority=\"high\" decoding=\"async\" title=\"caminetto da esterno a propano\" src=\"https:\/\/sc04.alicdn.com\/kf\/H3083ba8bd2604171bff24aba76e05ef1B\/235950374\/H3083ba8bd2604171bff24aba76e05ef1B.jpg\" alt=\"\" width=\"697\" height=\"395\" \/><\/a><figcaption class=\"wp-caption-text\">caminetto da esterno a propano<\/figcaption><\/figure>\n<figure style=\"width: 698px\" class=\"wp-caption alignnone\"><a href=\"https:\/\/keweicorten.com\/it\"><img decoding=\"async\" title=\"tavolo con fuoco\" src=\"https:\/\/sc04.alicdn.com\/kf\/H379da3bd015940f981085f8baef0f0a0E\/252669402\/H379da3bd015940f981085f8baef0f0a0E.jpg\" alt=\"\" width=\"698\" height=\"464\" \/><\/a><figcaption class=\"wp-caption-text\">tavolo con fuoco<\/figcaption><\/figure>\n<p><span style=\"color: #000000;\" data-spm-anchor-id=\"a2700.details.0.i44.6b724b3bPgup84\">Realizzato in acciaio corten di 3 mm di spessore. Utilizza il nostro kit di bruciatori nelle configurazioni a gas naturale o propano.\u00a0<\/span><\/p>\n<div><span style=\"color: #000000;\">\u00a0<\/span><\/div>\n<div><span style=\"color: #000000;\">Gnee Garden ha una vasta esperienza nella progettazione e nella produzione di focolari in acciaio corten per soddisfare molti tipi di progetti, grandi o piccoli che siano.<\/span><\/div>\n<p>A <strong>tavolo da giardino con pozzo di fuoco<\/strong> \u00e8 un mobile da esterno versatile che combina la funzionalit\u00e0 di un tavolo da pranzo o da caff\u00e8 con il calore e l'atmosfera di un focolare. \u00c8 perfetto per creare un'atmosfera accogliente in giardini, patii o terrazze, offrendo sia un punto focale elegante sia una soluzione pratica per intrattenersi all'aperto.<\/p>","protected":false},"excerpt":{"rendered":"<article class=\"w-full text-token-text-primary focus-visible:outline-2 focus-visible:outline-offset-[-4px]\" dir=\"auto\" data-testid=\"conversation-turn-7\" data-scroll-anchor=\"false\">\n<div class=\"text-base py-[18px] px-3 md:px-4 m-auto w-full md:px-5 lg:px-4 xl:px-5\">\n<div class=\"mx-auto flex flex-1 gap-4 text-base md:gap-5 lg:gap-6 md:max-w-3xl lg:max-w-[40rem] xl:max-w-[48rem]\">\n<div class=\"group\/conversation-turn relative flex w-full min-w-0 flex-col\">\n<div class=\"flex-col gap-1 md:gap-3\">\n<div class=\"flex max-w-full flex-col flex-grow\">\n<div class=\"min-h-[20px] text-message flex w-full flex-col items-end gap-2 whitespace-normal break-words [.text-message+&amp;]:mt-5\" dir=\"auto\" data-message-author-role=\"user\" data-message-id=\"aaa23168-7d7c-42a1-a907-17fd9ddb6c5a\">\n<div class=\"flex w-full flex-col gap-1 empty:hidden items-end rtl:items-start\">\n<div class=\"relative max-w-[70%] rounded-3xl px-5 py-2.5 bg-[#f4f4f4] dark:bg-token-main-surface-secondary\">\n<div class=\"whitespace-pre-wrap\">Tavolo rettangolare da pranzo per pozzo del fuoco: Ideali per i grandi raduni, questi tavoli possono ospitare pi\u00f9 commensali e offrire allo stesso tempo calore.<\/div>\n<div class=\"absolute bottom-0 right-full top-0 -mr-3.5 hidden pr-5 pt-1 [.group\\\/conversation-turn:hover_&amp;]:block\"><\/div>\n<\/div>\n<\/div>\n<\/div>\n<\/div>\n<\/div>\n<\/div>\n<\/div>\n<\/div>\n<\/article>\n<article class=\"w-full text-token-text-primary focus-visible:outline-2 focus-visible:outline-offset-[-4px]\" dir=\"auto\" data-testid=\"conversation-turn-8\" data-scroll-anchor=\"true\">\n<h6 class=\"sr-only\"><\/h6>\n<\/article>","protected":false},"featured_media":1275,"comment_status":"open","ping_status":"closed","template":"","meta":{"_eb_attr":"","_monsterinsights_skip_tracking":false,"_monsterinsights_sitenote_active":false,"_monsterinsights_sitenote_note":"","_monsterinsights_sitenote_category":0,"_uf_show_specific_survey":0,"_uf_disable_surveys":false},"product_brand":[],"product_cat":[55],"product_tag":[],"class_list":{"0":"post-1273","1":"product","2":"type-product","3":"status-publish","4":"has-post-thumbnail","6":"product_cat-gas-fire-pit","8":"first","9":"instock","10":"shipping-taxable","11":"product-type-simple"},"_links":{"self":[{"href":"https:\/\/keweicorten.com\/it\/wp-json\/wp\/v2\/product\/1273"}],"collection":[{"href":"https:\/\/keweicorten.com\/it\/wp-json\/wp\/v2\/product"}],"about":[{"href":"https:\/\/keweicorten.com\/it\/wp-json\/wp\/v2\/types\/product"}],"replies":[{"embeddable":true,"href":"https:\/\/keweicorten.com\/it\/wp-json\/wp\/v2\/comments?post=1273"}],"version-history":[{"count":1,"href":"https:\/\/keweicorten.com\/it\/wp-json\/wp\/v2\/product\/1273\/revisions"}],"predecessor-version":[{"id":1276,"href":"https:\/\/keweicorten.com\/it\/wp-json\/wp\/v2\/product\/1273\/revisions\/1276"}],"wp:featuredmedia":[{"embeddable":true,"href":"https:\/\/keweicorten.com\/it\/wp-json\/wp\/v2\/media\/1275"}],"wp:attachment":[{"href":"https:\/\/keweicorten.com\/it\/wp-json\/wp\/v2\/media?parent=1273"}],"wp:term":[{"taxonomy":"product_brand","embeddable":true,"href":"https:\/\/keweicorten.com\/it\/wp-json\/wp\/v2\/product_brand?post=1273"},{"taxonomy":"product_cat","embeddable":true,"href":"https:\/\/keweicorten.com\/it\/wp-json\/wp\/v2\/product_cat?post=1273"},{"taxonomy":"product_tag","embeddable":true,"href":"https:\/\/keweicorten.com\/it\/wp-json\/wp\/v2\/product_tag?post=1273"}],"curies":[{"name":"wp","href":"https:\/\/api.w.org\/{rel}","templated":true}]}}