{"id":1311,"date":"2024-09-23T03:00:44","date_gmt":"2024-09-23T03:00:44","guid":{"rendered":"https:\/\/keweicorten.com\/?post_type=product&#038;p=1311"},"modified":"2025-01-15T06:24:07","modified_gmt":"2025-01-15T06:24:07","slug":"ciotola-per-giochi-dacqua-in-metallo","status":"publish","type":"product","link":"https:\/\/keweicorten.com\/it\/ciotola-per-giochi-dacqua-in-metallo\/","title":{"rendered":"ciotola per giochi d'acqua in metallo"},"content":{"rendered":"<h2>Caratteristiche della vasca d'acqua in metallo:<\/h2>\n<p>Resistenza alla corrosione: L'acciaio resistente agli agenti atmosferici ha una forte resistenza alla corrosione e pu\u00f2 mantenersi in buone condizioni anche se esposto a vento e pioggia per lungo tempo all'esterno dell'abitazione.<br \/>\nBellezza naturale: Nel corso del tempo, la superficie mostrer\u00e0 gradualmente una struttura unica di ruggine, formando un aspetto naturale di colore marrone arancione, molto in linea con la combinazione di stile di design moderno e naturale.<br \/>\nProtezione dell'ambiente: L'acciaio resistente alle intemperie \u00e8 un materiale ecologico, l'acciaio corroso non richiede una manutenzione aggiuntiva e non ha un impatto sull'ambiente.<br \/>\nVersatilit\u00e0: La ciotola in acciaio resistente alle intemperie pu\u00f2 essere utilizzata per creare giochi d'acqua nel cortile, come vasca per uccelli, laghetto per pesci o decorazione del paesaggio, o come parte di una fontana.<br \/>\nOpzioni di dimensioni: A seconda delle esigenze di spazio, le ciotole in acciaio resistenti alle intemperie sono disponibili in diverse dimensioni, dalle piccole ciotole decorative alle grandi vasche paesaggistiche.<br \/>\nScenario d'uso:<br \/>\n1. Acqua per il paesaggio<br \/>\n2. Design della fontana<br \/>\n3. Decorazione del centro del cortile<\/p>\n<p>Le vasche d'acqua in acciaio corten hanno molti vantaggi, sia estetici che pratici: hanno un'impronta industriale ma non sono dure o fredde, e le loro belle tonalit\u00e0 ramate aggiungono profondit\u00e0 e contrasto a un progetto. Il focolare in acciaio corten \u00e8 un elemento perfetto per il giardino a bassa manutenzione. Focolari in acciaio corten. Scoprite la durata e la bellezza rustica di un focolare in acciaio corten. Sia a legna che a gas, ogni focolare in acciaio corten sviluppa una patina unica e non \u00e8 solo un fuoco, ma anche un'opera d'arte.<\/p>\n<figure style=\"width: 627px\" class=\"wp-caption alignnone\"><a href=\"https:\/\/keweicorten.com\/it\"><img fetchpriority=\"high\" decoding=\"async\" title=\"ciotola d&#039;acqua da giardino\" src=\"https:\/\/sc04.alicdn.com\/kf\/H75f6bcdaad934358a327cd4efdbeb9ae2\/238887437\/H75f6bcdaad934358a327cd4efdbeb9ae2.jpg\" alt=\"\" width=\"627\" height=\"627\" \/><\/a><figcaption class=\"wp-caption-text\">ciotola d'acqua da giardino<\/figcaption><\/figure>\n<p><b><span class=\"magic-15\" data-spm-anchor-id=\"a2700.details.0.i42.7d417f93rLNuig\">Il pozzo del fuoco \u00e8 utilizzato in una variet\u00e0 di ambienti interni o esterni, come il giardino all'aperto, la festa, il barbecue. <\/span><\/b><\/p>","protected":false},"excerpt":{"rendered":"<p>Focolari in acciaio corten. Scoprite la durata e la bellezza rustica di un focolare in acciaio corten. Sia a legna che a gas, ogni focolare in corten sviluppa una patina unica e non \u00e8 solo un fuoco, ma anche un'opera d'arte.<\/p>","protected":false},"featured_media":1312,"comment_status":"open","ping_status":"closed","template":"","meta":{"_eb_attr":"","_monsterinsights_skip_tracking":false,"_monsterinsights_sitenote_active":false,"_monsterinsights_sitenote_note":"","_monsterinsights_sitenote_category":0,"_uf_show_specific_survey":0,"_uf_disable_surveys":false},"product_brand":[],"product_cat":[54],"product_tag":[],"class_list":{"0":"post-1311","1":"product","2":"type-product","3":"status-publish","4":"has-post-thumbnail","6":"product_cat-wood-fire-pit","8":"first","9":"instock","10":"shipping-taxable","11":"product-type-simple"},"_links":{"self":[{"href":"https:\/\/keweicorten.com\/it\/wp-json\/wp\/v2\/product\/1311"}],"collection":[{"href":"https:\/\/keweicorten.com\/it\/wp-json\/wp\/v2\/product"}],"about":[{"href":"https:\/\/keweicorten.com\/it\/wp-json\/wp\/v2\/types\/product"}],"replies":[{"embeddable":true,"href":"https:\/\/keweicorten.com\/it\/wp-json\/wp\/v2\/comments?post=1311"}],"version-history":[{"count":1,"href":"https:\/\/keweicorten.com\/it\/wp-json\/wp\/v2\/product\/1311\/revisions"}],"predecessor-version":[{"id":1313,"href":"https:\/\/keweicorten.com\/it\/wp-json\/wp\/v2\/product\/1311\/revisions\/1313"}],"wp:featuredmedia":[{"embeddable":true,"href":"https:\/\/keweicorten.com\/it\/wp-json\/wp\/v2\/media\/1312"}],"wp:attachment":[{"href":"https:\/\/keweicorten.com\/it\/wp-json\/wp\/v2\/media?parent=1311"}],"wp:term":[{"taxonomy":"product_brand","embeddable":true,"href":"https:\/\/keweicorten.com\/it\/wp-json\/wp\/v2\/product_brand?post=1311"},{"taxonomy":"product_cat","embeddable":true,"href":"https:\/\/keweicorten.com\/it\/wp-json\/wp\/v2\/product_cat?post=1311"},{"taxonomy":"product_tag","embeddable":true,"href":"https:\/\/keweicorten.com\/it\/wp-json\/wp\/v2\/product_tag?post=1311"}],"curies":[{"name":"wp","href":"https:\/\/api.w.org\/{rel}","templated":true}]}}