{"id":1314,"date":"2024-09-23T06:19:58","date_gmt":"2024-09-23T06:19:58","guid":{"rendered":"https:\/\/keweicorten.com\/?post_type=product&#038;p=1314"},"modified":"2025-01-15T06:23:53","modified_gmt":"2025-01-15T06:23:53","slug":"griglia-da-esterno-bbq-a-carbone-in-acciaio-corten","status":"publish","type":"product","link":"https:\/\/keweicorten.com\/it\/griglia-da-esterno-bbq-a-carbone-in-acciaio-corten\/","title":{"rendered":"Grill per esterni BBQ a carbone in acciaio corten"},"content":{"rendered":"<p>Un barbecue a carbonella in acciaio corten combina la durata e il fascino rustico dell'acciaio resistente agli agenti atmosferici con la funzionalit\u00e0 di una griglia a carbonella. L'acciaio corten sviluppa nel tempo uno strato protettivo di ruggine che gli conferisce un aspetto unico e lo rende resistente alla corrosione, ideale per l'uso all'aperto.<\/p>\n<p>Caratteristiche:<br \/>\n1.Durata: L'acciaio corten \u00e8 in grado di resistere alle condizioni climatiche pi\u00f9 avverse e rappresenta quindi un'ottima scelta per le griglie da esterno destinate a durare nel tempo.<br \/>\n2. Estetica rustica: Lo strato di ruggine che si forma naturalmente gli conferisce un aspetto bello e terroso che si adatta agli spazi esterni.<br \/>\n3. Bassa manutenzione: Lo strato di ruggine protegge l'acciaio sottostante e richiede quindi una manutenzione minima.<br \/>\n4. Ritenzione del calore: L'acciaio corten trattiene bene il calore, rendendolo efficiente per grigliate e cotture.<br \/>\n5. Versatilit\u00e0 del design: Molte griglie per barbecue in acciaio corten hanno un design elegante e moderno che pu\u00f2 servire sia come attrezzatura funzionale per cucinare che come elemento decorativo per il vostro patio o giardino.<\/p>\n<p>Molti produttori di griglie per barbecue a carbone in acciaio corten offrono una garanzia di qualit\u00e0 per assicurare che il loro prodotto soddisfi le aspettative del cliente. La garanzia pu\u00f2 riguardare la struttura e la durata della griglia, la qualit\u00e0 dei materiali utilizzati e la funzionalit\u00e0 della griglia.<\/p>\n<figure style=\"width: 700px\" class=\"wp-caption alignnone\"><a href=\"https:\/\/keweicorten.com\/it\"><img fetchpriority=\"high\" decoding=\"async\" title=\"griglia bbq\" src=\"https:\/\/sc04.alicdn.com\/kf\/He0ed5e93b12c40358fb48f957cefcb69S\/252624420\/He0ed5e93b12c40358fb48f957cefcb69S.jpg\" alt=\"\" width=\"700\" height=\"700\" \/><\/a><figcaption class=\"wp-caption-text\">griglia bbq<\/figcaption><\/figure>\n<h3 class=\"magic-5\"><span class=\"magic-6\"><span data-spm-anchor-id=\"a2700.details.0.i39.5eaf3f8dvvep9e\">Garden Party Carbone di legna Grill barbecue in metallo corten Fossa antincendio<\/span><\/span><\/h3>\n<div class=\"magic-7\">\n<div class=\"magic-8\">\n<div class=\"magic-9\">\n<div>Il flusso mostra le dimensioni e lo spessore della materia prima:<\/div>\n<p>1. L'altezza della scala o del cono di fuoco \u00e8 generalmente di 27 cm, laminato con lamiera corten da 2,0 mm.<\/p>\n<div>2.La piastra di cottura: laminato a freddo 10 mm lamiera d'acciaio Diamater \u00e8 100 cm<br \/>\n3.La camera antincendio con acciaio Corten di 2,0 mm di spessore<br \/>\n4.La tramoggia per la cenere: 2 mm di acciaio corten<br \/>\n5.Down corpo: spessore in acciaio corten: 2 mm Dimensioni: 700 * 500 * 500 mm<\/div>\n<div>\n<figure style=\"width: 700px\" class=\"wp-caption alignnone\"><a href=\"https:\/\/keweicorten.com\/it\/contattateci\/\"><img decoding=\"async\" title=\"griglia per affumicatore\" src=\"https:\/\/sc04.alicdn.com\/kf\/H3251a163a5d842c7bd1860b59de2a48bk\/252624420\/H3251a163a5d842c7bd1860b59de2a48bk.jpg\" alt=\"\" width=\"700\" height=\"700\" \/><\/a><figcaption class=\"wp-caption-text\">griglia per affumicatore<\/figcaption><\/figure>\n<\/div>\n<\/div>\n<\/div>\n<\/div>","protected":false},"excerpt":{"rendered":"<p>A Corten Steel Charcoal BBQ Outdoor Grill combines the durability and rustic charm of weathering steel with the functionality of a charcoal grill. Corten steel develops a protective layer of rust over time, which gives it a unique appearance and makes it resistant to corrosion, ideal for outdoor use. Features: 1.Durability: Corten steel can withstand [&hellip;]<\/p>","protected":false},"featured_media":1315,"comment_status":"open","ping_status":"closed","template":"","meta":{"_eb_attr":"","_monsterinsights_skip_tracking":false,"_monsterinsights_sitenote_active":false,"_monsterinsights_sitenote_note":"","_monsterinsights_sitenote_category":0,"_uf_show_specific_survey":0,"_uf_disable_surveys":false},"product_brand":[],"product_cat":[63],"product_tag":[],"class_list":{"0":"post-1314","1":"product","2":"type-product","3":"status-publish","4":"has-post-thumbnail","6":"product_cat-steel-bbq-grill","8":"first","9":"instock","10":"shipping-taxable","11":"product-type-simple"},"_links":{"self":[{"href":"https:\/\/keweicorten.com\/it\/wp-json\/wp\/v2\/product\/1314"}],"collection":[{"href":"https:\/\/keweicorten.com\/it\/wp-json\/wp\/v2\/product"}],"about":[{"href":"https:\/\/keweicorten.com\/it\/wp-json\/wp\/v2\/types\/product"}],"replies":[{"embeddable":true,"href":"https:\/\/keweicorten.com\/it\/wp-json\/wp\/v2\/comments?post=1314"}],"version-history":[{"count":1,"href":"https:\/\/keweicorten.com\/it\/wp-json\/wp\/v2\/product\/1314\/revisions"}],"predecessor-version":[{"id":1316,"href":"https:\/\/keweicorten.com\/it\/wp-json\/wp\/v2\/product\/1314\/revisions\/1316"}],"wp:featuredmedia":[{"embeddable":true,"href":"https:\/\/keweicorten.com\/it\/wp-json\/wp\/v2\/media\/1315"}],"wp:attachment":[{"href":"https:\/\/keweicorten.com\/it\/wp-json\/wp\/v2\/media?parent=1314"}],"wp:term":[{"taxonomy":"product_brand","embeddable":true,"href":"https:\/\/keweicorten.com\/it\/wp-json\/wp\/v2\/product_brand?post=1314"},{"taxonomy":"product_cat","embeddable":true,"href":"https:\/\/keweicorten.com\/it\/wp-json\/wp\/v2\/product_cat?post=1314"},{"taxonomy":"product_tag","embeddable":true,"href":"https:\/\/keweicorten.com\/it\/wp-json\/wp\/v2\/product_tag?post=1314"}],"curies":[{"name":"wp","href":"https:\/\/api.w.org\/{rel}","templated":true}]}}