{"id":1344,"date":"2024-09-24T07:04:01","date_gmt":"2024-09-24T07:04:01","guid":{"rendered":"https:\/\/keweicorten.com\/?post_type=product&#038;p=1344"},"modified":"2025-01-15T06:23:15","modified_gmt":"2025-01-15T06:23:15","slug":"outdoor-cooking-bbq","status":"publish","type":"product","link":"https:\/\/keweicorten.com\/it\/outdoor-cooking-bbq\/","title":{"rendered":"Cucina all'aperto BBQ"},"content":{"rendered":"<p>It seems like you&#8217;re looking for outdoor cooking BBQ options! Given your interest in corten steel, rust BBQs, and fire pits, I imagine you might want a durable and stylish option for outdoor grilling.<\/p>\n<h2>Types of Outdoor Cooking BBQ:<\/h2>\n<ol>\n<li><strong>Corten Steel BBQ<\/strong>:\n<ul>\n<li><strong>Materiale<\/strong>: Corten steel (weathering steel) develops a protective rust layer over time that prevents further corrosion, making it perfect for outdoor use.<\/li>\n<li><strong>Caratteristiche<\/strong>: Often multi-functional, doubling as a grill, fire pit, or even a cooking surface. The rusted finish also adds a rustic aesthetic to your outdoor space.<\/li>\n<li><strong>Popular Models<\/strong>: Includes grill tables, fire pit BBQs, or standalone corten steel grills.<\/li>\n<\/ul>\n<\/li>\n<li><strong>Charcoal BBQ<\/strong>:\n<ul>\n<li>Known for giving food a smoky flavor, and it\u2019s often seen as more traditional.<\/li>\n<li>Available in portable or built-in designs.<\/li>\n<\/ul>\n<\/li>\n<\/ol>\n<table class=\"all magic-8\" style=\"height: 193px;\" width=\"610\">\n<tbody>\n<tr>\n<td colspan=\"1\" rowspan=\"1\">\n<div class=\"magic-9\"><b><span style=\"font-size: medium;\" data-spm-anchor-id=\"a2700.details.0.i40.29453909VZqwlj\">Nome del prodotto<\/span><\/b><\/div>\n<\/td>\n<td colspan=\"1\" rowspan=\"1\">\n<div class=\"magic-10\"><span style=\"font-size: medium;\">outdoor BBQ GRILLS<\/span><\/div>\n<\/td>\n<\/tr>\n<tr>\n<td colspan=\"1\" rowspan=\"1\">\n<div class=\"magic-9\"><b><span style=\"font-size: medium;\">Materiale<\/span><\/b><\/div>\n<\/td>\n<td colspan=\"1\" rowspan=\"1\">\n<div class=\"magic-10\"><span style=\"font-size: medium;\">corten steel,mild steel.<\/span><\/div>\n<\/td>\n<\/tr>\n<tr>\n<td colspan=\"1\" rowspan=\"1\">\n<div class=\"magic-9\"><b><span style=\"font-size: medium;\">Colore<\/span><\/b><\/div>\n<\/td>\n<td colspan=\"1\" rowspan=\"1\">\n<div class=\"magic-10\"><span style=\"font-size: medium;\">rusty<\/span><\/div>\n<\/td>\n<\/tr>\n<tr>\n<td colspan=\"1\" rowspan=\"1\">\n<div class=\"magic-9\"><b><span style=\"font-size: medium;\">Brade<\/span><\/b><\/div>\n<\/td>\n<td colspan=\"1\" rowspan=\"1\">\n<div class=\"magic-10\"><span style=\"font-size: medium;\">SHKW garden<\/span><\/div>\n<\/td>\n<\/tr>\n<tr>\n<td colspan=\"1\" rowspan=\"1\">\n<div class=\"magic-9\"><b><span style=\"font-size: medium;\">Size&amp;Shape<\/span><\/b><\/div>\n<\/td>\n<td colspan=\"1\" rowspan=\"1\">\n<div class=\"magic-10\"><span style=\"font-size: medium;\">800mm,1000mm,Standard or Custom<\/span><\/div>\n<\/td>\n<\/tr>\n<tr>\n<td colspan=\"1\" rowspan=\"1\">\n<div class=\"magic-9\"><b><span style=\"font-size: medium;\">Spessore:<\/span><\/b><\/div>\n<\/td>\n<td colspan=\"1\" rowspan=\"1\">\n<div class=\"magic-10\"><span style=\"font-size: medium;\">Base and bowl: 2mm. cooking plate: 10mm<\/span><\/div>\n<\/td>\n<\/tr>\n<\/tbody>\n<\/table>\n<p>Corten Steel Outdoor Cooking BBQ grill<br \/>\nMaterial: Weathering steel will form a layer of oxidation protection on the surface, with natural rust prevention function.<br \/>\nFeatures: Unique appearance with a rusty red color, perfect for garden or terrace decoration style. It is not only a grill, but can also be used as a brazier.<br \/>\nAdvantages: Good weather resistance, suitable for a variety of outdoor environments, and more attractive appearance over time.<\/p>\n<figure style=\"width: 700px\" class=\"wp-caption alignnone\"><a href=\"https:\/\/keweicorten.com\/it\/prodotti\/\"><img fetchpriority=\"high\" decoding=\"async\" title=\"bbq  \" src=\"https:\/\/sc04.alicdn.com\/kf\/H43619cdf90fc42779f3408553b38ed204\/227652262\/H43619cdf90fc42779f3408553b38ed204.jpg\" alt=\"\" width=\"700\" height=\"700\" \/><\/a><figcaption class=\"wp-caption-text\">BBQ<\/figcaption><\/figure>\n<figure style=\"width: 699px\" class=\"wp-caption alignnone\"><a href=\"https:\/\/keweicorten.com\/it\/prodotti\/\"><img decoding=\"async\" title=\"grill\" src=\"https:\/\/sc04.alicdn.com\/kf\/H655353c891944ef4b128f7c84bc70d7b2\/227652262\/H655353c891944ef4b128f7c84bc70d7b2.jpg\" alt=\"\" width=\"699\" height=\"699\" \/><\/a><figcaption class=\"wp-caption-text\">grill<\/figcaption><\/figure>","protected":false},"excerpt":{"rendered":"<p>Material\uff1a corten steel<\/p>\n<div><span class=\"magic-16\">L'acciaio corten \u00e8 talvolta chiamato acciaio per gli agenti atmosferici. La ragione per cui dura cos\u00ec a lungo \u00e8 che il primo strato di corrosione impedisce qualsiasi<br \/>\nulteriore deterioramento causato dalla ruggine.<br \/>\n<\/span><\/div>\n<div><span class=\"magic-16\">Pi\u00f9 lo si usa, pi\u00f9 \u00e8 bello. Dopo un po' di tempo, l'acciaio forma un bellissimo strato di patina naturale.<br \/>\n<\/span><\/div>\n<div><span class=\"magic-16\">Il tavolo Barbecue in acciaio corten con griglia pu\u00f2 essere lasciato all'aperto tutto l'anno senza bisogno di copertura.<\/span><\/div>","protected":false},"featured_media":1345,"comment_status":"open","ping_status":"closed","template":"","meta":{"_eb_attr":"","_monsterinsights_skip_tracking":false,"_monsterinsights_sitenote_active":false,"_monsterinsights_sitenote_note":"","_monsterinsights_sitenote_category":0,"_uf_show_specific_survey":0,"_uf_disable_surveys":false},"product_brand":[],"product_cat":[63],"product_tag":[],"class_list":{"0":"post-1344","1":"product","2":"type-product","3":"status-publish","4":"has-post-thumbnail","6":"product_cat-steel-bbq-grill","8":"first","9":"instock","10":"shipping-taxable","11":"product-type-simple"},"_links":{"self":[{"href":"https:\/\/keweicorten.com\/it\/wp-json\/wp\/v2\/product\/1344"}],"collection":[{"href":"https:\/\/keweicorten.com\/it\/wp-json\/wp\/v2\/product"}],"about":[{"href":"https:\/\/keweicorten.com\/it\/wp-json\/wp\/v2\/types\/product"}],"replies":[{"embeddable":true,"href":"https:\/\/keweicorten.com\/it\/wp-json\/wp\/v2\/comments?post=1344"}],"version-history":[{"count":1,"href":"https:\/\/keweicorten.com\/it\/wp-json\/wp\/v2\/product\/1344\/revisions"}],"predecessor-version":[{"id":1346,"href":"https:\/\/keweicorten.com\/it\/wp-json\/wp\/v2\/product\/1344\/revisions\/1346"}],"wp:featuredmedia":[{"embeddable":true,"href":"https:\/\/keweicorten.com\/it\/wp-json\/wp\/v2\/media\/1345"}],"wp:attachment":[{"href":"https:\/\/keweicorten.com\/it\/wp-json\/wp\/v2\/media?parent=1344"}],"wp:term":[{"taxonomy":"product_brand","embeddable":true,"href":"https:\/\/keweicorten.com\/it\/wp-json\/wp\/v2\/product_brand?post=1344"},{"taxonomy":"product_cat","embeddable":true,"href":"https:\/\/keweicorten.com\/it\/wp-json\/wp\/v2\/product_cat?post=1344"},{"taxonomy":"product_tag","embeddable":true,"href":"https:\/\/keweicorten.com\/it\/wp-json\/wp\/v2\/product_tag?post=1344"}],"curies":[{"name":"wp","href":"https:\/\/api.w.org\/{rel}","templated":true}]}}