{"id":1347,"date":"2024-09-24T07:19:21","date_gmt":"2024-09-24T07:19:21","guid":{"rendered":"https:\/\/keweicorten.com\/?post_type=product&#038;p=1347"},"modified":"2025-01-15T06:23:06","modified_gmt":"2025-01-15T06:23:06","slug":"griglia-bbq-a-carbone-per-esterni","status":"publish","type":"product","link":"https:\/\/keweicorten.com\/it\/griglia-bbq-a-carbone-per-esterni\/","title":{"rendered":"Grill a carbonella per esterni"},"content":{"rendered":"<h2>Applicazione dell'acciaio corten nel barbecue a carbone per esterni<\/h2>\n<p>Durata nel tempo: la resistenza agli agenti atmosferici dell'acciaio Corten lo rende ideale per le griglie da esterno. A differenza delle griglie tradizionali in acciaio, l'acciaio Corten pu\u00f2 resistere a lungo all'esterno senza bisogno di frequenti manutenzioni o preoccupazioni per la ruggine.<br \/>\n\u00c8 particolarmente adatto all'uso in climi umidi o variabili, poich\u00e9 non si corrode rapidamente a causa dell'esposizione alla pioggia e all'umidit\u00e0 come l'acciaio comune.<\/p>\n<p>Efficienza termica e conduttivit\u00e0 termica: sebbene l'acciaio corten sia noto soprattutto per la sua resistenza agli agenti atmosferici, ha anche una buona conduttivit\u00e0 termica. Ci\u00f2 significa che \u00e8 in grado di distribuire efficacemente il calore durante il processo di grigliatura, in modo da riscaldare il cibo in modo pi\u00f9 uniforme, migliorando cos\u00ec l'effetto del barbecue.<br \/>\nInoltre, lo spessore dell'acciaio corten \u00e8 solitamente maggiore, il che significa che pu\u00f2 immagazzinare calore, trattenendo cos\u00ec in modo continuo il calore con un minor consumo di combustibile.<\/p>\n<p>Funzionalit\u00e0 e diversit\u00e0: i barbecue a carbone per esterni in corten sono spesso progettati come dispositivi multifunzionali che possono essere utilizzati sia come griglia che come braciere, aumentando ulteriormente la variet\u00e0 di scenari in cui possono essere utilizzati. La sua durata e la sua resistenza alla corrosione gli consentono di resistere alle alte temperature, mentre la sua estetica lo rende un punto di riferimento visivo per le riunioni all'aperto.<\/p>\n<table class=\"all magic-17\" style=\"height: 250px;\" width=\"734\">\n<tbody>\n<tr>\n<td colspan=\"2\" rowspan=\"1\">\n<div class=\"magic-18\" data-spm-anchor-id=\"a2700.details.0.i39.133e3f8dQmxxUd\">Nome del prodotto<\/div>\n<\/td>\n<td colspan=\"3\" rowspan=\"1\">\n<div class=\"magic-21\">Garden Party Carbone di legna Grill barbecue in metallo corten Fossa antincendio<\/div>\n<\/td>\n<\/tr>\n<tr>\n<td colspan=\"2\" rowspan=\"1\">\n<div class=\"magic-18\">Materia prima<\/div>\n<\/td>\n<td colspan=\"3\" rowspan=\"1\">\n<div class=\"magic-21\">Lamiera metallica di Corten, acciaio inossidabile di grado alimentare 304<\/div>\n<\/td>\n<\/tr>\n<tr>\n<td colspan=\"2\" rowspan=\"1\">\n<div class=\"magic-23\">Dimensioni da scegliere<\/div>\n<\/td>\n<td colspan=\"3\" rowspan=\"1\">\n<div class=\"magic-25\">500*500*1000mm e tipo rotondo, inoltre accettano l'OEM su misura<\/div>\n<\/td>\n<\/tr>\n<tr>\n<td colspan=\"2\" rowspan=\"1\">\n<div class=\"magic-18\">Tipo di carburante<\/div>\n<\/td>\n<td colspan=\"3\" rowspan=\"1\">\n<div class=\"magic-21\">Comunemente si tratta di carbone di legna, ma pu\u00f2 anche cambiare il tipo di gas\/propano.<\/div>\n<\/td>\n<\/tr>\n<tr>\n<td colspan=\"2\" rowspan=\"1\">\n<div class=\"magic-23\">Certificazione<\/div>\n<\/td>\n<td colspan=\"3\" rowspan=\"1\">\n<div class=\"magic-25\">CE\/ 3C\/ CAS<\/div>\n<\/td>\n<\/tr>\n<tr>\n<td colspan=\"2\" rowspan=\"1\">\n<div class=\"magic-23\">Pacchetto<\/div>\n<\/td>\n<td colspan=\"3\" rowspan=\"1\">\n<div class=\"magic-25\">Confezione in cartone con pallet<\/div>\n<\/td>\n<\/tr>\n<tr>\n<td colspan=\"2\" rowspan=\"1\">\n<div class=\"magic-23\">MOQ<\/div>\n<\/td>\n<td colspan=\"3\" rowspan=\"1\">\n<div class=\"magic-25\">1pz, e 80pz per un contenitore da 20GP<\/div>\n<\/td>\n<\/tr>\n<tr>\n<td colspan=\"2\" rowspan=\"1\">\n<div class=\"magic-23\">Mercato principale<\/div>\n<\/td>\n<td colspan=\"3\" rowspan=\"1\">\n<div class=\"magic-25\">Europa\/ USA\/ Australia<\/div>\n<\/td>\n<\/tr>\n<\/tbody>\n<\/table>\n<figure style=\"width: 700px\" class=\"wp-caption alignnone\"><a href=\"https:\/\/keweicorten.com\/it\"><img fetchpriority=\"high\" decoding=\"async\" title=\"Fossa antincendio\" src=\"https:\/\/sc04.alicdn.com\/kf\/H3251a163a5d842c7bd1860b59de2a48bk\/252624420\/H3251a163a5d842c7bd1860b59de2a48bk.jpg\" alt=\"\" width=\"700\" height=\"700\" \/><\/a><figcaption class=\"wp-caption-text\">Fossa antincendio<\/figcaption><\/figure>\n<figure style=\"width: 700px\" class=\"wp-caption alignnone\"><a href=\"https:\/\/keweicorten.com\/it\/prodotti\/\"><img decoding=\"async\" title=\"Fossa antincendio BBQ Grill\" src=\"https:\/\/sc04.alicdn.com\/kf\/H10865e80ce434dcf8b929e7e39ebec96l\/252624420\/H10865e80ce434dcf8b929e7e39ebec96l.jpg\" alt=\"\" width=\"700\" height=\"700\" \/><\/a><figcaption class=\"wp-caption-text\">Fossa antincendio BBQ Grill<\/figcaption><\/figure>","protected":false},"excerpt":{"rendered":"<p class=\"magic-5\"><span class=\"magic-6\"><span data-spm-anchor-id=\"a2700.details.0.i44.133e3f8dQmxxUd\">Garden Party Carbone di legna Grill barbecue in metallo corten Fossa antincendio<\/span><\/span><\/p>\n<p class=\"magic-5\"><span style=\"font-size: 16px;\">Il flusso mostra le dimensioni e lo spessore della materia prima:<\/span><\/p>\n<div class=\"magic-7\">\n<div class=\"magic-8\">\n<div class=\"magic-9\">1. L'altezza della scala o del cono di fuoco \u00e8 generalmente di 27 cm, laminato con lamiera corten da 2,0 mm.<\/p>\n<div>2.La piastra di cottura: laminato a freddo 10 mm lamiera d'acciaio Diamater \u00e8 100 cm<br \/>\n3.La camera antincendio con acciaio Corten di 2,0 mm di spessore<br \/>\n4.La tramoggia per la cenere: 2 mm di acciaio corten<br \/>\n5.Down corpo: spessore in acciaio corten: 2 mm Dimensioni: 700 * 500 * 500 mm<\/div>\n<\/div>\n<\/div>\n<\/div>","protected":false},"featured_media":1348,"comment_status":"open","ping_status":"closed","template":"","meta":{"_eb_attr":"","_monsterinsights_skip_tracking":false,"_monsterinsights_sitenote_active":false,"_monsterinsights_sitenote_note":"","_monsterinsights_sitenote_category":0,"_uf_show_specific_survey":0,"_uf_disable_surveys":false},"product_brand":[],"product_cat":[63],"product_tag":[],"class_list":{"0":"post-1347","1":"product","2":"type-product","3":"status-publish","4":"has-post-thumbnail","6":"product_cat-steel-bbq-grill","8":"first","9":"instock","10":"shipping-taxable","11":"product-type-simple"},"_links":{"self":[{"href":"https:\/\/keweicorten.com\/it\/wp-json\/wp\/v2\/product\/1347"}],"collection":[{"href":"https:\/\/keweicorten.com\/it\/wp-json\/wp\/v2\/product"}],"about":[{"href":"https:\/\/keweicorten.com\/it\/wp-json\/wp\/v2\/types\/product"}],"replies":[{"embeddable":true,"href":"https:\/\/keweicorten.com\/it\/wp-json\/wp\/v2\/comments?post=1347"}],"version-history":[{"count":1,"href":"https:\/\/keweicorten.com\/it\/wp-json\/wp\/v2\/product\/1347\/revisions"}],"predecessor-version":[{"id":1352,"href":"https:\/\/keweicorten.com\/it\/wp-json\/wp\/v2\/product\/1347\/revisions\/1352"}],"wp:featuredmedia":[{"embeddable":true,"href":"https:\/\/keweicorten.com\/it\/wp-json\/wp\/v2\/media\/1348"}],"wp:attachment":[{"href":"https:\/\/keweicorten.com\/it\/wp-json\/wp\/v2\/media?parent=1347"}],"wp:term":[{"taxonomy":"product_brand","embeddable":true,"href":"https:\/\/keweicorten.com\/it\/wp-json\/wp\/v2\/product_brand?post=1347"},{"taxonomy":"product_cat","embeddable":true,"href":"https:\/\/keweicorten.com\/it\/wp-json\/wp\/v2\/product_cat?post=1347"},{"taxonomy":"product_tag","embeddable":true,"href":"https:\/\/keweicorten.com\/it\/wp-json\/wp\/v2\/product_tag?post=1347"}],"curies":[{"name":"wp","href":"https:\/\/api.w.org\/{rel}","templated":true}]}}