{"id":1365,"date":"2024-09-24T08:26:42","date_gmt":"2024-09-24T08:26:42","guid":{"rendered":"https:\/\/keweicorten.com\/?post_type=product&#038;p=1365"},"modified":"2024-09-24T08:49:31","modified_gmt":"2024-09-24T08:49:31","slug":"tubo-in-acciaio-corten-wtst52-3","status":"publish","type":"product","link":"https:\/\/keweicorten.com\/it\/tubo-in-acciaio-corten-wtst52-3\/","title":{"rendered":"Tubo in acciaio corten WTSt52-3"},"content":{"rendered":"<p>Il tubo in acciaio corten WTSt52-3 \u00e8 un tipo di acciaio resistente agli agenti atmosferici che appartiene alla famiglia degli acciai corten. Simile ad altri acciai Corten come l'A242 e l'A588, il WTSt52-3 \u00e8 progettato per avere una resistenza alla corrosione superiore, formando una patina protettiva sulla sua superficie quando \u00e8 esposto alle condizioni atmosferiche. La patina agisce come una barriera, impedendo una corrosione pi\u00f9 profonda e consentendo all'acciaio di essere utilizzato in ambienti difficili senza la necessit\u00e0 di rivestimenti protettivi.<\/p>\n<p>Come altri acciai resistenti agli agenti atmosferici, il tubo in acciaio corten WTSt52-3 include piccole quantit\u00e0 di elementi di lega come:<\/p>\n<ul>\n<li><strong>Rame<\/strong><\/li>\n<li><strong>Cromo<\/strong><\/li>\n<li><strong>Nichel<\/strong><\/li>\n<li><strong>Fosforo<\/strong> Questi elementi ne aumentano la resistenza alla corrosione e gli permettono di formare una patina stabile quando \u00e8 esposto all'ambiente.<\/li>\n<\/ul>\n<h3>Vantaggi:<\/h3>\n<ul>\n<li><strong>Estetica<\/strong>: La patina conferisce un aspetto industriale e rustico, spesso utilizzato nei progetti architettonici moderni.<\/li>\n<li><strong>Durata<\/strong>: Offre prestazioni a lungo termine in applicazioni esterne senza necessit\u00e0 di frequenti riverniciature o riparazioni.<\/li>\n<li><strong>Economicamente vantaggioso<\/strong>: Riduce la necessit\u00e0 di rivestimenti protettivi e di manutenzione regolare, con conseguente riduzione dei costi complessivi del ciclo di vita.<\/li>\n<\/ul>\n<table style=\"height: 91px;\" width=\"772\">\n<tbody>\n<tr>\n<th>Gamma OD<\/th>\n<td>12-150 mm<\/td>\n<\/tr>\n<tr>\n<th>Gamma Thk<\/th>\n<td>1,5-8 mm<\/td>\n<\/tr>\n<tr>\n<th>Lunghezza<\/th>\n<td>Singolo casuale, doppio casuale e lunghezza di taglio<\/td>\n<\/tr>\n<tr>\n<th>Tipo<\/th>\n<td>Rotondo, quadrato, rettangolo<\/td>\n<\/tr>\n<tr>\n<th>Standard<\/th>\n<td>GB, ASTM, UE<\/td>\n<\/tr>\n<tr>\n<th>Grado<\/th>\n<td>Q235NH, Q295NH, Q355NH, 09CUPGENI-A, 09CUPGENI-B, CORTEN A, CORTEN B, ASTM A423 GRADO 1,<br \/>\nASTM A847, ASTM A588, ASTM A242, ASTM A606, S355JOW, S355JOWP, S355J2W, S355J2WP<\/td>\n<\/tr>\n<\/tbody>\n<\/table>\n<figure style=\"width: 559px\" class=\"wp-caption alignnone\"><a href=\"https:\/\/keweicorten.com\/it\/contattateci\/\"><img fetchpriority=\"high\" decoding=\"async\" title=\"piastra in acciaio corten\" src=\"https:\/\/www.offersteels.com\/uploads\/allimg\/corten-steel-pipe.jpg\" alt=\"Fornitori di tubi in acciaio corten, resistenza alla corrosione dei tubi resistenti agli agenti atmosferici\" width=\"559\" height=\"419\" \/><\/a><figcaption class=\"wp-caption-text\">piastra in acciaio corten<\/figcaption><\/figure>\n<figure style=\"width: 560px\" class=\"wp-caption alignnone\"><a href=\"https:\/\/keweicorten.com\/it\/prodotti\/\"><img decoding=\"async\" title=\"piastra in acciaio corten\" src=\"https:\/\/www.offersteels.com\/uploads\/allimg\/Corten-steel-pipe-productive-process.jpg\" alt=\"Processo produttivo dei tubi in acciaio corten\" width=\"560\" height=\"441\" \/><\/a><figcaption class=\"wp-caption-text\">piastra in acciaio corten<\/figcaption><\/figure>\n<figure style=\"width: 559px\" class=\"wp-caption alignnone\"><a href=\"https:\/\/keweicorten.com\/it\/prodotti\/\"><img decoding=\"async\" title=\"Tubo in acciaio corten\" src=\"https:\/\/www.offersteels.com\/uploads\/allimg\/What-is-Corten-Steel-Pipe.jpg\" alt=\"Fornitori di tubi in acciaio corten, resistenza alla corrosione dei tubi resistenti agli agenti atmosferici\" width=\"559\" height=\"419\" \/><\/a><figcaption class=\"wp-caption-text\">Tubo in acciaio corten<\/figcaption><\/figure>","protected":false},"excerpt":{"rendered":"<p>L'acciaio corten \u00e8 utilizzato principalmente per ferrovie, veicoli, ponti, tralicci, impianti fotovoltaici, ingegneria ad alta velocit\u00e0 e altre strutture in acciaio esposte all'atmosfera per lungo tempo.<\/p>","protected":false},"featured_media":1366,"comment_status":"open","ping_status":"closed","template":"","meta":{"_eb_attr":"","_monsterinsights_skip_tracking":false,"_monsterinsights_sitenote_active":false,"_monsterinsights_sitenote_note":"","_monsterinsights_sitenote_category":0,"_uf_show_specific_survey":0,"_uf_disable_surveys":false},"product_brand":[],"product_cat":[21],"product_tag":[],"class_list":{"0":"post-1365","1":"product","2":"type-product","3":"status-publish","4":"has-post-thumbnail","6":"product_cat-weather-resistant-steel-plate","8":"first","9":"instock","10":"shipping-taxable","11":"product-type-simple"},"_links":{"self":[{"href":"https:\/\/keweicorten.com\/it\/wp-json\/wp\/v2\/product\/1365"}],"collection":[{"href":"https:\/\/keweicorten.com\/it\/wp-json\/wp\/v2\/product"}],"about":[{"href":"https:\/\/keweicorten.com\/it\/wp-json\/wp\/v2\/types\/product"}],"replies":[{"embeddable":true,"href":"https:\/\/keweicorten.com\/it\/wp-json\/wp\/v2\/comments?post=1365"}],"version-history":[{"count":1,"href":"https:\/\/keweicorten.com\/it\/wp-json\/wp\/v2\/product\/1365\/revisions"}],"predecessor-version":[{"id":1367,"href":"https:\/\/keweicorten.com\/it\/wp-json\/wp\/v2\/product\/1365\/revisions\/1367"}],"wp:featuredmedia":[{"embeddable":true,"href":"https:\/\/keweicorten.com\/it\/wp-json\/wp\/v2\/media\/1366"}],"wp:attachment":[{"href":"https:\/\/keweicorten.com\/it\/wp-json\/wp\/v2\/media?parent=1365"}],"wp:term":[{"taxonomy":"product_brand","embeddable":true,"href":"https:\/\/keweicorten.com\/it\/wp-json\/wp\/v2\/product_brand?post=1365"},{"taxonomy":"product_cat","embeddable":true,"href":"https:\/\/keweicorten.com\/it\/wp-json\/wp\/v2\/product_cat?post=1365"},{"taxonomy":"product_tag","embeddable":true,"href":"https:\/\/keweicorten.com\/it\/wp-json\/wp\/v2\/product_tag?post=1365"}],"curies":[{"name":"wp","href":"https:\/\/api.w.org\/{rel}","templated":true}]}}