{"id":1450,"date":"2024-09-26T02:48:17","date_gmt":"2024-09-26T02:48:17","guid":{"rendered":"https:\/\/keweicorten.com\/?post_type=product&#038;p=1450"},"modified":"2025-01-15T06:22:41","modified_gmt":"2025-01-15T06:22:41","slug":"cestini-per-rifiuti-in-acciaio-corten","status":"publish","type":"product","link":"https:\/\/keweicorten.com\/it\/cestini-per-rifiuti-in-acciaio-corten\/","title":{"rendered":"Cestini per rifiuti in acciaio corten"},"content":{"rendered":"<p>Durata: L'acciaio resistente agli agenti atmosferici ha un'eccellente resistenza alla corrosione e all'usura, in grado di resistere alle varie intemperie e di prolungare la vita utile.<\/p>\n<p>Estetica: L'esclusivo colore della ruggine e la struttura dell'acciaio resistente agli agenti atmosferici possono integrarsi armoniosamente con l'ambiente naturale, aggiungendo bellezza.<\/p>\n<p>Manutenzione semplice: L'acciaio resistente agli agenti atmosferici \u00e8 pi\u00f9 facile da pulire rispetto ad altri materiali, riducendo i costi di manutenzione.<\/p>\n<p>Protezione dell'ambiente: L'acciaio resistente agli agenti atmosferici pu\u00f2 essere riciclato, in linea con i requisiti dello sviluppo sostenibile.<\/p>\n<p>Stabilit\u00e0: La natura pesante dell'acciaio resistente agli agenti atmosferici fa s\u00ec che i rifiuti non si spostino facilmente in caso di vento forte o maltempo.<\/p>\n<p>Resistenza al fuoco: L'acciaio resistente agli agenti atmosferici ha una buona resistenza al fuoco ed \u00e8 adatto a diversi ambienti.<\/p>\n<p>I cestini in acciaio corten sono un prodotto di alta qualit\u00e0 e di lunga durata, ampiamente utilizzato in luoghi pubblici e in ambito domestico. Possiede eccellenti propriet\u00e0 come la prevenzione della ruggine, la prevenzione della corrosione, la protezione dal vento e dal sole, in grado di resistere efficacemente all'erosione di vari fattori esterni e di mantenere a lungo l'aspetto e l'effetto d'uso. Inoltre, questo cestino ha anche una grande capacit\u00e0, \u00e8 facile da usare e semplice da installare.<\/p>\n<table class=\"hight-light-first-column all magic-4\">\n<tbody>\n<tr>\n<td colspan=\"1\" rowspan=\"1\">\n<div class=\"magic-5\"><span class=\"magic-6\">Nome del prodotto<\/span><\/div>\n<\/td>\n<td colspan=\"1\" rowspan=\"1\">\n<div class=\"magic-7\" data-spm-anchor-id=\"a2700.details.0.i40.36d855992VT0SR\"><span class=\"magic-8\">Pattumiera pubblica commerciale all'aperto in acciaio corten per rifiuti di grandi dimensioni che smista l'immondizia e ricicla la spazzatura<\/span><\/div>\n<\/td>\n<\/tr>\n<tr>\n<td colspan=\"1\" rowspan=\"1\">\n<div class=\"magic-5\"><span class=\"magic-6\">Materiale<\/span><\/div>\n<\/td>\n<td colspan=\"1\" rowspan=\"1\">\n<div class=\"magic-7\"><span class=\"magic-8\">Acciaio corten<\/span><\/div>\n<\/td>\n<\/tr>\n<tr>\n<td colspan=\"1\" rowspan=\"1\">\n<div class=\"magic-5\"><span class=\"magic-6\">Dimensione<\/span><\/div>\n<\/td>\n<td colspan=\"1\" rowspan=\"1\">\n<div class=\"magic-7\"><span class=\"magic-8\">Supporto personalizzato<\/span><\/div>\n<\/td>\n<\/tr>\n<tr>\n<td colspan=\"1\" rowspan=\"1\">\n<div class=\"magic-5\"><span class=\"magic-6\">Spessore<\/span><\/div>\n<\/td>\n<td colspan=\"1\" rowspan=\"1\">\n<div class=\"magic-7\"><span class=\"magic-8\">2-10 mm<\/span><\/div>\n<\/td>\n<\/tr>\n<tr>\n<td colspan=\"1\" rowspan=\"1\">\n<div class=\"magic-5\"><span class=\"magic-6\">Finitura<\/span><\/div>\n<\/td>\n<td colspan=\"1\" rowspan=\"1\">\n<div class=\"magic-7\" data-spm-anchor-id=\"a2700.details.0.i39.36d855992VT0SR\"><span class=\"magic-8\">Trattamento anticorrosione, trattamento di polimerizzazione<\/span><\/div>\n<\/td>\n<\/tr>\n<tr>\n<td colspan=\"1\" rowspan=\"1\">\n<div class=\"magic-5\"><span class=\"magic-6\">Caratteristiche<\/span><\/div>\n<\/td>\n<td colspan=\"1\" rowspan=\"1\">\n<div class=\"magic-7\"><span class=\"magic-8\">Antiruggine, impermeabile<\/span><\/div>\n<\/td>\n<\/tr>\n<tr>\n<td colspan=\"1\" rowspan=\"1\">\n<div class=\"magic-5\"><span class=\"magic-6\">Certificato<\/span><\/div>\n<\/td>\n<td colspan=\"1\" rowspan=\"1\">\n<div class=\"magic-7\"><span class=\"magic-8\">SGS\/TUV Rheinland\/ISO9001\/ISO14001\/OHSAS18001<\/span><\/div>\n<\/td>\n<\/tr>\n<tr>\n<td colspan=\"1\" rowspan=\"1\">\n<div class=\"magic-5\"><span class=\"magic-6\">Utilizzo<\/span><\/div>\n<\/td>\n<td colspan=\"1\" rowspan=\"1\">\n<div class=\"magic-7\"><span class=\"magic-8\">Strada\/parco\/giardino\/esterno\/commerciale\/area pubblica<\/span><\/div>\n<\/td>\n<\/tr>\n<tr>\n<td colspan=\"1\" rowspan=\"1\">\n<div class=\"magic-5\"><span class=\"magic-6\">Termine di pagamento<\/span><\/div>\n<\/td>\n<td colspan=\"1\" rowspan=\"1\">\n<div class=\"magic-7\"><span class=\"magic-8\">T\/T, L\/C, Western Union, Money gram<\/span><\/div>\n<\/td>\n<\/tr>\n<\/tbody>\n<\/table>\n<div><\/div>\n<div>Strutture pubbliche: Utilizzati in luoghi pubblici come parchi, piazze e strade pedonali, forniscono una comoda raccolta dei rifiuti.<br \/>\nSpazio commerciale: Aree esterne di ristoranti, caffetterie e altri locali che sono sia pratici sia in grado di migliorare l'atmosfera.<br \/>\nArea residenziale: Un'area comune o un giardino in un'area residenziale che sia bello e comodo da usare per i residenti.<\/div>\n<figure style=\"width: 700px\" class=\"wp-caption alignnone\"><a href=\"https:\/\/keweicorten.com\/it\"><img fetchpriority=\"high\" decoding=\"async\" title=\"Cestini per rifiuti in metallo in acciaio corten\" src=\"https:\/\/sc04.alicdn.com\/kf\/H1e127c663dd74393b4f53f9ea41248ebz\/230822811\/H1e127c663dd74393b4f53f9ea41248ebz.jpg\" alt=\" Cestini per rifiuti in acciaio corten produttori, fornitori, personalizzati, all&#039;ingrosso, a buon mercato, in vendita, in stock.shkw\" width=\"700\" height=\"700\" \/><\/a><figcaption class=\"wp-caption-text\">Cestini per rifiuti in metallo in acciaio corten<\/figcaption><\/figure>\n<figure style=\"width: 698px\" class=\"wp-caption alignnone\"><a href=\"https:\/\/keweicorten.com\/it\/prodotti\/\"><img decoding=\"async\" title=\" Rifiuti in acciaio corten\" src=\"https:\/\/sc04.alicdn.com\/kf\/Hea8fb4330e9346b19fb3e3f3067b143ee\/230822811\/Hea8fb4330e9346b19fb3e3f3067b143ee.jpg\" alt=\" Acciaio corten spazzatura produttori, fornitori, personalizzato, all&#039;ingrosso, a buon mercato, in vendita, in stock.-shkw\" width=\"698\" height=\"698\" \/><\/a><figcaption class=\"wp-caption-text\">Rifiuti in acciaio corten<\/figcaption><\/figure>\n<p>Il cestino Corten si distingue in termini di design per la sua particolare forma rettangolare. Caratterizzato da un telaio esterno in COR-TEN da 6 mm per un'estetica unica e da un contenitore interno in acciaio zincato che pu\u00f2 contenere fino a 110 litri di rifiuti.<\/p>","protected":false},"excerpt":{"rendered":"<p>Il cestino di alta qualit\u00e0 con posacenere integrato si distingue per l'elevata funzionalit\u00e0 e la facilit\u00e0 di utilizzo. Svuotare il posacenere \u00e8 facile e veloce: aprendo semplicemente lo sportello sotto il posacenere, la cenere cade direttamente nel contenitore dei rifiuti.<\/p>","protected":false},"featured_media":1452,"comment_status":"open","ping_status":"closed","template":"","meta":{"_eb_attr":"","_monsterinsights_skip_tracking":false,"_monsterinsights_sitenote_active":false,"_monsterinsights_sitenote_note":"","_monsterinsights_sitenote_category":0,"_uf_show_specific_survey":0,"_uf_disable_surveys":false},"product_brand":[],"product_cat":[23],"product_tag":[],"class_list":{"0":"post-1450","1":"product","2":"type-product","3":"status-publish","4":"has-post-thumbnail","6":"product_cat-patio-furniture","8":"first","9":"instock","10":"shipping-taxable","11":"product-type-simple"},"_links":{"self":[{"href":"https:\/\/keweicorten.com\/it\/wp-json\/wp\/v2\/product\/1450"}],"collection":[{"href":"https:\/\/keweicorten.com\/it\/wp-json\/wp\/v2\/product"}],"about":[{"href":"https:\/\/keweicorten.com\/it\/wp-json\/wp\/v2\/types\/product"}],"replies":[{"embeddable":true,"href":"https:\/\/keweicorten.com\/it\/wp-json\/wp\/v2\/comments?post=1450"}],"version-history":[{"count":1,"href":"https:\/\/keweicorten.com\/it\/wp-json\/wp\/v2\/product\/1450\/revisions"}],"predecessor-version":[{"id":1453,"href":"https:\/\/keweicorten.com\/it\/wp-json\/wp\/v2\/product\/1450\/revisions\/1453"}],"wp:featuredmedia":[{"embeddable":true,"href":"https:\/\/keweicorten.com\/it\/wp-json\/wp\/v2\/media\/1452"}],"wp:attachment":[{"href":"https:\/\/keweicorten.com\/it\/wp-json\/wp\/v2\/media?parent=1450"}],"wp:term":[{"taxonomy":"product_brand","embeddable":true,"href":"https:\/\/keweicorten.com\/it\/wp-json\/wp\/v2\/product_brand?post=1450"},{"taxonomy":"product_cat","embeddable":true,"href":"https:\/\/keweicorten.com\/it\/wp-json\/wp\/v2\/product_cat?post=1450"},{"taxonomy":"product_tag","embeddable":true,"href":"https:\/\/keweicorten.com\/it\/wp-json\/wp\/v2\/product_tag?post=1450"}],"curies":[{"name":"wp","href":"https:\/\/api.w.org\/{rel}","templated":true}]}}