{"id":1495,"date":"2024-09-26T06:37:55","date_gmt":"2024-09-26T06:37:55","guid":{"rendered":"https:\/\/keweicorten.com\/?post_type=product&#038;p=1495"},"modified":"2025-01-15T06:22:32","modified_gmt":"2025-01-15T06:22:32","slug":"set-bbq-in-acciaio-inox","status":"publish","type":"product","link":"https:\/\/keweicorten.com\/it\/set-bbq-in-acciaio-inox\/","title":{"rendered":"Set per barbecue in acciaio inox"},"content":{"rendered":"<p>Un set per barbecue in acciaio inossidabile \u00e8 un must per ogni maestro della griglia. \u00c8 resistente, duraturo e facile da pulire. Non dovete preoccuparvi di ruggine o corrosione, quindi i vostri utensili saranno sempre come nuovi, anche dopo molti utilizzi.<\/p>\n<p>Questo set per barbecue in acciaio inox \u00e8 dotato di tutti gli strumenti necessari per rendere il vostro barbecue un successo. Avrete a disposizione una spatola, una pinza, un forchettone, una spazzola per imbastire, una spazzola per grigliare e molto altro ancora, tutto realizzato in acciaio inossidabile di alta qualit\u00e0.<\/p>\n<p>Questi strumenti sono progettati per rendere il processo di grigliatura pi\u00f9 fluido ed efficiente. Con gli strumenti giusti, \u00e8 possibile girare gli hamburger, girare le salsicce e spennellare le marinate con facilit\u00e0. Inoltre, i manici resistenti al calore assicurano che non ci si scotti mentre si lavora alla griglia.<\/p>\n<table border=\"0\">\n<tbody>\n<tr>\n<td colspan=\"2\">pinze per bbq, forchettone per bbq, pinza per grigliate, pinza per barbecue, raschietto per grigliate<\/td>\n<\/tr>\n<tr>\n<td>\u00a0<a href=\"https:\/\/keweicorten.com\/it\/prodotti\/\"><img fetchpriority=\"high\" decoding=\"async\" class=\"alignnone\" title=\"griglia bbq\" src=\"https:\/\/sc04.alicdn.com\/kf\/H7855c4c7327146229cdf50da73b79143i\/206073447\/H7855c4c7327146229cdf50da73b79143i.jpg\" alt=\"Accessori per griglie Fabbrica, porcellana, prezzo\" width=\"400\" height=\"400\" data-src=\"\/\/sc04.alicdn.com\/kf\/H7855c4c7327146229cdf50da73b79143i\/206073447\/H7855c4c7327146229cdf50da73b79143i.jpg\" data-width=\"400\" data-height=\"400\" \/><\/a><\/td>\n<td>\n<table border=\"1\">\n<tbody>\n<tr>\n<td>\u00a0Materiale<\/td>\n<td>\u00a0SS420 + maniglia SS410<\/td>\n<\/tr>\n<tr>\n<td>\u00a0Dimensione<\/td>\n<td>\u00a040*15*5cm<\/td>\n<\/tr>\n<tr>\n<td>\u00a0Finitura<\/td>\n<td>\u00a0Spazzola\/lucidatura\/rivestimento\/personalizzato<\/td>\n<\/tr>\n<tr>\n<td>\u00a0Funzione<\/td>\n<td>\u00a0Attrezzi da barbecue con borsa in tessuto oxford<\/td>\n<\/tr>\n<tr>\n<td>\u00a0Logo<\/td>\n<td>\u00a0BMA \/ nessuno \/ Logo del cliente<\/td>\n<\/tr>\n<tr>\n<td>\u00a0Spedizione<\/td>\n<td>\u00a0DHL, TNT, UPS, FEDEX, EMS<\/td>\n<\/tr>\n<tr>\n<td>\u00a0Consegna<\/td>\n<td>\u00a07-30 giorni in base alla quantit\u00e0<\/td>\n<\/tr>\n<\/tbody>\n<\/table>\n<\/td>\n<\/tr>\n<\/tbody>\n<\/table>\n<p><a href=\"https:\/\/keweicorten.com\/it\/contattateci\/\"><img decoding=\"async\" class=\"alignnone\" title=\"Accessori per griglie \" src=\"https:\/\/s.alicdn.com\/@sc04\/kf\/Haadfa9ae644e49dba1d39883ab9aa4eeZ.jpg_720x720q50.jpg\" alt=\"Accessori per griglie all&#039;ingrosso, economici, in vendita, in stock.\" width=\"599\" height=\"599\" \/><\/a><\/p>\n<p><a href=\"https:\/\/keweicorten.com\/it\/contattateci\/\"><img decoding=\"async\" class=\"alignnone\" title=\"Accessori per griglie \" src=\"https:\/\/sc04.alicdn.com\/kf\/H5aab0d25d3ea485eb5379bf84249bef0t\/22449\/H5aab0d25d3ea485eb5379bf84249bef0t.jpg\" alt=\"Accessori per griglie Fabbrica, Cina, prezzo, produttori, fornitori, personalizzati, all&#039;ingrosso, a buon mercato, in vendita, in stock.\" width=\"600\" height=\"495\" \/><\/a><\/p>","protected":false},"excerpt":{"rendered":"<p>Un set per barbecue in acciaio inox \u00e8 un ottimo investimento per ogni appassionato di barbecue. Non solo render\u00e0 pi\u00f9 facile il processo di grigliatura, ma durer\u00e0 anche per anni. Quindi, se volete portare il vostro barbecue a un livello superiore, prendete in considerazione l'idea di acquistare oggi stesso un set per barbecue in acciaio inox!<\/p>","protected":false},"featured_media":1496,"comment_status":"open","ping_status":"closed","template":"","meta":{"_eb_attr":"","_monsterinsights_skip_tracking":false,"_monsterinsights_sitenote_active":false,"_monsterinsights_sitenote_note":"","_monsterinsights_sitenote_category":0,"_uf_show_specific_survey":0,"_uf_disable_surveys":false},"product_brand":[],"product_cat":[49],"product_tag":[],"class_list":{"0":"post-1495","1":"product","2":"type-product","3":"status-publish","4":"has-post-thumbnail","6":"product_cat-bbq-accessories","8":"first","9":"instock","10":"shipping-taxable","11":"product-type-simple"},"_links":{"self":[{"href":"https:\/\/keweicorten.com\/it\/wp-json\/wp\/v2\/product\/1495"}],"collection":[{"href":"https:\/\/keweicorten.com\/it\/wp-json\/wp\/v2\/product"}],"about":[{"href":"https:\/\/keweicorten.com\/it\/wp-json\/wp\/v2\/types\/product"}],"replies":[{"embeddable":true,"href":"https:\/\/keweicorten.com\/it\/wp-json\/wp\/v2\/comments?post=1495"}],"version-history":[{"count":1,"href":"https:\/\/keweicorten.com\/it\/wp-json\/wp\/v2\/product\/1495\/revisions"}],"predecessor-version":[{"id":1497,"href":"https:\/\/keweicorten.com\/it\/wp-json\/wp\/v2\/product\/1495\/revisions\/1497"}],"wp:featuredmedia":[{"embeddable":true,"href":"https:\/\/keweicorten.com\/it\/wp-json\/wp\/v2\/media\/1496"}],"wp:attachment":[{"href":"https:\/\/keweicorten.com\/it\/wp-json\/wp\/v2\/media?parent=1495"}],"wp:term":[{"taxonomy":"product_brand","embeddable":true,"href":"https:\/\/keweicorten.com\/it\/wp-json\/wp\/v2\/product_brand?post=1495"},{"taxonomy":"product_cat","embeddable":true,"href":"https:\/\/keweicorten.com\/it\/wp-json\/wp\/v2\/product_cat?post=1495"},{"taxonomy":"product_tag","embeddable":true,"href":"https:\/\/keweicorten.com\/it\/wp-json\/wp\/v2\/product_tag?post=1495"}],"curies":[{"name":"wp","href":"https:\/\/api.w.org\/{rel}","templated":true}]}}