{"id":1538,"date":"2024-09-26T08:58:30","date_gmt":"2024-09-26T08:58:30","guid":{"rendered":"https:\/\/keweicorten.com\/?post_type=product&#038;p=1538"},"modified":"2025-01-15T06:22:11","modified_gmt":"2025-01-15T06:22:11","slug":"kit-per-il-giardinaggio-domestico","status":"publish","type":"product","link":"https:\/\/keweicorten.com\/it\/kit-per-il-giardinaggio-domestico\/","title":{"rendered":"kit per il giardinaggio domestico"},"content":{"rendered":"<p>Il giardinaggio domestico pu\u00f2 essere un'esperienza divertente e gratificante, ma a volte pu\u00f2 essere opprimente sapere dove iniziare o quali forniture utilizzare. Ecco dove un kit di giardinaggio domestico pu\u00f2 essere un grande investimento. Questi kit vengono tipicamente con tutti gli attrezzi e i materiali necessari per iniziare il vostro giardino domestico, rendendolo pi\u00f9 facile per i principianti saltare a destra dentro.<\/p>\n<p>Uno dei vantaggi dell'utilizzo di un kit di giardinaggio domestico \u00e8 che pu\u00f2 aiutarvi a risparmiare denaro a lungo termine. Invece di comprare ogni singolo attrezzo separatamente, il kit viene tipicamente con un insieme di attrezzi di base come una cazzuola, un potatore e un annaffiatoio, che sono tutti essenziali per qualsiasi giardino. Inoltre, questi kit sono spesso forniti con semi o piante di partenza, in modo da non dover spendere soldi extra per acquistare piante o semi da un vivaio.<\/p>\n<p><b data-spm-anchor-id=\"a2700.details.0.i35.79516fccEpXinR\">GIARDINO COME UN PROFESSIONISTA, DIRETTAMENTE DALLA SCATOLA: <\/b>Il giardinaggio \u00e8 pi\u00f9 divertente con gli attrezzi giusti. Abbiamo riempito questo set pronto per l'uso con i nostri attrezzi in alluminio pi\u00f9 innovativi e altamente resistenti alla ruggine. Ogni pezzo \u00e8 stato progettato per tenere il passo con il vostro programma di giardinaggio pi\u00f9 accanito, pur essendo abbastanza leggero per un lavoro che dura tutto il giorno.<\/p>\n<div class=\"J_module\">\n<div class=\"detail-decorate-json-renderer-container\">\n<div class=\"magic-1\">\n<div class=\"magic-6\" data-spm-anchor-id=\"a2700.details.0.i43.79516fccEpXinR\">\n<div class=\"magic-7\">\n<div class=\"magic-8\" data-spm-anchor-id=\"a2700.details.0.i46.79516fccEpXinR\"><span class=\"magic-9\" style=\"font-family: Arial;\"><span data-spm-anchor-id=\"a2700.details.0.i42.79516fccEpXinR\"><b data-spm-anchor-id=\"a2700.details.0.i45.79516fccEpXinR\">PROTEGGERE LE MANI: <\/b>Amiamo lavorare con le mani, ma non vogliamo che le nostre mani soffrano per questo. Ecco perch\u00e9 utilizziamo materiali che durano nel tempo. La serie Sleek \u00e8 dotata di nuovi guanti in bamb\u00f9 per il giardinaggio che offrono una protezione avanzata da ferite della pelle, tagli e sporcizia. Smettete di usare quei guanti grandi e goffi quando fate i lavori di casa. Con il comfort e lo stile hi-tech, ogni lavoro diventa pi\u00f9 facile: Dai lavori in garage all'interno al giardinaggio all'aperto e molto altro ancora! Questi guanti da giardinaggio piacciono alle donne e anche ai pap\u00e0! Il miglior regalo! <\/span><\/span><span class=\"magic-9\" style=\"font-family: Arial;\"><br \/>\n<\/span><\/div>\n<\/div>\n<\/div>\n<\/div>\n<\/div>\n<\/div>\n<div class=\"J_module\">\n<div class=\"icbu-pc-detailManyImage magic-10\"><\/div>\n<\/div>\n<p><img fetchpriority=\"high\" decoding=\"async\" class=\"\" src=\"https:\/\/sc04.alicdn.com\/kf\/Hbc2591bcee4745e0b4aabf3538f8f051r\/277646274\/Hbc2591bcee4745e0b4aabf3538f8f051r.jpg\" width=\"694\" height=\"694\" \/><\/p>","protected":false},"excerpt":{"rendered":"<p>Un altro vantaggio dell'utilizzo di un kit di giardinaggio domestico \u00e8 che pu\u00f2 aiutarvi a organizzarvi. Con tutti gli attrezzi e i materiali in un posto, non dovrete preoccuparvi di perderli o di smarrirli. Inoltre, molti kit di giardinaggio domestico vengono con le istruzioni dettagliate o le punte su come piantare e curare il vostro giardino, in modo che possiate sentirvi sicuri nella vostra capacit\u00e0 di far crescere le piante sane.<\/p>","protected":false},"featured_media":1539,"comment_status":"open","ping_status":"closed","template":"","meta":{"_eb_attr":"","_monsterinsights_skip_tracking":false,"_monsterinsights_sitenote_active":false,"_monsterinsights_sitenote_note":"","_monsterinsights_sitenote_category":0,"_uf_show_specific_survey":0,"_uf_disable_surveys":false},"product_brand":[],"product_cat":[50],"product_tag":[],"class_list":{"0":"post-1538","1":"product","2":"type-product","3":"status-publish","4":"has-post-thumbnail","6":"product_cat-flower-assessories","8":"first","9":"instock","10":"shipping-taxable","11":"product-type-simple"},"_links":{"self":[{"href":"https:\/\/keweicorten.com\/it\/wp-json\/wp\/v2\/product\/1538"}],"collection":[{"href":"https:\/\/keweicorten.com\/it\/wp-json\/wp\/v2\/product"}],"about":[{"href":"https:\/\/keweicorten.com\/it\/wp-json\/wp\/v2\/types\/product"}],"replies":[{"embeddable":true,"href":"https:\/\/keweicorten.com\/it\/wp-json\/wp\/v2\/comments?post=1538"}],"version-history":[{"count":1,"href":"https:\/\/keweicorten.com\/it\/wp-json\/wp\/v2\/product\/1538\/revisions"}],"predecessor-version":[{"id":1542,"href":"https:\/\/keweicorten.com\/it\/wp-json\/wp\/v2\/product\/1538\/revisions\/1542"}],"wp:featuredmedia":[{"embeddable":true,"href":"https:\/\/keweicorten.com\/it\/wp-json\/wp\/v2\/media\/1539"}],"wp:attachment":[{"href":"https:\/\/keweicorten.com\/it\/wp-json\/wp\/v2\/media?parent=1538"}],"wp:term":[{"taxonomy":"product_brand","embeddable":true,"href":"https:\/\/keweicorten.com\/it\/wp-json\/wp\/v2\/product_brand?post=1538"},{"taxonomy":"product_cat","embeddable":true,"href":"https:\/\/keweicorten.com\/it\/wp-json\/wp\/v2\/product_cat?post=1538"},{"taxonomy":"product_tag","embeddable":true,"href":"https:\/\/keweicorten.com\/it\/wp-json\/wp\/v2\/product_tag?post=1538"}],"curies":[{"name":"wp","href":"https:\/\/api.w.org\/{rel}","templated":true}]}}