{"id":1543,"date":"2024-09-26T09:05:52","date_gmt":"2024-09-26T09:05:52","guid":{"rendered":"https:\/\/keweicorten.com\/?post_type=product&#038;p=1543"},"modified":"2025-01-15T06:22:01","modified_gmt":"2025-01-15T06:22:01","slug":"luce-corten-2","status":"publish","type":"product","link":"https:\/\/keweicorten.com\/it\/luce-corten-2\/","title":{"rendered":"luce corten"},"content":{"rendered":"<p>Le luci in acciaio corten (o apparecchi di illuminazione in corten) combinano la durata e le propriet\u00e0 di resistenza agli agenti atmosferici dell'acciaio corten con la funzionalit\u00e0 dell'illuminazione per esterni e decorativa. L'acciaio corten, noto per la sua capacit\u00e0 di formare uno strato protettivo di ruggine, conferisce un'estetica unica ai progetti di illuminazione, rendendolo popolare nell'architettura del paesaggio, nel design urbano e nell'arredamento moderno.<\/p>\n<h3><strong>Caratteristiche principali delle luci in acciaio corten:<\/strong><\/h3>\n<ol>\n<li><strong>Resistenza agli agenti atmosferici<\/strong>:\n<ul>\n<li>Lo strato di ruggine che si forma naturalmente sulle luci in acciaio Corten protegge il materiale da un'ulteriore corrosione, rendendole altamente resistenti per l'uso all'esterno in varie condizioni atmosferiche.<\/li>\n<\/ul>\n<\/li>\n<li><strong>Estetica unica<\/strong>:\n<ul>\n<li>La ricca e calda patina dell'acciaio Corten crea un aspetto rustico e industriale, che lo rende ideale per progetti di design sia contemporanei che tradizionali. I toni rugginosi e terrosi si fondono armoniosamente con elementi naturali come la pietra, il legno e il verde.<\/li>\n<\/ul>\n<\/li>\n<li><strong>Bassa manutenzione<\/strong>:\n<ul>\n<li>A differenza di altri materiali che possono richiedere verniciature o trattamenti, le luci in acciaio corten sono autoprotettive. Una volta formatasi la patina, l'apparecchio richiede una manutenzione minima.<\/li>\n<\/ul>\n<\/li>\n<li><strong>Personalizzazione<\/strong>:\n<ul>\n<li>Le luci in acciaio corten sono disponibili in vari design, tra cui bitte, luci per sentieri, applique e luci a sospensione. Possono essere tagliate al laser con motivi intricati, creando interessanti effetti di luce e ombra.<\/li>\n<\/ul>\n<\/li>\n<\/ol>\n<table style=\"height: 194px;\" border=\"1\" width=\"627\">\n<tbody>\n<tr>\n<td><span data-spm-anchor-id=\"a2700.details.0.i39.11b8133fdmfbId\">Nome del prodotto\u00a0\u00a0<\/span><\/td>\n<td>\u00a0Hotel Luci da giardino personalizzate in acciaio corten<\/td>\n<\/tr>\n<tr>\n<td>Pacchetto<\/td>\n<td>\u00a0Compensato<\/td>\n<\/tr>\n<tr>\n<td>Numero di modello<\/td>\n<td>SHKW-CL-01<\/td>\n<\/tr>\n<tr>\n<td>Materiale<\/td>\n<td>\u00a0Acciaio corten<\/td>\n<\/tr>\n<tr>\n<td>Dimensione<\/td>\n<td>\u00a0120*120*450mm\/120*120*120*600mm\/120*120*750mm<\/td>\n<\/tr>\n<\/tbody>\n<\/table>\n<p><a href=\"https:\/\/keweicorten.com\/it\"><img fetchpriority=\"high\" decoding=\"async\" class=\"alignnone\" title=\"luce\" src=\"https:\/\/sc04.alicdn.com\/kf\/Hbfd36546659b40b8b1012ec41b13121bi\/235950374\/Hbfd36546659b40b8b1012ec41b13121bi.jpg\" alt=\" luce di dissuasione in corten colore luci da giardino in corten luci a parete per esterni\" width=\"696\" height=\"348\" \/><\/a><\/p>\n<p><a href=\"https:\/\/keweicorten.com\/it\/prodotti\/\"><img decoding=\"async\" class=\"alignnone\" title=\"luce\" src=\"https:\/\/sc04.alicdn.com\/kf\/Ha485a993273c4a1abf4c34b1993865875\/235950374\/Ha485a993273c4a1abf4c34b1993865875.jpg\" alt=\"Ambiente-frendly corten colore bitta luce corten luci da giardino corten luci da parete esterna\" width=\"700\" height=\"350\" \/><\/a><\/p>","protected":false},"excerpt":{"rendered":"<p>La luce corten \u00e8 un tipo di illuminazione incredibilmente bella e versatile che sta diventando sempre pi\u00f9 popolare nel design moderno. L'acciaio corten, noto anche come acciaio per gli agenti atmosferici, ha un aspetto unico e rustico che non ha eguali in nessun altro tipo di materiale.<\/p>","protected":false},"featured_media":1544,"comment_status":"open","ping_status":"closed","template":"","meta":{"_eb_attr":"","_monsterinsights_skip_tracking":false,"_monsterinsights_sitenote_active":false,"_monsterinsights_sitenote_note":"","_monsterinsights_sitenote_category":0,"_uf_show_specific_survey":0,"_uf_disable_surveys":false},"product_brand":[],"product_cat":[61],"product_tag":[],"class_list":{"0":"post-1543","1":"product","2":"type-product","3":"status-publish","4":"has-post-thumbnail","6":"product_cat-light-post","8":"first","9":"instock","10":"shipping-taxable","11":"product-type-simple"},"_links":{"self":[{"href":"https:\/\/keweicorten.com\/it\/wp-json\/wp\/v2\/product\/1543"}],"collection":[{"href":"https:\/\/keweicorten.com\/it\/wp-json\/wp\/v2\/product"}],"about":[{"href":"https:\/\/keweicorten.com\/it\/wp-json\/wp\/v2\/types\/product"}],"replies":[{"embeddable":true,"href":"https:\/\/keweicorten.com\/it\/wp-json\/wp\/v2\/comments?post=1543"}],"version-history":[{"count":1,"href":"https:\/\/keweicorten.com\/it\/wp-json\/wp\/v2\/product\/1543\/revisions"}],"predecessor-version":[{"id":1548,"href":"https:\/\/keweicorten.com\/it\/wp-json\/wp\/v2\/product\/1543\/revisions\/1548"}],"wp:featuredmedia":[{"embeddable":true,"href":"https:\/\/keweicorten.com\/it\/wp-json\/wp\/v2\/media\/1544"}],"wp:attachment":[{"href":"https:\/\/keweicorten.com\/it\/wp-json\/wp\/v2\/media?parent=1543"}],"wp:term":[{"taxonomy":"product_brand","embeddable":true,"href":"https:\/\/keweicorten.com\/it\/wp-json\/wp\/v2\/product_brand?post=1543"},{"taxonomy":"product_cat","embeddable":true,"href":"https:\/\/keweicorten.com\/it\/wp-json\/wp\/v2\/product_cat?post=1543"},{"taxonomy":"product_tag","embeddable":true,"href":"https:\/\/keweicorten.com\/it\/wp-json\/wp\/v2\/product_tag?post=1543"}],"curies":[{"name":"wp","href":"https:\/\/api.w.org\/{rel}","templated":true}]}}