{"id":1619,"date":"2024-09-29T07:14:27","date_gmt":"2024-09-29T07:14:27","guid":{"rendered":"https:\/\/keweicorten.com\/?post_type=product&#038;p=1619"},"modified":"2024-09-29T07:14:28","modified_gmt":"2024-09-29T07:14:28","slug":"lamiera-dacciaio-laminata-a-freddo","status":"publish","type":"product","link":"https:\/\/keweicorten.com\/it\/lamiera-dacciaio-laminata-a-freddo\/","title":{"rendered":"lamiera d'acciaio laminata a freddo"},"content":{"rendered":"<p><strong>La lamiera d'acciaio laminata a freddo presenta le seguenti propriet\u00e0:<\/strong><\/p>\n<ul>\n<li>Superficie liscia: La lastra di acciaio laminata a freddo ha una superficie liscia e un aspetto gradevole, adatto alle applicazioni che richiedono una buona qualit\u00e0 superficiale.<\/li>\n<li>Alta precisione: Grazie alla deformazione plastica del materiale durante il processo di laminazione a freddo, l'accuratezza dello spessore e la precisione dimensionale della lamiera laminata a freddo sono elevate.<\/li>\n<li>Alta resistenza: Le lamiere di acciaio laminate a freddo sono deformate a freddo durante la lavorazione e di solito hanno una resistenza e una durezza maggiori rispetto alle lamiere di acciaio laminate a caldo.<\/li>\n<li>Buona tenacit\u00e0: Sebbene la resistenza sia elevata, la piastra presenta comunque una certa tenacit\u00e0 ed \u00e8 adatta a sopportare carichi d'urto.<\/li>\n<li>Facilit\u00e0 di lavorazione: le lamiere d'acciaio laminate a freddo possono essere saldate, stampate, piegate e sottoposte ad altre lavorazioni successive, per soddisfare una variet\u00e0 di esigenze industriali.<\/li>\n<li>Resistenza alla corrosione: La superficie della lastra d'acciaio viene solitamente trattata per prevenire la ruggine e alcune variet\u00e0 possono migliorare la resistenza alla corrosione.<\/li>\n<li>Resistenza alla fatica: Le lamiere d'acciaio laminate a freddo hanno solitamente un'elevata resistenza alla fatica e sono adatte ad applicazioni che richiedono una certa durata.<\/li>\n<\/ul>\n<p><strong>Tabella delle specifiche comuni per le lamiere di acciaio laminate a freddo<\/strong><\/p>\n<table style=\"height: 50px;\" width=\"603\">\n<thead>\n<tr>\n<th>spessore\uff08mm\uff09<\/th>\n<th>ampiezza (mm)<\/th>\n<th>Lunghezza (mm)<\/th>\n<th>Qualit\u00e0 (kg\/m\u00b2)<\/th>\n<\/tr>\n<\/thead>\n<\/table>\n<div>\n<table style=\"height: 34px;\" width=\"602\">\n<tbody>\n<tr>\n<td>0.3<\/td>\n<td>1000<\/td>\n<td>2000<\/td>\n<td>2.3<\/td>\n<\/tr>\n<\/tbody>\n<\/table>\n<\/div>\n<div>\n<table style=\"height: 32px;\" width=\"602\">\n<tbody>\n<tr>\n<td>0.5<\/td>\n<td>1000<\/td>\n<td>2000<\/td>\n<td>3.9<\/td>\n<\/tr>\n<\/tbody>\n<\/table>\n<\/div>\n<div>\n<table style=\"height: 35px;\" width=\"602\">\n<tbody>\n<tr>\n<td>0.8<\/td>\n<td>1000<\/td>\n<td>2000<\/td>\n<td>6.2<\/td>\n<\/tr>\n<\/tbody>\n<\/table>\n<\/div>\n<div>\n<table style=\"height: 38px;\" width=\"600\">\n<tbody>\n<tr>\n<td>1.0<\/td>\n<td>1000<\/td>\n<td>2000<\/td>\n<td>7.85<\/td>\n<\/tr>\n<\/tbody>\n<\/table>\n<\/div>\n<div>\n<table style=\"height: 39px;\" width=\"600\">\n<tbody>\n<tr>\n<td>1.5<\/td>\n<td>1000<\/td>\n<td>2000<\/td>\n<td>11.8<\/td>\n<\/tr>\n<\/tbody>\n<\/table>\n<\/div>\n<div>\n<table style=\"height: 13px;\" width=\"600\">\n<tbody>\n<tr>\n<td>2.0<\/td>\n<td>1000<\/td>\n<td>2000<\/td>\n<td>15.7<\/td>\n<\/tr>\n<\/tbody>\n<\/table>\n<\/div>\n<div>\n<table style=\"height: 32px;\" width=\"600\">\n<tbody>\n<tr>\n<td>3.0<\/td>\n<td>1000<\/td>\n<td>2000<\/td>\n<td>23.4<\/td>\n<\/tr>\n<\/tbody>\n<\/table>\n<p><a href=\"https:\/\/keweicorten.com\/it\/prodotti\/\"><img fetchpriority=\"high\" decoding=\"async\" class=\"alignnone\" title=\"Lamiera d&#039;acciaio corten resistente agli agenti atmosferici laminata a freddo\" src=\"https:\/\/th.bing.com\/th\/id\/R.7d3d96359760168a62b545d7a34dec4c?rik=UIQkD29QgLt3Ew&amp;pid=ImgRaw&amp;r=0\" alt=\"Lamiera d&#039;acciaio corten resistente alle intemperie laminata a freddo| keweicorten\" width=\"608\" height=\"355\" \/><\/a><\/p>\n<p><a href=\"https:\/\/keweicorten.com\/it\/prodotti\/\"><img decoding=\"async\" class=\"alignnone\" title=\"Lamiera d&#039;acciaio corten resistente agli agenti atmosferici laminata a freddo\" src=\"https:\/\/th.bing.com\/th\/id\/R.b047684d38961f37ec21afb9ea1a92ce?rik=oeK6kzxpnhIvpA&amp;pid=ImgRaw&amp;r=0\" alt=\"Piastra in acciaio inox laminata a freddo -keweicorten \" width=\"606\" height=\"606\" \/><\/a><\/p>\n<\/div>","protected":false},"excerpt":{"rendered":"<p>Le lamiere di acciaio laminate a freddo sono lavorate con il processo di laminazione a freddo e di solito hanno un'elevata resistenza e una buona finitura superficiale. Vengono laminate dal laminatoio a temperatura normale e possono migliorare efficacemente le propriet\u00e0 meccaniche dell'acciaio.<\/p>","protected":false},"featured_media":1620,"comment_status":"open","ping_status":"closed","template":"","meta":{"_eb_attr":"","_monsterinsights_skip_tracking":false,"_monsterinsights_sitenote_active":false,"_monsterinsights_sitenote_note":"","_monsterinsights_sitenote_category":0,"_uf_show_specific_survey":0,"_uf_disable_surveys":false},"product_brand":[],"product_cat":[21],"product_tag":[],"class_list":{"0":"post-1619","1":"product","2":"type-product","3":"status-publish","4":"has-post-thumbnail","6":"product_cat-weather-resistant-steel-plate","8":"first","9":"instock","10":"shipping-taxable","11":"product-type-simple"},"_links":{"self":[{"href":"https:\/\/keweicorten.com\/it\/wp-json\/wp\/v2\/product\/1619"}],"collection":[{"href":"https:\/\/keweicorten.com\/it\/wp-json\/wp\/v2\/product"}],"about":[{"href":"https:\/\/keweicorten.com\/it\/wp-json\/wp\/v2\/types\/product"}],"replies":[{"embeddable":true,"href":"https:\/\/keweicorten.com\/it\/wp-json\/wp\/v2\/comments?post=1619"}],"version-history":[{"count":1,"href":"https:\/\/keweicorten.com\/it\/wp-json\/wp\/v2\/product\/1619\/revisions"}],"predecessor-version":[{"id":1621,"href":"https:\/\/keweicorten.com\/it\/wp-json\/wp\/v2\/product\/1619\/revisions\/1621"}],"wp:featuredmedia":[{"embeddable":true,"href":"https:\/\/keweicorten.com\/it\/wp-json\/wp\/v2\/media\/1620"}],"wp:attachment":[{"href":"https:\/\/keweicorten.com\/it\/wp-json\/wp\/v2\/media?parent=1619"}],"wp:term":[{"taxonomy":"product_brand","embeddable":true,"href":"https:\/\/keweicorten.com\/it\/wp-json\/wp\/v2\/product_brand?post=1619"},{"taxonomy":"product_cat","embeddable":true,"href":"https:\/\/keweicorten.com\/it\/wp-json\/wp\/v2\/product_cat?post=1619"},{"taxonomy":"product_tag","embeddable":true,"href":"https:\/\/keweicorten.com\/it\/wp-json\/wp\/v2\/product_tag?post=1619"}],"curies":[{"name":"wp","href":"https:\/\/api.w.org\/{rel}","templated":true}]}}