{"id":1648,"date":"2024-09-30T06:36:19","date_gmt":"2024-09-30T06:36:19","guid":{"rendered":"https:\/\/keweicorten.com\/?post_type=product&#038;p=1648"},"modified":"2024-09-30T06:36:19","modified_gmt":"2024-09-30T06:36:19","slug":"pannelli-in-acciaio-corten-q295nh-resistenti-alle-intemperie","status":"publish","type":"product","link":"https:\/\/keweicorten.com\/it\/pannelli-in-acciaio-corten-q295nh-resistenti-alle-intemperie\/","title":{"rendered":"Pannelli in acciaio corten Q295NH resistenti alle intemperie"},"content":{"rendered":"<p><strong>Caratteristiche prestazionali dei pannelli in acciaio corten Q295NH:<\/strong><\/p>\n<p>1. Resistenza agli agenti atmosferici:<br \/>\nStrato di ruggine autoprotettivo:<br \/>\nIl Q295NH forma uno strato di ossido stabile (patina) quando viene esposto alle condizioni atmosferiche, che impedisce un'ulteriore corrosione. Questa patina si sviluppa nel tempo, rendendo il materiale altamente resistente agli agenti atmosferici senza la necessit\u00e0 di verniciature o rivestimenti aggiuntivi.<br \/>\nResistenza alla corrosione:<br \/>\nL'acciaio ha una maggiore resistenza alla corrosione atmosferica rispetto all'acciaio normale, soprattutto in ambienti con umidit\u00e0 variabile e cicli umido-asciutto.<\/p>\n<p>2. Propriet\u00e0 meccaniche:<br \/>\nResistenza alla trazione: \u2265 490 MPa<br \/>\nResistenza allo snervamento: \u2265 295 MPa<br \/>\nAllungamento: \u2265 20%<br \/>\nQueste propriet\u00e0 meccaniche rendono il Q295NH adatto ad ambienti ad alta sollecitazione, pur mantenendo flessibilit\u00e0 e tenacit\u00e0.<\/p>\n<p>3. Resistenza agli urti:<br \/>\nEnergia d'impatto: \u2265 27J a -20\u00b0C<br \/>\nL'elevata resistenza agli urti a basse temperature garantisce che l'acciaio rimanga durevole anche in climi rigidi.4. Elevata durata:**<br \/>\nLunga durata di vita:<br \/>\nLo strato di ruggine naturale offre una protezione a lungo termine, rendendolo adatto ad applicazioni esterne come facciate, ponti e elementi architettonici.<br \/>\nBassa manutenzione:<br \/>\nGrazie allo strato protettivo autoformante, la necessit\u00e0 di verniciatura e manutenzione \u00e8 minima.<\/p>\n<p>5. Saldabilit\u00e0:<br \/>\nIl Q295NH ha una buona saldabilit\u00e0, che lo rende facile da fabbricare e integrare in strutture di grandi dimensioni. Per mantenere le propriet\u00e0 di resistenza agli agenti atmosferici, \u00e8 necessario utilizzare tecniche di saldatura adeguate.<\/p>\n<p>6. Adattabilit\u00e0 atmosferica:<br \/>\nAdattabile a climi rigidi:<br \/>\nL'acciaio si comporta bene sia in ambienti asciutti che bagnati e resiste ai raggi UV e all'inquinamento.<br \/>\nSviluppo della patina:<br \/>\nLa patina si sviluppa pi\u00f9 rapidamente alternando ambienti umidi e asciutti, offrendo una maggiore protezione nel tempo.<\/p>\n<p>7. Estetica:<br \/>\nAspetto naturale e invecchiato:<br \/>\nLa superficie arrugginita ha un aspetto gradevole e rustico, molto apprezzato nelle applicazioni architettoniche e paesaggistiche.<\/p>\n<p>8. Vantaggi ambientali:<br \/>\nSostenibilit\u00e0:<br \/>\nEliminando la necessit\u00e0 di vernici o rivestimenti, il Q295NH \u00e8 considerato pi\u00f9 ecologico. La patina riduce il degrado dell'acciaio, prolungandone il ciclo di vita e riducendo la necessit\u00e0 di sostituzioni.<\/p>\n<p><a href=\"https:\/\/keweicorten.com\/it\"><img fetchpriority=\"high\" decoding=\"async\" class=\"alignnone\" title=\"Pannelli in acciaio corten Q295NH resistenti alle intemperie \" src=\"https:\/\/th.bing.com\/th\/id\/OIP._-rX8x76XtiJCvzh5ULlWwAAAA?rs=1&amp;pid=ImgDetMain\" alt=\"Q295NH Pannelli in acciaio corten resistenti alle intemperie Fabbrica, Cina, prezzo, produttori, \" width=\"600\" height=\"600\" \/><\/a><\/p>\n<p><a href=\"https:\/\/keweicorten.com\/it\/prodotto\/schermi-da-giardino-in-corten\/\"><img decoding=\"async\" class=\"alignnone\" title=\"Pannelli in acciaio corten Q295NH resistenti alle intemperie \" src=\"https:\/\/th.bing.com\/th\/id\/R.b85b66e6f1a03b187a7a190e3c04c310?rik=kKtgu8fkuFUPLA&amp;riu=http%3a%2f%2fwww.sdxawy.com%2fUploadFiles%2fOthers%2f201507081113359580278.jpg&amp;ehk=TFvcfO%2fBsrEHg0n7Qm9ZVT9EjVarZKMOBTpSW3Gm2LY%3d&amp;risl=&amp;pid=ImgRaw&amp;r=0\" alt=\"Q295NH Pannelli in acciaio corten resistenti alle intemperie Fabbrica, Cina, prezzo, produttori, \" width=\"601\" height=\"413\" \/><\/a><\/p>","protected":false},"excerpt":{"rendered":"<ul>\n<li><strong>Nome del materiale:<\/strong> Acciaio corten Q295NH<\/li>\n<li><strong>Tipo:<\/strong> Acciaio resistente agli agenti atmosferici<\/li>\n<li><strong>Applicazione:<\/strong> Pannelli da costruzione, strutture per esterni, ponti, mobili da giardino, ecc.<\/li>\n<\/ul>","protected":false},"featured_media":1649,"comment_status":"open","ping_status":"closed","template":"","meta":{"_eb_attr":"","_monsterinsights_skip_tracking":false,"_monsterinsights_sitenote_active":false,"_monsterinsights_sitenote_note":"","_monsterinsights_sitenote_category":0,"_uf_show_specific_survey":0,"_uf_disable_surveys":false},"product_brand":[],"product_cat":[21],"product_tag":[],"class_list":{"0":"post-1648","1":"product","2":"type-product","3":"status-publish","4":"has-post-thumbnail","6":"product_cat-weather-resistant-steel-plate","8":"first","9":"instock","10":"shipping-taxable","11":"product-type-simple"},"_links":{"self":[{"href":"https:\/\/keweicorten.com\/it\/wp-json\/wp\/v2\/product\/1648"}],"collection":[{"href":"https:\/\/keweicorten.com\/it\/wp-json\/wp\/v2\/product"}],"about":[{"href":"https:\/\/keweicorten.com\/it\/wp-json\/wp\/v2\/types\/product"}],"replies":[{"embeddable":true,"href":"https:\/\/keweicorten.com\/it\/wp-json\/wp\/v2\/comments?post=1648"}],"version-history":[{"count":1,"href":"https:\/\/keweicorten.com\/it\/wp-json\/wp\/v2\/product\/1648\/revisions"}],"predecessor-version":[{"id":1650,"href":"https:\/\/keweicorten.com\/it\/wp-json\/wp\/v2\/product\/1648\/revisions\/1650"}],"wp:featuredmedia":[{"embeddable":true,"href":"https:\/\/keweicorten.com\/it\/wp-json\/wp\/v2\/media\/1649"}],"wp:attachment":[{"href":"https:\/\/keweicorten.com\/it\/wp-json\/wp\/v2\/media?parent=1648"}],"wp:term":[{"taxonomy":"product_brand","embeddable":true,"href":"https:\/\/keweicorten.com\/it\/wp-json\/wp\/v2\/product_brand?post=1648"},{"taxonomy":"product_cat","embeddable":true,"href":"https:\/\/keweicorten.com\/it\/wp-json\/wp\/v2\/product_cat?post=1648"},{"taxonomy":"product_tag","embeddable":true,"href":"https:\/\/keweicorten.com\/it\/wp-json\/wp\/v2\/product_tag?post=1648"}],"curies":[{"name":"wp","href":"https:\/\/api.w.org\/{rel}","templated":true}]}}