{"id":1744,"date":"2024-10-18T02:15:15","date_gmt":"2024-10-18T02:15:15","guid":{"rendered":"https:\/\/keweicorten.com\/?post_type=product&#038;p=1744"},"modified":"2025-01-15T06:19:50","modified_gmt":"2025-01-15T06:19:50","slug":"lampione-in-acciaio-resistente-agli-agenti-atmosferici","status":"publish","type":"product","link":"https:\/\/keweicorten.com\/it\/lampione-in-acciaio-resistente-agli-agenti-atmosferici\/","title":{"rendered":"Lampione in acciaio esposto agli agenti atmosferici"},"content":{"rendered":"<p>Box luminoso in acciaio corten - ideale per la durata, la personalizzazione e la bassa manutenzione<\/p>\n<p>Nel campo dell'illuminazione esterna, \u00e8 fondamentale scegliere una scatola luminosa che sia bella e resistente. Grazie alle sue eccellenti caratteristiche, la scatola luminosa in acciaio corten ** risolve i problemi comuni delle scatole luminose tradizionali e diventa la prima scelta per il vostro progetto.<\/p>\n<p>1. Non facile da corrodere, durevole<br \/>\nIl principale vantaggio dell'acciaio Corten \u00e8 la sua superiore resistenza alla corrosione. Se esposto all'aria e all'acqua, l'acciaio Corten forma uno strato protettivo di ossidazione unico nel suo genere, che impedisce efficacemente un'ulteriore corrosione. Sia che si tratti di pioggia, neve, umidit\u00e0 o sole, \u00e8 in grado di mantenere una struttura e un aspetto stabili. Questa tonalit\u00e0 di ruggine formatasi naturalmente non solo esalta la bellezza della scatola luminosa, ma le conferisce anche una resistenza alla corrosione a lungo termine, eliminando il problema della sostituzione frequente.<\/p>\n<p>2. Vari stili, supporto alla personalizzazione<br \/>\nForniamo una variet\u00e0 di stili di pali per lampade in acciaio Weathering, supportando una personalizzazione personalizzata **. Sia che abbiate bisogno di un design semplice e moderno, sia che abbiate bisogno di un modello complesso o di un'incisione dell'identit\u00e0 del marchio, le scatole luminose in acciaio corten possono soddisfare le vostre esigenze. Il suo design flessibile e il processo di produzione consentono di creare una scatola luminosa unica per voi in base alle diverse scene ed esigenze, contribuendo a migliorare l'immagine del marchio o a creare un'atmosfera unica nello spazio.<\/p>\n<p>3. Basso costo di manutenzione<br \/>\nI pali per lampade in acciaio resistente agli agenti atmosferici hanno costi di manutenzione estremamente ridotti. Questo materiale non richiede ulteriori verniciature o trattamenti protettivi e lo stesso strato di ossido \u00e8 la sua migliore barriera protettiva. \u00c8 sufficiente una semplice pulizia quotidiana per mantenere inalterate la funzionalit\u00e0 e la bellezza del lampione, riducendo cos\u00ec notevolmente i costi di manutenzione nel periodo successivo.<\/p>\n<p>4 Lunga durata di vita<br \/>\nGrazie alla sua massima durata, la vita utile dei pali per lampade in acciaio Weathering \u00e8 molto pi\u00f9 lunga di quella dei materiali ordinari. La robustezza e la resistenza agli agenti atmosferici dell'acciaio corten lo rendono stabile a lungo negli ambienti esterni, rendendolo un investimento a lungo termine che non solo \u00e8 bello e pratico, ma continuer\u00e0 a servirvi per molti anni a venire.<\/p>\n<p><a href=\"https:\/\/keweicorten.com\/it\"><img fetchpriority=\"high\" decoding=\"async\" class=\"alignnone\" title=\"luce corten\" src=\"https:\/\/sc04.alicdn.com\/kf\/Hbfd36546659b40b8b1012ec41b13121bi\/235950374\/Hbfd36546659b40b8b1012ec41b13121bi.jpg\" alt=\"Ambiente-frendly corten colore bitta luce corten luci da giardino corten luci da parete esterna\" width=\"650\" height=\"325\" \/><\/a><\/p>\n<p>&nbsp;<\/p>","protected":false},"excerpt":{"rendered":"<p>Se siete alla ricerca di una scatola luminosa per esterni durevole, personalizzata, che richieda poca manutenzione e che abbia una lunga durata, la scatola luminosa in acciaio corten \u00e8 senza dubbio la scelta ideale. Le sue prestazioni superiori e il suo design elegante conferiranno al vostro progetto bellezza e funzionalit\u00e0 durature.<\/p>","protected":false},"featured_media":1745,"comment_status":"open","ping_status":"closed","template":"","meta":{"_eb_attr":"","_monsterinsights_skip_tracking":false,"_monsterinsights_sitenote_active":false,"_monsterinsights_sitenote_note":"","_monsterinsights_sitenote_category":0,"_uf_show_specific_survey":0,"_uf_disable_surveys":false},"product_brand":[],"product_cat":[61],"product_tag":[],"class_list":{"0":"post-1744","1":"product","2":"type-product","3":"status-publish","4":"has-post-thumbnail","6":"product_cat-light-post","8":"first","9":"instock","10":"shipping-taxable","11":"product-type-simple"},"_links":{"self":[{"href":"https:\/\/keweicorten.com\/it\/wp-json\/wp\/v2\/product\/1744"}],"collection":[{"href":"https:\/\/keweicorten.com\/it\/wp-json\/wp\/v2\/product"}],"about":[{"href":"https:\/\/keweicorten.com\/it\/wp-json\/wp\/v2\/types\/product"}],"replies":[{"embeddable":true,"href":"https:\/\/keweicorten.com\/it\/wp-json\/wp\/v2\/comments?post=1744"}],"version-history":[{"count":1,"href":"https:\/\/keweicorten.com\/it\/wp-json\/wp\/v2\/product\/1744\/revisions"}],"predecessor-version":[{"id":1746,"href":"https:\/\/keweicorten.com\/it\/wp-json\/wp\/v2\/product\/1744\/revisions\/1746"}],"wp:featuredmedia":[{"embeddable":true,"href":"https:\/\/keweicorten.com\/it\/wp-json\/wp\/v2\/media\/1745"}],"wp:attachment":[{"href":"https:\/\/keweicorten.com\/it\/wp-json\/wp\/v2\/media?parent=1744"}],"wp:term":[{"taxonomy":"product_brand","embeddable":true,"href":"https:\/\/keweicorten.com\/it\/wp-json\/wp\/v2\/product_brand?post=1744"},{"taxonomy":"product_cat","embeddable":true,"href":"https:\/\/keweicorten.com\/it\/wp-json\/wp\/v2\/product_cat?post=1744"},{"taxonomy":"product_tag","embeddable":true,"href":"https:\/\/keweicorten.com\/it\/wp-json\/wp\/v2\/product_tag?post=1744"}],"curies":[{"name":"wp","href":"https:\/\/api.w.org\/{rel}","templated":true}]}}