{"id":1747,"date":"2024-10-18T07:48:03","date_gmt":"2024-10-18T07:48:03","guid":{"rendered":"https:\/\/keweicorten.com\/?post_type=product&#038;p=1747"},"modified":"2025-01-15T06:20:00","modified_gmt":"2025-01-15T06:20:00","slug":"griglia-bbq-in-acciaio-corten-di-alta-qualita","status":"publish","type":"product","link":"https:\/\/keweicorten.com\/it\/griglia-bbq-in-acciaio-corten-di-alta-qualita\/","title":{"rendered":"Grill per barbecue in acciaio corten di alta qualit\u00e0"},"content":{"rendered":"<div style=\"width: 800px;\" class=\"wp-video\"><!--[if lt IE 9]><script>document.createElement('video');<\/script><![endif]-->\n<video class=\"wp-video-shortcode\" id=\"video-1747-1\" width=\"800\" height=\"450\" loop=\"1\" preload=\"metadata\" controls=\"controls\"><source type=\"video\/mp4\" src=\"https:\/\/keweicorten.com\/wp-content\/uploads\/2024\/10\/corten-steel-BBQ-grill.mp4?_=1\" \/><a href=\"https:\/\/keweicorten.com\/wp-content\/uploads\/2024\/10\/corten-steel-BBQ-grill.mp4\">https:\/\/keweicorten.com\/wp-content\/uploads\/2024\/10\/corten-steel-BBQ-grill.mp4<\/a><\/video><\/div>\n<p>Oggi, alla ricerca di un'elevata qualit\u00e0 della vita, avere una griglia per barbecue in acciaio corten di alta qualit\u00e0, durevole e facile da mantenere, \u00e8 diventata la prima scelta per molte famiglie. Le nostre griglie in acciaio resistente agli agenti atmosferici offrono un'esperienza di grigliata senza pari grazie all'eccellente resistenza alla corrosione, al design facile da pulire e alla facilit\u00e0 di installazione.<\/p>\n<ol>\n<li>Caratteristiche del prodotto<br \/>\nAcciaio resistente agli agenti atmosferici, robusto e durevole<br \/>\nL'utilizzo di materiale di alta qualit\u00e0 in acciaio resistente agli agenti atmosferici con un'eccellente resistenza alla corrosione, anche in condizioni climatiche avverse pu\u00f2 mantenere un buon aspetto e una buona funzionalit\u00e0. Che si tratti di barbecue all'aperto o di uso interno, resister\u00e0 alla prova del tempo.<\/li>\n<li>Design facile da pulire, per risparmiare tempo e fatica<br \/>\nIl design unico rende la pulizia estremamente facile. Potrete pulire la vostra griglia in pochi minuti, dire addio al noioso processo di pulizia e avere pi\u00f9 tempo per godervi il vostro cibo.<\/li>\n<li>Facile da installare, comodo e veloce<br \/>\nL'installazione \u00e8 facile per chiunque non abbia bisogno di strumenti complessi e competenze. Le semplici fasi di montaggio consentono di iniziare a grigliare e gustare piatti deliziosi nel pi\u00f9 breve tempo possibile.<\/li>\n<\/ol>\n<p>Perch\u00e9 scegliere noi?<br \/>\nMateriale di alta qualit\u00e0: l'acciaio resistente agli agenti atmosferici garantisce una lunga durata del prodotto.<br \/>\nDesign facile da pulire: Permette di gustare il cibo allo stesso tempo, riducendo i problemi di pulizia.<br \/>\nInstallazione semplice: Montaggio rapido per un divertimento immediato al barbecue.<\/p>\n<p><a href=\"https:\/\/keweicorten.com\/it\"><img fetchpriority=\"high\" decoding=\"async\" class=\"alignnone\" title=\"griglia bbq in acciaio corten\" src=\"https:\/\/sc04.alicdn.com\/kf\/H4a94e032d1814121892c0ee8ba904035Y\/230328874\/H4a94e032d1814121892c0ee8ba904035Y.jpg\" alt=\"griglia bbq in acciaio corten personalizzata, all&#039;ingrosso, a buon mercato, in vendita keweicorten\" width=\"650\" height=\"433\" \/><\/a><\/p>\n<p><a href=\"https:\/\/keweicorten.com\/it\/prodotto\/schermi-da-giardino-in-corten\/\"><img decoding=\"async\" class=\"alignnone\" src=\"https:\/\/sc04.alicdn.com\/kf\/Hb286da351b8f4b9b9b3970b3a8a63625w\/230328874\/Hb286da351b8f4b9b9b3970b3a8a63625w.jpg\" alt=\"griglia bbq in acciaio corten personalizzata, all&#039;ingrosso, a buon mercato, in vendita\" width=\"650\" height=\"650\" \/><\/a><\/p>\n<p>Il Fire BBQ Grill \u00e8 realizzato in acciaio Corten (o acciaio resistente agli agenti atmosferici), una lega che forma naturalmente una patina di ruggine nei primi 9 mesi circa di esposizione agli agenti atmosferici. \u00c8 interessante notare che, grazie alla composizione di questa speciale lega, la patina di ruggine forma uno strato protettivo che impedisce l'ulteriore formazione di ruggine. L'acciaio sottostante rimane inalterato, poich\u00e9 lo strato esterno continua a proteggersi e a rigenerarsi con l'esposizione all'acqua e all'ossigeno.<\/p>\n<p><a href=\"https:\/\/keweicorten.com\/it\"><img decoding=\"async\" class=\"alignnone\" title=\"griglia bbq corten\" src=\"https:\/\/sc04.alicdn.com\/kf\/Hf12500ad95134ae791d1dd097784240aV\/230328874\/Hf12500ad95134ae791d1dd097784240aV.jpg\" alt=\"corten bbq grill Fabbrica, Cina, prezzo, produttori keweicorten\" width=\"650\" height=\"487\" \/><\/a><\/p>\n<p class=\"magic-28\" data-spm-anchor-id=\"a2700.details.0.i45.9c387fd44v8MUV\"><b><span class=\"magic-29\"><br \/>\nPerch\u00e9 scegliere di collaborare con noi?<\/span><\/b><b><\/b><\/p>\n<p class=\"magic-28\"><span class=\"magic-31\"><span class=\"magic-19\" style=\"color: #48916c;\">1. Quanti progetti avete?<\/span><\/span><\/p>\n<div class=\"magic-28\">\n<p><span class=\"magic-31\"><span class=\"magic-19\">Attualmente, abbiamo pi\u00f9 di dieci stili di griglie bbq in acciaio corten. Se avete bisogno, c'\u00e8 <\/span><\/span><span class=\"magic-19\">non \u00e8 un problema personalizzare i focolari in base alle vostre esigenze.<\/span><\/p>\n<p class=\"magic-30\"><span class=\"magic-31\"><span style=\"color: #48916c;\">2. Da quanti anni costruite focolari? <\/span><\/span><\/p>\n<p class=\"magic-30\"><span class=\"magic-31\">I focolari sono prodotti da oltre 4 anni.<\/span><\/p>\n<p class=\"magic-30\"><span style=\"color: #48916c;\"><span class=\"magic-31\">3. Pu\u00f2 occuparsi della progettazione <\/span>per noi?<\/span><\/p>\n<p class=\"magic-30\"><span class=\"magic-31\">S\u00ec, certo. Abbiamo un team di professionisti con una ricca esperienza nella progettazione e nella produzione. Basta inviarci il <span style=\"color: #000000;\">disegni di <\/span><\/span><span style=\"color: #000000;\">i focolari di cui avete bisogno o le foto con le dimensioni.<\/span><\/p>\n<p class=\"magic-30\"><span class=\"magic-31\"><span style=\"color: #48916c;\">4. Qual \u00e8 la confezione dei focolari?<\/span><\/span><\/p>\n<p class=\"magic-30\"><span class=\"magic-31\">Scatola di compensato, pallet di ferro, pallet di compensato e secondo i requisiti del cliente.<\/span><\/p>\n<\/div>","protected":false},"excerpt":{"rendered":"<p>Scegliendo le nostre griglie in acciaio resistente agli agenti atmosferici, non solo scegliete un'alta qualit\u00e0 di vita, ma scegliete anche la perfetta combinazione di convenienza e durata. Godiamoci insieme il divertimento del barbecue! Acquistate ora per iniziare il vostro viaggio culinario!<\/p>","protected":false},"featured_media":1748,"comment_status":"open","ping_status":"closed","template":"","meta":{"_eb_attr":"","_monsterinsights_skip_tracking":false,"_monsterinsights_sitenote_active":false,"_monsterinsights_sitenote_note":"","_monsterinsights_sitenote_category":0,"_uf_show_specific_survey":0,"_uf_disable_surveys":false},"product_brand":[],"product_cat":[63],"product_tag":[],"class_list":{"0":"post-1747","1":"product","2":"type-product","3":"status-publish","4":"has-post-thumbnail","6":"product_cat-steel-bbq-grill","8":"first","9":"instock","10":"shipping-taxable","11":"product-type-simple"},"_links":{"self":[{"href":"https:\/\/keweicorten.com\/it\/wp-json\/wp\/v2\/product\/1747"}],"collection":[{"href":"https:\/\/keweicorten.com\/it\/wp-json\/wp\/v2\/product"}],"about":[{"href":"https:\/\/keweicorten.com\/it\/wp-json\/wp\/v2\/types\/product"}],"replies":[{"embeddable":true,"href":"https:\/\/keweicorten.com\/it\/wp-json\/wp\/v2\/comments?post=1747"}],"version-history":[{"count":2,"href":"https:\/\/keweicorten.com\/it\/wp-json\/wp\/v2\/product\/1747\/revisions"}],"predecessor-version":[{"id":1756,"href":"https:\/\/keweicorten.com\/it\/wp-json\/wp\/v2\/product\/1747\/revisions\/1756"}],"wp:featuredmedia":[{"embeddable":true,"href":"https:\/\/keweicorten.com\/it\/wp-json\/wp\/v2\/media\/1748"}],"wp:attachment":[{"href":"https:\/\/keweicorten.com\/it\/wp-json\/wp\/v2\/media?parent=1747"}],"wp:term":[{"taxonomy":"product_brand","embeddable":true,"href":"https:\/\/keweicorten.com\/it\/wp-json\/wp\/v2\/product_brand?post=1747"},{"taxonomy":"product_cat","embeddable":true,"href":"https:\/\/keweicorten.com\/it\/wp-json\/wp\/v2\/product_cat?post=1747"},{"taxonomy":"product_tag","embeddable":true,"href":"https:\/\/keweicorten.com\/it\/wp-json\/wp\/v2\/product_tag?post=1747"}],"curies":[{"name":"wp","href":"https:\/\/api.w.org\/{rel}","templated":true}]}}