{"id":1943,"date":"2024-11-13T07:55:20","date_gmt":"2024-11-13T07:55:20","guid":{"rendered":"https:\/\/keweicorten.com\/?post_type=product&#038;p=1943"},"modified":"2024-11-13T07:56:55","modified_gmt":"2024-11-13T07:56:55","slug":"lamiera-dacciaio-corten-a","status":"publish","type":"product","link":"https:\/\/keweicorten.com\/it\/lamiera-dacciaio-corten-a\/","title":{"rendered":"Lamiera d'acciaio Corten A"},"content":{"rendered":"<p class=\"!whitespace-pre-wrap\"><strong>Propriet\u00e0 e benefici principali: il prodotto<\/strong><\/p>\n<ol>\n<li>\n<p class=\"!whitespace-pre-wrap\"><strong>Alta resistenza e durata<\/strong>: La lamiera di acciaio Corten A offre eccellenti propriet\u00e0 meccaniche, tra cui un'elevata resistenza alla trazione e allo snervamento. Ci\u00f2 la rende adatta ad applicazioni che richiedono una solida integrit\u00e0 strutturale.<\/p>\n<\/li>\n<li>\n<p class=\"!whitespace-pre-wrap\"><strong>Resistenza agli agenti atmosferici<\/strong>: Una delle caratteristiche principali del Corten A \u00e8 la sua superiore resistenza alla corrosione atmosferica. Se esposto all'umidit\u00e0 e all'aria, forma una patina stabile simile alla ruggine che protegge l'acciaio sottostante da ulteriori ossidazioni e danni.<\/p>\n<\/li>\n<li>\n<p class=\"!whitespace-pre-wrap\"><strong>Efficienza dei costi<\/strong>: Nonostante le sue propriet\u00e0 avanzate, il Corten A \u00e8 conveniente nel lungo periodo. La ridotta necessit\u00e0 di manutenzione, verniciatura e rivestimenti protettivi si traduce in un notevole risparmio nel tempo.<\/p>\n<\/li>\n<li>\n<p class=\"!whitespace-pre-wrap\"><strong>Estetica<\/strong>: L'aspetto naturale e rustico dell'acciaio Corten A, sottoposto alle intemperie, aggiunge un fascino estetico ai progetti architettonici e paesaggistici. Il suo aspetto unico pu\u00f2 migliorare l'impatto visivo di qualsiasi struttura.<\/p>\n<\/li>\n<\/ol>\n<p><strong>Caratteristiche fisiche: caratteristiche fisiche<\/strong><br \/>\nSpessore: Generalmente compreso tra 8 mm e 450 mm.<br \/>\nLarghezza: solitamente compresa tra 1500 mm e 4500 mm.<br \/>\nLunghezza: da 3000 a 18000 mm.<\/p>\n<p><strong>Campo d'applicazione: il campo d'applicazione<\/strong><br \/>\nIngegneria edilizia e strutturale: Grazie alla sua resistenza agli agenti atmosferici, viene spesso utilizzato per ponti, facciate di edifici e serbatoi di stoccaggio.<br \/>\nAttrezzature per il trasporto: come veicoli ferroviari, carrozzerie di camion, ecc.<br \/>\nUso decorativo: Grazie al suo aspetto unico e alla resistenza agli agenti atmosferici, viene comunemente utilizzato anche nella progettazione del paesaggio e nella scultura artistica.<\/p>\n<table>\n<tbody>\n<tr>\n<td colspan=\"1\" rowspan=\"1\">\n<div><b>Materiale<\/b><\/div>\n<\/td>\n<td colspan=\"4\" rowspan=\"1\">\n<div>Q355NH Q460NH Q345GNH Q295NH Q295GNH Q235NH 09CuPCrNi-A 05CuPCrNi-A SPA-H B460GNQR B480GNQR Q400NQRI Q450NQRI<br \/>\nCorten A\/B, 09CuCrPNi-A, A588 Gr A\/B\/C\/D, ASTM A242, SPA-H, SPA-C, Q235NH, Q295NH, Q355NH, Q460NH, Q295GNH, Q295GNHL, Q345GNH, Q345GNHL, Q390GNH.<\/div>\n<\/td>\n<\/tr>\n<tr>\n<td colspan=\"1\" rowspan=\"1\">\n<div><b>Larghezza<\/b><\/div>\n<\/td>\n<td colspan=\"4\" rowspan=\"1\">\n<div>1000 mm 1250 mm 1500 mm 2000 mm 2500 mm 3000 mm<\/div>\n<\/td>\n<\/tr>\n<tr>\n<td colspan=\"1\" rowspan=\"1\">\n<div><b>Servizio di elaborazione<\/b><\/div>\n<\/td>\n<td colspan=\"4\" rowspan=\"1\">\n<div>Piegatura, saldatura, decoibentazione, taglio, punzonatura<\/div>\n<\/td>\n<\/tr>\n<tr>\n<td colspan=\"1\" rowspan=\"1\">\n<div><b>Spessore<\/b><\/div>\n<\/td>\n<td colspan=\"4\" rowspan=\"1\">\n<div>1,5 mm ~ 70 mm<\/div>\n<\/td>\n<\/tr>\n<tr>\n<td colspan=\"1\" rowspan=\"2\">\n<div><b>Dettaglio dell'imballaggio<\/b><\/div>\n<\/td>\n<td colspan=\"4\" rowspan=\"1\">\n<div>Pacchetto standard per l'esportazione: pallet di legno + cartone + striscia d'acciaio<\/div>\n<\/td>\n<\/tr>\n<tr>\n<td colspan=\"4\" rowspan=\"1\">\n<div>Si accettano requisiti personalizzati<\/div>\n<\/td>\n<\/tr>\n<tr>\n<td colspan=\"1\" rowspan=\"1\">\n<div><b>Tecnica di processo<\/b><\/div>\n<\/td>\n<td colspan=\"4\" rowspan=\"1\">\n<div>Taglio laser &gt; perforazione o piegatura &gt; saldatura e lucidatura &gt; trattamento superficiale &gt; imballaggio<\/div>\n<\/td>\n<\/tr>\n<tr>\n<td colspan=\"1\" rowspan=\"1\">\n<div><b>Applicazione<\/b><\/div>\n<\/td>\n<td colspan=\"4\" rowspan=\"1\">\n<div>Utilizzato per facciate, schermi, divisori di ambienti e altre decorazioni<\/div>\n<\/td>\n<\/tr>\n<\/tbody>\n<\/table>\n<p><a href=\"https:\/\/keweicorten.com\/it\"><img fetchpriority=\"high\" decoding=\"async\" class=\"alignnone\" title=\"Piastre in acciaio corten\" src=\"https:\/\/www.csteelindia.com\/images\/irsm-41-97-corten-steel-plates.jpg\" alt=\"Piastre in acciaio corten Fabbrica, Cina, prezzo, produttori, fornitori- keweicorten\" width=\"699\" height=\"394\" \/><\/a><\/p>\n<p><a href=\"https:\/\/keweicorten.com\/it\/prodotti\/\"><img decoding=\"async\" class=\"alignnone\" title=\"Piastra in acciaio Astm A588 \" src=\"https:\/\/sc01.alicdn.com\/kf\/H52b92eceae0a400495623962a04b0d9bG\/234518937\/H52b92eceae0a400495623962a04b0d9bG.jpg\" alt=\"Astm A588 Steel Plate Fabbrica, Cina, prezzo, produttori, fornitori-keweicorten\" width=\"699\" height=\"524\" \/><\/a><\/p>","protected":false},"excerpt":{"rendered":"<p>Il prezzo della lamiera d'acciaio Corten A offre una miscela di resistenza, durata e fascino estetico che la rende una scelta eccellente per un'ampia gamma di applicazioni. Sia che si tratti di costruzioni, trasporti o produzione,<\/p>","protected":false},"featured_media":1944,"comment_status":"open","ping_status":"closed","template":"","meta":{"_eb_attr":"","_monsterinsights_skip_tracking":false,"_monsterinsights_sitenote_active":false,"_monsterinsights_sitenote_note":"","_monsterinsights_sitenote_category":0,"_uf_show_specific_survey":0,"_uf_disable_surveys":false},"product_brand":[],"product_cat":[21],"product_tag":[],"class_list":{"0":"post-1943","1":"product","2":"type-product","3":"status-publish","4":"has-post-thumbnail","6":"product_cat-weather-resistant-steel-plate","8":"first","9":"instock","10":"shipping-taxable","11":"product-type-simple"},"_links":{"self":[{"href":"https:\/\/keweicorten.com\/it\/wp-json\/wp\/v2\/product\/1943"}],"collection":[{"href":"https:\/\/keweicorten.com\/it\/wp-json\/wp\/v2\/product"}],"about":[{"href":"https:\/\/keweicorten.com\/it\/wp-json\/wp\/v2\/types\/product"}],"replies":[{"embeddable":true,"href":"https:\/\/keweicorten.com\/it\/wp-json\/wp\/v2\/comments?post=1943"}],"version-history":[{"count":2,"href":"https:\/\/keweicorten.com\/it\/wp-json\/wp\/v2\/product\/1943\/revisions"}],"predecessor-version":[{"id":1949,"href":"https:\/\/keweicorten.com\/it\/wp-json\/wp\/v2\/product\/1943\/revisions\/1949"}],"wp:featuredmedia":[{"embeddable":true,"href":"https:\/\/keweicorten.com\/it\/wp-json\/wp\/v2\/media\/1944"}],"wp:attachment":[{"href":"https:\/\/keweicorten.com\/it\/wp-json\/wp\/v2\/media?parent=1943"}],"wp:term":[{"taxonomy":"product_brand","embeddable":true,"href":"https:\/\/keweicorten.com\/it\/wp-json\/wp\/v2\/product_brand?post=1943"},{"taxonomy":"product_cat","embeddable":true,"href":"https:\/\/keweicorten.com\/it\/wp-json\/wp\/v2\/product_cat?post=1943"},{"taxonomy":"product_tag","embeddable":true,"href":"https:\/\/keweicorten.com\/it\/wp-json\/wp\/v2\/product_tag?post=1943"}],"curies":[{"name":"wp","href":"https:\/\/api.w.org\/{rel}","templated":true}]}}