{"id":2972,"date":"2024-12-19T01:47:45","date_gmt":"2024-12-19T01:47:45","guid":{"rendered":"https:\/\/keweicorten.com\/?post_type=product&#038;p=2972"},"modified":"2025-01-15T06:12:58","modified_gmt":"2025-01-15T06:12:58","slug":"griglia-per-caminetto-in-acciaio-corten","status":"publish","type":"product","link":"https:\/\/keweicorten.com\/it\/griglia-per-caminetto-in-acciaio-corten\/","title":{"rendered":"griglia per caminetto in acciaio corten"},"content":{"rendered":"<h2 data-pm-slice=\"1 1 []\">Griglia per caminetto in acciaio corten: L'aggiunta perfetta al vostro spazio di vita all'aperto<\/h2>\n<p>Quando si tratta di valorizzare un'area living all'aperto, pochi elementi sono cos\u00ec versatili e di grande impatto visivo come un caminetto a griglia in acciaio corten. Combinando il calore di un caminetto con la funzionalit\u00e0 di una griglia, questo elemento innovativo eleva i vostri incontri in cortile aggiungendo un tocco di moderno fascino rustico.<\/p>\n<h3>Che cos'\u00e8 una griglia per caminetto in acciaio corten?<\/h3>\n<p>La griglia per caminetto in acciaio corten \u00e8 un elemento per esterni a duplice uso, realizzato in acciaio resistente agli agenti atmosferici, noto come acciaio corten. Questo materiale sviluppa nel tempo una patina protettiva simile alla ruggine, creando un aspetto unico e in continua evoluzione che si integra perfettamente con l'ambiente naturale. Progettate sia per l'estetica che per l'uso pratico, le griglie per caminetto in acciaio corten sono durevoli, richiedono poca manutenzione e sono in grado di resistere alle condizioni climatiche pi\u00f9 avverse.<\/p>\n<p><a href=\"https:\/\/keweicorten.com\/it\/contattateci\/\"><img fetchpriority=\"high\" decoding=\"async\" class=\"alignnone wp-image-2977 size-full\" title=\"fossa antincendio corten bbq \" src=\"https:\/\/keweicorten.com\/wp-content\/uploads\/2024\/12\/\u5fae\u4fe1\u56fe\u7247_20241105151017.png\" alt=\"corten fire pit bbq Fabbrica, Cina, prezzo, produttori, fornitori, personalizzati, all&#039;ingrosso, a buon mercato, in vendita, in stock.-keweicorten\" width=\"517\" height=\"517\" srcset=\"https:\/\/keweicorten.com\/wp-content\/uploads\/2024\/12\/\u5fae\u4fe1\u56fe\u7247_20241105151017.png 517w, https:\/\/keweicorten.com\/wp-content\/uploads\/2024\/12\/\u5fae\u4fe1\u56fe\u7247_20241105151017-300x300.png 300w, https:\/\/keweicorten.com\/wp-content\/uploads\/2024\/12\/\u5fae\u4fe1\u56fe\u7247_20241105151017-150x150.png 150w, https:\/\/keweicorten.com\/wp-content\/uploads\/2024\/12\/\u5fae\u4fe1\u56fe\u7247_20241105151017-12x12.png 12w, https:\/\/keweicorten.com\/wp-content\/uploads\/2024\/12\/\u5fae\u4fe1\u56fe\u7247_20241105151017-100x100.png 100w\" sizes=\"(max-width: 517px) 100vw, 517px\" \/><\/a><\/p>\n<h3>Caratteristiche delle griglie per caminetti in acciaio corten<\/h3>\n<ol start=\"1\" data-spread=\"true\">\n<li><strong>Durata:<\/strong> L'acciaio corten \u00e8 rinomato per la sua forza e resistenza alla corrosione. La sua superficie autorigenerante garantisce prestazioni durature, rendendolo un materiale ideale per le applicazioni esterne.<\/li>\n<li><strong>Estetica rustica:<\/strong> La patina naturale conferisce alla griglia un aspetto unico e terroso che valorizza qualsiasi ambiente esterno. La patina si evolve, aggiungendo carattere e individualit\u00e0.<\/li>\n<li><strong>Versatilit\u00e0:<\/strong> Pu\u00f2 fungere sia da caminetto per riscaldare l'ambiente che da griglia per cucinare. Questa doppia funzionalit\u00e0 lo rende perfetto per ospitare feste all'aperto e riunioni di famiglia.<\/li>\n<li><strong>Bassa manutenzione:<\/strong> A differenza delle griglie tradizionali, l'acciaio corten richiede una manutenzione minima. La patina protettiva elimina la necessit\u00e0 di verniciatura o sigillatura.<\/li>\n<\/ol>\n<p><a href=\"https:\/\/keweicorten.com\/it\/contattateci\/\"><img decoding=\"async\" class=\"alignnone wp-image-2978\" title=\"caminetto corten bbq \" src=\"https:\/\/keweicorten.com\/wp-content\/uploads\/2024\/12\/photobank-1.png\" alt=\"fossa del fuoco bbq Fabbrica, Cina, prezzo, produttori, fornitori, personalizzati, all&#039;ingrosso, a buon mercato, in vendita, in stock.-keweicorten\" width=\"463\" height=\"496\" srcset=\"https:\/\/keweicorten.com\/wp-content\/uploads\/2024\/12\/photobank-1.png 624w, https:\/\/keweicorten.com\/wp-content\/uploads\/2024\/12\/photobank-1-280x300.png 280w, https:\/\/keweicorten.com\/wp-content\/uploads\/2024\/12\/photobank-1-11x12.png 11w, https:\/\/keweicorten.com\/wp-content\/uploads\/2024\/12\/photobank-1-600x642.png 600w\" sizes=\"(max-width: 463px) 100vw, 463px\" \/><\/a><a href=\"https:\/\/keweicorten.com\/it\/contattateci\/\"><img decoding=\"async\" class=\"alignnone wp-image-2980\" title=\"pozzo del fuoco bbq\" src=\"https:\/\/keweicorten.com\/wp-content\/uploads\/2024\/12\/1.jpg\" alt=\"fossa del fuoco bbq Fabbrica, Cina, prezzo, produttori, fornitori, personalizzati, all&#039;ingrosso, a buon mercato, in vendita, in stock.-keweicorten\" width=\"472\" height=\"472\" srcset=\"https:\/\/keweicorten.com\/wp-content\/uploads\/2024\/12\/1.jpg 819w, https:\/\/keweicorten.com\/wp-content\/uploads\/2024\/12\/1-300x300.jpg 300w, https:\/\/keweicorten.com\/wp-content\/uploads\/2024\/12\/1-150x150.jpg 150w, https:\/\/keweicorten.com\/wp-content\/uploads\/2024\/12\/1-768x768.jpg 768w, https:\/\/keweicorten.com\/wp-content\/uploads\/2024\/12\/1-12x12.jpg 12w, https:\/\/keweicorten.com\/wp-content\/uploads\/2024\/12\/1-600x600.jpg 600w, https:\/\/keweicorten.com\/wp-content\/uploads\/2024\/12\/1-100x100.jpg 100w\" sizes=\"(max-width: 472px) 100vw, 472px\" \/><\/a><\/p>\n<h3>Vantaggi della scelta di una griglia per caminetto in acciaio corten<\/h3>\n<h4>1. Esperienza all'aperto migliorata<\/h4>\n<p>Un caminetto-griglia in acciaio corten trasforma il vostro cortile in uno spazio accogliente e funzionale da godere tutto l'anno. Che si tratti di arrostire marshmallow in una serata fredda o di grigliare bistecche durante un barbecue estivo, questo caminetto funge da punto focale per incontri memorabili.<\/p>\n<h4>2. Materiale ecologico<\/h4>\n<p>L'acciaio corten \u00e8 100% riciclabile e ha una lunga durata, il che lo rende una scelta sostenibile per i proprietari di case attenti all'ambiente.<\/p>\n<h4>3. Design personalizzabili<\/h4>\n<p>Disponibili in varie forme e dimensioni, le griglie per caminetto in acciaio corten possono essere adattate all'arredamento esterno. Dal design moderno ed elegante agli stili pi\u00f9 tradizionali, c'\u00e8 un'opzione per tutti i gusti.<\/p>\n<h4>4. Resistenza alle intemperie<\/h4>\n<p>A differenza delle griglie standard che possono arrugginire o degradarsi nel tempo, la patina dell'acciaio corten funge da strato protettivo, garantendo la durata anche in climi rigidi.<\/p>\n<p><a href=\"https:\/\/keweicorten.com\/it\/prodotti\/\"><img loading=\"lazy\" decoding=\"async\" class=\"alignnone wp-image-2981 size-full\" title=\"bbq a fuoco in acciaio corten \" src=\"https:\/\/keweicorten.com\/wp-content\/uploads\/2024\/12\/\u672a\u547d\u540d.jpg\" alt=\"fossa del fuoco bbq Fabbrica, Cina, prezzo, produttori, fornitori, personalizzati, all&#039;ingrosso, a buon mercato, in vendita, in stock.-keweicorten\" width=\"750\" height=\"750\" srcset=\"https:\/\/keweicorten.com\/wp-content\/uploads\/2024\/12\/\u672a\u547d\u540d.jpg 750w, https:\/\/keweicorten.com\/wp-content\/uploads\/2024\/12\/\u672a\u547d\u540d-300x300.jpg 300w, https:\/\/keweicorten.com\/wp-content\/uploads\/2024\/12\/\u672a\u547d\u540d-150x150.jpg 150w, https:\/\/keweicorten.com\/wp-content\/uploads\/2024\/12\/\u672a\u547d\u540d-12x12.jpg 12w, https:\/\/keweicorten.com\/wp-content\/uploads\/2024\/12\/\u672a\u547d\u540d-600x600.jpg 600w, https:\/\/keweicorten.com\/wp-content\/uploads\/2024\/12\/\u672a\u547d\u540d-100x100.jpg 100w\" sizes=\"(max-width: 750px) 100vw, 750px\" \/><\/a><\/p>\n<h3>Consigli per l'uso e la manutenzione della griglia in acciaio corten<\/h3>\n<ul data-spread=\"false\">\n<li><strong>Impostazione iniziale:<\/strong> L'esposizione della griglia agli elementi esterni consente alla patina di svilupparsi naturalmente.<\/li>\n<li><strong>Pulizia:<\/strong> Utilizzare una spazzola morbida per rimuovere detriti o cenere. Evitare l'uso di prodotti chimici aggressivi, che potrebbero alterare il processo di patinatura naturale.<\/li>\n<li><strong>Cura della superficie di cottura:<\/strong> Pulire regolarmente la griglia per mantenere l'igiene e prevenire l'accumulo di residui di cibo.<\/li>\n<\/ul>","protected":false},"excerpt":{"rendered":"<p>Una griglia per caminetto in acciaio corten \u00e8 pi\u00f9 di un semplice accessorio da esterno: \u00e8 un investimento per creare uno spazio caldo e accogliente per la famiglia e gli amici.<\/p>","protected":false},"featured_media":2977,"comment_status":"open","ping_status":"closed","template":"","meta":{"_eb_attr":"","_monsterinsights_skip_tracking":false,"_monsterinsights_sitenote_active":false,"_monsterinsights_sitenote_note":"","_monsterinsights_sitenote_category":0,"_uf_show_specific_survey":0,"_uf_disable_surveys":false},"product_brand":[],"product_cat":[63],"product_tag":[],"class_list":{"0":"post-2972","1":"product","2":"type-product","3":"status-publish","4":"has-post-thumbnail","6":"product_cat-steel-bbq-grill","8":"first","9":"instock","10":"shipping-taxable","11":"product-type-simple"},"_links":{"self":[{"href":"https:\/\/keweicorten.com\/it\/wp-json\/wp\/v2\/product\/2972"}],"collection":[{"href":"https:\/\/keweicorten.com\/it\/wp-json\/wp\/v2\/product"}],"about":[{"href":"https:\/\/keweicorten.com\/it\/wp-json\/wp\/v2\/types\/product"}],"replies":[{"embeddable":true,"href":"https:\/\/keweicorten.com\/it\/wp-json\/wp\/v2\/comments?post=2972"}],"version-history":[{"count":1,"href":"https:\/\/keweicorten.com\/it\/wp-json\/wp\/v2\/product\/2972\/revisions"}],"predecessor-version":[{"id":2982,"href":"https:\/\/keweicorten.com\/it\/wp-json\/wp\/v2\/product\/2972\/revisions\/2982"}],"wp:featuredmedia":[{"embeddable":true,"href":"https:\/\/keweicorten.com\/it\/wp-json\/wp\/v2\/media\/2977"}],"wp:attachment":[{"href":"https:\/\/keweicorten.com\/it\/wp-json\/wp\/v2\/media?parent=2972"}],"wp:term":[{"taxonomy":"product_brand","embeddable":true,"href":"https:\/\/keweicorten.com\/it\/wp-json\/wp\/v2\/product_brand?post=2972"},{"taxonomy":"product_cat","embeddable":true,"href":"https:\/\/keweicorten.com\/it\/wp-json\/wp\/v2\/product_cat?post=2972"},{"taxonomy":"product_tag","embeddable":true,"href":"https:\/\/keweicorten.com\/it\/wp-json\/wp\/v2\/product_tag?post=2972"}],"curies":[{"name":"wp","href":"https:\/\/api.w.org\/{rel}","templated":true}]}}