{"id":2999,"date":"2024-12-25T07:01:12","date_gmt":"2024-12-25T07:01:12","guid":{"rendered":"https:\/\/keweicorten.com\/?post_type=product&#038;p=2999"},"modified":"2025-01-15T06:12:44","modified_gmt":"2025-01-15T06:12:44","slug":"barbeque-corten","status":"publish","type":"product","link":"https:\/\/keweicorten.com\/it\/barbeque-corten\/","title":{"rendered":"barbeque corten"},"content":{"rendered":"<h2 data-pm-slice=\"1 3 []\">Barbeque in acciaio corten: La scelta perfetta per gli appassionati di cucina all'aperto<\/h2>\n<p>Se siete appassionati di cucina all'aperto e volete elevare la vostra esperienza di barbecue, un barbecue in acciaio corten \u00e8 un gioco da ragazzi. Combinando funzionalit\u00e0, durata ed estetica, i barbecue in acciaio corten sono diventati sempre pi\u00f9 popolari tra gli appassionati di cucina all'aperto. Questo materiale \u00e8 una scelta eccellente per il vostro prossimo barbecue.<\/p>\n<h4>Che cos'\u00e8 l'acciaio corten?<\/h4>\n<p>L'acciaio corten, noto anche come acciaio per gli agenti atmosferici, \u00e8 un tipo di lega di acciaio progettato per formare un aspetto stabile simile alla ruggine dopo l'esposizione agli agenti atmosferici. Questa propriet\u00e0 unica lo rende di grande impatto visivo e altamente resistente alla corrosione. A differenza dell'acciaio tradizionale, l'acciaio corten sviluppa nel tempo una patina protettiva che protegge il materiale da ulteriori danni, garantendo prestazioni durature.<\/p>\n<h4>Vantaggi di un barbecue in acciaio corten<\/h4>\n<ol start=\"1\" data-spread=\"true\">\n<li><strong>Durata e longevit\u00e0<\/strong> L'acciaio corten \u00e8 progettato per resistere alle condizioni climatiche avverse e quindi \u00e8 ideale per l'uso all'aperto. Grazie alle sue propriet\u00e0 anticorrosione, il vostro barbecue rimarr\u00e0 funzionale e bello per anni.<\/li>\n<li><strong>Bassa manutenzione<\/strong> La patina naturale che si forma sull'acciaio corten elimina la necessit\u00e0 di una manutenzione frequente. A differenza di altri materiali che richiedono verniciatura o sigillatura, i barbecue in acciaio corten sono praticamente privi di problemi.<\/li>\n<li><strong>Estetica<\/strong> I toni ricchi e terrosi dell'acciaio corten aggiungono un tocco moderno e sofisticato a qualsiasi spazio esterno. Che si preferisca un design minimalista o un look pi\u00f9 rustico, l'acciaio corten si adatta a diversi stili di esterni.<\/li>\n<li><strong>Ritenzione e distribuzione del calore<\/strong> L'acciaio corten \u00e8 un eccellente conduttore di calore e garantisce temperature di cottura uniformi. Questa caratteristica migliora la qualit\u00e0 dei cibi grigliati, garantendo risultati sempre perfetti.<\/li>\n<\/ol>\n<p><a href=\"https:\/\/keweicorten.com\/it\"><img fetchpriority=\"high\" decoding=\"async\" class=\"alignnone wp-image-3004 size-medium\" title=\"griglia bbq corten\u00a0\" src=\"https:\/\/keweicorten.com\/wp-content\/uploads\/2024\/12\/IMG20220916175214-300x300.jpg\" alt=\"acquistare sconto corten bbq grill Campione gratuito -keweicorten\" width=\"300\" height=\"300\" srcset=\"https:\/\/keweicorten.com\/wp-content\/uploads\/2024\/12\/IMG20220916175214-300x300.jpg 300w, https:\/\/keweicorten.com\/wp-content\/uploads\/2024\/12\/IMG20220916175214-150x150.jpg 150w, https:\/\/keweicorten.com\/wp-content\/uploads\/2024\/12\/IMG20220916175214-12x12.jpg 12w, https:\/\/keweicorten.com\/wp-content\/uploads\/2024\/12\/IMG20220916175214-600x600.jpg 600w, https:\/\/keweicorten.com\/wp-content\/uploads\/2024\/12\/IMG20220916175214-100x100.jpg 100w, https:\/\/keweicorten.com\/wp-content\/uploads\/2024\/12\/IMG20220916175214.jpg 750w\" sizes=\"(max-width: 300px) 100vw, 300px\" \/><\/a><a href=\"https:\/\/keweicorten.com\/it\/contattateci\/\"><img decoding=\"async\" class=\"alignnone wp-image-3001 size-medium\" title=\"griglia bbq corten\u00a0\" src=\"https:\/\/keweicorten.com\/wp-content\/uploads\/2024\/12\/IMG20220916161902-300x300.jpg\" alt=\"acquistare sconto corten bbq grill Campione gratuito -keweicorten\" width=\"300\" height=\"300\" srcset=\"https:\/\/keweicorten.com\/wp-content\/uploads\/2024\/12\/IMG20220916161902-300x300.jpg 300w, https:\/\/keweicorten.com\/wp-content\/uploads\/2024\/12\/IMG20220916161902-150x150.jpg 150w, https:\/\/keweicorten.com\/wp-content\/uploads\/2024\/12\/IMG20220916161902-12x12.jpg 12w, https:\/\/keweicorten.com\/wp-content\/uploads\/2024\/12\/IMG20220916161902-600x600.jpg 600w, https:\/\/keweicorten.com\/wp-content\/uploads\/2024\/12\/IMG20220916161902-100x100.jpg 100w, https:\/\/keweicorten.com\/wp-content\/uploads\/2024\/12\/IMG20220916161902.jpg 750w\" sizes=\"(max-width: 300px) 100vw, 300px\" \/><\/a> <a href=\"https:\/\/keweicorten.com\/it\/categoria-di-prodotto\/pozzo-del-fuoco\/\"><img decoding=\"async\" class=\"alignnone wp-image-3002 size-medium\" title=\"griglia bbq corten\" src=\"https:\/\/keweicorten.com\/wp-content\/uploads\/2024\/12\/IMG20220916161905-300x300.jpg\" alt=\"acquistare sconto corten bbq grill Campione gratuito -keweicorten\" width=\"300\" height=\"300\" srcset=\"https:\/\/keweicorten.com\/wp-content\/uploads\/2024\/12\/IMG20220916161905-300x300.jpg 300w, https:\/\/keweicorten.com\/wp-content\/uploads\/2024\/12\/IMG20220916161905-150x150.jpg 150w, https:\/\/keweicorten.com\/wp-content\/uploads\/2024\/12\/IMG20220916161905-12x12.jpg 12w, https:\/\/keweicorten.com\/wp-content\/uploads\/2024\/12\/IMG20220916161905-600x600.jpg 600w, https:\/\/keweicorten.com\/wp-content\/uploads\/2024\/12\/IMG20220916161905-100x100.jpg 100w, https:\/\/keweicorten.com\/wp-content\/uploads\/2024\/12\/IMG20220916161905.jpg 750w\" sizes=\"(max-width: 300px) 100vw, 300px\" \/><\/a><\/p>\n<h4>Disegni popolari di barbecue in acciaio corten<\/h4>\n<ol start=\"1\" data-spread=\"true\">\n<li><strong>Griglie per barbecue indipendenti<\/strong> Sono perfetti per chi desidera un'opzione versatile e portatile. Sono disponibili in varie forme e dimensioni per soddisfare le diverse esigenze di cottura.<\/li>\n<li><strong>Barbecue e barbecue<\/strong> Combinando la funzionalit\u00e0 di un barbecue e l'atmosfera di un focolare, questi design sono perfetti per intrattenere gli ospiti e creare un'atmosfera accogliente.<\/li>\n<li><strong>Postazioni barbecue integrate<\/strong> Per un allestimento pi\u00f9 permanente, i barbecue da incasso in acciaio corten sono una scelta eccellente. Possono essere personalizzati per adattarsi perfettamente alla vostra cucina all'aperto.<\/li>\n<\/ol>\n<p><a href=\"https:\/\/keweicorten.com\/it\"><img loading=\"lazy\" decoding=\"async\" class=\"alignnone wp-image-2981 size-full\" title=\"barbecue corten\" src=\"https:\/\/keweicorten.com\/wp-content\/uploads\/2024\/12\/\u672a\u547d\u540d.jpg\" alt=\"acquistare il corten barbecue \" width=\"750\" height=\"750\" srcset=\"https:\/\/keweicorten.com\/wp-content\/uploads\/2024\/12\/\u672a\u547d\u540d.jpg 750w, https:\/\/keweicorten.com\/wp-content\/uploads\/2024\/12\/\u672a\u547d\u540d-300x300.jpg 300w, https:\/\/keweicorten.com\/wp-content\/uploads\/2024\/12\/\u672a\u547d\u540d-150x150.jpg 150w, https:\/\/keweicorten.com\/wp-content\/uploads\/2024\/12\/\u672a\u547d\u540d-12x12.jpg 12w, https:\/\/keweicorten.com\/wp-content\/uploads\/2024\/12\/\u672a\u547d\u540d-600x600.jpg 600w, https:\/\/keweicorten.com\/wp-content\/uploads\/2024\/12\/\u672a\u547d\u540d-100x100.jpg 100w\" sizes=\"(max-width: 750px) 100vw, 750px\" \/><\/a><\/p>\n<h4>Perch\u00e9 scegliere l'acciaio corten per il vostro barbecue?<\/h4>\n<ul data-spread=\"false\">\n<li><strong>Ecologico:<\/strong> L'acciaio corten \u00e8 riciclabile e rappresenta una scelta sostenibile per i consumatori attenti all'ambiente.<\/li>\n<li><strong>Processo di invecchiamento unico:<\/strong> Con il tempo, l'aspetto dell'acciaio migliora, aggiungendo carattere al vostro spazio esterno.<\/li>\n<li><strong>Resistenza agli agenti atmosferici:<\/strong> La sua capacit\u00e0 di resistere a condizioni estreme ne garantisce la funzionalit\u00e0 e l'estetica per tutto l'anno.<\/li>\n<\/ul>\n<p><a href=\"https:\/\/keweicorten.com\/it\"><img loading=\"lazy\" decoding=\"async\" class=\"alignnone wp-image-2979 size-full\" title=\"griglia BBQ in acciaio corten \" src=\"https:\/\/keweicorten.com\/wp-content\/uploads\/2024\/12\/photobank-3.png\" alt=\"acquistare sconto griglia BBQ in acciaio corten -keweicorten\" width=\"437\" height=\"195\" srcset=\"https:\/\/keweicorten.com\/wp-content\/uploads\/2024\/12\/photobank-3.png 437w, https:\/\/keweicorten.com\/wp-content\/uploads\/2024\/12\/photobank-3-300x134.png 300w, https:\/\/keweicorten.com\/wp-content\/uploads\/2024\/12\/photobank-3-18x8.png 18w\" sizes=\"(max-width: 437px) 100vw, 437px\" \/><\/a><\/p>\n<h4>Consigli per la manutenzione del vostro barbecue in acciaio corten<\/h4>\n<ul data-spread=\"false\">\n<li>Per evitare un'eccessiva formazione di ruggine, evitare di posizionarlo in aree con umidit\u00e0 costante.<\/li>\n<li>Pulire regolarmente la superficie della griglia per rimuovere i residui di cibo.<\/li>\n<li>Utilizzate una copertura protettiva se vivete in regioni con forti piogge o nevicate.<\/li>\n<\/ul>","protected":false},"excerpt":{"rendered":"<p data-pm-slice=\"1 1 []\">Il barbecue in acciaio corten non \u00e8 solo una questione di funzionalit\u00e0, ma anche di valorizzare il vostro spazio all'aperto con un pezzo forte durevole, che richiede poca manutenzione e di grande impatto visivo.<\/p>","protected":false},"featured_media":3005,"comment_status":"open","ping_status":"closed","template":"","meta":{"_eb_attr":"","_monsterinsights_skip_tracking":false,"_monsterinsights_sitenote_active":false,"_monsterinsights_sitenote_note":"","_monsterinsights_sitenote_category":0,"_uf_show_specific_survey":0,"_uf_disable_surveys":false},"product_brand":[],"product_cat":[63],"product_tag":[],"class_list":{"0":"post-2999","1":"product","2":"type-product","3":"status-publish","4":"has-post-thumbnail","6":"product_cat-steel-bbq-grill","8":"first","9":"instock","10":"shipping-taxable","11":"product-type-simple"},"_links":{"self":[{"href":"https:\/\/keweicorten.com\/it\/wp-json\/wp\/v2\/product\/2999"}],"collection":[{"href":"https:\/\/keweicorten.com\/it\/wp-json\/wp\/v2\/product"}],"about":[{"href":"https:\/\/keweicorten.com\/it\/wp-json\/wp\/v2\/types\/product"}],"replies":[{"embeddable":true,"href":"https:\/\/keweicorten.com\/it\/wp-json\/wp\/v2\/comments?post=2999"}],"version-history":[{"count":1,"href":"https:\/\/keweicorten.com\/it\/wp-json\/wp\/v2\/product\/2999\/revisions"}],"predecessor-version":[{"id":3007,"href":"https:\/\/keweicorten.com\/it\/wp-json\/wp\/v2\/product\/2999\/revisions\/3007"}],"wp:featuredmedia":[{"embeddable":true,"href":"https:\/\/keweicorten.com\/it\/wp-json\/wp\/v2\/media\/3005"}],"wp:attachment":[{"href":"https:\/\/keweicorten.com\/it\/wp-json\/wp\/v2\/media?parent=2999"}],"wp:term":[{"taxonomy":"product_brand","embeddable":true,"href":"https:\/\/keweicorten.com\/it\/wp-json\/wp\/v2\/product_brand?post=2999"},{"taxonomy":"product_cat","embeddable":true,"href":"https:\/\/keweicorten.com\/it\/wp-json\/wp\/v2\/product_cat?post=2999"},{"taxonomy":"product_tag","embeddable":true,"href":"https:\/\/keweicorten.com\/it\/wp-json\/wp\/v2\/product_tag?post=2999"}],"curies":[{"name":"wp","href":"https:\/\/api.w.org\/{rel}","templated":true}]}}