{"id":3294,"date":"2025-01-16T07:32:18","date_gmt":"2025-01-16T07:32:18","guid":{"rendered":"https:\/\/keweicorten.com\/?post_type=product&#038;p=3294"},"modified":"2025-01-16T07:32:18","modified_gmt":"2025-01-16T07:32:18","slug":"cassette-postali-personalizzate","status":"publish","type":"product","link":"https:\/\/keweicorten.com\/it\/cassette-postali-personalizzate\/","title":{"rendered":"cassette postali personalizzate"},"content":{"rendered":"<p>Una cassetta delle lettere \u00e8 molto pi\u00f9 di un semplice oggetto funzionale: \u00e8 la prima impressione della vostra casa. Le cassette postali personalizzate offrono una miscela perfetta di stile, durata e praticit\u00e0, rendendole un'aggiunta essenziale per i proprietari di case che desiderano migliorare il loro aspetto esteriore.<\/p>\n<h2><strong>Perch\u00e9 scegliere una cassetta postale personalizzata?<\/strong><\/h2>\n<ol>\n<li><strong>Disegni unici per la personalizzazione<\/strong><br \/>\nLe cassette postali personalizzate vi permettono di esprimere il vostro stile. Che preferiate il minimalismo moderno, l'eleganza classica o il fascino rustico, c'\u00e8 un design che si adatta a ogni estetica.<\/li>\n<li><strong>Materiali resistenti e di lunga durata<\/strong><br \/>\nRealizzate con materiali di alta qualit\u00e0, come l'acciaio inossidabile, l'alluminio o il legno resistente alle intemperie, le cassette postali personalizzate sono costruite per resistere alle condizioni atmosferiche pi\u00f9 avverse, pur mantenendo un aspetto impeccabile.<\/li>\n<li><strong>Funzionalit\u00e0 migliorate<\/strong><br \/>\nMolte cassette postali personalizzate sono dotate di funzioni aggiuntive come meccanismi di chiusura per la sicurezza, scomparti pi\u00f9 grandi per la consegna dei pacchi e sportelli di facile accesso per un comodo recupero della posta.<\/li>\n<li><strong>Distinguetevi nel vostro quartiere<\/strong><br \/>\nUna cassetta delle lettere personalizzata distingue la vostra propriet\u00e0, creando una dichiarazione audace e aggiungendo un tocco di individualit\u00e0 alla vostra casa.<\/li>\n<\/ol>\n<table class=\"has-title all magic-1\" style=\"height: 283px;\" width=\"714\">\n<tbody>\n<tr>\n<td colspan=\"1\" rowspan=\"1\">\n<div class=\"magic-2\" data-spm-anchor-id=\"a2700.details.0.i65.5449703bPRyMac\"><b data-spm-anchor-id=\"a2700.pc-decorate.0.i99.124b3333xivJwC\">Nome del prodotto<\/b><\/div>\n<\/td>\n<td colspan=\"1\" rowspan=\"1\">\n<div class=\"magic-3\">Cassetta postale a parete\/supporto in metallo con chiusura a chiave<\/div>\n<\/td>\n<\/tr>\n<tr>\n<td colspan=\"1\" rowspan=\"1\">\n<div class=\"magic-2\"><b>Materiale<\/b><\/div>\n<\/td>\n<td colspan=\"1\" rowspan=\"1\">\n<div class=\"magic-3\">Metallo<\/div>\n<\/td>\n<\/tr>\n<tr>\n<td colspan=\"1\" rowspan=\"1\">\n<div class=\"magic-2\"><b>Dimensione<\/b><\/div>\n<\/td>\n<td colspan=\"1\" rowspan=\"1\">\n<div class=\"magic-3\">Standard o personalizzato<\/div>\n<\/td>\n<\/tr>\n<tr>\n<td colspan=\"1\" rowspan=\"1\">\n<div class=\"magic-2\"><b data-spm-anchor-id=\"a2700.pc-decorate.0.i7.50b43333LWQGxq\">Vantaggi<\/b><\/div>\n<\/td>\n<td colspan=\"1\" rowspan=\"1\">\n<div class=\"magic-3\">Semplice installazione, lunga durata, nessuna necessit\u00e0 di manutenzione<\/div>\n<\/td>\n<\/tr>\n<tr>\n<td colspan=\"1\" rowspan=\"1\">\n<div class=\"magic-2\"><b>Applicazione<\/b><\/div>\n<\/td>\n<td colspan=\"1\" rowspan=\"1\">\n<div class=\"magic-3\">Casa, cortile, giardino e outdoor<\/div>\n<\/td>\n<\/tr>\n<tr>\n<td colspan=\"1\" rowspan=\"1\">\n<div class=\"magic-2\"><b data-spm-anchor-id=\"a2700.pc-decorate.0.i11.50b43333LWQGxq\">Colore<\/b><\/div>\n<\/td>\n<td colspan=\"1\" rowspan=\"1\">\n<div class=\"magic-3\" data-spm-anchor-id=\"a2700.details.0.i66.5449703bPRyMac\">ruggine\/nero\/colore personalizzato<\/div>\n<\/td>\n<\/tr>\n<tr>\n<td colspan=\"1\" rowspan=\"1\">\n<div class=\"magic-2\"><b data-spm-anchor-id=\"a2700.pc-decorate.0.i15.50b43333LWQGxq\">Logo<\/b><\/div>\n<\/td>\n<td colspan=\"1\" rowspan=\"1\">\n<div class=\"magic-3\">Logo personalizzato<\/div>\n<\/td>\n<\/tr>\n<tr>\n<td colspan=\"1\" rowspan=\"1\">\n<div class=\"magic-2\"><b>Termini di pagamento<\/b><\/div>\n<\/td>\n<td colspan=\"1\" rowspan=\"1\">\n<div class=\"magic-3\">TT, L\/C, Western Union, paypal<\/div>\n<\/td>\n<\/tr>\n<tr>\n<td colspan=\"1\" rowspan=\"1\">\n<div class=\"magic-2\"><b>MOQ<\/b><\/div>\n<\/td>\n<td colspan=\"1\" rowspan=\"1\">\n<div class=\"magic-3\">20 pezzi<\/div>\n<\/td>\n<\/tr>\n<\/tbody>\n<\/table>\n<h2><strong>Tipi di cassette postali personalizzate<\/strong><\/h2>\n<ul>\n<li><strong>Cassette postali a muro<\/strong>: Ideale per case con spazio limitato o per un look elegante e moderno.<\/li>\n<li><strong>Cassette postali<\/strong>: Una scelta classica che pu\u00f2 essere personalizzata con design unici dei pali o dettagli decorativi.<\/li>\n<li><strong>Cassette postali a misura di pacchetto<\/strong>: Progettato per accogliere pacchi pi\u00f9 grandi, perfetto per gli acquirenti online.<\/li>\n<li><strong>Cassette postali a tema<\/strong>: Aggiungete personaggi con cassette postali a forma di animali, veicoli o addirittura case in miniatura.<\/li>\n<\/ul>\n<p><a href=\"https:\/\/keweicorten.com\/it\/prodotti\/\"><img fetchpriority=\"high\" decoding=\"async\" class=\"alignnone wp-image-3301\" title=\"cassetta delle lettere \" src=\"https:\/\/keweicorten.com\/wp-content\/uploads\/2025\/01\/Pakketbus-Paca-cortenstaal-Com_5632b635.jpg\" alt=\"cassetta delle lettere Fabbrica, Cina, prezzo, produttori, fornitori, personalizzati, all&#039;ingrosso, a buon mercato, in vendita, in stock.\" width=\"500\" height=\"500\" srcset=\"https:\/\/keweicorten.com\/wp-content\/uploads\/2025\/01\/Pakketbus-Paca-cortenstaal-Com_5632b635.jpg 700w, https:\/\/keweicorten.com\/wp-content\/uploads\/2025\/01\/Pakketbus-Paca-cortenstaal-Com_5632b635-300x300.jpg 300w, https:\/\/keweicorten.com\/wp-content\/uploads\/2025\/01\/Pakketbus-Paca-cortenstaal-Com_5632b635-150x150.jpg 150w, https:\/\/keweicorten.com\/wp-content\/uploads\/2025\/01\/Pakketbus-Paca-cortenstaal-Com_5632b635-12x12.jpg 12w, https:\/\/keweicorten.com\/wp-content\/uploads\/2025\/01\/Pakketbus-Paca-cortenstaal-Com_5632b635-600x600.jpg 600w, https:\/\/keweicorten.com\/wp-content\/uploads\/2025\/01\/Pakketbus-Paca-cortenstaal-Com_5632b635-100x100.jpg 100w\" sizes=\"(max-width: 500px) 100vw, 500px\" \/><\/a><a href=\"https:\/\/keweicorten.com\/it\/prodotti\/\"><img decoding=\"async\" class=\"alignnone wp-image-3300\" title=\"cassetta delle lettere \" src=\"https:\/\/keweicorten.com\/wp-content\/uploads\/2025\/01\/5-Pinterest_adaa15d8.jpg\" alt=\"cassetta delle lettere Fabbrica, Cina, prezzo, produttori, fornitori, personalizzati, all&#039;ingrosso, a buon mercato, in vendita, in stock.\" width=\"500\" height=\"500\" srcset=\"https:\/\/keweicorten.com\/wp-content\/uploads\/2025\/01\/5-Pinterest_adaa15d8.jpg 700w, https:\/\/keweicorten.com\/wp-content\/uploads\/2025\/01\/5-Pinterest_adaa15d8-300x300.jpg 300w, https:\/\/keweicorten.com\/wp-content\/uploads\/2025\/01\/5-Pinterest_adaa15d8-150x150.jpg 150w, https:\/\/keweicorten.com\/wp-content\/uploads\/2025\/01\/5-Pinterest_adaa15d8-12x12.jpg 12w, https:\/\/keweicorten.com\/wp-content\/uploads\/2025\/01\/5-Pinterest_adaa15d8-600x600.jpg 600w, https:\/\/keweicorten.com\/wp-content\/uploads\/2025\/01\/5-Pinterest_adaa15d8-100x100.jpg 100w\" sizes=\"(max-width: 500px) 100vw, 500px\" \/><\/a><\/p>\n<h2><strong>Come scegliere la giusta cassetta postale personalizzata<\/strong><\/h2>\n<ol>\n<li><strong>Abbinare lo stile della casa<\/strong>: Assicurarsi che il design si integri con l'architettura e l'arredamento esterno della casa.<\/li>\n<li><strong>Considerate le dimensioni e la funzionalit\u00e0<\/strong>: Scegliete un formato che si adatti al vostro volume di posta e che soddisfi le vostre esigenze pratiche.<\/li>\n<li><strong>Privilegiare la durata<\/strong>: Scegliete materiali che resistano alla ruggine, allo sbiadimento e all'usura del tempo.<\/li>\n<li><strong>Aggiungere tocchi personali<\/strong>: Incidete il vostro nome, il numero civico o un disegno personalizzato per una cassetta postale davvero unica.<\/li>\n<\/ol>\n<p>Le cassette postali personalizzate sono un modo eccellente per migliorare l'estetica e la funzionalit\u00e0 della vostra propriet\u00e0. Che si tratti di stile, sicurezza o comodit\u00e0, una cassetta postale personalizzata \u00e8 un investimento che aggiunge valore e fascino alla vostra casa.<\/p>\n<p><a href=\"https:\/\/keweicorten.com\/it\/prodotti\/\"><img decoding=\"async\" class=\"alignnone wp-image-3302 size-full\" title=\"Cassette postali in corten\" src=\"https:\/\/keweicorten.com\/wp-content\/uploads\/2025\/01\/5-Pinterest_97791459-\u526f\u672c.jpg\" alt=\"Fabbrica, Cina, prezzo, produttori, fornitori, personalizzati, all&#039;ingrosso, a buon mercato, in vendita, in stock.\" width=\"700\" height=\"700\" srcset=\"https:\/\/keweicorten.com\/wp-content\/uploads\/2025\/01\/5-Pinterest_97791459-\u526f\u672c.jpg 700w, https:\/\/keweicorten.com\/wp-content\/uploads\/2025\/01\/5-Pinterest_97791459-\u526f\u672c-300x300.jpg 300w, https:\/\/keweicorten.com\/wp-content\/uploads\/2025\/01\/5-Pinterest_97791459-\u526f\u672c-150x150.jpg 150w, https:\/\/keweicorten.com\/wp-content\/uploads\/2025\/01\/5-Pinterest_97791459-\u526f\u672c-12x12.jpg 12w, https:\/\/keweicorten.com\/wp-content\/uploads\/2025\/01\/5-Pinterest_97791459-\u526f\u672c-600x600.jpg 600w, https:\/\/keweicorten.com\/wp-content\/uploads\/2025\/01\/5-Pinterest_97791459-\u526f\u672c-100x100.jpg 100w\" sizes=\"(max-width: 700px) 100vw, 700px\" \/><\/a><\/p>","protected":false},"excerpt":{"rendered":"<p>Scoprite le cassette postali personalizzate che combinano stile, durata e funzionalit\u00e0. Personalizzate la vostra cassetta postale per migliorare l'estetica del giardino, garantendo al contempo una conservazione sicura e duratura della posta.<\/p>\n<div class=\"min-moq\" data-spm-anchor-id=\"a2700.details.0.i64.41a469d5spRcDA\">Quantit\u00e0 minima ordinabile: 1 unit\u00e0<\/div>\n<p><span class=\"price\">$145.00-256.00<\/span><\/p>\n<h3><\/h3>","protected":false},"featured_media":3295,"comment_status":"open","ping_status":"closed","template":"","meta":{"_eb_attr":"","_monsterinsights_skip_tracking":false,"_monsterinsights_sitenote_active":false,"_monsterinsights_sitenote_note":"","_monsterinsights_sitenote_category":0,"_uf_show_specific_survey":0,"_uf_disable_surveys":false},"product_brand":[],"product_cat":[60],"product_tag":[],"class_list":{"0":"post-3294","1":"product","2":"type-product","3":"status-publish","4":"has-post-thumbnail","6":"product_cat-mailbox","8":"first","9":"instock","10":"shipping-taxable","11":"product-type-simple"},"_links":{"self":[{"href":"https:\/\/keweicorten.com\/it\/wp-json\/wp\/v2\/product\/3294"}],"collection":[{"href":"https:\/\/keweicorten.com\/it\/wp-json\/wp\/v2\/product"}],"about":[{"href":"https:\/\/keweicorten.com\/it\/wp-json\/wp\/v2\/types\/product"}],"replies":[{"embeddable":true,"href":"https:\/\/keweicorten.com\/it\/wp-json\/wp\/v2\/comments?post=3294"}],"version-history":[{"count":1,"href":"https:\/\/keweicorten.com\/it\/wp-json\/wp\/v2\/product\/3294\/revisions"}],"predecessor-version":[{"id":3303,"href":"https:\/\/keweicorten.com\/it\/wp-json\/wp\/v2\/product\/3294\/revisions\/3303"}],"wp:featuredmedia":[{"embeddable":true,"href":"https:\/\/keweicorten.com\/it\/wp-json\/wp\/v2\/media\/3295"}],"wp:attachment":[{"href":"https:\/\/keweicorten.com\/it\/wp-json\/wp\/v2\/media?parent=3294"}],"wp:term":[{"taxonomy":"product_brand","embeddable":true,"href":"https:\/\/keweicorten.com\/it\/wp-json\/wp\/v2\/product_brand?post=3294"},{"taxonomy":"product_cat","embeddable":true,"href":"https:\/\/keweicorten.com\/it\/wp-json\/wp\/v2\/product_cat?post=3294"},{"taxonomy":"product_tag","embeddable":true,"href":"https:\/\/keweicorten.com\/it\/wp-json\/wp\/v2\/product_tag?post=3294"}],"curies":[{"name":"wp","href":"https:\/\/api.w.org\/{rel}","templated":true}]}}