{"id":3887,"date":"2025-03-07T06:03:46","date_gmt":"2025-03-07T06:03:46","guid":{"rendered":"https:\/\/keweicorten.com\/?post_type=product&#038;p=3887"},"modified":"2025-03-07T06:03:47","modified_gmt":"2025-03-07T06:03:47","slug":"4x8-304-lamiera-di-acciaio-inox","status":"publish","type":"product","link":"https:\/\/keweicorten.com\/it\/4x8-304-lamiera-di-acciaio-inox\/","title":{"rendered":"4\u00d78 304 Lamiera di acciaio inossidabile"},"content":{"rendered":"<h2><strong>Titolo: Lamiera in acciaio inox 4\u00d78 304: Caratteristiche, specifiche, vantaggi e soluzioni per le vostre esigenze<\/strong><\/h2>\n<p>Quando si tratta di scegliere il materiale giusto per le applicazioni industriali e commerciali, la <strong>4\u00d78 304 lamiera di acciaio inox<\/strong> si distingue per l'eccezionale durata, versatilit\u00e0 e resistenza alla corrosione. Questo tipo di lamiera di acciaio inossidabile \u00e8 ampiamente utilizzato in vari settori, tra cui l'edilizia, la produzione e il design, per le sue eccellenti prestazioni. In questo articolo, approfondiremo le caratteristiche principali, le specifiche, i vantaggi e il modo in cui il nostro prodotto risolve i problemi pi\u00f9 comuni dei clienti.<\/p>\n<h2><strong>Caratteristiche della lamiera in acciaio inox 4\u00d78 304<\/strong><\/h2>\n<ul>\n<li><strong>Composizione del materiale<\/strong>: La lamiera di acciaio inox 304 \u00e8 composta principalmente da ferro, cromo (18%) e nichel (8%), offrendo una lega forte e resistente alla ruggine, adatta a un'ampia gamma di applicazioni.<\/li>\n<li><strong>Finitura superficiale<\/strong>: In genere sono caratterizzati da una finitura spazzolata o a specchio, che conferisce un fascino estetico e al tempo stesso facilita la manutenzione e la pulizia.<\/li>\n<li><strong>Dimensioni e spessore<\/strong>: Le dimensioni standard dei fogli 4\u00d78 (48 pollici per 96 pollici) sono ideali per vari progetti. \u00c8 disponibile in diversi spessori, da 0,02\" a 0,25\" o pi\u00f9, a seconda delle esigenze.<\/li>\n<li><strong>Resistenza alla corrosione<\/strong>: La lamiera di acciaio inox 304 \u00e8 altamente resistente alla corrosione, all'ossidazione e alla ruggine, ed \u00e8 quindi perfetta sia per gli ambienti interni che per quelli esterni, in particolare nelle aree esposte alle intemperie.<\/li>\n<li><strong>Tolleranza alla temperatura<\/strong>: Pu\u00f2 resistere a un'ampia gamma di temperature senza perdere la sua integrit\u00e0 strutturale, rendendolo adatto all'uso in applicazioni ad alta temperatura.<a href=\"https:\/\/keweicorten.com\/it\/prodotti\/\"><img fetchpriority=\"high\" decoding=\"async\" class=\"alignnone\" title=\"304 Prezzo dello strato SS304 4X8\" src=\"https:\/\/image.made-in-china.com\/2f0j00ASclVDJBQwgr\/China-304-Sheet-Price-SS304-4X8-201-Circle-0-6mm-Thick-Steel-Sheets-Stainless-Steel-Sheet.jpg\" alt=\"Cina 304 Foglio prezzo SS304 4X8 201 cerchio 0,6 mm spessore lamiere d&#039;acciaio prezzo-keweicorten\" width=\"730\" height=\"548\" \/><\/a><\/li>\n<\/ul>\n<h2><strong>Specifiche del foglio di acciaio inossidabile 4\u00d78 304<\/strong><\/h2>\n<ul>\n<li><strong>Dimensioni<\/strong>: 4 piedi per 8 piedi (1200 mm x 2400 mm)<\/li>\n<li><strong>Spessore<\/strong>: Disponibile da 0,02\u2033 (0,5 mm) a 0,25\u2033 (6,35 mm) o con spessori personalizzati.<\/li>\n<li><strong>Peso<\/strong>: Varia in base allo spessore, ma in genere si aggira intorno ai 6,5-10 kg per foglio.<\/li>\n<li><strong>Grado<\/strong>: Il 304 \u00e8 il tipo di acciaio inossidabile pi\u00f9 comunemente utilizzato, noto per la sua eccellente formabilit\u00e0 e resistenza alla corrosione.<\/li>\n<li><strong>Opzioni di finitura<\/strong>: Le finiture pi\u00f9 comuni sono 2B, n. 1, n. 4 e finitura a specchio.<\/li>\n<li>Ecco il <strong>4\u00d78 304 Lamiera di acciaio inossidabile<\/strong> parametro<\/li>\n<\/ul>\n<table>\n<thead>\n<tr>\n<th><strong>Parametro<\/strong><\/th>\n<th><strong>Descrizione<\/strong><\/th>\n<\/tr>\n<\/thead>\n<tbody>\n<tr>\n<td><strong>Materiale<\/strong><\/td>\n<td>Acciaio inox 304 (18% cromo, 8% nichel)<\/td>\n<\/tr>\n<tr>\n<td><strong>Dimensioni<\/strong><\/td>\n<td>Dimensioni standard: 1200 mm x 2400 mm (4'x8\u2032)<\/td>\n<\/tr>\n<tr>\n<td><strong>Spessore<\/strong><\/td>\n<td>0,3 mm - 6 mm (dimensioni personalizzate disponibili)<\/td>\n<\/tr>\n<tr>\n<td><strong>Finitura superficiale<\/strong><\/td>\n<td>2B (liscio), n. 1 (ruvido), n. 4 (spazzolato), finitura a specchio<\/td>\n<\/tr>\n<tr>\n<td><strong>Resistenza alla corrosione<\/strong><\/td>\n<td>Eccellente resistenza alla corrosione, adatta ad ambienti umidi, chimici e ad alta temperatura.<\/td>\n<\/tr>\n<tr>\n<td><strong>Resistenza alla trazione<\/strong><\/td>\n<td>520 - 720 MPa<\/td>\n<\/tr>\n<tr>\n<td><strong>Resistenza allo snervamento<\/strong><\/td>\n<td>215 MPa<\/td>\n<\/tr>\n<tr>\n<td><strong>Allungamento<\/strong><\/td>\n<td>40%<\/td>\n<\/tr>\n<tr>\n<td><strong>Densit\u00e0<\/strong><\/td>\n<td>8,0 g\/cm\u00b3<\/td>\n<\/tr>\n<tr>\n<td><strong>Resistenza al calore<\/strong><\/td>\n<td>Intervallo di temperatura: da -196\u00b0C a 870\u00b0C<\/td>\n<\/tr>\n<tr>\n<td><strong>Saldabilit\u00e0<\/strong><\/td>\n<td>Buona saldabilit\u00e0, adatta alla saldatura TIG, MIG e ad arco.<\/td>\n<\/tr>\n<tr>\n<td><strong>Propriet\u00e0 magnetiche<\/strong><\/td>\n<td>Non magnetico, adatto per applicazioni che richiedono un basso magnetismo<\/td>\n<\/tr>\n<tr>\n<td><strong>Qualit\u00e0 della superficie<\/strong><\/td>\n<td>Disponibile in diverse finiture superficiali per adattarsi ad applicazioni decorative, alimentari e chimiche.<\/td>\n<\/tr>\n<\/tbody>\n<\/table>\n<p><a href=\"https:\/\/keweicorten.com\/it\/prodotti\/\"><img decoding=\"async\" class=\"alignnone\" title=\"1 mm 0,8 mm spessore 4x8 aisi 304 acciaio inox lamiera prezzo \" src=\"https:\/\/ts1.tc.mm.bing.net\/th\/id\/R-C.1d94e5fc7d93d7e8e4893f03447e48b9?rik=weqVghXE7QJ4sw&amp;riu=http%3a%2f%2fg02.s.alicdn.com%2fkf%2fHTB1qDm4IVXXXXa0XVXXq6xXFXXXu%2f222252506%2fHTB1qDm4IVXXXXa0XVXXq6xXFXXXu.jpg&amp;ehk=THQ%2fN0FaOqebkqTIwLN%2bkM16Uh04%2bseg2wa3T%2b52JQM%3d&amp;risl=&amp;pid=ImgRaw&amp;r=0\" alt=\"1 mm 0,8 mm di spessore 4x8 aisi 304 lamiera di acciaio inox prezzo per kg - keweicorten\" width=\"750\" height=\"600\" \/><\/a><\/p>\n<h2><strong>Vantaggi della lamiera di acciaio inossidabile 4\u00d78 304<\/strong><\/h2>\n<ol>\n<li><strong>Elevata durata e longevit\u00e0<\/strong>: La natura robusta dell'acciaio inox 304 fa s\u00ec che le lastre mantengano la loro integrit\u00e0 anche dopo anni di esposizione a vari fattori ambientali, tra cui umidit\u00e0 e temperature estreme.<\/li>\n<li><strong>Manutenzione semplice<\/strong>: Con una superficie liscia, le lastre in acciaio inox sono facili da pulire, da mantenere e impediscono la crescita batterica, rendendole ideali per ambienti igienici come cucine e ospedali.<\/li>\n<li><strong>Flessibilit\u00e0 estetica<\/strong>: Disponibile in diverse finiture, la lamiera di acciaio inox 304 pu\u00f2 essere utilizzata sia in applicazioni industriali che decorative, offrendo un aspetto elegante e moderno.<\/li>\n<li><strong>Non magnetico<\/strong>: Si tratta di un materiale non magnetico, utile nelle applicazioni in cui il magnetismo \u00e8 un problema, come ad esempio nei dispositivi elettronici o medici sensibili.<\/li>\n<li><strong>Altamente resistente alla corrosione<\/strong>: L'elevato contenuto di cromo offre una resistenza superiore alla corrosione, soprattutto nei confronti di sostanze chimiche aggressive, acidi e acqua salata, rendendolo ideale per gli ambienti marini.<\/li>\n<li><strong>Eccellente formabilit\u00e0<\/strong>: La lamiera di acciaio inox 304 \u00e8 facile da tagliare, piegare e modellare e pu\u00f2 essere utilizzata in progetti personalizzati, dai componenti industriali agli elettrodomestici e ai mobili.<\/li>\n<\/ol>\n<h3>Punto di vendita del prodotto<\/h3>\n<ul>\n<li><strong>\u00a01: Requisiti di manutenzione elevati<\/strong>\n<ul>\n<li><em>Soluzione<\/em>: La lamiera di acciaio inox 304 richiede una manutenzione minima grazie alla sua superficie liscia e resistente alla corrosione. La pulizia regolare \u00e8 semplice e non richiede strumenti costosi o complicati, con un risparmio di tempo e denaro per il cliente.<\/li>\n<\/ul>\n<\/li>\n<li><strong>\u00a02: Problemi di durata in ambienti gravosi<\/strong>\n<ul>\n<li><em>Soluzione<\/em>: Grazie alla sua eccellente resistenza alla corrosione, la lamiera di acciaio inox 304 \u00e8 perfetta per gli ambienti esposti a umidit\u00e0, sostanze chimiche e temperature estreme. Che si tratti di cucine, fabbriche o installazioni all'aperto, questo materiale \u00e8 in grado di resistere, evitando costose riparazioni e sostituzioni.<\/li>\n<\/ul>\n<\/li>\n<li><strong>\u00a03: Qualit\u00e0 incoerente nel mercato<\/strong>\n<ul>\n<li><em>Soluzione<\/em>: Il nostro <strong>Lamiere in acciaio inox 4\u00d78 304<\/strong> provengono da produttori di alto livello e sono sottoposti a rigorosi controlli di qualit\u00e0, per garantire sempre un prodotto di alta qualit\u00e0. Forniamo una gamma completa di specifiche per soddisfare le esigenze specifiche dei nostri clienti.<\/li>\n<\/ul>\n<\/li>\n<li><strong>4: Inflessibilit\u00e0 nel dimensionamento e nella personalizzazione<\/strong>\n<ul>\n<li><em>Soluzione<\/em>: Offriamo opzioni di taglio e dimensionamento personalizzati per la lamiera di acciaio inox 4\u00d78 304. Se avete bisogno di dimensioni ridotte, spessori specifici o finiture uniche, possiamo adattare il prodotto alle vostre esigenze.<\/li>\n<\/ul>\n<\/li>\n<\/ul>\n<h3><strong>I nostri punti di forza<\/strong><\/h3>\n<ol>\n<li><strong>Garanzia di qualit\u00e0 premium<\/strong>: Diamo priorit\u00e0 ai materiali di alta qualit\u00e0 e al rigoroso controllo di qualit\u00e0 per garantire che le nostre lamiere in acciaio inox 304 soddisfino i pi\u00f9 alti standard industriali.<\/li>\n<li><strong>Prezzi competitivi<\/strong>: Nonostante la qualit\u00e0 superiore, i nostri prezzi rimangono competitivi, offrendovi soluzioni economicamente vantaggiose senza compromettere le prestazioni.<\/li>\n<li><strong>Soluzioni personalizzate<\/strong>: Offriamo prodotti su misura per soddisfare le esigenze di progetti unici, da spessori diversi a finiture e dimensioni speciali.<\/li>\n<li><strong>Consegna rapida e affidabile<\/strong>: Siamo consapevoli dell'importanza di consegne tempestive. Grazie alla nostra efficiente logistica, il vostro ordine vi raggiunger\u00e0 tempestivamente, garantendo il rispetto delle tempistiche del vostro progetto.<\/li>\n<li><strong>Supporto esperto<\/strong>: Il nostro team \u00e8 sempre pronto ad assistervi nella scelta dei prodotti, nei consigli sulle applicazioni e nell'assistenza post-acquisto, per offrirvi un'esperienza senza soluzione di continuit\u00e0.<\/li>\n<\/ol>\n<h3><strong>Conclusione<\/strong><\/h3>\n<p>Il <strong>4\u00d78 304 lamiera di acciaio inox<\/strong> \u00e8 un materiale versatile, durevole ed economico, ideale per un'ampia variet\u00e0 di applicazioni. Che si tratti di un progetto di costruzione, di una cucina o di un'attrezzatura marina, la lamiera di acciaio inox 304 offre soluzioni di lunga durata. Grazie alle nostre opzioni personalizzate e all'impegno per la qualit\u00e0, forniamo prodotti che soddisfano le vostre esigenze specifiche e risolvono le sfide comuni del settore. Scegliete il nostro <strong>Lamiere di acciaio inox 304<\/strong> per prestazioni, durata e valore superiori.<\/p>","protected":false},"excerpt":{"rendered":"<div class=\"flex max-w-full flex-col flex-grow\">\n<div class=\"min-h-8 text-message relative flex w-full flex-col items-end gap-2 whitespace-normal break-words text-start [.text-message+&amp;]:mt-5\" dir=\"auto\" data-message-author-role=\"assistant\" data-message-id=\"a7210d0d-b6a3-498d-a09c-d926ca0c436e\" data-message-model-slug=\"gpt-4o-mini\">\n<div class=\"flex w-full flex-col gap-1 empty:hidden first:pt-[3px]\">\n<div class=\"markdown prose w-full break-words dark:prose-invert light\">\n<p data-start=\"91\" data-end=\"386\" data-is-last-node=\"\" data-is-only-node=\"\"><strong data-start=\"91\" data-end=\"124\">4\u00d78 304 Lamiera di acciaio inossidabile<\/strong> - Durevole, resistente alla corrosione e versatile, \u00e8 ideale per applicazioni industriali, architettoniche e decorative. Grazie alla facilit\u00e0 di manutenzione e alla resistenza alle alte temperature, \u00e8 perfetto per cucine, mobili e altro ancora. Disponibile in dimensioni e finiture personalizzabili.<\/p>\n<\/div>\n<\/div>\n<\/div>\n<\/div>","protected":false},"featured_media":3888,"comment_status":"open","ping_status":"closed","template":"","meta":{"_eb_attr":"","_monsterinsights_skip_tracking":false,"_monsterinsights_sitenote_active":false,"_monsterinsights_sitenote_note":"","_monsterinsights_sitenote_category":0,"_uf_show_specific_survey":0,"_uf_disable_surveys":false},"product_brand":[],"product_cat":[21],"product_tag":[],"class_list":{"0":"post-3887","1":"product","2":"type-product","3":"status-publish","4":"has-post-thumbnail","6":"product_cat-weather-resistant-steel-plate","8":"first","9":"instock","10":"shipping-taxable","11":"product-type-simple"},"_links":{"self":[{"href":"https:\/\/keweicorten.com\/it\/wp-json\/wp\/v2\/product\/3887"}],"collection":[{"href":"https:\/\/keweicorten.com\/it\/wp-json\/wp\/v2\/product"}],"about":[{"href":"https:\/\/keweicorten.com\/it\/wp-json\/wp\/v2\/types\/product"}],"replies":[{"embeddable":true,"href":"https:\/\/keweicorten.com\/it\/wp-json\/wp\/v2\/comments?post=3887"}],"version-history":[{"count":1,"href":"https:\/\/keweicorten.com\/it\/wp-json\/wp\/v2\/product\/3887\/revisions"}],"predecessor-version":[{"id":3890,"href":"https:\/\/keweicorten.com\/it\/wp-json\/wp\/v2\/product\/3887\/revisions\/3890"}],"wp:featuredmedia":[{"embeddable":true,"href":"https:\/\/keweicorten.com\/it\/wp-json\/wp\/v2\/media\/3888"}],"wp:attachment":[{"href":"https:\/\/keweicorten.com\/it\/wp-json\/wp\/v2\/media?parent=3887"}],"wp:term":[{"taxonomy":"product_brand","embeddable":true,"href":"https:\/\/keweicorten.com\/it\/wp-json\/wp\/v2\/product_brand?post=3887"},{"taxonomy":"product_cat","embeddable":true,"href":"https:\/\/keweicorten.com\/it\/wp-json\/wp\/v2\/product_cat?post=3887"},{"taxonomy":"product_tag","embeddable":true,"href":"https:\/\/keweicorten.com\/it\/wp-json\/wp\/v2\/product_tag?post=3887"}],"curies":[{"name":"wp","href":"https:\/\/api.w.org\/{rel}","templated":true}]}}