{"id":491,"date":"2024-07-15T02:29:11","date_gmt":"2024-07-15T02:29:11","guid":{"rendered":"https:\/\/keweicorten.com\/?post_type=product&#038;p=491"},"modified":"2025-01-15T06:29:12","modified_gmt":"2025-01-15T06:29:12","slug":"griglia-in-acciaio-corten","status":"publish","type":"product","link":"https:\/\/keweicorten.com\/it\/griglia-in-acciaio-corten\/","title":{"rendered":"griglia in acciaio corten"},"content":{"rendered":"<h2>Quali sono le caratteristiche del bbq grill?<\/h2>\n<ul>\n<li><strong>Durata:<\/strong> Una griglia in acciaio corten di alta qualit\u00e0, realizzata con materiali robusti come l'acciaio inox o la ghisa, pu\u00f2 attrarre chi cerca un investimento duraturo, in grado di resistere a un uso frequente e a diverse condizioni atmosferiche.<\/li>\n<li><strong>Versatilit\u00e0:<\/strong>\u00a0I barbecue che offrono diverse opzioni di cottura, come la griglia, l'affumicatura o anche le funzioni di girarrosto, possono piacere a chi ama sperimentare tecniche di cottura e sapori diversi.<\/li>\n<li><strong>Facile da usare:<\/strong> Un design intuitivo e facile da usare, insieme a caratteristiche quali sistemi di accensione facilitati, impostazioni di calore regolabili e comodi meccanismi di pulizia, possono rendere una griglia in acciaio corten pi\u00f9 attraente per chi cerca un'esperienza di grigliata senza problemi.<\/li>\n<li><strong>Dimensioni e area di cottura:<\/strong>\u00a0I barbecue con ampio spazio di cottura, bruciatori multipli e funzioni aggiuntive come tavolini o vani portaoggetti possono essere interessanti per chi ama ospitare riunioni o cucinare per un gruppo di persone pi\u00f9 numeroso.<\/li>\n<\/ul>\n<p><strong>Estetica:<\/strong> Il design e l'aspetto di una griglia in acciaio corten, comprese le finiture eleganti, gli stili moderni o classici e le opzioni di colore, possono giocare un ruolo significativo nell'attrarre gli acquirenti che apprezzano l'appeal visivo delle loro attrezzature per la cottura all'aperto.<\/p>\n<h2>Utilizzo della griglia in acciaio corten:<\/h2>\n<ul>\n<li>Uso stagionale: Le griglie in acciaio corten sono ideali per l'uso all'aperto grazie alla particolare superficie arrugginita che si forma con gli agenti atmosferici. Quando non viene utilizzato, si consiglia di riporre il grill in un luogo asciutto e ventilato.<\/li>\n<li>Preparazione della griglia: Prima dell'uso, pulire e preriscaldare la griglia per rimuovere eventuali residui o sporcizia e assicurarsi che la superficie della griglia sia asciutta.<\/li>\n<li>Grigliate: Durante il processo di grigliatura, regolare il calore e l'area di riscaldamento in base ai diversi ingredienti e alle esigenze di cottura. Evitare di graffiare la griglia con strumenti metallici per non danneggiare la superficie.<\/li>\n<li>Pulizia e manutenzione: Dopo la grigliata, pulire la griglia con strumenti di pulizia appropriati per garantire che la superficie sia pulita e mantenga il suo aspetto. Una manutenzione e una cura regolari possono prolungare la vita della griglia.<\/li>\n<\/ul>\n<p>&nbsp;<\/p>","protected":false},"excerpt":{"rendered":"<p>Una griglia in acciaio corten \u00e8 un'opzione durevole e visivamente attraente per cucinare all'aperto, in quanto il processo di invecchiamento ne aumenta l'estetica. Tuttavia, \u00e8 importante notare che l'acciaio corten pu\u00f2 arrugginire e macchiare le superfici circostanti, quindi \u00e8 consigliabile posizionarlo in aree in cui questo non \u00e8 un problema.<\/p>","protected":false},"featured_media":492,"comment_status":"open","ping_status":"closed","template":"","meta":{"_eb_attr":"","_monsterinsights_skip_tracking":false,"_monsterinsights_sitenote_active":false,"_monsterinsights_sitenote_note":"","_monsterinsights_sitenote_category":0,"_uf_show_specific_survey":0,"_uf_disable_surveys":false},"product_brand":[],"product_cat":[63],"product_tag":[],"class_list":{"0":"post-491","1":"product","2":"type-product","3":"status-publish","4":"has-post-thumbnail","6":"product_cat-steel-bbq-grill","8":"first","9":"instock","10":"featured","11":"shipping-taxable","12":"product-type-simple"},"_links":{"self":[{"href":"https:\/\/keweicorten.com\/it\/wp-json\/wp\/v2\/product\/491"}],"collection":[{"href":"https:\/\/keweicorten.com\/it\/wp-json\/wp\/v2\/product"}],"about":[{"href":"https:\/\/keweicorten.com\/it\/wp-json\/wp\/v2\/types\/product"}],"replies":[{"embeddable":true,"href":"https:\/\/keweicorten.com\/it\/wp-json\/wp\/v2\/comments?post=491"}],"version-history":[{"count":1,"href":"https:\/\/keweicorten.com\/it\/wp-json\/wp\/v2\/product\/491\/revisions"}],"predecessor-version":[{"id":3238,"href":"https:\/\/keweicorten.com\/it\/wp-json\/wp\/v2\/product\/491\/revisions\/3238"}],"wp:featuredmedia":[{"embeddable":true,"href":"https:\/\/keweicorten.com\/it\/wp-json\/wp\/v2\/media\/492"}],"wp:attachment":[{"href":"https:\/\/keweicorten.com\/it\/wp-json\/wp\/v2\/media?parent=491"}],"wp:term":[{"taxonomy":"product_brand","embeddable":true,"href":"https:\/\/keweicorten.com\/it\/wp-json\/wp\/v2\/product_brand?post=491"},{"taxonomy":"product_cat","embeddable":true,"href":"https:\/\/keweicorten.com\/it\/wp-json\/wp\/v2\/product_cat?post=491"},{"taxonomy":"product_tag","embeddable":true,"href":"https:\/\/keweicorten.com\/it\/wp-json\/wp\/v2\/product_tag?post=491"}],"curies":[{"name":"wp","href":"https:\/\/api.w.org\/{rel}","templated":true}]}}