{"id":988,"date":"2024-09-10T03:07:13","date_gmt":"2024-09-10T03:07:13","guid":{"rendered":"https:\/\/keweicorten.com\/?post_type=product&#038;p=988"},"modified":"2024-09-10T03:07:22","modified_gmt":"2024-09-10T03:07:22","slug":"panchina-in-acciaio-corten","status":"publish","type":"product","link":"https:\/\/keweicorten.com\/it\/panchina-in-acciaio-corten\/","title":{"rendered":"panchina in acciaio corten"},"content":{"rendered":"<h3>Perch\u00e9 utilizzare l'acciaio corroso come materiale ideale per la panchina in acciaio corten:<\/h3>\n<p>Esplorate le panche in acciaio corten che combinano un design moderno con una durata superiore per tutti i tipi di spazi esterni, per migliorare la qualit\u00e0 e il comfort del vostro spazio di svago.<\/p>\n<figure style=\"width: 750px\" class=\"wp-caption alignnone\"><a href=\"https:\/\/keweicorten.com\/it\/contattateci\/\"><img fetchpriority=\"high\" decoding=\"async\" title=\"Panchina da esterno in acciaio resistente agli agenti atmosferici\" src=\"https:\/\/sc04.alicdn.com\/kf\/A4a230982885047639f8ccbda507af4993\/276435419\/A4a230982885047639f8ccbda507af4993.jpg\" alt=\"\" width=\"750\" height=\"454\" \/><\/a><figcaption class=\"wp-caption-text\">Panchina da esterno in acciaio resistente agli agenti atmosferici, durevole ed elegante,<\/figcaption><\/figure>\n<p>Ci sono diversi motivi per utilizzare l'acciaio corroso come materiale ideale per il banco corten:<\/p>\n<p>1. Resistenza alle intemperie<\/p>\n<p>2. Estetica<\/p>\n<p>3. Forza e durata<\/p>\n<p>4. Basso costo di manutenzione<\/p>\n<p>5. Protezione dell'ambiente<\/p>\n<p>6. Forte capacit\u00e0 di adattamento<\/p>\n<p><img decoding=\"async\" title=\"panchine in corten\" src=\"https:\/\/www.keweistove.com\/uploads\/39684\/products\/p20240305105535578e4.png\" alt=\"prodotto-751-313\" width=\"751\" height=\"313\" \/><\/p>\n<h3>I vantaggi ambientali delle panchine per esterni in acciaio resistente agli agenti atmosferici si riflettono principalmente nei seguenti aspetti:<\/h3>\n<p>1.  Riciclabilit\u00e0: l'acciaio resistente agli agenti atmosferici \u00e8 un materiale riciclabile, che pu\u00f2 essere riciclato e rilavorato dopo l'uso, riducendo lo spreco di risorse e rispettando il principio dello sviluppo sostenibile.<\/p>\n<p>2.  Produzione a basso consumo energetico: rispetto ad altri materiali, il processo di produzione dell'acciaio da agenti atmosferici consuma generalmente meno energia.<\/p>\n<p>3. Lunga durata: l'acciaio resistente agli agenti atmosferici ha un'eccellente resistenza alla corrosione e alla forza.<\/p>\n<p>4.  Ridurre la manutenzione: le panchine per esterni in acciaio resistente agli agenti atmosferici richiedono solitamente meno manutenzione, riducendo l'uso di detergenti e conservanti chimici ed evitando l'inquinamento dell'ambiente.<\/p>\n<p>5.Integrazione naturale: la superficie corrosa dell'acciaio resistente agli agenti atmosferici pu\u00f2 essere integrata armoniosamente con l'ambiente naturale, migliorando la bellezza del paesaggio urbano e promuovendo la connessione tra le persone e l'ambiente naturale.<\/p>\n<p>6.  Eco-compatibile: l'uso dell'acciaio resistente agli agenti atmosferici contribuisce a creare uno spazio pubblico accogliente, a promuovere l'armonia tra l'uomo e la natura e a migliorare gli interessi pubblici sociali.<\/p>","protected":false},"excerpt":{"rendered":"<p>Panchina da esterno in acciaio resistente agli agenti atmosferici, durevole ed elegante, adatta a una variet\u00e0 di ambienti esterni, offre un luogo di svago ideale per soddisfare le vostre esigenze all'aperto.<\/p>","protected":false},"featured_media":989,"comment_status":"open","ping_status":"closed","template":"","meta":{"_eb_attr":"","_monsterinsights_skip_tracking":false,"_monsterinsights_sitenote_active":false,"_monsterinsights_sitenote_note":"","_monsterinsights_sitenote_category":0,"_uf_show_specific_survey":0,"_uf_disable_surveys":false},"product_brand":[],"product_cat":[23],"product_tag":[],"class_list":{"0":"post-988","1":"product","2":"type-product","3":"status-publish","4":"has-post-thumbnail","6":"product_cat-patio-furniture","8":"first","9":"instock","10":"shipping-taxable","11":"product-type-simple"},"_links":{"self":[{"href":"https:\/\/keweicorten.com\/it\/wp-json\/wp\/v2\/product\/988"}],"collection":[{"href":"https:\/\/keweicorten.com\/it\/wp-json\/wp\/v2\/product"}],"about":[{"href":"https:\/\/keweicorten.com\/it\/wp-json\/wp\/v2\/types\/product"}],"replies":[{"embeddable":true,"href":"https:\/\/keweicorten.com\/it\/wp-json\/wp\/v2\/comments?post=988"}],"version-history":[{"count":1,"href":"https:\/\/keweicorten.com\/it\/wp-json\/wp\/v2\/product\/988\/revisions"}],"predecessor-version":[{"id":994,"href":"https:\/\/keweicorten.com\/it\/wp-json\/wp\/v2\/product\/988\/revisions\/994"}],"wp:featuredmedia":[{"embeddable":true,"href":"https:\/\/keweicorten.com\/it\/wp-json\/wp\/v2\/media\/989"}],"wp:attachment":[{"href":"https:\/\/keweicorten.com\/it\/wp-json\/wp\/v2\/media?parent=988"}],"wp:term":[{"taxonomy":"product_brand","embeddable":true,"href":"https:\/\/keweicorten.com\/it\/wp-json\/wp\/v2\/product_brand?post=988"},{"taxonomy":"product_cat","embeddable":true,"href":"https:\/\/keweicorten.com\/it\/wp-json\/wp\/v2\/product_cat?post=988"},{"taxonomy":"product_tag","embeddable":true,"href":"https:\/\/keweicorten.com\/it\/wp-json\/wp\/v2\/product_tag?post=988"}],"curies":[{"name":"wp","href":"https:\/\/api.w.org\/{rel}","templated":true}]}}