{"id":1017,"date":"2024-09-11T02:32:17","date_gmt":"2024-09-11T02:32:17","guid":{"rendered":"https:\/\/keweicorten.com\/?post_type=product&#038;p=1017"},"modified":"2025-01-15T06:28:01","modified_gmt":"2025-01-15T06:28:01","slug":"kortino-plieno-zibintai","status":"publish","type":"product","link":"https:\/\/keweicorten.com\/lt\/kortino-plieno-zibintai\/","title":{"rendered":"kortino plieno \u017eibintai"},"content":{"rendered":"<h2>Korteninio plieno \u017eibint\u0173 naudojimas \u0161iuolaikiniuose namuose<\/h2>\n<ol>\n<li>Vidaus ap\u0161vietimas: Corteno plieno \u0161viestuvai gali b\u016bti naudojami kaip interjero apdailos dalis, suteikianti unikal\u0173 pramonin\u012f stili\u0173, tinkanti gyvenamajam kambariui, virtuvei ar valgomajam ir kitoms erdv\u0117ms. Unikali metalo tekst\u016bra suteikia \u0161iuolaikiniams namams mados poj\u016bt\u012f.<\/li>\n<li>Lauko ap\u0161vietimas: Kadangi atmosferinis plienas pasi\u017eymi geru atsparumu korozijai, lempos i\u0161 atmosferinio plieno labai tinka lauko aplinkai, pvz., kiemo, balkono ir terasos ap\u0161vietimui. Jie gali atlaikyti bet kokias oro s\u0105lygas ir ilgai tarnauti.<\/li>\n<li>Meno instaliacija: Daugelis dizaineri\u0173 korteninio plieno \u0161viestuvus naudoja kaip meno instaliacijas, kad pagerint\u0173 vizualin\u012f erdv\u0117s efekt\u0105 d\u0117l unikali\u0173 form\u0173 ir \u0161viesos bei \u0161e\u0161\u0117li\u0173 efekt\u0173. \u0160is \u012f sien\u0105 ar lubas \u012fkomponuotas dizainas da\u017enai tampa pagrindiniu interjero akcentu.<\/li>\n<li>Funkcinis darbo ap\u0161vietimas : nam\u0173 darbo zonoje korteninio plieno \u0161viestuvai taip pat gali b\u016bti naudojami kaip funkcinis ap\u0161vietimas, suteikiantis pakankamai ry\u0161kumo, kad atitikt\u0173 darbo poreikius. Jo paprast\u0105 dizain\u0105 galima integruoti prie \u012fvairi\u0173 stili\u0173 bald\u0173.<\/li>\n<li>\u00a0Aplinkos apsauga ir tvarus dizainas.<\/li>\n<\/ol>\n<figure style=\"width: 750px\" class=\"wp-caption alignnone\"><a href=\"https:\/\/keweicorten.com\/lt\/susisiekite-su-mumis\/\"><img fetchpriority=\"high\" decoding=\"async\" title=\"kortino \u0161viesa\" src=\"https:\/\/sc04.alicdn.com\/kf\/A4a230982885047639f8ccbda507af4993\/276435419\/A4a230982885047639f8ccbda507af4993.jpg\" alt=\"\" width=\"750\" height=\"454\" \/><\/a><figcaption class=\"wp-caption-text\">kortino \u0161viesa<\/figcaption><\/figure>\n<table class=\"has-title all magic-7\" style=\"height: 293px;\" width=\"668\">\n<tbody>\n<tr>\n<td colspan=\"1\" rowspan=\"1\">\n<div class=\"magic-8\" data-spm-anchor-id=\"a2700.details.0.i42.4bb41cbbhIX01D\">elementas<\/div>\n<\/td>\n<td colspan=\"1\" rowspan=\"1\">\n<div class=\"magic-9\">vert\u0117<\/div>\n<\/td>\n<\/tr>\n<tr>\n<td colspan=\"1\" rowspan=\"1\">\n<div class=\"magic-8\">Tipas<\/div>\n<\/td>\n<td colspan=\"1\" rowspan=\"1\">\n<div class=\"magic-9\">Sodo \u0161viesa<\/div>\n<\/td>\n<\/tr>\n<tr>\n<td colspan=\"1\" rowspan=\"1\">\n<div class=\"magic-8\">Kilm\u0117s vieta<\/div>\n<\/td>\n<td colspan=\"1\" rowspan=\"1\">\n<div class=\"magic-9\">Henanas, Kinija<\/div>\n<\/td>\n<\/tr>\n<tr>\n<td colspan=\"1\" rowspan=\"1\">\n<div class=\"magic-8\">Prek\u0117s \u017eenklo pavadinimas<\/div>\n<\/td>\n<td colspan=\"1\" rowspan=\"1\">\n<div class=\"magic-9\">shkw<\/div>\n<\/td>\n<\/tr>\n<tr>\n<td colspan=\"1\" rowspan=\"1\">\n<div class=\"magic-8\">Modelio numeris<\/div>\n<\/td>\n<td colspan=\"1\" rowspan=\"1\">\n<div class=\"magic-9\">Shkw-CL-111<\/div>\n<\/td>\n<\/tr>\n<tr>\n<td colspan=\"1\" rowspan=\"1\">\n<div class=\"magic-8\">Med\u017eiaga<\/div>\n<\/td>\n<td colspan=\"1\" rowspan=\"1\">\n<div class=\"magic-9\">Korteninis plienas<\/div>\n<\/td>\n<\/tr>\n<tr>\n<td colspan=\"1\" rowspan=\"1\">\n<div class=\"magic-8\">Naudojimas<\/div>\n<\/td>\n<td colspan=\"1\" rowspan=\"1\">\n<div class=\"magic-9\">Lauko apdaila<\/div>\n<\/td>\n<\/tr>\n<tr>\n<td colspan=\"1\" rowspan=\"1\">\n<div class=\"magic-8\">Spalva<\/div>\n<\/td>\n<td colspan=\"1\" rowspan=\"1\">\n<div class=\"magic-9\">Sur\u016bdijusi raudona spalva<\/div>\n<\/td>\n<\/tr>\n<tr>\n<td colspan=\"1\" rowspan=\"1\">\n<div class=\"magic-8\">Naudojimas<\/div>\n<\/td>\n<td colspan=\"1\" rowspan=\"1\">\n<div class=\"magic-9\">Prad\u017eia Sodo dekoravimo \u0161viesa<\/div>\n<\/td>\n<\/tr>\n<tr>\n<td colspan=\"1\" rowspan=\"1\">\n<div class=\"magic-8\">Dydis<\/div>\n<\/td>\n<td colspan=\"1\" rowspan=\"1\">\n<div class=\"magic-9\">150 mm, 300 mm ir t. t.<\/div>\n<\/td>\n<\/tr>\n<tr>\n<td colspan=\"1\" rowspan=\"1\">\n<div class=\"magic-8\">Forma<\/div>\n<\/td>\n<td colspan=\"1\" rowspan=\"1\">\n<div class=\"magic-9\">Kvadratinis<\/div>\n<\/td>\n<\/tr>\n<tr>\n<td colspan=\"1\" rowspan=\"1\">\n<div class=\"magic-8\">Tinka (aplinka)<\/div>\n<\/td>\n<td colspan=\"1\" rowspan=\"1\">\n<div class=\"magic-9\">Lauko kiemo sodas<\/div>\n<\/td>\n<\/tr>\n<\/tbody>\n<\/table>\n<h2>Kod\u0117l verta rinktis auk\u0161tos kokyb\u0117s \"Corten\" plieno lempas?<\/h2>\n<ul>\n<li>Atsparumas atmosferos poveikiui : Corteno plienas, arba atmosferos poveikiui atsparus plienas, pasi\u017eymi dideliu atsparumu korozijai ir atmosferos poveikiui. Jo pavir\u0161i\u0173 veikiant orui ir vandeniui, susidaro apsauginis oksido sluoksnis, kuris apsaugo nuo tolesn\u0117s korozijos, tod\u0117l lempa gali b\u016bti ilgai naudojama \u012fvairiomis klimato s\u0105lygomis.<\/li>\n<li>Unikali estetika: Corteno plieno nat\u016brali oksidacijos spalva (r\u016bd\u017ei\u0173 raudona) yra unikali, tod\u0117l \u0161iuolaikiniams namams ar sodo erdvei gali suteikti meno ir pramoninio stiliaus poj\u016bt\u012f, o tai yra dekoratyvus ir prakti\u0161kas pasirinkimas.<\/li>\n<li>Ma\u017eos technin\u0117s prie\u017ei\u016bros i\u0161laidos: D\u0117l savo med\u017eiagos savybi\u0173, palyginti su tradicin\u0117mis metalin\u0117mis lempomis, korteninio plieno lempoms reikia nedaug prie\u017ei\u016bros, j\u0173 nereikia reguliariai da\u017eyti ar apdoroti nuo r\u016bd\u017ei\u0173, tod\u0117l suma\u017e\u0117ja ilgalaikio naudojimo prie\u017ei\u016bros i\u0161laidos.<\/li>\n<li>Aplinkosauga: Corteno plienas yra atsinaujinanti, perdirbama med\u017eiaga, atitinkanti \u0161iuolaikin\u0117s visuomen\u0117s aplinkos apsaugos ir darnaus vystymosi reikalavimus, idealus pasirinkimas aplinkai draugi\u0161kiems vartotojams.<\/li>\n<li>Universalumas : Corteno plieno \u0161viestuvai tinka \u012fvairioms vietoms, pavyzd\u017eiui, patalpoms, kiemams ar vie\u0161osioms vietoms. Juos galima naudoti kaip funkcin\u012f ap\u0161vietim\u0105 arba kaip meno instaliacijas, si\u016blant \u012fvairias dizaino galimybes.<\/li>\n<li>Stiprumas ir ilgaam\u017ei\u0161kumas: auk\u0161tos kokyb\u0117s Corteno plieno lempos yra ne tik esteti\u0161kai puikios, bet ir pasi\u017eymi stipriomis fizin\u0117mis savyb\u0117mis, tod\u0117l gali atlaikyti at\u0161iauri\u0105 aplink\u0105 ir sm\u016bgius, kad b\u016bt\u0173 u\u017etikrintas ilgalaikis stabilus naudojimas.<\/li>\n<\/ul>\n<figure style=\"width: 571px\" class=\"wp-caption alignleft\"><a href=\"https:\/\/keweicorten.com\/lt\/susisiekite-su-mumis\/\"><img decoding=\"async\" class=\"\" title=\"kortino \u0161viesa\" src=\"https:\/\/sc04.alicdn.com\/kf\/Hf1c5940816064e23ad3e6f0628593234c\/276435419\/Hf1c5940816064e23ad3e6f0628593234c.jpg\" alt=\"\" width=\"571\" height=\"571\" \/><\/a><figcaption class=\"wp-caption-text\">korteninio plieno \u0161viesa<\/figcaption><\/figure>\n<ul>\n<li><span data-spm-anchor-id=\"a2700.details.0.i39.746b59567TvLlT\">Bollardas ap\u0161vie\u010dia nuo r\u016bd\u017ei\u0173 ir suteikia lauko erdvei ypating\u0105 reik\u0161m\u0119.<\/span><\/li>\n<\/ul>\n<p>\u0160ilta r\u016bd\u017ei\u0173 i\u0161vaizda i\u0161gaunama d\u0117l specialaus cheminio CORTEN plieno apdorojimo.<\/p>\n<p>&nbsp;<\/p>\n<ul>\n<li><span data-spm-anchor-id=\"a2700.details.0.i41.746b59567TvLlT\">Lauko korteninio plieno apdailai naudojamos naujos technologijos, kad b\u016bt\u0173 u\u017etikrintas tvarus vystymasis ir inovacijos,<\/span>D\u0117l to sodo tvorel\u0117s taps unikaliu k\u016briniu ir ypatingu elementu, kad ir kur jos b\u016bt\u0173 sumontuotos.<\/li>\n<\/ul>","protected":false},"excerpt":{"rendered":"<p>Apskritai, atmosferos poveikiui atspar\u016bs plieniniai \u0161viestuvai ne tik pasi\u017eymi ilgaam\u017ei\u0161kumu ir estetika, bet ir gali b\u016bti derinami su \u0161iuolaikini\u0173 nam\u0173 dizaino koncepcija, kad tapt\u0173 svarbiu nam\u0173 aplinkos elementu.<\/p>","protected":false},"featured_media":1087,"comment_status":"open","ping_status":"closed","template":"","meta":{"_eb_attr":"","_monsterinsights_skip_tracking":false,"_monsterinsights_sitenote_active":false,"_monsterinsights_sitenote_note":"","_monsterinsights_sitenote_category":0,"_uf_show_specific_survey":0,"_uf_disable_surveys":false},"product_brand":[],"product_cat":[61],"product_tag":[],"class_list":{"0":"post-1017","1":"product","2":"type-product","3":"status-publish","4":"has-post-thumbnail","6":"product_cat-light-post","8":"first","9":"instock","10":"shipping-taxable","11":"product-type-simple"},"_links":{"self":[{"href":"https:\/\/keweicorten.com\/lt\/wp-json\/wp\/v2\/product\/1017"}],"collection":[{"href":"https:\/\/keweicorten.com\/lt\/wp-json\/wp\/v2\/product"}],"about":[{"href":"https:\/\/keweicorten.com\/lt\/wp-json\/wp\/v2\/types\/product"}],"replies":[{"embeddable":true,"href":"https:\/\/keweicorten.com\/lt\/wp-json\/wp\/v2\/comments?post=1017"}],"version-history":[{"count":2,"href":"https:\/\/keweicorten.com\/lt\/wp-json\/wp\/v2\/product\/1017\/revisions"}],"predecessor-version":[{"id":1089,"href":"https:\/\/keweicorten.com\/lt\/wp-json\/wp\/v2\/product\/1017\/revisions\/1089"}],"wp:featuredmedia":[{"embeddable":true,"href":"https:\/\/keweicorten.com\/lt\/wp-json\/wp\/v2\/media\/1087"}],"wp:attachment":[{"href":"https:\/\/keweicorten.com\/lt\/wp-json\/wp\/v2\/media?parent=1017"}],"wp:term":[{"taxonomy":"product_brand","embeddable":true,"href":"https:\/\/keweicorten.com\/lt\/wp-json\/wp\/v2\/product_brand?post=1017"},{"taxonomy":"product_cat","embeddable":true,"href":"https:\/\/keweicorten.com\/lt\/wp-json\/wp\/v2\/product_cat?post=1017"},{"taxonomy":"product_tag","embeddable":true,"href":"https:\/\/keweicorten.com\/lt\/wp-json\/wp\/v2\/product_tag?post=1017"}],"curies":[{"name":"wp","href":"https:\/\/api.w.org\/{rel}","templated":true}]}}