{"id":1019,"date":"2024-09-10T07:54:50","date_gmt":"2024-09-10T07:54:50","guid":{"rendered":"https:\/\/keweicorten.com\/?post_type=product&#038;p=1019"},"modified":"2025-01-15T06:28:11","modified_gmt":"2025-01-15T06:28:11","slug":"korteninis-stulpas","status":"publish","type":"product","link":"https:\/\/keweicorten.com\/lt\/korteninis-stulpas\/","title":{"rendered":"Korteninis stulpas"},"content":{"rendered":"<h2>Kortenini\u0173 stulpeli\u0173 privalumai\uff1a<\/h2>\n<ol>\n<li>Didelis atsparumas korozijai: D\u0117l i\u0161skirtinio atsparumo korozijai, o tai lemia ma\u017eesnius technin\u0117s prie\u017ei\u016bros mokes\u010dius, meteorologinis plienas eksploatacijos metu reikalauja ma\u017eiau dang\u0173 ir prie\u017ei\u016bros, palyginti su \u012fprastu plienu.<\/li>\n<li>Geros mechanin\u0117s savyb\u0117s.<\/li>\n<li>Estetika: tam tikr\u0105 laik\u0105 naudojant atmosferos poveikiui atspar\u0173 plien\u0105, pavir\u0161ius \u012fgauna unikali\u0105 r\u016bd\u017ei\u0173 spalv\u0105, pasi\u017eymi geru estetiniu poveikiu, tinka pastatams, tiltams ir kitais atvejais, kai reikia vizualini\u0173 efekt\u0173.<\/li>\n<li>\u00a0Draugi\u0161kas aplinkai: atmosferos poveikiui atsparus plienas gali b\u016bti perdirbamas, atitinka tvarios pl\u0117tros reikalavimus, tinka \u0161iuolaikin\u0117ms aplinkos apsaugos koncepcijoms.<\/li>\n<li>Platus pritaikymo spektras: pla\u010diai naudojamas tiltuose, pastatuose, gele\u017einkelio stotyse, konteineriuose, v\u0117jo j\u0117gaini\u0173 bok\u0161tuose ir kitose srityse, tinka visoms at\u0161iaurioms oro s\u0105lygoms.<\/li>\n<\/ol>\n<table border=\"1\">\n<tbody>\n<tr>\n<td><span data-spm-anchor-id=\"a2700.details.0.i39.110e3b73M5Suk8\">Produkto pavadinimas<\/span><\/td>\n<td>Bollard Vejos sodo \u0161viesa \u0160iuolaikinis Corteno plieno bollardas \u0160viesa<\/td>\n<\/tr>\n<tr>\n<td>Pagrindinis korpusas \u017daliavos<\/td>\n<td>Korteninis plienas<\/td>\n<\/tr>\n<tr>\n<td>LED galia<\/td>\n<td>10W, 12W<\/td>\n<\/tr>\n<tr>\n<td>IP adresai<\/td>\n<td>IP65, IP66<\/td>\n<\/tr>\n<tr>\n<td>Pavir\u0161iaus spalva<\/td>\n<td>Sur\u016bdij\u0119s arba pritaikytas<\/td>\n<\/tr>\n<\/tbody>\n<\/table>\n<h2>CORTEN lempos taikymas dizaine:<\/h2>\n<p>1. Estetika ir unikalumas: po oksidacijos atmosferos poveikiu veikiamas plienas \u012fgauna unikali\u0105 r\u016bd\u017ei\u0173 spalv\u0105, kuri gali b\u016bti integruota \u012f nat\u016brali\u0105 aplink\u0105 ir sukurti harmoning\u0105 miesto kra\u0161tovaizd\u012f, suteikiant meno ir istorijos poj\u016bt\u012f.<\/p>\n<p>2. Ilgaam\u017ei\u0161kumas ir ma\u017eos technin\u0117s prie\u017ei\u016bros s\u0105naudos: atmosferos poveikiu pasi\u017eymintis plienas yra labai atsparus korozijai ir tinka naudoti \u012fvairiomis klimato s\u0105lygomis, tod\u0117l suma\u017e\u0117ja d\u0117l r\u016bd\u017ei\u0173 ir korozijos atsirandantis technin\u0117s prie\u017ei\u016bros ir keitimo poreikis, o tai yra svarbus ekonominis miesto valdymo privalumas.<\/p>\n<p>3. Stipri laikomoji galia: atmosferos poveikiui atsparaus plieno \u017eibint\u0173 stulpai pasi\u017eymi geromis mechanin\u0117mis savyb\u0117mis ir gali palaikyti \u012fvairi\u0173 tip\u0173 ap\u0161vietimo \u012frang\u0105 ir prietaisus, kad b\u016bt\u0173 patenkinti \u012fvairi\u0173 miesto funkcij\u0173 poreikiai.<\/p>\n<p>4. Lankstus dizainas: J\u012f galima pritaikyti pagal bendr\u0105 miesto planavimo ir dizaino poreik\u012f, atsi\u017evelgiant \u012f \u012fvairi\u0173 form\u0173 ir auk\u0161\u010dio \u017eibint\u0173 stulpus, taip padidinant dizaino \u012fvairov\u0119 ir lankstum\u0105.<\/p>\n<p>5. Suderinamumas su kitomis med\u017eiagomis: atmosferos poveikiui atsparus plienas gali b\u016bti derinamas su med\u017eiu, stiklu, betonu ir kitomis statybin\u0117mis med\u017eiagomis, kad b\u016bt\u0173 sukurti \u012fvairi\u0173 stili\u0173 \u0161viestuvai, kurie praturtint\u0173 miest\u0173 kra\u0161tovaizd\u017eio sluoksniuotum\u0105 ir \u012fvairov\u0119.<\/p>\n<p>6. naktinio ap\u0161vietimo efektas: atmosferos poveikiui atsparaus plieno \u017eibint\u0173 stulpai gali bendradarbiauti su LED lempomis, kad b\u016bt\u0173 u\u017etikrintas energij\u0105 taupantis ir ry\u0161kus ap\u0161vietimo efektas, pager\u0117t\u0173 miesto naktinio kra\u0161tovaizd\u017eio saugumas ir gro\u017eis.<\/p>\n<p><img fetchpriority=\"high\" decoding=\"async\" class=\"\" src=\"https:\/\/sc04.alicdn.com\/kf\/H2b2d3df904e24b97815012213c5f0d04m\/268101461\/H2b2d3df904e24b97815012213c5f0d04m.jpg\" width=\"893\" height=\"670\" \/><\/p>\n<table class=\"all magic-14\" style=\"height: 253px;\" width=\"892\">\n<tbody>\n<tr>\n<td colspan=\"1\" rowspan=\"1\">\n<div class=\"magic-15\" data-spm-anchor-id=\"a2700.details.0.i40.46752983hcnmIO\"><b data-spm-anchor-id=\"a2700.pc-decorate.0.i12.a91e3333LxMsYh\">Produkto pavadinimas<\/b><\/div>\n<\/td>\n<td colspan=\"1\" rowspan=\"1\">\n<div class=\"magic-16\">Corteno plieno \u017eibintai Lauko sodo kiemo LED Bollard \u0161viesos d\u0117\u017e\u0117s<\/div>\n<\/td>\n<\/tr>\n<tr>\n<td colspan=\"1\" rowspan=\"1\">\n<div class=\"magic-15\"><b>Med\u017eiaga<\/b><\/div>\n<\/td>\n<td colspan=\"1\" rowspan=\"1\">\n<div class=\"magic-16\">Corteno plienas \/ meteorologinis plienas ir kt.<\/div>\n<\/td>\n<\/tr>\n<tr>\n<td colspan=\"1\" rowspan=\"1\">\n<div class=\"magic-15\"><b>Dydis<\/b><\/div>\n<\/td>\n<td colspan=\"1\" rowspan=\"1\">\n<div class=\"magic-16\">\n<p>Auk\u0161tis (mm): 800 mm, 600 mm;<\/p>\n<div data-spm-anchor-id=\"a2700.pc-decorate.0.i28.2edb3333TKEWqO\">Skersmuo \/ plotis (mm): 120 mm, 150 mm;<\/div>\n<div data-spm-anchor-id=\"a2700.pc-decorate.0.i28.2edb3333TKEWqO\">arba pagal reikalavim\u0105<\/div>\n<\/div>\n<\/td>\n<\/tr>\n<tr>\n<td colspan=\"1\" rowspan=\"1\">\n<div class=\"magic-15\"><b>Spalva<\/b><\/div>\n<\/td>\n<td colspan=\"1\" rowspan=\"1\">\n<div class=\"magic-16\">R\u016bd\u017ei\u0173 raudona arba kaip pritaikyta<\/div>\n<\/td>\n<\/tr>\n<tr>\n<td colspan=\"1\" rowspan=\"1\">\n<div class=\"magic-17\"><b>\u012e\u0117jimo \u012ftampa (V)<\/b><\/div>\n<\/td>\n<td colspan=\"1\" rowspan=\"1\">\n<div class=\"magic-18\">KINTAMOSIOS SROV\u0116S 220V( \u00b1 10%)<\/div>\n<\/td>\n<\/tr>\n<tr>\n<td colspan=\"1\" rowspan=\"1\">\n<div class=\"magic-19\"><b data-spm-anchor-id=\"a2700.pc-decorate.0.i6.2edb3333TKEWqO\">Pavir\u0161iaus apdorojimas<\/b><\/div>\n<\/td>\n<td colspan=\"1\" rowspan=\"1\">\n<div class=\"magic-20\">I\u0161 anksto r\u016bdytas, pritaikytas<\/div>\n<\/td>\n<\/tr>\n<tr>\n<td colspan=\"1\" rowspan=\"1\">\n<div class=\"magic-15\"><b>Papildoma paslauga<\/b><\/div>\n<\/td>\n<td colspan=\"1\" rowspan=\"1\">\n<div class=\"magic-16\">Mes galime pagaminti \u012fvairius sodo LED stulpeli\u0173 \u017eibintus pagal klient\u0173 dizain\u0105, br\u0117\u017einius, pavyzd\u017eius ir i\u0161samius reikalavimus:<\/div>\n<\/td>\n<\/tr>\n<\/tbody>\n<\/table>\n<div class=\"J_module\">\n<div class=\"detail-decorate-json-renderer-container\">\n<div class=\"magic-10\">\n<div class=\"magic-11\">\n<div class=\"magic-12\">\n<div class=\"magic-13\"><b>Gamintojo paslaugos:<br \/>\n<\/b>Pagal kliento br\u0117\u017ein\u012f ir pavyzd\u012f pateikiame \u012fvairi\u0173 lengv\u0173 stulpeli\u0173 dizaino, apdorojimo, pavir\u0161iaus apdorojimo ir technologij\u0173.<br \/>\n<b>OEM paslaugos: <\/b><\/p>\n<div>\n<p>\"SHKW CORTEN\" in\u017einieriai parengs gamini\u0173 projekt\u0173 CAD br\u0117\u017einius arba 3D failus.<\/p>\n<p><b>Paslaugos internetu:<br \/>\n<\/b>Savalaikis atsakas internetu Trademanager, el. pa\u0161tu arba whatsapp\/Wechat. Palaikykite ry\u0161\u012f el. pa\u0161tu, telefonu. 7*24 valand\u0173 palaikymas internetu!<b><u><a href=\"https:\/\/keweicorten.com\/lt\/susisiekite-su-mumis\/\" target=\"_blank\" rel=\"noopener\">Jei turite koki\u0173 nors problem\u0173, susisiekite su mumis.<\/a><\/u><\/b><br \/>\n<b><br \/>\n<\/b><\/p>\n<div><b>Pardavimo paslauga:<br \/>\n<\/b>\u00a0Teikiame d\u0117mesing\u0105 aptarnavim\u0105 prie\u0161 aptarnavim\u0105 ir po pardavimo.<\/div>\n<\/div>\n<\/div>\n<\/div>\n<\/div>\n<\/div>\n<\/div>\n<\/div>","protected":false},"excerpt":{"rendered":"<p>d\u0117l savo geresni\u0173 eksploatacini\u0173 savybi\u0173 ir ekonomi\u0161kumo atmosferos poveikiui atsparus plienas tampa vis populiaresnis statybos ir infrastrukt\u016bros srityje.<\/p>","protected":false},"featured_media":1011,"comment_status":"open","ping_status":"closed","template":"","meta":{"_eb_attr":"","_monsterinsights_skip_tracking":false,"_monsterinsights_sitenote_active":false,"_monsterinsights_sitenote_note":"","_monsterinsights_sitenote_category":0,"_uf_show_specific_survey":0,"_uf_disable_surveys":false},"product_brand":[],"product_cat":[61],"product_tag":[],"class_list":{"0":"post-1019","1":"product","2":"type-product","3":"status-publish","4":"has-post-thumbnail","6":"product_cat-light-post","8":"first","9":"instock","10":"shipping-taxable","11":"product-type-simple"},"_links":{"self":[{"href":"https:\/\/keweicorten.com\/lt\/wp-json\/wp\/v2\/product\/1019"}],"collection":[{"href":"https:\/\/keweicorten.com\/lt\/wp-json\/wp\/v2\/product"}],"about":[{"href":"https:\/\/keweicorten.com\/lt\/wp-json\/wp\/v2\/types\/product"}],"replies":[{"embeddable":true,"href":"https:\/\/keweicorten.com\/lt\/wp-json\/wp\/v2\/comments?post=1019"}],"version-history":[{"count":2,"href":"https:\/\/keweicorten.com\/lt\/wp-json\/wp\/v2\/product\/1019\/revisions"}],"predecessor-version":[{"id":1021,"href":"https:\/\/keweicorten.com\/lt\/wp-json\/wp\/v2\/product\/1019\/revisions\/1021"}],"wp:featuredmedia":[{"embeddable":true,"href":"https:\/\/keweicorten.com\/lt\/wp-json\/wp\/v2\/media\/1011"}],"wp:attachment":[{"href":"https:\/\/keweicorten.com\/lt\/wp-json\/wp\/v2\/media?parent=1019"}],"wp:term":[{"taxonomy":"product_brand","embeddable":true,"href":"https:\/\/keweicorten.com\/lt\/wp-json\/wp\/v2\/product_brand?post=1019"},{"taxonomy":"product_cat","embeddable":true,"href":"https:\/\/keweicorten.com\/lt\/wp-json\/wp\/v2\/product_cat?post=1019"},{"taxonomy":"product_tag","embeddable":true,"href":"https:\/\/keweicorten.com\/lt\/wp-json\/wp\/v2\/product_tag?post=1019"}],"curies":[{"name":"wp","href":"https:\/\/api.w.org\/{rel}","templated":true}]}}